{"id":3153,"date":"2020-07-17T12:40:20","date_gmt":"2020-07-17T10:40:20","guid":{"rendered":"http:\/\/www.port-exclusive.com\/?page_id=3153"},"modified":"2020-08-06T12:28:36","modified_gmt":"2020-08-06T10:28:36","slug":"quinta-de-roriz","status":"publish","type":"page","link":"https:\/\/www.port-exclusive.com\/nl\/quinta-de-roriz\/","title":{"rendered":"Quinta de Roriz"},"content":{"rendered":"\t\t<div data-elementor-type=\"wp-page\" data-elementor-id=\"3153\" class=\"elementor elementor-3153\" data-elementor-post-type=\"page\">\n\t\t\t\t\t\t<section class=\"elementor-section elementor-top-section elementor-element elementor-element-0bfb2a4 elementor-section-boxed elementor-section-height-default elementor-section-height-default\" data-id=\"0bfb2a4\" data-element_type=\"section\" data-e-type=\"section\" data-settings=\"{&quot;background_background&quot;:&quot;classic&quot;}\">\n\t\t\t\t\t\t\t<div class=\"elementor-background-overlay\"><\/div>\n\t\t\t\t\t\t\t<div class=\"elementor-container elementor-column-gap-default\">\n\t\t\t\t\t<div class=\"elementor-column elementor-col-100 elementor-top-column elementor-element elementor-element-fd99813\" data-id=\"fd99813\" data-element_type=\"column\" data-e-type=\"column\">\n\t\t\t<div class=\"elementor-widget-wrap elementor-element-populated\">\n\t\t\t\t\t\t<div class=\"elementor-element elementor-element-e0cd742 elementor-widget elementor-widget-heading\" data-id=\"e0cd742\" data-element_type=\"widget\" data-e-type=\"widget\" data-widget_type=\"heading.default\">\n\t\t\t\t<div class=\"elementor-widget-container\">\n\t\t\t\t\t<h1 class=\"elementor-heading-title elementor-size-default\">Quinta de Roriz<\/h1>\t\t\t\t<\/div>\n\t\t\t\t<\/div>\n\t\t\t\t<div class=\"elementor-element elementor-element-6ac98e9 elementor-widget elementor-widget-heading\" data-id=\"6ac98e9\" data-element_type=\"widget\" data-e-type=\"widget\" data-widget_type=\"heading.default\">\n\t\t\t\t<div class=\"elementor-widget-container\">\n\t\t\t\t\t<h2 class=\"elementor-heading-title elementor-size-default\">PORT EXCLUSIVE<\/h2>\t\t\t\t<\/div>\n\t\t\t\t<\/div>\n\t\t\t\t\t<\/div>\n\t\t<\/div>\n\t\t\t\t\t<\/div>\n\t\t<\/section>\n\t\t\t\t<section class=\"elementor-section elementor-top-section elementor-element elementor-element-129eea62 elementor-section-boxed elementor-section-height-default elementor-section-height-default\" data-id=\"129eea62\" data-element_type=\"section\" data-e-type=\"section\">\n\t\t\t\t\t\t<div class=\"elementor-container elementor-column-gap-default\">\n\t\t\t\t\t<div class=\"elementor-column elementor-col-100 elementor-top-column elementor-element elementor-element-74cbcb53\" data-id=\"74cbcb53\" data-element_type=\"column\" data-e-type=\"column\">\n\t\t\t<div class=\"elementor-widget-wrap elementor-element-populated\">\n\t\t\t\t\t\t<div class=\"elementor-element elementor-element-36c43a88 elementor-widget elementor-widget-text-editor\" data-id=\"36c43a88\" data-element_type=\"widget\" data-e-type=\"widget\" data-widget_type=\"text-editor.default\">\n\t\t\t\t<div class=\"elementor-widget-container\">\n\t\t\t\t\t\t\t\t\tQuinta de Roriz is een van de oudste en meest spectaculair mooie landgoederen in de Douro en is eigendom van de Van Zeller familie sinds 1815. Roriz was de eerste Single Quinta Port om verscheept te worden en was de eerste die roem en reputatie vergaarde door de hoge kwaliteit van haar wijnen. Tegenwoordig is Roriz gezamenlijk eigendom van en beheerd door Jo\u00e3o van Zeller (de zesde generatie van Van Zellers die de Quinta bezit), en de Symington familie.\n<\/p><p>\nQuinta de Roriz ligt in de Haute Corgo op de zuidelijke oever van de rivier de Douro tussen Pinh\u00e3o en S\u00e3o Jo\u00e3o da Pesqueira. De wijngaarden zijn noord gericht. In het centrum van de Quinta is er een klein &#8216;plateau&#8217; waar zich de wijnmakerij, huis en kapel bevinden. De wijngaard beslaat 44 hectare. De positie van de Quinta langs de rivier en de hoogte worden erkend als ideaal voor de productie van de beste wijnen van de Douro. Het consistente klimaat in dit deel van de vallei draagt bij aan de zeer hoge kwaliteit Port wijnen die in de meeste jaren worden geproduceerd. De klassieke leistenen bodem van de Upper Douro overheerst, maar de samenstelling van de bodem en structuur zijn eigen aan deze wijngaard. De Quinta heeft ook tin en sporen van goud in de rotsen op het hogere deel van het landgoed. De unieke minerale structuur op Quinta de Roriz geeft een sterke individuele persoonlijkheid aan de wijnen.\n<\/p><p>\nDe Quinta heeft alleen Vintage Port en premium Douro DOC rode wijnen. De gehele wijngaard heeft de &#8220;A-categorie&#8221;, de hoogst mogelijke classificatie. Vrijwel de hele Quinta is nu geplant per druivensoort, zodat elk ras afzonderlijk geplukt en daarna gevinifieerd kan worden. De druiven worden met de hand geplukt en langdurig met de voet getreden in de traditionele stenen bakken (&#8220;lagares&#8221;). De grote aromatische complexiteit van de Port wijn is te danken aan het brede scala van druivensoorten waarmee de Quinta is beplant. De Port wijnen bevatten een grote concentratie en tanninestructuur, het zijn evenwichtige wijnen, met minerale tonen.\t\t\t\t\t\t\t\t<\/div>\n\t\t\t\t<\/div>\n\t\t\t\t\t<\/div>\n\t\t<\/div>\n\t\t\t\t\t<\/div>\n\t\t<\/section>\n\t\t\t\t<section class=\"elementor-section elementor-top-section elementor-element elementor-element-d7e9501 elementor-section-boxed elementor-section-height-default elementor-section-height-default\" data-id=\"d7e9501\" data-element_type=\"section\" data-e-type=\"section\">\n\t\t\t\t\t\t<div class=\"elementor-container elementor-column-gap-default\">\n\t\t\t\t\t<div class=\"elementor-column elementor-col-100 elementor-top-column elementor-element elementor-element-a545a5a\" data-id=\"a545a5a\" data-element_type=\"column\" data-e-type=\"column\">\n\t\t\t<div class=\"elementor-widget-wrap elementor-element-populated\">\n\t\t\t\t\t\t<div class=\"elementor-element elementor-element-7e397e1 uael-woo--align-left uael-sale-flash-circle uael-featured-flash-circle elementor-widget elementor-widget-uael-woo-products\" data-id=\"7e397e1\" data-element_type=\"widget\" data-e-type=\"widget\" data-settings=\"{&quot;products_columns&quot;:&quot;4&quot;,&quot;products_columns_tablet&quot;:&quot;3&quot;,&quot;products_columns_mobile&quot;:&quot;1&quot;}\" data-widget_type=\"uael-woo-products.grid-default\">\n\t\t\t\t<div class=\"elementor-widget-container\">\n\t\t\t\t\t<div class=\"uael-woocommerce uael-woo-products-grid uael-woo-skin-grid-default uael-woo-query-custom\" data-page=\"3153\" data-skin=\"grid_default\"><div class=\" columns-4 uael-woo-products-inner uael-woo-product__column-4 uael-woo-product__column-tablet-3 uael-woo-product__column-mobile-1\"><ul class=\"products columns-4\">\n\n\n<li class=\" port quinta de roriz quinta&#039;s vintage post-1521 product first instock taxable shipping-taxable purchasable product-type-simple\">\n\t<div class=\"uael-woo-product-wrapper uael-prod-auto-align-disabled\">\n\t\t<div class=\"uael-woo-products-thumbnail-wrap\"><div class=\"uael-flash-container \"><\/div><a href=\"https:\/\/www.port-exclusive.com\/nl\/product\/quinta-de-roriz-vintage-port-2001\/\" class=\"woocommerce-LoopProduct-link woocommerce-loop-product__link\"><img fetchpriority=\"high\" decoding=\"async\" width=\"300\" height=\"300\" src=\"https:\/\/www.port-exclusive.com\/wp-content\/uploads\/2020\/06\/Roriz-2001-300x300.jpg\" class=\"attachment-woocommerce_thumbnail size-woocommerce_thumbnail\" alt=\"Quinta de Roriz 2001\" \/><\/a><\/div><div class=\"uael-woo-products-summary-wrap uael-auto-align-disabled\">\t\t\t<span class=\"uael-woo-product-category\">\n\t\t\t\tPort\t\t\t<\/span> \n\t\t\t<a href=\"https:\/\/www.port-exclusive.com\/nl\/product\/quinta-de-roriz-vintage-port-2001\/\" class=\"uael-loop-product__link\"><h2 class=\"woocommerce-loop-product__title\">Quinta de Roriz Vintage Port 2001<\/h2><\/a>\n\t<span class=\"price\"><span class=\"woocommerce-Price-amount amount\"><bdi><span class=\"woocommerce-Price-currencySymbol\">&euro;<\/span>61,95<\/bdi><\/span> <small class=\"woocommerce-price-suffix\">Incl. BTW<\/small><\/span>\n<a href=\"\/nl\/wp-json\/wp\/v2\/pages\/3153?add-to-cart=1521\" aria-describedby=\"woocommerce_loop_add_to_cart_link_describedby_1521\" data-quantity=\"1\" class=\"button product_type_simple add_to_cart_button ajax_add_to_cart \" data-product_id=\"1521\" data-product_sku=\"QdR002\" aria-label=\"Toevoegen aan winkelwagen: &ldquo;Quinta de Roriz Vintage Port 2001&ldquo;\" rel=\"nofollow\" data-success_message=\"&ldquo;Quinta de Roriz Vintage Port 2001&rdquo; is toegevoegd aan je winkelwagen\">Toevoegen aan winkelwagen<\/a>\t<span id=\"woocommerce_loop_add_to_cart_link_describedby_1521\" class=\"screen-reader-text\">\n\t\t\t<\/span>\n<\/div>\t<\/div>\n<\/li>\n\n\n<li class=\" port quinta de roriz quinta&#039;s vintage post-1525 product  instock taxable shipping-taxable purchasable product-type-simple\">\n\t<div class=\"uael-woo-product-wrapper uael-prod-auto-align-disabled\">\n\t\t<div class=\"uael-woo-products-thumbnail-wrap\"><div class=\"uael-flash-container \"><\/div><a href=\"https:\/\/www.port-exclusive.com\/nl\/product\/quinta-de-roriz-vintage-port-2003\/\" class=\"woocommerce-LoopProduct-link woocommerce-loop-product__link\"><img decoding=\"async\" width=\"300\" height=\"300\" src=\"https:\/\/www.port-exclusive.com\/wp-content\/uploads\/2020\/06\/Roriz-2003-300x300.jpg\" class=\"attachment-woocommerce_thumbnail size-woocommerce_thumbnail\" alt=\"Quinta de Roriz 2003\" \/><\/a><\/div><div class=\"uael-woo-products-summary-wrap uael-auto-align-disabled\">\t\t\t<span class=\"uael-woo-product-category\">\n\t\t\t\tPort\t\t\t<\/span> \n\t\t\t<a href=\"https:\/\/www.port-exclusive.com\/nl\/product\/quinta-de-roriz-vintage-port-2003\/\" class=\"uael-loop-product__link\"><h2 class=\"woocommerce-loop-product__title\">Quinta de Roriz Vintage Port 2003<\/h2><\/a>\n\t<span class=\"price\"><span class=\"woocommerce-Price-amount amount\"><bdi><span class=\"woocommerce-Price-currencySymbol\">&euro;<\/span>69,50<\/bdi><\/span> <small class=\"woocommerce-price-suffix\">Incl. BTW<\/small><\/span>\n<a href=\"\/nl\/wp-json\/wp\/v2\/pages\/3153?add-to-cart=1525\" aria-describedby=\"woocommerce_loop_add_to_cart_link_describedby_1525\" data-quantity=\"1\" class=\"button product_type_simple add_to_cart_button ajax_add_to_cart \" data-product_id=\"1525\" data-product_sku=\"QdR003\" aria-label=\"Toevoegen aan winkelwagen: &ldquo;Quinta de Roriz Vintage Port 2003&ldquo;\" rel=\"nofollow\" data-success_message=\"&ldquo;Quinta de Roriz Vintage Port 2003&rdquo; is toegevoegd aan je winkelwagen\">Toevoegen aan winkelwagen<\/a>\t<span id=\"woocommerce_loop_add_to_cart_link_describedby_1525\" class=\"screen-reader-text\">\n\t\t\t<\/span>\n<\/div>\t<\/div>\n<\/li>\n\n\n<li class=\" port quinta de roriz quinta&#039;s vintage post-1529 product  instock taxable shipping-taxable purchasable product-type-simple\">\n\t<div class=\"uael-woo-product-wrapper uael-prod-auto-align-disabled\">\n\t\t<div class=\"uael-woo-products-thumbnail-wrap\"><div class=\"uael-flash-container \"><\/div><a href=\"https:\/\/www.port-exclusive.com\/nl\/product\/quinta-de-roriz-vintage-port-2005\/\" class=\"woocommerce-LoopProduct-link woocommerce-loop-product__link\"><img decoding=\"async\" width=\"300\" height=\"300\" src=\"https:\/\/www.port-exclusive.com\/wp-content\/uploads\/2020\/06\/Roriz-2005-300x300.jpg\" class=\"attachment-woocommerce_thumbnail size-woocommerce_thumbnail\" alt=\"Quinta de Roriz 2005\" \/><\/a><\/div><div class=\"uael-woo-products-summary-wrap uael-auto-align-disabled\">\t\t\t<span class=\"uael-woo-product-category\">\n\t\t\t\tPort\t\t\t<\/span> \n\t\t\t<a href=\"https:\/\/www.port-exclusive.com\/nl\/product\/quinta-de-roriz-vintage-port-2005\/\" class=\"uael-loop-product__link\"><h2 class=\"woocommerce-loop-product__title\">Quinta de Roriz Vintage Port 2005<\/h2><\/a>\n\t<span class=\"price\"><span class=\"woocommerce-Price-amount amount\"><bdi><span class=\"woocommerce-Price-currencySymbol\">&euro;<\/span>65,95<\/bdi><\/span> <small class=\"woocommerce-price-suffix\">Incl. BTW<\/small><\/span>\n<a href=\"\/nl\/wp-json\/wp\/v2\/pages\/3153?add-to-cart=1529\" aria-describedby=\"woocommerce_loop_add_to_cart_link_describedby_1529\" data-quantity=\"1\" class=\"button product_type_simple add_to_cart_button ajax_add_to_cart \" data-product_id=\"1529\" data-product_sku=\"QdR004\" aria-label=\"Toevoegen aan winkelwagen: &ldquo;Quinta de Roriz Vintage Port 2005&ldquo;\" rel=\"nofollow\" data-success_message=\"&ldquo;Quinta de Roriz Vintage Port 2005&rdquo; is toegevoegd aan je winkelwagen\">Toevoegen aan winkelwagen<\/a>\t<span id=\"woocommerce_loop_add_to_cart_link_describedby_1529\" class=\"screen-reader-text\">\n\t\t\t<\/span>\n<\/div>\t<\/div>\n<\/li>\n\n\n<li class=\" port quinta de roriz quinta&#039;s vintage post-1533 product last instock taxable shipping-taxable purchasable product-type-simple\">\n\t<div class=\"uael-woo-product-wrapper uael-prod-auto-align-disabled\">\n\t\t<div class=\"uael-woo-products-thumbnail-wrap\"><div class=\"uael-flash-container \"><\/div><a href=\"https:\/\/www.port-exclusive.com\/nl\/product\/quinta-de-roriz-vintage-port-2007\/\" class=\"woocommerce-LoopProduct-link woocommerce-loop-product__link\"><img loading=\"lazy\" decoding=\"async\" width=\"300\" height=\"300\" src=\"https:\/\/www.port-exclusive.com\/wp-content\/uploads\/2020\/06\/Roriz-2007-300x300.jpg\" class=\"attachment-woocommerce_thumbnail size-woocommerce_thumbnail\" alt=\"Quinta de Roriz 2007\" \/><\/a><\/div><div class=\"uael-woo-products-summary-wrap uael-auto-align-disabled\">\t\t\t<span class=\"uael-woo-product-category\">\n\t\t\t\tPort\t\t\t<\/span> \n\t\t\t<a href=\"https:\/\/www.port-exclusive.com\/nl\/product\/quinta-de-roriz-vintage-port-2007\/\" class=\"uael-loop-product__link\"><h2 class=\"woocommerce-loop-product__title\">Quinta de Roriz Vintage Port 2007<\/h2><\/a>\n\t<span class=\"price\"><span class=\"woocommerce-Price-amount amount\"><bdi><span class=\"woocommerce-Price-currencySymbol\">&euro;<\/span>65,50<\/bdi><\/span> <small class=\"woocommerce-price-suffix\">Incl. BTW<\/small><\/span>\n<a href=\"\/nl\/wp-json\/wp\/v2\/pages\/3153?add-to-cart=1533\" aria-describedby=\"woocommerce_loop_add_to_cart_link_describedby_1533\" data-quantity=\"1\" class=\"button product_type_simple add_to_cart_button ajax_add_to_cart \" data-product_id=\"1533\" data-product_sku=\"QdR005\" aria-label=\"Toevoegen aan winkelwagen: &ldquo;Quinta de Roriz Vintage Port 2007&ldquo;\" rel=\"nofollow\" data-success_message=\"&ldquo;Quinta de Roriz Vintage Port 2007&rdquo; is toegevoegd aan je winkelwagen\">Toevoegen aan winkelwagen<\/a>\t<span id=\"woocommerce_loop_add_to_cart_link_describedby_1533\" class=\"screen-reader-text\">\n\t\t\t<\/span>\n<\/div>\t<\/div>\n<\/li>\n<\/ul>\n<\/div><\/div>\t\t\t\t<\/div>\n\t\t\t\t<\/div>\n\t\t\t\t\t<\/div>\n\t\t<\/div>\n\t\t\t\t\t<\/div>\n\t\t<\/section>\n\t\t\t\t<\/div>\n\t\t","protected":false},"excerpt":{"rendered":"<p>Quinta de Roriz PORT EXCLUSIVE Quinta de Roriz is een van de oudste en meest spectaculair mooie landgoederen in de Douro en is eigendom van de Van Zeller familie sinds 1815. Roriz was de eerste Single Quinta Port om verscheept te worden en was de eerste die roem en reputatie vergaarde door de hoge kwaliteit [&hellip;]<\/p>\n","protected":false},"author":1,"featured_media":0,"parent":0,"menu_order":0,"comment_status":"closed","ping_status":"closed","template":"","meta":{"site-sidebar-layout":"default","site-content-layout":"page-builder","ast-site-content-layout":"default","site-content-style":"default","site-sidebar-style":"default","ast-global-header-display":"","ast-banner-title-visibility":"","ast-main-header-display":"","ast-hfb-above-header-display":"","ast-hfb-below-header-display":"","ast-hfb-mobile-header-display":"","site-post-title":"disabled","ast-breadcrumbs-content":"","ast-featured-img":"disabled","footer-sml-layout":"","ast-disable-related-posts":"","theme-transparent-header-meta":"enabled","adv-header-id-meta":"","stick-header-meta":"","header-above-stick-meta":"","header-main-stick-meta":"","header-below-stick-meta":"","astra-migrate-meta-layouts":"default","ast-page-background-enabled":"default","ast-page-background-meta":{"desktop":{"background-color":"","background-image":"","background-repeat":"repeat","background-position":"center center","background-size":"auto","background-attachment":"scroll","background-type":"","background-media":"","overlay-type":"","overlay-color":"","overlay-opacity":"","overlay-gradient":""},"tablet":{"background-color":"","background-image":"","background-repeat":"repeat","background-position":"center center","background-size":"auto","background-attachment":"scroll","background-type":"","background-media":"","overlay-type":"","overlay-color":"","overlay-opacity":"","overlay-gradient":""},"mobile":{"background-color":"","background-image":"","background-repeat":"repeat","background-position":"center center","background-size":"auto","background-attachment":"scroll","background-type":"","background-media":"","overlay-type":"","overlay-color":"","overlay-opacity":"","overlay-gradient":""}},"ast-content-background-meta":{"desktop":{"background-color":"var(--ast-global-color-5)","background-image":"","background-repeat":"repeat","background-position":"center center","background-size":"auto","background-attachment":"scroll","background-type":"","background-media":"","overlay-type":"","overlay-color":"","overlay-opacity":"","overlay-gradient":""},"tablet":{"background-color":"var(--ast-global-color-5)","background-image":"","background-repeat":"repeat","background-position":"center center","background-size":"auto","background-attachment":"scroll","background-type":"","background-media":"","overlay-type":"","overlay-color":"","overlay-opacity":"","overlay-gradient":""},"mobile":{"background-color":"var(--ast-global-color-5)","background-image":"","background-repeat":"repeat","background-position":"center center","background-size":"auto","background-attachment":"scroll","background-type":"","background-media":"","overlay-type":"","overlay-color":"","overlay-opacity":"","overlay-gradient":""}},"footnotes":""},"class_list":["post-3153","page","type-page","status-publish","hentry","desktop-align-left","tablet-align-left","mobile-align-left","ast-product-gallery-layout-horizontal-slider","ast-product-gallery-with-no-image","ast-product-tabs-layout-horizontal"],"_links":{"self":[{"href":"https:\/\/www.port-exclusive.com\/nl\/wp-json\/wp\/v2\/pages\/3153","targetHints":{"allow":["GET"]}}],"collection":[{"href":"https:\/\/www.port-exclusive.com\/nl\/wp-json\/wp\/v2\/pages"}],"about":[{"href":"https:\/\/www.port-exclusive.com\/nl\/wp-json\/wp\/v2\/types\/page"}],"author":[{"embeddable":true,"href":"https:\/\/www.port-exclusive.com\/nl\/wp-json\/wp\/v2\/users\/1"}],"replies":[{"embeddable":true,"href":"https:\/\/www.port-exclusive.com\/nl\/wp-json\/wp\/v2\/comments?post=3153"}],"version-history":[{"count":7,"href":"https:\/\/www.port-exclusive.com\/nl\/wp-json\/wp\/v2\/pages\/3153\/revisions"}],"predecessor-version":[{"id":3425,"href":"https:\/\/www.port-exclusive.com\/nl\/wp-json\/wp\/v2\/pages\/3153\/revisions\/3425"}],"wp:attachment":[{"href":"https:\/\/www.port-exclusive.com\/nl\/wp-json\/wp\/v2\/media?parent=3153"}],"curies":[{"name":"wp","href":"https:\/\/api.w.org\/{rel}","templated":true}]}}