{"id":3116,"date":"2020-07-17T11:31:20","date_gmt":"2020-07-17T09:31:20","guid":{"rendered":"http:\/\/www.port-exclusive.com\/?page_id=3116"},"modified":"2020-08-05T14:23:14","modified_gmt":"2020-08-05T12:23:14","slug":"fonseca-2","status":"publish","type":"page","link":"https:\/\/www.port-exclusive.com\/nl\/fonseca-2\/","title":{"rendered":"Fonseca"},"content":{"rendered":"\t\t<div data-elementor-type=\"wp-page\" data-elementor-id=\"3116\" class=\"elementor elementor-3116\" data-elementor-post-type=\"page\">\n\t\t\t\t\t\t<section class=\"elementor-section elementor-top-section elementor-element elementor-element-e07f293 elementor-section-boxed elementor-section-height-default elementor-section-height-default\" data-id=\"e07f293\" data-element_type=\"section\" data-e-type=\"section\" data-settings=\"{&quot;background_background&quot;:&quot;classic&quot;}\">\n\t\t\t\t\t\t\t<div class=\"elementor-background-overlay\"><\/div>\n\t\t\t\t\t\t\t<div class=\"elementor-container elementor-column-gap-default\">\n\t\t\t\t\t<div class=\"elementor-column elementor-col-100 elementor-top-column elementor-element elementor-element-e6678ed\" data-id=\"e6678ed\" data-element_type=\"column\" data-e-type=\"column\">\n\t\t\t<div class=\"elementor-widget-wrap elementor-element-populated\">\n\t\t\t\t\t\t<div class=\"elementor-element elementor-element-33d5b66 elementor-widget elementor-widget-heading\" data-id=\"33d5b66\" data-element_type=\"widget\" data-e-type=\"widget\" data-widget_type=\"heading.default\">\n\t\t\t\t<div class=\"elementor-widget-container\">\n\t\t\t\t\t<h1 class=\"elementor-heading-title elementor-size-default\">Fonseca<\/h1>\t\t\t\t<\/div>\n\t\t\t\t<\/div>\n\t\t\t\t<div class=\"elementor-element elementor-element-d961c49 elementor-widget elementor-widget-heading\" data-id=\"d961c49\" data-element_type=\"widget\" data-e-type=\"widget\" data-widget_type=\"heading.default\">\n\t\t\t\t<div class=\"elementor-widget-container\">\n\t\t\t\t\t<h2 class=\"elementor-heading-title elementor-size-default\">PORT EXCLUSIVE<\/h2>\t\t\t\t<\/div>\n\t\t\t\t<\/div>\n\t\t\t\t\t<\/div>\n\t\t<\/div>\n\t\t\t\t\t<\/div>\n\t\t<\/section>\n\t\t\t\t<section class=\"elementor-section elementor-top-section elementor-element elementor-element-3ee62b60 elementor-section-boxed elementor-section-height-default elementor-section-height-default\" data-id=\"3ee62b60\" data-element_type=\"section\" data-e-type=\"section\">\n\t\t\t\t\t\t<div class=\"elementor-container elementor-column-gap-default\">\n\t\t\t\t\t<div class=\"elementor-column elementor-col-100 elementor-top-column elementor-element elementor-element-699d7cc8\" data-id=\"699d7cc8\" data-element_type=\"column\" data-e-type=\"column\">\n\t\t\t<div class=\"elementor-widget-wrap elementor-element-populated\">\n\t\t\t\t\t\t<div class=\"elementor-element elementor-element-51b7ca8b elementor-widget elementor-widget-text-editor\" data-id=\"51b7ca8b\" data-element_type=\"widget\" data-e-type=\"widget\" data-widget_type=\"text-editor.default\">\n\t\t\t\t<div class=\"elementor-widget-container\">\n\t\t\t\t\t\t\t\t\tFonseca werd in 1822 opgericht door Manuel Pedro Guimaraens en hoewel het bedrijf tegenwoordig eigendom is van Fladgate, wordt het nog steeds geleid door een afstammeling van de oprichter, David Guimaraens. Volgens Robert M. Parker Jr. rijpt Fonseca iets sneller dan andere Vintage Port en Parker beweert dat Fonseca een uniek karakter heeft. &#8220;Dit is altijd de meest flamboyante, uitbundige en exotische van Vintage Port, met een karakter dat totaal anders is dan dat van zijn collega&#8217;s,&#8221; zegt Parker.\n<\/p><p>\nMet ongeveer 150 hectare aan wijngaarden geplant in traditionele Port druiven, waaronder Touriga Nacional, Touriga Francesa, Tinta Roriz, Tinto Cao en andere, produceert Fonseca 8.000-14.000 kisten van Vintage Port per jaar. Het produceert ook een Tawny Port, een witte Port en niet-vintage Port. Fonseca behoort sinds de negentiende eeuw in de eerste rang van producenten van de Vintage Port.\n<\/p><p>\nDe ruggengraat van de Vintage Port van Fonseca zijn de wijnen die voornamelijk worden getrokken uit de drie quintas van Fonseca, allemaal gelegen in de Cima Corgo: Quinta de Santo Ant\u00f3nio, Quinta do Cruzeiro en Quinta do Panascal. De beste druiven uit deze quintas produceren zijn klassieke Vintage Port. De druiven worden nog steeds te voet betreden in de stenen lagares van Cruzeiro en Panascal.\n<\/p><p>\nDe Vintage Port van Fonseca staan bekend om hun weelderige rijke fruit, mondvullingsdichtheid, tanninestructuur en &#8216;grip&#8217;,\u00a0die met de jaren grote weelde en complexiteit ontwikkelt.\u00a0Het zijn wijnen van ras, balans en grote complexiteit. Vandaag de dag bezit Fonseca een leidende positie als ervaren makers van kwaliteit port en geldt als een van de top wijnhuizen. Fonseca behoort zonder twijfel tot de top-3 van Vintage portspecialisten.\n<\/p><p>\nQuinta do Panascal in de Vallei van T\u00e1vora is de laatste aanwinst, dit was \u00e9\u00e9n van de eerste biologische gecertificeerde wijngaarden en is nu een volledige duurzame wijngaard.\t\t\t\t\t\t\t\t<\/div>\n\t\t\t\t<\/div>\n\t\t\t\t\t<\/div>\n\t\t<\/div>\n\t\t\t\t\t<\/div>\n\t\t<\/section>\n\t\t\t\t<section class=\"elementor-section elementor-top-section elementor-element elementor-element-8f9d448 elementor-section-boxed elementor-section-height-default elementor-section-height-default\" data-id=\"8f9d448\" data-element_type=\"section\" data-e-type=\"section\">\n\t\t\t\t\t\t<div class=\"elementor-container elementor-column-gap-default\">\n\t\t\t\t\t<div class=\"elementor-column elementor-col-100 elementor-top-column elementor-element elementor-element-36f920a\" data-id=\"36f920a\" data-element_type=\"column\" data-e-type=\"column\">\n\t\t\t<div class=\"elementor-widget-wrap elementor-element-populated\">\n\t\t\t\t\t\t<div class=\"elementor-element elementor-element-7c7ca58 uael-woo--align-left uael-sale-flash-circle uael-featured-flash-circle elementor-widget elementor-widget-uael-woo-products\" data-id=\"7c7ca58\" data-element_type=\"widget\" data-e-type=\"widget\" data-settings=\"{&quot;products_columns&quot;:&quot;4&quot;,&quot;products_columns_tablet&quot;:&quot;3&quot;,&quot;products_columns_mobile&quot;:&quot;1&quot;}\" data-widget_type=\"uael-woo-products.grid-default\">\n\t\t\t\t<div class=\"elementor-widget-container\">\n\t\t\t\t\t<div class=\"uael-woocommerce uael-woo-products-grid uael-woo-skin-grid-default uael-woo-query-custom\" data-page=\"3116\" data-skin=\"grid_default\"><div class=\" columns-4 uael-woo-products-inner uael-woo-product__column-4 uael-woo-product__column-tablet-3 uael-woo-product__column-mobile-1\"><ul class=\"products columns-4\">\n\n\n<li class=\" fonseca port quinta&#039;s vintage post-1782 product first instock taxable shipping-taxable purchasable product-type-simple\">\n\t<div class=\"uael-woo-product-wrapper uael-prod-auto-align-disabled\">\n\t\t<div class=\"uael-woo-products-thumbnail-wrap\"><div class=\"uael-flash-container \"><\/div><a href=\"https:\/\/www.port-exclusive.com\/nl\/product\/fonseca-quinta-do-panascal-vintage-port-2008\/\" class=\"woocommerce-LoopProduct-link woocommerce-loop-product__link\"><img fetchpriority=\"high\" decoding=\"async\" width=\"300\" height=\"300\" src=\"https:\/\/www.port-exclusive.com\/wp-content\/uploads\/2020\/06\/Fonseca-Pascanal-2008-1-300x300.jpg\" class=\"attachment-woocommerce_thumbnail size-woocommerce_thumbnail\" alt=\"Fonseca Pascanal Vintage Port 2008\" \/><\/a><\/div><div class=\"uael-woo-products-summary-wrap uael-auto-align-disabled\">\t\t\t<span class=\"uael-woo-product-category\">\n\t\t\t\tFonseca\t\t\t<\/span> \n\t\t\t<a href=\"https:\/\/www.port-exclusive.com\/nl\/product\/fonseca-quinta-do-panascal-vintage-port-2008\/\" class=\"uael-loop-product__link\"><h2 class=\"woocommerce-loop-product__title\">Fonseca Quinta do Panascal Vintage Port 2008<\/h2><\/a>\n\t<span class=\"price\"><span class=\"woocommerce-Price-amount amount\"><bdi><span class=\"woocommerce-Price-currencySymbol\">&euro;<\/span>66,95<\/bdi><\/span> <small class=\"woocommerce-price-suffix\">Incl. BTW<\/small><\/span>\n<a href=\"\/nl\/wp-json\/wp\/v2\/pages\/3116?add-to-cart=1782\" aria-describedby=\"woocommerce_loop_add_to_cart_link_describedby_1782\" data-quantity=\"1\" class=\"button product_type_simple add_to_cart_button ajax_add_to_cart \" data-product_id=\"1782\" data-product_sku=\"Fons006\" aria-label=\"Toevoegen aan winkelwagen: &ldquo;Fonseca Quinta do Panascal Vintage Port 2008&ldquo;\" rel=\"nofollow\" data-success_message=\"&ldquo;Fonseca Quinta do Panascal Vintage Port 2008&rdquo; is toegevoegd aan je winkelwagen\">Toevoegen aan winkelwagen<\/a>\t<span id=\"woocommerce_loop_add_to_cart_link_describedby_1782\" class=\"screen-reader-text\">\n\t\t\t<\/span>\n<\/div>\t<\/div>\n<\/li>\n\n\n<li class=\" fonseca port quinta&#039;s vintage post-1770 product  instock taxable shipping-taxable purchasable product-type-simple\">\n\t<div class=\"uael-woo-product-wrapper uael-prod-auto-align-disabled\">\n\t\t<div class=\"uael-woo-products-thumbnail-wrap\"><div class=\"uael-flash-container \"><\/div><a href=\"https:\/\/www.port-exclusive.com\/nl\/product\/fonseca-vintage-port-2000\/\" class=\"woocommerce-LoopProduct-link woocommerce-loop-product__link\"><img decoding=\"async\" width=\"300\" height=\"300\" src=\"https:\/\/www.port-exclusive.com\/wp-content\/uploads\/2020\/06\/Fonseca-2000-300x300.jpg\" class=\"attachment-woocommerce_thumbnail size-woocommerce_thumbnail\" alt=\"Fonseca Vintage Port 2000\" \/><\/a><\/div><div class=\"uael-woo-products-summary-wrap uael-auto-align-disabled\">\t\t\t<span class=\"uael-woo-product-category\">\n\t\t\t\tFonseca\t\t\t<\/span> \n\t\t\t<a href=\"https:\/\/www.port-exclusive.com\/nl\/product\/fonseca-vintage-port-2000\/\" class=\"uael-loop-product__link\"><h2 class=\"woocommerce-loop-product__title\">Fonseca Vintage Port 2000<\/h2><\/a>\n\t<span class=\"price\"><span class=\"woocommerce-Price-amount amount\"><bdi><span class=\"woocommerce-Price-currencySymbol\">&euro;<\/span>94,95<\/bdi><\/span> <small class=\"woocommerce-price-suffix\">Incl. BTW<\/small><\/span>\n<a href=\"\/nl\/wp-json\/wp\/v2\/pages\/3116?add-to-cart=1770\" aria-describedby=\"woocommerce_loop_add_to_cart_link_describedby_1770\" data-quantity=\"1\" class=\"button product_type_simple add_to_cart_button ajax_add_to_cart \" data-product_id=\"1770\" data-product_sku=\"Fons003\" aria-label=\"Toevoegen aan winkelwagen: &ldquo;Fonseca Vintage Port 2000&ldquo;\" rel=\"nofollow\" data-success_message=\"&ldquo;Fonseca Vintage Port 2000&rdquo; is toegevoegd aan je winkelwagen\">Toevoegen aan winkelwagen<\/a>\t<span id=\"woocommerce_loop_add_to_cart_link_describedby_1770\" class=\"screen-reader-text\">\n\t\t\t<\/span>\n<\/div>\t<\/div>\n<\/li>\n\n\n<li class=\" fonseca port quinta&#039;s vintage post-1778 product  instock taxable shipping-taxable purchasable product-type-simple\">\n\t<div class=\"uael-woo-product-wrapper uael-prod-auto-align-disabled\">\n\t\t<div class=\"uael-woo-products-thumbnail-wrap\"><div class=\"uael-flash-container \"><\/div><a href=\"https:\/\/www.port-exclusive.com\/nl\/product\/fonseca-vintage-port-2004\/\" class=\"woocommerce-LoopProduct-link woocommerce-loop-product__link\"><img decoding=\"async\" width=\"300\" height=\"300\" src=\"https:\/\/www.port-exclusive.com\/wp-content\/uploads\/2020\/06\/Fonseca-2004-300x300.jpg\" class=\"attachment-woocommerce_thumbnail size-woocommerce_thumbnail\" alt=\"Fonseca Vintage Port 2004\" \/><\/a><\/div><div class=\"uael-woo-products-summary-wrap uael-auto-align-disabled\">\t\t\t<span class=\"uael-woo-product-category\">\n\t\t\t\tFonseca\t\t\t<\/span> \n\t\t\t<a href=\"https:\/\/www.port-exclusive.com\/nl\/product\/fonseca-vintage-port-2004\/\" class=\"uael-loop-product__link\"><h2 class=\"woocommerce-loop-product__title\">Fonseca Vintage Port 2004<\/h2><\/a>\n\t<span class=\"price\"><span class=\"woocommerce-Price-amount amount\"><bdi><span class=\"woocommerce-Price-currencySymbol\">&euro;<\/span>89,95<\/bdi><\/span> <small class=\"woocommerce-price-suffix\">Incl. BTW<\/small><\/span>\n<a href=\"\/nl\/wp-json\/wp\/v2\/pages\/3116?add-to-cart=1778\" aria-describedby=\"woocommerce_loop_add_to_cart_link_describedby_1778\" data-quantity=\"1\" class=\"button product_type_simple add_to_cart_button ajax_add_to_cart \" data-product_id=\"1778\" data-product_sku=\"Fons005\" aria-label=\"Toevoegen aan winkelwagen: &ldquo;Fonseca Vintage Port 2004&ldquo;\" rel=\"nofollow\" data-success_message=\"&ldquo;Fonseca Vintage Port 2004&rdquo; is toegevoegd aan je winkelwagen\">Toevoegen aan winkelwagen<\/a>\t<span id=\"woocommerce_loop_add_to_cart_link_describedby_1778\" class=\"screen-reader-text\">\n\t\t\t<\/span>\n<\/div>\t<\/div>\n<\/li>\n\n\n<li class=\" fonseca port quinta&#039;s vintage post-1766 product last instock taxable shipping-taxable purchasable product-type-simple\">\n\t<div class=\"uael-woo-product-wrapper uael-prod-auto-align-disabled\">\n\t\t<div class=\"uael-woo-products-thumbnail-wrap\"><div class=\"uael-flash-container \"><\/div><a href=\"https:\/\/www.port-exclusive.com\/nl\/product\/fonseca-vintage-port-2009\/\" class=\"woocommerce-LoopProduct-link woocommerce-loop-product__link\"><img loading=\"lazy\" decoding=\"async\" width=\"300\" height=\"300\" src=\"https:\/\/www.port-exclusive.com\/wp-content\/uploads\/2020\/06\/Fonseca-2009-300x300.jpg\" class=\"attachment-woocommerce_thumbnail size-woocommerce_thumbnail\" alt=\"Fonseca Vintage Port 2009\" \/><\/a><\/div><div class=\"uael-woo-products-summary-wrap uael-auto-align-disabled\">\t\t\t<span class=\"uael-woo-product-category\">\n\t\t\t\tFonseca\t\t\t<\/span> \n\t\t\t<a href=\"https:\/\/www.port-exclusive.com\/nl\/product\/fonseca-vintage-port-2009\/\" class=\"uael-loop-product__link\"><h2 class=\"woocommerce-loop-product__title\">Fonseca Vintage Port 2009<\/h2><\/a>\n\t<span class=\"price\"><span class=\"woocommerce-Price-amount amount\"><bdi><span class=\"woocommerce-Price-currencySymbol\">&euro;<\/span>89,95<\/bdi><\/span> <small class=\"woocommerce-price-suffix\">Incl. BTW<\/small><\/span>\n<a href=\"\/nl\/wp-json\/wp\/v2\/pages\/3116?add-to-cart=1766\" aria-describedby=\"woocommerce_loop_add_to_cart_link_describedby_1766\" data-quantity=\"1\" class=\"button product_type_simple add_to_cart_button ajax_add_to_cart \" data-product_id=\"1766\" data-product_sku=\"Fons002\" aria-label=\"Toevoegen aan winkelwagen: &ldquo;Fonseca Vintage Port 2009&ldquo;\" rel=\"nofollow\" data-success_message=\"&ldquo;Fonseca Vintage Port 2009&rdquo; is toegevoegd aan je winkelwagen\">Toevoegen aan winkelwagen<\/a>\t<span id=\"woocommerce_loop_add_to_cart_link_describedby_1766\" class=\"screen-reader-text\">\n\t\t\t<\/span>\n<\/div>\t<\/div>\n<\/li>\n<\/ul>\n<\/div><\/div>\t\t\t\t<\/div>\n\t\t\t\t<\/div>\n\t\t\t\t\t<\/div>\n\t\t<\/div>\n\t\t\t\t\t<\/div>\n\t\t<\/section>\n\t\t\t\t<\/div>\n\t\t","protected":false},"excerpt":{"rendered":"<p>Fonseca PORT EXCLUSIVE Fonseca werd in 1822 opgericht door Manuel Pedro Guimaraens en hoewel het bedrijf tegenwoordig eigendom is van Fladgate, wordt het nog steeds geleid door een afstammeling van de oprichter, David Guimaraens. Volgens Robert M. Parker Jr. rijpt Fonseca iets sneller dan andere Vintage Port en Parker beweert dat Fonseca een uniek karakter [&hellip;]<\/p>\n","protected":false},"author":1,"featured_media":0,"parent":0,"menu_order":0,"comment_status":"closed","ping_status":"closed","template":"","meta":{"site-sidebar-layout":"default","site-content-layout":"page-builder","ast-site-content-layout":"default","site-content-style":"default","site-sidebar-style":"default","ast-global-header-display":"","ast-banner-title-visibility":"","ast-main-header-display":"","ast-hfb-above-header-display":"","ast-hfb-below-header-display":"","ast-hfb-mobile-header-display":"","site-post-title":"disabled","ast-breadcrumbs-content":"","ast-featured-img":"disabled","footer-sml-layout":"","ast-disable-related-posts":"","theme-transparent-header-meta":"enabled","adv-header-id-meta":"","stick-header-meta":"","header-above-stick-meta":"","header-main-stick-meta":"","header-below-stick-meta":"","astra-migrate-meta-layouts":"default","ast-page-background-enabled":"default","ast-page-background-meta":{"desktop":{"background-color":"","background-image":"","background-repeat":"repeat","background-position":"center center","background-size":"auto","background-attachment":"scroll","background-type":"","background-media":"","overlay-type":"","overlay-color":"","overlay-opacity":"","overlay-gradient":""},"tablet":{"background-color":"","background-image":"","background-repeat":"repeat","background-position":"center center","background-size":"auto","background-attachment":"scroll","background-type":"","background-media":"","overlay-type":"","overlay-color":"","overlay-opacity":"","overlay-gradient":""},"mobile":{"background-color":"","background-image":"","background-repeat":"repeat","background-position":"center center","background-size":"auto","background-attachment":"scroll","background-type":"","background-media":"","overlay-type":"","overlay-color":"","overlay-opacity":"","overlay-gradient":""}},"ast-content-background-meta":{"desktop":{"background-color":"var(--ast-global-color-5)","background-image":"","background-repeat":"repeat","background-position":"center center","background-size":"auto","background-attachment":"scroll","background-type":"","background-media":"","overlay-type":"","overlay-color":"","overlay-opacity":"","overlay-gradient":""},"tablet":{"background-color":"var(--ast-global-color-5)","background-image":"","background-repeat":"repeat","background-position":"center center","background-size":"auto","background-attachment":"scroll","background-type":"","background-media":"","overlay-type":"","overlay-color":"","overlay-opacity":"","overlay-gradient":""},"mobile":{"background-color":"var(--ast-global-color-5)","background-image":"","background-repeat":"repeat","background-position":"center center","background-size":"auto","background-attachment":"scroll","background-type":"","background-media":"","overlay-type":"","overlay-color":"","overlay-opacity":"","overlay-gradient":""}},"footnotes":""},"class_list":["post-3116","page","type-page","status-publish","hentry","desktop-align-left","tablet-align-left","mobile-align-left","ast-product-gallery-layout-horizontal-slider","ast-product-gallery-with-no-image","ast-product-tabs-layout-horizontal"],"_links":{"self":[{"href":"https:\/\/www.port-exclusive.com\/nl\/wp-json\/wp\/v2\/pages\/3116","targetHints":{"allow":["GET"]}}],"collection":[{"href":"https:\/\/www.port-exclusive.com\/nl\/wp-json\/wp\/v2\/pages"}],"about":[{"href":"https:\/\/www.port-exclusive.com\/nl\/wp-json\/wp\/v2\/types\/page"}],"author":[{"embeddable":true,"href":"https:\/\/www.port-exclusive.com\/nl\/wp-json\/wp\/v2\/users\/1"}],"replies":[{"embeddable":true,"href":"https:\/\/www.port-exclusive.com\/nl\/wp-json\/wp\/v2\/comments?post=3116"}],"version-history":[{"count":10,"href":"https:\/\/www.port-exclusive.com\/nl\/wp-json\/wp\/v2\/pages\/3116\/revisions"}],"predecessor-version":[{"id":3420,"href":"https:\/\/www.port-exclusive.com\/nl\/wp-json\/wp\/v2\/pages\/3116\/revisions\/3420"}],"wp:attachment":[{"href":"https:\/\/www.port-exclusive.com\/nl\/wp-json\/wp\/v2\/media?parent=3116"}],"curies":[{"name":"wp","href":"https:\/\/api.w.org\/{rel}","templated":true}]}}