{"id":3024,"date":"2020-07-15T12:57:40","date_gmt":"2020-07-15T10:57:40","guid":{"rendered":"http:\/\/www.port-exclusive.com\/?page_id=3024"},"modified":"2020-08-09T14:14:51","modified_gmt":"2020-08-09T12:14:51","slug":"tawny-port","status":"publish","type":"page","link":"https:\/\/www.port-exclusive.com\/nl\/tawny-port\/","title":{"rendered":"Tawny Port"},"content":{"rendered":"\t\t<div data-elementor-type=\"wp-page\" data-elementor-id=\"3024\" class=\"elementor elementor-3024\" data-elementor-post-type=\"page\">\n\t\t\t\t\t\t<section class=\"elementor-section elementor-top-section elementor-element elementor-element-a484529 elementor-section-full_width elementor-section-height-default elementor-section-height-default\" data-id=\"a484529\" data-element_type=\"section\" data-e-type=\"section\" data-settings=\"{&quot;background_background&quot;:&quot;classic&quot;}\">\n\t\t\t\t\t\t\t<div class=\"elementor-background-overlay\"><\/div>\n\t\t\t\t\t\t\t<div class=\"elementor-container elementor-column-gap-default\">\n\t\t\t\t\t<div class=\"elementor-column elementor-col-100 elementor-top-column elementor-element elementor-element-8079c00\" data-id=\"8079c00\" data-element_type=\"column\" data-e-type=\"column\">\n\t\t\t<div class=\"elementor-widget-wrap elementor-element-populated\">\n\t\t\t\t\t\t<div class=\"elementor-element elementor-element-1e9ef76 elementor-widget elementor-widget-heading\" data-id=\"1e9ef76\" data-element_type=\"widget\" data-e-type=\"widget\" data-widget_type=\"heading.default\">\n\t\t\t\t<div class=\"elementor-widget-container\">\n\t\t\t\t\t<h1 class=\"elementor-heading-title elementor-size-default\">Tawny Port<\/h1>\t\t\t\t<\/div>\n\t\t\t\t<\/div>\n\t\t\t\t<div class=\"elementor-element elementor-element-d5adf53 elementor-widget elementor-widget-heading\" data-id=\"d5adf53\" data-element_type=\"widget\" data-e-type=\"widget\" data-widget_type=\"heading.default\">\n\t\t\t\t<div class=\"elementor-widget-container\">\n\t\t\t\t\t<h2 class=\"elementor-heading-title elementor-size-default\">PORT EXCLUSIVE<\/h2>\t\t\t\t<\/div>\n\t\t\t\t<\/div>\n\t\t\t\t\t<\/div>\n\t\t<\/div>\n\t\t\t\t\t<\/div>\n\t\t<\/section>\n\t\t\t\t<section class=\"elementor-section elementor-top-section elementor-element elementor-element-3457ddfd elementor-section-boxed elementor-section-height-default elementor-section-height-default\" data-id=\"3457ddfd\" data-element_type=\"section\" data-e-type=\"section\">\n\t\t\t\t\t\t<div class=\"elementor-container elementor-column-gap-default\">\n\t\t\t\t\t<div class=\"elementor-column elementor-col-100 elementor-top-column elementor-element elementor-element-558fe0b4\" data-id=\"558fe0b4\" data-element_type=\"column\" data-e-type=\"column\">\n\t\t\t<div class=\"elementor-widget-wrap elementor-element-populated\">\n\t\t\t\t\t\t<div class=\"elementor-element elementor-element-50571534 elementor-widget elementor-widget-text-editor\" data-id=\"50571534\" data-element_type=\"widget\" data-e-type=\"widget\" data-widget_type=\"text-editor.default\">\n\t\t\t\t<div class=\"elementor-widget-container\">\n\t\t\t\t\t\t\t\t\tDe Tawny Port is genoemd naar de taankleur, die ontstaat doordat de wijn meerdere jaren op vat rijpt, zodat hij iets kan oxideren. De Tawny Port is samengesteld uit een blend van Port wijnen van verschillende oogstjaren, maar heeft als voornaamste kenmerk dat hij meerdere jaren in vaten heeft gerijpt, wat zijn typische tawny kleur geeft. Zeer geschikt om koel te drinken als aperitief, na de maaltijd met een cr\u00e8me br\u00fbl\u00e9e of natuurlijk bij een kaasplankje met oudere kazen en pittige blauwschimmels.\t\t\t\t\t\t\t\t<\/div>\n\t\t\t\t<\/div>\n\t\t\t\t\t<\/div>\n\t\t<\/div>\n\t\t\t\t\t<\/div>\n\t\t<\/section>\n\t\t\t\t<section class=\"elementor-section elementor-top-section elementor-element elementor-element-4723fc3 elementor-section-boxed elementor-section-height-default elementor-section-height-default\" data-id=\"4723fc3\" data-element_type=\"section\" data-e-type=\"section\">\n\t\t\t\t\t\t<div class=\"elementor-container elementor-column-gap-default\">\n\t\t\t\t\t<div class=\"elementor-column elementor-col-100 elementor-top-column elementor-element elementor-element-93d4452\" data-id=\"93d4452\" data-element_type=\"column\" data-e-type=\"column\">\n\t\t\t<div class=\"elementor-widget-wrap elementor-element-populated\">\n\t\t\t\t\t\t<div class=\"elementor-element elementor-element-0ac113b uael-woo--align-left uael-sale-flash-circle uael-featured-flash-circle elementor-widget elementor-widget-uael-woo-products\" data-id=\"0ac113b\" data-element_type=\"widget\" data-e-type=\"widget\" data-settings=\"{&quot;products_columns&quot;:&quot;4&quot;,&quot;products_columns_tablet&quot;:&quot;3&quot;,&quot;products_columns_mobile&quot;:&quot;1&quot;}\" data-widget_type=\"uael-woo-products.grid-default\">\n\t\t\t\t<div class=\"elementor-widget-container\">\n\t\t\t\t\t<div class=\"uael-woocommerce uael-woo-products-grid uael-woo-skin-grid-default uael-woo-query-custom\" data-page=\"3024\" data-skin=\"grid_default\"><div class=\" columns-4 uael-woo-products-inner uael-woo-product__column-4 uael-woo-product__column-tablet-3 uael-woo-product__column-mobile-1\"><ul class=\"products columns-4\">\n\n\n<li class=\" dalva port quinta&#039;s tawny port post-1669 product first instock taxable shipping-taxable purchasable product-type-simple\">\n\t<div class=\"uael-woo-product-wrapper uael-prod-auto-align-disabled\">\n\t\t<div class=\"uael-woo-products-thumbnail-wrap\"><div class=\"uael-flash-container \"><\/div><a href=\"https:\/\/www.port-exclusive.com\/nl\/product\/dalva-tawny-port\/\" class=\"woocommerce-LoopProduct-link woocommerce-loop-product__link\"><img fetchpriority=\"high\" decoding=\"async\" width=\"300\" height=\"300\" src=\"https:\/\/www.port-exclusive.com\/wp-content\/uploads\/2020\/06\/DSCN0558-300x300.jpg\" class=\"attachment-woocommerce_thumbnail size-woocommerce_thumbnail\" alt=\"Dalva Tawny Port\" \/><\/a><\/div><div class=\"uael-woo-products-summary-wrap uael-auto-align-disabled\">\t\t\t<span class=\"uael-woo-product-category\">\n\t\t\t\tDalva\t\t\t<\/span> \n\t\t\t<a href=\"https:\/\/www.port-exclusive.com\/nl\/product\/dalva-tawny-port\/\" class=\"uael-loop-product__link\"><h2 class=\"woocommerce-loop-product__title\">DALVA Tawny Port<\/h2><\/a>\n\t<span class=\"price\"><span class=\"woocommerce-Price-amount amount\"><bdi><span class=\"woocommerce-Price-currencySymbol\">&euro;<\/span>14,95<\/bdi><\/span> <small class=\"woocommerce-price-suffix\">Incl. BTW<\/small><\/span>\n<a href=\"\/nl\/wp-json\/wp\/v2\/pages\/3024?add-to-cart=1669\" aria-describedby=\"woocommerce_loop_add_to_cart_link_describedby_1669\" data-quantity=\"1\" class=\"button product_type_simple add_to_cart_button ajax_add_to_cart \" data-product_id=\"1669\" data-product_sku=\"DAL002\" aria-label=\"Toevoegen aan winkelwagen: &ldquo;DALVA Tawny Port&ldquo;\" rel=\"nofollow\" data-success_message=\"&ldquo;DALVA Tawny Port&rdquo; is toegevoegd aan je winkelwagen\">Toevoegen aan winkelwagen<\/a>\t<span id=\"woocommerce_loop_add_to_cart_link_describedby_1669\" class=\"screen-reader-text\">\n\t\t\t<\/span>\n<\/div>\t<\/div>\n<\/li>\n\n\n<li class=\" dalva port quinta&#039;s tawny port post-1697 product  instock taxable shipping-taxable purchasable product-type-simple\">\n\t<div class=\"uael-woo-product-wrapper uael-prod-auto-align-disabled\">\n\t\t<div class=\"uael-woo-products-thumbnail-wrap\"><div class=\"uael-flash-container \"><\/div><a href=\"https:\/\/www.port-exclusive.com\/nl\/product\/dalva-tawny-port-0375-ltr\/\" class=\"woocommerce-LoopProduct-link woocommerce-loop-product__link\"><img decoding=\"async\" width=\"300\" height=\"300\" src=\"https:\/\/www.port-exclusive.com\/wp-content\/uploads\/2020\/06\/Dalva-Tawny-375-300x300.png\" class=\"attachment-woocommerce_thumbnail size-woocommerce_thumbnail\" alt=\"Dalva Tawny 375\" \/><\/a><\/div><div class=\"uael-woo-products-summary-wrap uael-auto-align-disabled\">\t\t\t<span class=\"uael-woo-product-category\">\n\t\t\t\tDalva\t\t\t<\/span> \n\t\t\t<a href=\"https:\/\/www.port-exclusive.com\/nl\/product\/dalva-tawny-port-0375-ltr\/\" class=\"uael-loop-product__link\"><h2 class=\"woocommerce-loop-product__title\">DALVA Tawny Port 0,375 ltr<\/h2><\/a>\n\t<span class=\"price\"><span class=\"woocommerce-Price-amount amount\"><bdi><span class=\"woocommerce-Price-currencySymbol\">&euro;<\/span>8,95<\/bdi><\/span> <small class=\"woocommerce-price-suffix\">Incl. BTW<\/small><\/span>\n<a href=\"\/nl\/wp-json\/wp\/v2\/pages\/3024?add-to-cart=1697\" aria-describedby=\"woocommerce_loop_add_to_cart_link_describedby_1697\" data-quantity=\"1\" class=\"button product_type_simple add_to_cart_button ajax_add_to_cart \" data-product_id=\"1697\" data-product_sku=\"DAL009\" aria-label=\"Toevoegen aan winkelwagen: &ldquo;DALVA Tawny Port 0,375 ltr&ldquo;\" rel=\"nofollow\" data-success_message=\"&ldquo;DALVA Tawny Port 0,375 ltr&rdquo; is toegevoegd aan je winkelwagen\">Toevoegen aan winkelwagen<\/a>\t<span id=\"woocommerce_loop_add_to_cart_link_describedby_1697\" class=\"screen-reader-text\">\n\t\t\t<\/span>\n<\/div>\t<\/div>\n<\/li>\n\n\n<li class=\" port quinta do infantado quinta&#039;s tawny port post-1665 product  instock taxable shipping-taxable purchasable product-type-simple\">\n\t<div class=\"uael-woo-product-wrapper uael-prod-auto-align-disabled\">\n\t\t<div class=\"uael-woo-products-thumbnail-wrap\"><div class=\"uael-flash-container \"><\/div><a href=\"https:\/\/www.port-exclusive.com\/nl\/product\/quinta-do-infantado-biologische-tawny-reserva-port\/\" class=\"woocommerce-LoopProduct-link woocommerce-loop-product__link\"><img decoding=\"async\" width=\"300\" height=\"300\" src=\"https:\/\/www.port-exclusive.com\/wp-content\/uploads\/2020\/06\/QdI-Bio-Tawny-Reserva-300x300.png\" class=\"attachment-woocommerce_thumbnail size-woocommerce_thumbnail\" alt=\"QdI Biologische Tawny Reserva\" \/><\/a><\/div><div class=\"uael-woo-products-summary-wrap uael-auto-align-disabled\">\t\t\t<span class=\"uael-woo-product-category\">\n\t\t\t\tPort\t\t\t<\/span> \n\t\t\t<a href=\"https:\/\/www.port-exclusive.com\/nl\/product\/quinta-do-infantado-biologische-tawny-reserva-port\/\" class=\"uael-loop-product__link\"><h2 class=\"woocommerce-loop-product__title\">Quinta do Infantado Biologische Tawny Reserva Port<\/h2><\/a>\n\t<span class=\"price\"><span class=\"woocommerce-Price-amount amount\"><bdi><span class=\"woocommerce-Price-currencySymbol\">&euro;<\/span>24,95<\/bdi><\/span> <small class=\"woocommerce-price-suffix\">Incl. BTW<\/small><\/span>\n<a href=\"\/nl\/wp-json\/wp\/v2\/pages\/3024?add-to-cart=1665\" aria-describedby=\"woocommerce_loop_add_to_cart_link_describedby_1665\" data-quantity=\"1\" class=\"button product_type_simple add_to_cart_button ajax_add_to_cart \" data-product_id=\"1665\" data-product_sku=\"QdI025\" aria-label=\"Toevoegen aan winkelwagen: &ldquo;Quinta do Infantado Biologische Tawny Reserva Port&ldquo;\" rel=\"nofollow\" data-success_message=\"&ldquo;Quinta do Infantado Biologische Tawny Reserva Port&rdquo; is toegevoegd aan je winkelwagen\">Toevoegen aan winkelwagen<\/a>\t<span id=\"woocommerce_loop_add_to_cart_link_describedby_1665\" class=\"screen-reader-text\">\n\t\t\t<\/span>\n<\/div>\t<\/div>\n<\/li>\n\n\n<li class=\" port quinta do infantado quinta&#039;s tawny port post-1569 product last onbackorder taxable shipping-taxable purchasable product-type-simple\">\n\t<div class=\"uael-woo-product-wrapper uael-prod-auto-align-disabled\">\n\t\t<div class=\"uael-woo-products-thumbnail-wrap\"><div class=\"uael-flash-container \"><\/div><a href=\"https:\/\/www.port-exclusive.com\/nl\/product\/qdi-dona-margarida-reserva-tawny-port\/\" class=\"woocommerce-LoopProduct-link woocommerce-loop-product__link\"><img loading=\"lazy\" decoding=\"async\" width=\"300\" height=\"300\" src=\"https:\/\/www.port-exclusive.com\/wp-content\/uploads\/2020\/06\/QdI-Tawny-Reserva2-300x300.png\" class=\"attachment-woocommerce_thumbnail size-woocommerce_thumbnail\" alt=\"QdI Tawny Reserva\" \/><\/a><\/div><div class=\"uael-woo-products-summary-wrap uael-auto-align-disabled\">\t\t\t<span class=\"uael-woo-product-category\">\n\t\t\t\tPort\t\t\t<\/span> \n\t\t\t<a href=\"https:\/\/www.port-exclusive.com\/nl\/product\/qdi-dona-margarida-reserva-tawny-port\/\" class=\"uael-loop-product__link\"><h2 class=\"woocommerce-loop-product__title\">Quinta do Infantado Dona Margarida Reserva Tawny Port<\/h2><\/a>\n\t<span class=\"price\"><span class=\"woocommerce-Price-amount amount\"><bdi><span class=\"woocommerce-Price-currencySymbol\">&euro;<\/span>21,95<\/bdi><\/span> <small class=\"woocommerce-price-suffix\">Incl. BTW<\/small><\/span>\n<a href=\"\/nl\/wp-json\/wp\/v2\/pages\/3024?add-to-cart=1569\" aria-describedby=\"woocommerce_loop_add_to_cart_link_describedby_1569\" data-quantity=\"1\" class=\"button product_type_simple add_to_cart_button ajax_add_to_cart \" data-product_id=\"1569\" data-product_sku=\"QdI004\" aria-label=\"Toevoegen aan winkelwagen: &ldquo;Quinta do Infantado Dona Margarida Reserva Tawny Port&ldquo;\" rel=\"nofollow\" data-success_message=\"&ldquo;Quinta do Infantado Dona Margarida Reserva Tawny Port&rdquo; is toegevoegd aan je winkelwagen\">Toevoegen aan winkelwagen<\/a>\t<span id=\"woocommerce_loop_add_to_cart_link_describedby_1569\" class=\"screen-reader-text\">\n\t\t\t<\/span>\n<\/div>\t<\/div>\n<\/li>\n\n\n<li class=\" port quinta do infantado quinta&#039;s tawny port post-1561 product first instock taxable shipping-taxable purchasable product-type-simple\">\n\t<div class=\"uael-woo-product-wrapper uael-prod-auto-align-disabled\">\n\t\t<div class=\"uael-woo-products-thumbnail-wrap\"><div class=\"uael-flash-container \"><\/div><a href=\"https:\/\/www.port-exclusive.com\/nl\/product\/quinta-do-infantado-tawny-port\/\" class=\"woocommerce-LoopProduct-link woocommerce-loop-product__link\"><img loading=\"lazy\" decoding=\"async\" width=\"300\" height=\"300\" src=\"https:\/\/www.port-exclusive.com\/wp-content\/uploads\/2020\/06\/QdI-Tawny-300x300.png\" class=\"attachment-woocommerce_thumbnail size-woocommerce_thumbnail\" alt=\"QdI Tawny\" \/><\/a><\/div><div class=\"uael-woo-products-summary-wrap uael-auto-align-disabled\">\t\t\t<span class=\"uael-woo-product-category\">\n\t\t\t\tPort\t\t\t<\/span> \n\t\t\t<a href=\"https:\/\/www.port-exclusive.com\/nl\/product\/quinta-do-infantado-tawny-port\/\" class=\"uael-loop-product__link\"><h2 class=\"woocommerce-loop-product__title\">Quinta do Infantado Tawny Port<\/h2><\/a>\n\t<span class=\"price\"><span class=\"woocommerce-Price-amount amount\"><bdi><span class=\"woocommerce-Price-currencySymbol\">&euro;<\/span>14,95<\/bdi><\/span> <small class=\"woocommerce-price-suffix\">Incl. BTW<\/small><\/span>\n<a href=\"\/nl\/wp-json\/wp\/v2\/pages\/3024?add-to-cart=1561\" aria-describedby=\"woocommerce_loop_add_to_cart_link_describedby_1561\" data-quantity=\"1\" class=\"button product_type_simple add_to_cart_button ajax_add_to_cart \" data-product_id=\"1561\" data-product_sku=\"QdI002\" aria-label=\"Toevoegen aan winkelwagen: &ldquo;Quinta do Infantado Tawny Port&ldquo;\" rel=\"nofollow\" data-success_message=\"&ldquo;Quinta do Infantado Tawny Port&rdquo; is toegevoegd aan je winkelwagen\">Toevoegen aan winkelwagen<\/a>\t<span id=\"woocommerce_loop_add_to_cart_link_describedby_1561\" class=\"screen-reader-text\">\n\t\t\t<\/span>\n<\/div>\t<\/div>\n<\/li>\n<\/ul>\n<\/div><\/div>\t\t\t\t<\/div>\n\t\t\t\t<\/div>\n\t\t\t\t\t<\/div>\n\t\t<\/div>\n\t\t\t\t\t<\/div>\n\t\t<\/section>\n\t\t\t\t<\/div>\n\t\t","protected":false},"excerpt":{"rendered":"<p>Tawny Port PORT EXCLUSIVE De Tawny Port is genoemd naar de taankleur, die ontstaat doordat de wijn meerdere jaren op vat rijpt, zodat hij iets kan oxideren. De Tawny Port is samengesteld uit een blend van Port wijnen van verschillende oogstjaren, maar heeft als voornaamste kenmerk dat hij meerdere jaren in vaten heeft gerijpt, wat [&hellip;]<\/p>\n","protected":false},"author":1,"featured_media":0,"parent":0,"menu_order":0,"comment_status":"closed","ping_status":"closed","template":"","meta":{"site-sidebar-layout":"default","site-content-layout":"page-builder","ast-site-content-layout":"default","site-content-style":"default","site-sidebar-style":"default","ast-global-header-display":"","ast-banner-title-visibility":"","ast-main-header-display":"","ast-hfb-above-header-display":"","ast-hfb-below-header-display":"","ast-hfb-mobile-header-display":"","site-post-title":"disabled","ast-breadcrumbs-content":"","ast-featured-img":"disabled","footer-sml-layout":"","ast-disable-related-posts":"","theme-transparent-header-meta":"enabled","adv-header-id-meta":"","stick-header-meta":"","header-above-stick-meta":"","header-main-stick-meta":"","header-below-stick-meta":"","astra-migrate-meta-layouts":"default","ast-page-background-enabled":"default","ast-page-background-meta":{"desktop":{"background-color":"","background-image":"","background-repeat":"repeat","background-position":"center center","background-size":"auto","background-attachment":"scroll","background-type":"","background-media":"","overlay-type":"","overlay-color":"","overlay-opacity":"","overlay-gradient":""},"tablet":{"background-color":"","background-image":"","background-repeat":"repeat","background-position":"center center","background-size":"auto","background-attachment":"scroll","background-type":"","background-media":"","overlay-type":"","overlay-color":"","overlay-opacity":"","overlay-gradient":""},"mobile":{"background-color":"","background-image":"","background-repeat":"repeat","background-position":"center center","background-size":"auto","background-attachment":"scroll","background-type":"","background-media":"","overlay-type":"","overlay-color":"","overlay-opacity":"","overlay-gradient":""}},"ast-content-background-meta":{"desktop":{"background-color":"var(--ast-global-color-5)","background-image":"","background-repeat":"repeat","background-position":"center center","background-size":"auto","background-attachment":"scroll","background-type":"","background-media":"","overlay-type":"","overlay-color":"","overlay-opacity":"","overlay-gradient":""},"tablet":{"background-color":"var(--ast-global-color-5)","background-image":"","background-repeat":"repeat","background-position":"center center","background-size":"auto","background-attachment":"scroll","background-type":"","background-media":"","overlay-type":"","overlay-color":"","overlay-opacity":"","overlay-gradient":""},"mobile":{"background-color":"var(--ast-global-color-5)","background-image":"","background-repeat":"repeat","background-position":"center center","background-size":"auto","background-attachment":"scroll","background-type":"","background-media":"","overlay-type":"","overlay-color":"","overlay-opacity":"","overlay-gradient":""}},"footnotes":""},"class_list":["post-3024","page","type-page","status-publish","hentry","desktop-align-left","tablet-align-left","mobile-align-left","ast-product-gallery-layout-horizontal-slider","ast-product-tabs-layout-horizontal"],"_links":{"self":[{"href":"https:\/\/www.port-exclusive.com\/nl\/wp-json\/wp\/v2\/pages\/3024","targetHints":{"allow":["GET"]}}],"collection":[{"href":"https:\/\/www.port-exclusive.com\/nl\/wp-json\/wp\/v2\/pages"}],"about":[{"href":"https:\/\/www.port-exclusive.com\/nl\/wp-json\/wp\/v2\/types\/page"}],"author":[{"embeddable":true,"href":"https:\/\/www.port-exclusive.com\/nl\/wp-json\/wp\/v2\/users\/1"}],"replies":[{"embeddable":true,"href":"https:\/\/www.port-exclusive.com\/nl\/wp-json\/wp\/v2\/comments?post=3024"}],"version-history":[{"count":13,"href":"https:\/\/www.port-exclusive.com\/nl\/wp-json\/wp\/v2\/pages\/3024\/revisions"}],"predecessor-version":[{"id":3414,"href":"https:\/\/www.port-exclusive.com\/nl\/wp-json\/wp\/v2\/pages\/3024\/revisions\/3414"}],"wp:attachment":[{"href":"https:\/\/www.port-exclusive.com\/nl\/wp-json\/wp\/v2\/media?parent=3024"}],"curies":[{"name":"wp","href":"https:\/\/api.w.org\/{rel}","templated":true}]}}