{"id":5920,"date":"2020-06-30T18:32:54","date_gmt":"2021-05-12T16:29:54","guid":{"rendered":"https:\/\/www.port-exclusive.com\/product\/quinta-de-roriz-vintage-port-2001\/"},"modified":"2021-05-15T15:01:13","modified_gmt":"2021-05-15T13:01:13","slug":"quinta-de-roriz-vintage-port-2001-2","status":"publish","type":"product","link":"https:\/\/www.port-exclusive.com\/de\/product\/quinta-de-roriz-vintage-port-2001-2\/","title":{"rendered":"Quinta de Roriz Vintage Port 2001"},"content":{"rendered":"<p>Dieser Vintage Port ist reich strukturiert und fast opulent. Komplex und faszinierend in der Nase, wo rauchige Mineralaromen Erinnerungen an den sonnenverw\u00f6hnten Douro wecken, unterst\u00fctzt von Brombeeren und einem Hauch Ahornsirup. Dies ist ein herzhafter Vintage-Stil, der den harzigen gr\u00fcnen Duft von Esteva betont, w\u00e4hrend die Fr\u00fcchte schwarz und geschlossen bleiben. Die Zeit muss die Fr\u00fcchte aus ihrem Versteck bringen, aber sie werden wahrscheinlich glatt und elegant bleiben. Feste rote Farbe mit einer fast undurchsichtigen Mitte. In der Nase ged\u00e4mpft, mit etwas weichem schwarzem Lakritz. S\u00fc\u00df und lecker beim Eintritt, mit weichen, s\u00fc\u00dfen Brombeeren und reichen Brombeeren. Weiche Tannine behalten den sch\u00f6nen Blumenfokus bei. Hei\u00dfer Nachgeschmack mit trockener, pudriger Textur und langem Fruchtabgang.<\/p>\n<p>Lagerung: Flaschen sollten horizontal an einem k\u00fchlen, dunklen Ort liegen. Reift langsam, entwickelt und verfeinert sich jahrzehntelang in der Flasche.<\/p>\n<p>Servieren: Dekantieren und zwischen 16 und 18 \u00b0 C in einem geeigneten Glas servieren. Waln\u00fcsse sind eine hervorragende Erg\u00e4nzung zu Vintage Port, ebenso wie verschiedene K\u00e4sesorten wie Stilton und Dorset Blue Vinny. So sind getrocknete Fr\u00fcchte wie Aprikosen oder Feigen. Oder genie\u00dfen Sie einfach den unverf\u00e4lschten Geschmack in einem guten Glas in guter Gesellschaft.<\/p>\n","protected":false},"excerpt":{"rendered":"<p>Die Quinta de Roriz 2001 bietet eine gute Darstellung der Eigenschaften dieser Quinta. Dezent und doch gewichtig, mit einer Struktur, die f\u00fcr eine lange Reifung bereit ist. Dieser Vintage Port ist reich strukturiert und fast opulent. Komplex und faszinierend in der Nase, wo rauchige Mineralaromen Erinnerungen an den sonnenverw\u00f6hnten Douro wecken, unterst\u00fctzt von Brombeeren und einem Hauch Ahornsirup.<\/p>\n","protected":false},"featured_media":5339,"template":"","meta":{"site-sidebar-layout":"default","site-content-layout":"default","ast-site-content-layout":"default","site-content-style":"default","site-sidebar-style":"default","ast-global-header-display":"","ast-banner-title-visibility":"","ast-main-header-display":"","ast-hfb-above-header-display":"","ast-hfb-below-header-display":"","ast-hfb-mobile-header-display":"","site-post-title":"","ast-breadcrumbs-content":"","ast-featured-img":"","footer-sml-layout":"","ast-disable-related-posts":"","theme-transparent-header-meta":"default","adv-header-id-meta":"","stick-header-meta":"","header-above-stick-meta":"","header-main-stick-meta":"","header-below-stick-meta":"","astra-migrate-meta-layouts":"default","ast-page-background-enabled":"default","ast-page-background-meta":{"desktop":{"background-color":"","background-image":"","background-repeat":"repeat","background-position":"center center","background-size":"auto","background-attachment":"scroll","background-type":"","background-media":"","overlay-type":"","overlay-color":"","overlay-opacity":"","overlay-gradient":""},"tablet":{"background-color":"","background-image":"","background-repeat":"repeat","background-position":"center center","background-size":"auto","background-attachment":"scroll","background-type":"","background-media":"","overlay-type":"","overlay-color":"","overlay-opacity":"","overlay-gradient":""},"mobile":{"background-color":"","background-image":"","background-repeat":"repeat","background-position":"center center","background-size":"auto","background-attachment":"scroll","background-type":"","background-media":"","overlay-type":"","overlay-color":"","overlay-opacity":"","overlay-gradient":""}},"ast-content-background-meta":{"desktop":{"background-color":"var(--ast-global-color-5)","background-image":"","background-repeat":"repeat","background-position":"center center","background-size":"auto","background-attachment":"scroll","background-type":"","background-media":"","overlay-type":"","overlay-color":"","overlay-opacity":"","overlay-gradient":""},"tablet":{"background-color":"var(--ast-global-color-5)","background-image":"","background-repeat":"repeat","background-position":"center center","background-size":"auto","background-attachment":"scroll","background-type":"","background-media":"","overlay-type":"","overlay-color":"","overlay-opacity":"","overlay-gradient":""},"mobile":{"background-color":"var(--ast-global-color-5)","background-image":"","background-repeat":"repeat","background-position":"center center","background-size":"auto","background-attachment":"scroll","background-type":"","background-media":"","overlay-type":"","overlay-color":"","overlay-opacity":"","overlay-gradient":""}}},"product_brand":[],"product_cat":[158,156,190,157],"product_tag":[202,210,207],"class_list":{"0":"post-5920","1":"product","2":"type-product","3":"status-publish","4":"has-post-thumbnail","6":"product_cat-jahrgang","7":"product_cat-portwein","8":"product_cat-quinta-de-roriz-de","9":"product_cat-quintas-de","10":"product_tag-port-de","11":"product_tag-roriz","12":"product_tag-vintage-de","13":"desktop-align-left","14":"tablet-align-left","15":"mobile-align-left","16":"ast-product-gallery-layout-horizontal-slider","17":"ast-product-gallery-with-no-image","18":"ast-product-tabs-layout-horizontal","20":"first","21":"instock","22":"taxable","23":"shipping-taxable","24":"purchasable","25":"product-type-simple"},"_links":{"self":[{"href":"https:\/\/www.port-exclusive.com\/de\/wp-json\/wp\/v2\/product\/5920","targetHints":{"allow":["GET"]}}],"collection":[{"href":"https:\/\/www.port-exclusive.com\/de\/wp-json\/wp\/v2\/product"}],"about":[{"href":"https:\/\/www.port-exclusive.com\/de\/wp-json\/wp\/v2\/types\/product"}],"version-history":[{"count":1,"href":"https:\/\/www.port-exclusive.com\/de\/wp-json\/wp\/v2\/product\/5920\/revisions"}],"predecessor-version":[{"id":6092,"href":"https:\/\/www.port-exclusive.com\/de\/wp-json\/wp\/v2\/product\/5920\/revisions\/6092"}],"wp:featuredmedia":[{"embeddable":true,"href":"https:\/\/www.port-exclusive.com\/de\/wp-json\/wp\/v2\/media\/5339"}],"wp:attachment":[{"href":"https:\/\/www.port-exclusive.com\/de\/wp-json\/wp\/v2\/media?parent=5920"}],"wp:term":[{"taxonomy":"product_brand","embeddable":true,"href":"https:\/\/www.port-exclusive.com\/de\/wp-json\/wp\/v2\/product_brand?post=5920"},{"taxonomy":"product_cat","embeddable":true,"href":"https:\/\/www.port-exclusive.com\/de\/wp-json\/wp\/v2\/product_cat?post=5920"},{"taxonomy":"product_tag","embeddable":true,"href":"https:\/\/www.port-exclusive.com\/de\/wp-json\/wp\/v2\/product_tag?post=5920"}],"curies":[{"name":"wp","href":"https:\/\/api.w.org\/{rel}","templated":true}]}}