{"id":5917,"date":"2020-06-30T18:32:54","date_gmt":"2021-05-12T16:29:34","guid":{"rendered":"https:\/\/www.port-exclusive.com\/product\/quinta-de-roriz-vintage-port-2003\/"},"modified":"2022-02-20T13:34:16","modified_gmt":"2022-02-20T12:34:16","slug":"quinta-de-roriz-vintage-port-2003","status":"publish","type":"product","link":"https:\/\/www.port-exclusive.com\/de\/product\/quinta-de-roriz-vintage-port-2003\/","title":{"rendered":"Quinta de Roriz Vintage-Portwein 2003"},"content":{"rendered":"<p>Der dunkel gef\u00e4rbte 2003 Quinta de Roriz Vintage Port platzt mit vielen Blumen, rauchiger Eiche und schwarzen Kirschen aus dem Glas. S\u00fc\u00df, cremig und mit seidiger Textur, diese mittel- bis vollmundige Anstrengung ist sauber, voller Frucht und harmonisch. In seiner ausdrucksstarken Pers\u00f6nlichkeit und in seinem langen, w\u00fcrzigen und nahtlosen Abgang finden sich reichlich Brombeeren, Heidelbeeren und Schwarzkirschen wieder. Voraussichtliche Laufzeit: 2020-2030 +.<\/p>\n<p>Die Kombination aus kleinen Trauben und traditioneller Fu\u00dfpressung hat einen Wein mit einer intensiven violetten, fast schwarzen Farbe hervorgebracht. Eine sehr ausgepr\u00e4gte Nase von Zimt und Veilchen mit mineralischen Noten. Im Mund sticht die dunkle Schokolade hervor. Reife Tannine, leicht pfeffrig gekreuzt mit Mineralien. Es geht einfach weiter und weiter im Mund. Sehr beeindruckend und muskul\u00f6s.<\/p>\n<p>Sehr dunkles Rot\/Lila. Fast undurchsichtig, selbst wenn man sie gegen das Licht h\u00e4lt. Die Nase ist weich und fruchtig mit etwas Gew\u00fcrz und Schokolade im Hintergrund. Der Geschmack ist voll, sch\u00f6n s\u00fc\u00df mit einer glatten Textur auf der Vorderseite und festen Tanninen und einer sp\u00fcrbaren S\u00e4ure auf der R\u00fcckseite. Es zeigt eine hervorragende Balance mit nahtlos integriertem Alkohol und einem lang anhaltenden Abgang. Dieser Jahrgang besteht aus einer Kombination von Vinha Velha 35%, Touriga Nacional 28%, Tinta Roriz 22%, Tinta Barroca 9%, Sous\u00e3o 6%.<\/p>\n<p>Lagerung: Flaschen sollten waagerecht an einem k\u00fchlen, dunklen Ort stehen. Reift langsam, entwickelt und verfeinert sich in der Flasche \u00fcber Jahrzehnte.<\/p>\n<p>Servieren: Dekantieren und zwischen 16 und 18 \u00b0C in einem geeigneten Glas servieren. Waln\u00fcsse sind eine hervorragende Erg\u00e4nzung zu Vintage Port sowie zu verschiedenen K\u00e4sesorten wie Stilton und Dorset Blue Vinny. Auch Trockenfr\u00fcchte wie Aprikosen oder Feigen. Oder genie\u00dfen Sie einfach den unverf\u00e4lschten Geschmack in einem guten Glas in netter Gesellschaft.<\/p>\n","protected":false},"excerpt":{"rendered":"<p>Der dunkel gef\u00e4rbte 2003 Quinta de Roriz Vintage Port platzt mit vielen Blumen, rauchiger Eiche und schwarzen Kirschen aus dem Glas. S\u00fc\u00df, cremig und mit seidiger Textur, diese mittel- bis vollmundige Anstrengung ist sauber, voller Frucht und harmonisch. In seiner ausdrucksstarken Pers\u00f6nlichkeit und in seinem langen, w\u00fcrzigen und nahtlosen Abgang finden sich reichlich Brombeeren, Heidelbeeren und Schwarzkirschen wieder.<\/p>\n","protected":false},"featured_media":5340,"template":"","meta":{"site-sidebar-layout":"default","site-content-layout":"default","ast-site-content-layout":"default","site-content-style":"default","site-sidebar-style":"default","ast-global-header-display":"","ast-banner-title-visibility":"","ast-main-header-display":"","ast-hfb-above-header-display":"","ast-hfb-below-header-display":"","ast-hfb-mobile-header-display":"","site-post-title":"","ast-breadcrumbs-content":"","ast-featured-img":"","footer-sml-layout":"","ast-disable-related-posts":"","theme-transparent-header-meta":"default","adv-header-id-meta":"","stick-header-meta":"","header-above-stick-meta":"","header-main-stick-meta":"","header-below-stick-meta":"","astra-migrate-meta-layouts":"default","ast-page-background-enabled":"default","ast-page-background-meta":{"desktop":{"background-color":"","background-image":"","background-repeat":"repeat","background-position":"center center","background-size":"auto","background-attachment":"scroll","background-type":"","background-media":"","overlay-type":"","overlay-color":"","overlay-opacity":"","overlay-gradient":""},"tablet":{"background-color":"","background-image":"","background-repeat":"repeat","background-position":"center center","background-size":"auto","background-attachment":"scroll","background-type":"","background-media":"","overlay-type":"","overlay-color":"","overlay-opacity":"","overlay-gradient":""},"mobile":{"background-color":"","background-image":"","background-repeat":"repeat","background-position":"center center","background-size":"auto","background-attachment":"scroll","background-type":"","background-media":"","overlay-type":"","overlay-color":"","overlay-opacity":"","overlay-gradient":""}},"ast-content-background-meta":{"desktop":{"background-color":"var(--ast-global-color-5)","background-image":"","background-repeat":"repeat","background-position":"center center","background-size":"auto","background-attachment":"scroll","background-type":"","background-media":"","overlay-type":"","overlay-color":"","overlay-opacity":"","overlay-gradient":""},"tablet":{"background-color":"var(--ast-global-color-5)","background-image":"","background-repeat":"repeat","background-position":"center center","background-size":"auto","background-attachment":"scroll","background-type":"","background-media":"","overlay-type":"","overlay-color":"","overlay-opacity":"","overlay-gradient":""},"mobile":{"background-color":"var(--ast-global-color-5)","background-image":"","background-repeat":"repeat","background-position":"center center","background-size":"auto","background-attachment":"scroll","background-type":"","background-media":"","overlay-type":"","overlay-color":"","overlay-opacity":"","overlay-gradient":""}}},"product_brand":[],"product_cat":[158,156,190,157],"product_tag":[],"class_list":{"0":"post-5917","1":"product","2":"type-product","3":"status-publish","4":"has-post-thumbnail","6":"product_cat-jahrgang","7":"product_cat-portwein","8":"product_cat-quinta-de-roriz-de","9":"product_cat-quintas-de","10":"desktop-align-left","11":"tablet-align-left","12":"mobile-align-left","13":"ast-product-gallery-layout-horizontal-slider","14":"ast-product-gallery-with-no-image","15":"ast-product-tabs-layout-horizontal","17":"first","18":"instock","19":"taxable","20":"shipping-taxable","21":"purchasable","22":"product-type-simple"},"_links":{"self":[{"href":"https:\/\/www.port-exclusive.com\/de\/wp-json\/wp\/v2\/product\/5917","targetHints":{"allow":["GET"]}}],"collection":[{"href":"https:\/\/www.port-exclusive.com\/de\/wp-json\/wp\/v2\/product"}],"about":[{"href":"https:\/\/www.port-exclusive.com\/de\/wp-json\/wp\/v2\/types\/product"}],"version-history":[{"count":3,"href":"https:\/\/www.port-exclusive.com\/de\/wp-json\/wp\/v2\/product\/5917\/revisions"}],"predecessor-version":[{"id":6410,"href":"https:\/\/www.port-exclusive.com\/de\/wp-json\/wp\/v2\/product\/5917\/revisions\/6410"}],"wp:featuredmedia":[{"embeddable":true,"href":"https:\/\/www.port-exclusive.com\/de\/wp-json\/wp\/v2\/media\/5340"}],"wp:attachment":[{"href":"https:\/\/www.port-exclusive.com\/de\/wp-json\/wp\/v2\/media?parent=5917"}],"wp:term":[{"taxonomy":"product_brand","embeddable":true,"href":"https:\/\/www.port-exclusive.com\/de\/wp-json\/wp\/v2\/product_brand?post=5917"},{"taxonomy":"product_cat","embeddable":true,"href":"https:\/\/www.port-exclusive.com\/de\/wp-json\/wp\/v2\/product_cat?post=5917"},{"taxonomy":"product_tag","embeddable":true,"href":"https:\/\/www.port-exclusive.com\/de\/wp-json\/wp\/v2\/product_tag?post=5917"}],"curies":[{"name":"wp","href":"https:\/\/api.w.org\/{rel}","templated":true}]}}