{"id":5909,"date":"2020-06-30T18:32:56","date_gmt":"2021-05-12T16:23:59","guid":{"rendered":"https:\/\/www.port-exclusive.com\/product\/quinta-do-infantado-tawny-port\/"},"modified":"2021-05-16T12:11:46","modified_gmt":"2021-05-16T10:11:46","slug":"quinta-do-infantado-tawny-port","status":"publish","type":"product","link":"https:\/\/www.port-exclusive.com\/de\/product\/quinta-do-infantado-tawny-port\/","title":{"rendered":"Quinta do Infantado Tawny Port"},"content":{"rendered":"<p>Das Besondere an den Portweinen von Quinta do Infantado ist, dass sie \u00fcberwiegend weniger s\u00fc\u00df sind als der Portwein anderer Marken. Dies gibt ihnen mehr Kraft im Geschmack, der nicht durch den s\u00fc\u00dfen Inhalt durcheinander gebracht wird. Die Portweine von Quinta do Infantado haben daher die Geschmacksbeschreibung mitteltrocken.<\/p>\n<p>Ein hervorragendes Beispiel f\u00fcr Eleganz und Reichtum. Infantado Tawny Port ist eine Mischung aus 2-3 Weinen, die in F\u00e4ssern und kleinen &#8222;Tonies&#8220; (etwas kleiner als Barrique Bordelaise) gereift sind. Der Tawny Port ist leichter als der Ruby, dr\u00fcckt aber immer noch Obst mit Kaffee und Toffee aus. Es ist eine Mischung aus Tinta Roriz (Tempranillo), Touriga Nacional, Touriga Franca und Tinta Barroca.<\/p>\n<p>Dieser reichhaltige Tawny ist einer der besten Tawnys auf dem Markt. Nicht zu s\u00fc\u00df, reif und wundersch\u00f6n abgerundet mit einem sehr langen Abgang.<\/p>\n<p>Verkostungsnotiz:<br \/>\nEs gibt keinen besseren Tawny Port als diesen von Quinta do Infantado. Hervorragender K\u00f6rper und Reichtum mit Noten von ger\u00f6steten Haseln\u00fcssen und Rosinen, gefolgt von einem Hauch von S\u00fc\u00dfe. Einfach nur sch\u00f6n.<\/p>\n<p>Eine Nase voller N\u00fcsse und Karamell und im Mund eine erhabene Vanille, Kaffee und Rosinen mit einem k\u00f6stlichen Hauch von w\u00fcrzigem Abgang. Dieses Geschmacksprofil unterscheidet sich von einem Ruby-Stil aufgrund der Alterung in kleinen Eichen- oder Kastanien-Tonies.<\/p>\n","protected":false},"excerpt":{"rendered":"<p>Der Tawny Port ist leichter als der Ruby, dr\u00fcckt aber immer noch Obst mit Kaffee und Toffee aus. Es ist eine Mischung aus Tinta Roriz (Tempranillo), Touriga Nacional, Touriga Franca und Tinta Barroca.<br \/>\nDieser reichhaltige Tawny ist einer der besten Tawnys auf dem Markt. Nicht zu s\u00fc\u00df, reif und wundersch\u00f6n abgerundet mit einem sehr langen Abgang.<\/p>\n","protected":false},"featured_media":5902,"template":"","meta":{"site-sidebar-layout":"default","site-content-layout":"default","ast-site-content-layout":"default","site-content-style":"default","site-sidebar-style":"default","ast-global-header-display":"","ast-banner-title-visibility":"","ast-main-header-display":"","ast-hfb-above-header-display":"","ast-hfb-below-header-display":"","ast-hfb-mobile-header-display":"","site-post-title":"","ast-breadcrumbs-content":"","ast-featured-img":"","footer-sml-layout":"","ast-disable-related-posts":"","theme-transparent-header-meta":"default","adv-header-id-meta":"","stick-header-meta":"","header-above-stick-meta":"","header-main-stick-meta":"","header-below-stick-meta":"","astra-migrate-meta-layouts":"default","ast-page-background-enabled":"default","ast-page-background-meta":{"desktop":{"background-color":"","background-image":"","background-repeat":"repeat","background-position":"center center","background-size":"auto","background-attachment":"scroll","background-type":"","background-media":"","overlay-type":"","overlay-color":"","overlay-opacity":"","overlay-gradient":""},"tablet":{"background-color":"","background-image":"","background-repeat":"repeat","background-position":"center center","background-size":"auto","background-attachment":"scroll","background-type":"","background-media":"","overlay-type":"","overlay-color":"","overlay-opacity":"","overlay-gradient":""},"mobile":{"background-color":"","background-image":"","background-repeat":"repeat","background-position":"center center","background-size":"auto","background-attachment":"scroll","background-type":"","background-media":"","overlay-type":"","overlay-color":"","overlay-opacity":"","overlay-gradient":""}},"ast-content-background-meta":{"desktop":{"background-color":"var(--ast-global-color-5)","background-image":"","background-repeat":"repeat","background-position":"center center","background-size":"auto","background-attachment":"scroll","background-type":"","background-media":"","overlay-type":"","overlay-color":"","overlay-opacity":"","overlay-gradient":""},"tablet":{"background-color":"var(--ast-global-color-5)","background-image":"","background-repeat":"repeat","background-position":"center center","background-size":"auto","background-attachment":"scroll","background-type":"","background-media":"","overlay-type":"","overlay-color":"","overlay-opacity":"","overlay-gradient":""},"mobile":{"background-color":"var(--ast-global-color-5)","background-image":"","background-repeat":"repeat","background-position":"center center","background-size":"auto","background-attachment":"scroll","background-type":"","background-media":"","overlay-type":"","overlay-color":"","overlay-opacity":"","overlay-gradient":""}}},"product_brand":[],"product_cat":[156,172,157,182],"product_tag":[163,161,186,188],"class_list":{"0":"post-5909","1":"product","2":"type-product","3":"status-publish","4":"has-post-thumbnail","6":"product_cat-portwein","7":"product_cat-quinta-do-infantado-de","8":"product_cat-quintas-de","9":"product_cat-tawny-port-de","10":"product_tag-gelbbraun","11":"product_tag-hafen","12":"product_tag-infantado-de","13":"product_tag-quinta-de","14":"desktop-align-left","15":"tablet-align-left","16":"mobile-align-left","17":"ast-product-gallery-layout-horizontal-slider","18":"ast-product-tabs-layout-horizontal","20":"first","21":"instock","22":"taxable","23":"shipping-taxable","24":"purchasable","25":"product-type-simple"},"_links":{"self":[{"href":"https:\/\/www.port-exclusive.com\/de\/wp-json\/wp\/v2\/product\/5909","targetHints":{"allow":["GET"]}}],"collection":[{"href":"https:\/\/www.port-exclusive.com\/de\/wp-json\/wp\/v2\/product"}],"about":[{"href":"https:\/\/www.port-exclusive.com\/de\/wp-json\/wp\/v2\/types\/product"}],"version-history":[{"count":1,"href":"https:\/\/www.port-exclusive.com\/de\/wp-json\/wp\/v2\/product\/5909\/revisions"}],"predecessor-version":[{"id":5910,"href":"https:\/\/www.port-exclusive.com\/de\/wp-json\/wp\/v2\/product\/5909\/revisions\/5910"}],"wp:featuredmedia":[{"embeddable":true,"href":"https:\/\/www.port-exclusive.com\/de\/wp-json\/wp\/v2\/media\/5902"}],"wp:attachment":[{"href":"https:\/\/www.port-exclusive.com\/de\/wp-json\/wp\/v2\/media?parent=5909"}],"wp:term":[{"taxonomy":"product_brand","embeddable":true,"href":"https:\/\/www.port-exclusive.com\/de\/wp-json\/wp\/v2\/product_brand?post=5909"},{"taxonomy":"product_cat","embeddable":true,"href":"https:\/\/www.port-exclusive.com\/de\/wp-json\/wp\/v2\/product_cat?post=5909"},{"taxonomy":"product_tag","embeddable":true,"href":"https:\/\/www.port-exclusive.com\/de\/wp-json\/wp\/v2\/product_tag?post=5909"}],"curies":[{"name":"wp","href":"https:\/\/api.w.org\/{rel}","templated":true}]}}