{"id":5904,"date":"2020-06-30T18:32:56","date_gmt":"2020-06-30T16:32:56","guid":{"rendered":"https:\/\/www.port-exclusive.com\/product\/quinta-do-infantado-weisser-port\/"},"modified":"2022-02-20T13:28:38","modified_gmt":"2022-02-20T12:28:38","slug":"quinta-do-infantado-white-port","status":"publish","type":"product","link":"https:\/\/www.port-exclusive.com\/de\/product\/quinta-do-infantado-white-port\/","title":{"rendered":"Quinta do Infantado Wei\u00dfer Portwein"},"content":{"rendered":"<p>Goldgelbe Farbe. Mit einer Nase von Holz, Kr\u00e4utern und Fr\u00fcchten. Der Geschmack ist erfrischend, s\u00fc\u00df, Honig mit vollem K\u00f6rper. Der Port ist raffinierter und eleganter als die meisten wei\u00dfen Portweine. K\u00f6stlich als Aperitif oder im Mix mit zB Tonic (Portonic), aber auch eine gute Basis f\u00fcr diverse Cocktails.<\/p>\n<p>Silbermedaille &#8211; Vinalies Internationales 2007<\/p>\n","protected":false},"excerpt":{"rendered":"<p>Quinta do Infantado White Port ist ein junger Portwein, der drei Jahre reift, bevor er in Flaschen abgef\u00fcllt wird. Ein Charakter von weicher S\u00fc\u00dfe und Zitrusfr\u00fcchten. Hochwertiger wei\u00dfer Portwein ist eine Seltenheit, aber Infantado ist einer der besten. Dieser trockene, wei\u00dfe Port wird aus Gouveio, Rabigato und Voisinho hergestellt. Leicht gek\u00fchlt k\u00f6stlich als Aperitif.<\/p>\n","protected":false},"featured_media":5392,"template":"","meta":{"site-sidebar-layout":"default","site-content-layout":"default","ast-site-content-layout":"default","site-content-style":"default","site-sidebar-style":"default","ast-global-header-display":"","ast-banner-title-visibility":"","ast-main-header-display":"","ast-hfb-above-header-display":"","ast-hfb-below-header-display":"","ast-hfb-mobile-header-display":"","site-post-title":"","ast-breadcrumbs-content":"","ast-featured-img":"","footer-sml-layout":"","ast-disable-related-posts":"","theme-transparent-header-meta":"default","adv-header-id-meta":"","stick-header-meta":"","header-above-stick-meta":"","header-main-stick-meta":"","header-below-stick-meta":"","astra-migrate-meta-layouts":"default","ast-page-background-enabled":"default","ast-page-background-meta":{"desktop":{"background-color":"","background-image":"","background-repeat":"repeat","background-position":"center center","background-size":"auto","background-attachment":"scroll","background-type":"","background-media":"","overlay-type":"","overlay-color":"","overlay-opacity":"","overlay-gradient":""},"tablet":{"background-color":"","background-image":"","background-repeat":"repeat","background-position":"center center","background-size":"auto","background-attachment":"scroll","background-type":"","background-media":"","overlay-type":"","overlay-color":"","overlay-opacity":"","overlay-gradient":""},"mobile":{"background-color":"","background-image":"","background-repeat":"repeat","background-position":"center center","background-size":"auto","background-attachment":"scroll","background-type":"","background-media":"","overlay-type":"","overlay-color":"","overlay-opacity":"","overlay-gradient":""}},"ast-content-background-meta":{"desktop":{"background-color":"var(--ast-global-color-5)","background-image":"","background-repeat":"repeat","background-position":"center center","background-size":"auto","background-attachment":"scroll","background-type":"","background-media":"","overlay-type":"","overlay-color":"","overlay-opacity":"","overlay-gradient":""},"tablet":{"background-color":"var(--ast-global-color-5)","background-image":"","background-repeat":"repeat","background-position":"center center","background-size":"auto","background-attachment":"scroll","background-type":"","background-media":"","overlay-type":"","overlay-color":"","overlay-opacity":"","overlay-gradient":""},"mobile":{"background-color":"var(--ast-global-color-5)","background-image":"","background-repeat":"repeat","background-position":"center center","background-size":"auto","background-attachment":"scroll","background-type":"","background-media":"","overlay-type":"","overlay-color":"","overlay-opacity":"","overlay-gradient":""}}},"product_brand":[],"product_cat":[156,172,157,183],"product_tag":[],"class_list":{"0":"post-5904","1":"product","2":"type-product","3":"status-publish","4":"has-post-thumbnail","6":"product_cat-portwein","7":"product_cat-quinta-do-infantado-de","8":"product_cat-quintas-de","9":"product_cat-weiser-port","10":"desktop-align-left","11":"tablet-align-left","12":"mobile-align-left","13":"ast-product-gallery-layout-horizontal-slider","14":"ast-product-tabs-layout-horizontal","16":"first","17":"onbackorder","18":"taxable","19":"shipping-taxable","20":"purchasable","21":"product-type-simple"},"_links":{"self":[{"href":"https:\/\/www.port-exclusive.com\/de\/wp-json\/wp\/v2\/product\/5904","targetHints":{"allow":["GET"]}}],"collection":[{"href":"https:\/\/www.port-exclusive.com\/de\/wp-json\/wp\/v2\/product"}],"about":[{"href":"https:\/\/www.port-exclusive.com\/de\/wp-json\/wp\/v2\/types\/product"}],"version-history":[{"count":4,"href":"https:\/\/www.port-exclusive.com\/de\/wp-json\/wp\/v2\/product\/5904\/revisions"}],"predecessor-version":[{"id":6407,"href":"https:\/\/www.port-exclusive.com\/de\/wp-json\/wp\/v2\/product\/5904\/revisions\/6407"}],"wp:featuredmedia":[{"embeddable":true,"href":"https:\/\/www.port-exclusive.com\/de\/wp-json\/wp\/v2\/media\/5392"}],"wp:attachment":[{"href":"https:\/\/www.port-exclusive.com\/de\/wp-json\/wp\/v2\/media?parent=5904"}],"wp:term":[{"taxonomy":"product_brand","embeddable":true,"href":"https:\/\/www.port-exclusive.com\/de\/wp-json\/wp\/v2\/product_brand?post=5904"},{"taxonomy":"product_cat","embeddable":true,"href":"https:\/\/www.port-exclusive.com\/de\/wp-json\/wp\/v2\/product_cat?post=5904"},{"taxonomy":"product_tag","embeddable":true,"href":"https:\/\/www.port-exclusive.com\/de\/wp-json\/wp\/v2\/product_tag?post=5904"}],"curies":[{"name":"wp","href":"https:\/\/api.w.org\/{rel}","templated":true}]}}