{"id":5898,"date":"2020-06-30T18:32:57","date_gmt":"2021-05-12T16:17:24","guid":{"rendered":"https:\/\/www.port-exclusive.com\/product\/quinta-do-infantado-reserva-spezieller-rubyport-0375-ltr\/"},"modified":"2021-05-16T12:07:06","modified_gmt":"2021-05-16T10:07:06","slug":"qdi-reserva-especial-ruby-port-0375-ltr","status":"publish","type":"product","link":"https:\/\/www.port-exclusive.com\/de\/product\/qdi-reserva-especial-ruby-port-0375-ltr\/","title":{"rendered":"Quinta do Infantado Reserva Especial Ruby 0,375 ltr"},"content":{"rendered":"<p>Das Besondere an den Portweinen von Quinta do Infantado ist, dass sie \u00fcberwiegend weniger s\u00fc\u00df sind als der Portwein anderer Marken. Dies gibt ihnen mehr Kraft im Geschmack, der nicht durch den s\u00fc\u00dfen Inhalt durcheinander gebracht wird. Die Portweine von Quinta do Infantado haben daher die Geschmacksbeschreibung mitteltrocken.<\/p>\n<p>Dieser Ruby Port ist eine Mischung (Zusammensetzung) aus verschiedenen Portweinen und Erntejahren. Der Port wird in Beton und Edelstahl gealtert, um die oxidativen Eigenschaften der Holzalterung zu begrenzen. Der halbtrockene Stil verleiht diesem Ruby den Fokus und reduziert die s\u00fc\u00dfliche S\u00fc\u00dfe.<\/p>\n<p>Am Gaumen: Dieser Port ist reichhaltig, aber nicht s\u00fc\u00dflich. Ein lebhaftes Aroma von Pflaumen und Brombeeren, gespickt mit Spuren von Kakaopulver und schwarzem Pfeffer.<\/p>\n<p>Verkostungsnotiz:<br \/>\nDunkelviolett mit einem leuchtend rubinroten Rand. Die Nase zeigt viel dunkle Frucht: schwarze Himbeere und Traubenmarmelade. Zuerst saftig, k\u00f6stliche Frucht mit einer gut definierten mittleren und mittleren L\u00e4nge im warmen, ausgewogenen Abgang. F\u00fcr einen Wein dieser Klasse gibt es einen erheblichen Grip und Tannin sowie eine bemerkenswerte Frische und Komplexit\u00e4t. Ich muss sagen, ich bin wirklich beeindruckt, das war weit mehr als ich von einem einfachen Ruby erwarten w\u00fcrde und einem, den ich einfach weiter trinken m\u00f6chte.<\/p>\n<p>Traum von einem Ruby, der Gaumen ist voll von reichen Trauben, einigen Kirschen, Himbeeren, roten Beeren und im Hintergrund sp\u00fcre ich einen Hauch von Rauch, Erde und m\u00f6glicherweise sogar gealtertem Leder. Es ist ein sehr sch\u00f6ner Ruby, der mit vielen LBVs mithalten kann.<\/p>\n","protected":false},"excerpt":{"rendered":"<p>Ein wundersch\u00f6ner Ruby Port. Dunkelviolett mit einem leuchtend rubinroten Rand. Die Nase zeigt viel dunkle Frucht: schwarze Himbeere und Traubenmarmelade. Zuerst saftig, k\u00f6stliche Frucht mit einer gut definierten mittleren und mittleren L\u00e4nge im warmen, ausgewogenen Abgang. F\u00fcr einen Wein dieser Klasse gibt es einen erheblichen Grip und Tannin sowie eine bemerkenswerte Frische und Komplexit\u00e4t.<\/p>\n","protected":false},"featured_media":5901,"template":"","meta":{"site-sidebar-layout":"default","site-content-layout":"default","ast-site-content-layout":"default","site-content-style":"default","site-sidebar-style":"default","ast-global-header-display":"","ast-banner-title-visibility":"","ast-main-header-display":"","ast-hfb-above-header-display":"","ast-hfb-below-header-display":"","ast-hfb-mobile-header-display":"","site-post-title":"","ast-breadcrumbs-content":"","ast-featured-img":"","footer-sml-layout":"","ast-disable-related-posts":"","theme-transparent-header-meta":"default","adv-header-id-meta":"","stick-header-meta":"","header-above-stick-meta":"","header-main-stick-meta":"","header-below-stick-meta":"","astra-migrate-meta-layouts":"default","ast-page-background-enabled":"default","ast-page-background-meta":{"desktop":{"background-color":"","background-image":"","background-repeat":"repeat","background-position":"center center","background-size":"auto","background-attachment":"scroll","background-type":"","background-media":"","overlay-type":"","overlay-color":"","overlay-opacity":"","overlay-gradient":""},"tablet":{"background-color":"","background-image":"","background-repeat":"repeat","background-position":"center center","background-size":"auto","background-attachment":"scroll","background-type":"","background-media":"","overlay-type":"","overlay-color":"","overlay-opacity":"","overlay-gradient":""},"mobile":{"background-color":"","background-image":"","background-repeat":"repeat","background-position":"center center","background-size":"auto","background-attachment":"scroll","background-type":"","background-media":"","overlay-type":"","overlay-color":"","overlay-opacity":"","overlay-gradient":""}},"ast-content-background-meta":{"desktop":{"background-color":"var(--ast-global-color-5)","background-image":"","background-repeat":"repeat","background-position":"center center","background-size":"auto","background-attachment":"scroll","background-type":"","background-media":"","overlay-type":"","overlay-color":"","overlay-opacity":"","overlay-gradient":""},"tablet":{"background-color":"var(--ast-global-color-5)","background-image":"","background-repeat":"repeat","background-position":"center center","background-size":"auto","background-attachment":"scroll","background-type":"","background-media":"","overlay-type":"","overlay-color":"","overlay-opacity":"","overlay-gradient":""},"mobile":{"background-color":"var(--ast-global-color-5)","background-image":"","background-repeat":"repeat","background-position":"center center","background-size":"auto","background-attachment":"scroll","background-type":"","background-media":"","overlay-type":"","overlay-color":"","overlay-opacity":"","overlay-gradient":""}}},"product_brand":[],"product_cat":[156,172,157,181],"product_tag":[161,186,188,189,168],"class_list":{"0":"post-5898","1":"product","2":"type-product","3":"status-publish","4":"has-post-thumbnail","6":"product_cat-portwein","7":"product_cat-quinta-do-infantado-de","8":"product_cat-quintas-de","9":"product_cat-ruby-portwein","10":"product_tag-hafen","11":"product_tag-infantado-de","12":"product_tag-quinta-de","13":"product_tag-reserva-de","14":"product_tag-rubin","15":"desktop-align-left","16":"tablet-align-left","17":"mobile-align-left","18":"ast-product-gallery-layout-horizontal-slider","19":"ast-product-tabs-layout-horizontal","21":"first","22":"outofstock","23":"taxable","24":"shipping-taxable","25":"purchasable","26":"product-type-simple"},"_links":{"self":[{"href":"https:\/\/www.port-exclusive.com\/de\/wp-json\/wp\/v2\/product\/5898","targetHints":{"allow":["GET"]}}],"collection":[{"href":"https:\/\/www.port-exclusive.com\/de\/wp-json\/wp\/v2\/product"}],"about":[{"href":"https:\/\/www.port-exclusive.com\/de\/wp-json\/wp\/v2\/types\/product"}],"version-history":[{"count":3,"href":"https:\/\/www.port-exclusive.com\/de\/wp-json\/wp\/v2\/product\/5898\/revisions"}],"predecessor-version":[{"id":6128,"href":"https:\/\/www.port-exclusive.com\/de\/wp-json\/wp\/v2\/product\/5898\/revisions\/6128"}],"wp:featuredmedia":[{"embeddable":true,"href":"https:\/\/www.port-exclusive.com\/de\/wp-json\/wp\/v2\/media\/5901"}],"wp:attachment":[{"href":"https:\/\/www.port-exclusive.com\/de\/wp-json\/wp\/v2\/media?parent=5898"}],"wp:term":[{"taxonomy":"product_brand","embeddable":true,"href":"https:\/\/www.port-exclusive.com\/de\/wp-json\/wp\/v2\/product_brand?post=5898"},{"taxonomy":"product_cat","embeddable":true,"href":"https:\/\/www.port-exclusive.com\/de\/wp-json\/wp\/v2\/product_cat?post=5898"},{"taxonomy":"product_tag","embeddable":true,"href":"https:\/\/www.port-exclusive.com\/de\/wp-json\/wp\/v2\/product_tag?post=5898"}],"curies":[{"name":"wp","href":"https:\/\/api.w.org\/{rel}","templated":true}]}}