{"id":5876,"date":"2020-06-30T18:32:58","date_gmt":"2021-05-12T16:09:48","guid":{"rendered":"https:\/\/www.port-exclusive.com\/product\/quinta-do-infantado-10-jahre-alter-tawny-port\/"},"modified":"2022-12-06T14:50:19","modified_gmt":"2022-12-06T13:50:19","slug":"qdi-10-jahre-alt-tawny-hafen","status":"publish","type":"product","link":"https:\/\/www.port-exclusive.com\/de\/product\/qdi-10-jahre-alt-tawny-hafen\/","title":{"rendered":"Quinta do Infantado 10 Jahre alter Tawny Port"},"content":{"rendered":"<p>Das Besondere an den Portweinen von Quinta do Infantado ist, dass sie \u00fcberwiegend weniger s\u00fc\u00df sind als der Portwein anderer Marken. Dies gibt ihnen mehr Kraft im Geschmack, der nicht durch den s\u00fc\u00dfen Inhalt getr\u00fcbt wird. Die Portweine von Quinta do Infantado haben daher die Geschmacksbeschreibung mitteltrocken.<\/p>\n<p>Der 10-j\u00e4hrige Tawny von Infantado ist ein au\u00dfergew\u00f6hnlicher Portwein mit einer tiefen Bernsteinfarbe und einer unglaublichen L\u00e4nge und Abgrenzung des Geschmacks. Der Abgang ist Ausdruck von Kaffee und Karamell mit einer runden, seidigen Textur.<\/p>\n<p>Lagerung: Aufrecht an einem k\u00fchlen, dunklen Ort. Der Portwein wird sich in der Flasche nicht wesentlich weiterentwickeln. Kann mehrere Jahre ohne Frischeverlust gelagert werden.<\/p>\n<p>Tawny Port ist ein k\u00f6stlicher, delikater Port, leicht gek\u00fchlt, zwischen 12 und 13 \u00b0 C, auch bei warmem Wetter lecker. Tawny Port passt gut zu starken, reichen Aromen. K\u00f6stlich f\u00fcr sich oder zu allen Arten von Desserts, zubereitet mit Eiern oder N\u00fcssen (Mandeln, Haseln\u00fcssen, Waln\u00fcssen &#8230;) oder einer K\u00e4seplatte.<\/p>\n<p>Der 10-j\u00e4hrige Tawny von Infantado ist ein au\u00dfergew\u00f6hnlicher Portwein mit einer tiefen Bernsteinfarbe, gut definierten Aromen und einer unglaublichen L\u00e4nge. Nach den fettigen Noten von geschmolzenem Toffee und angebratener Zitrone endet es mit Aromen von frisch ger\u00f6stetem Kaffee, der \u00fcber Karamellen gegossen wird. Hergestellt im Haus des klassischen &#8222;Meio-Seco&#8220; -Stils, nicht zu s\u00fc\u00df; Sein reiches Profil wird durch eine runde, seidige Textur verst\u00e4rkt.<\/p>\n<p>Nach dem Abendessen (oder am Nachmittag) mit feinem Geb\u00e4ck oder leicht gereiftem Weichk\u00e4se servieren.<br \/>\nDieser Port hat die Aufmerksamkeit der Kritiker verdient und geh\u00f6rt zu den Besten seiner Klasse.<\/p>\n","protected":false},"excerpt":{"rendered":"<p>Der 10 Jahre alte Tawny Port von Infantado ist ein au\u00dfergew\u00f6hnlicher Portwein mit einer tiefen Bernsteinfarbe und einer unglaublichen L\u00e4nge und Abgrenzung des Geschmacks. Der Abgang ist Ausdruck von Kaffee und Karamell mit einer runden, seidigen Textur.<\/p>\n","protected":false},"featured_media":5395,"template":"","meta":{"site-sidebar-layout":"default","site-content-layout":"default","ast-site-content-layout":"default","site-content-style":"default","site-sidebar-style":"default","ast-global-header-display":"","ast-banner-title-visibility":"","ast-main-header-display":"","ast-hfb-above-header-display":"","ast-hfb-below-header-display":"","ast-hfb-mobile-header-display":"","site-post-title":"","ast-breadcrumbs-content":"","ast-featured-img":"","footer-sml-layout":"","ast-disable-related-posts":"","theme-transparent-header-meta":"default","adv-header-id-meta":"","stick-header-meta":"","header-above-stick-meta":"","header-main-stick-meta":"","header-below-stick-meta":"","astra-migrate-meta-layouts":"default","ast-page-background-enabled":"default","ast-page-background-meta":{"desktop":{"background-color":"","background-image":"","background-repeat":"repeat","background-position":"center center","background-size":"auto","background-attachment":"scroll","background-type":"","background-media":"","overlay-type":"","overlay-color":"","overlay-opacity":"","overlay-gradient":""},"tablet":{"background-color":"","background-image":"","background-repeat":"repeat","background-position":"center center","background-size":"auto","background-attachment":"scroll","background-type":"","background-media":"","overlay-type":"","overlay-color":"","overlay-opacity":"","overlay-gradient":""},"mobile":{"background-color":"","background-image":"","background-repeat":"repeat","background-position":"center center","background-size":"auto","background-attachment":"scroll","background-type":"","background-media":"","overlay-type":"","overlay-color":"","overlay-opacity":"","overlay-gradient":""}},"ast-content-background-meta":{"desktop":{"background-color":"var(--ast-global-color-5)","background-image":"","background-repeat":"repeat","background-position":"center center","background-size":"auto","background-attachment":"scroll","background-type":"","background-media":"","overlay-type":"","overlay-color":"","overlay-opacity":"","overlay-gradient":""},"tablet":{"background-color":"var(--ast-global-color-5)","background-image":"","background-repeat":"repeat","background-position":"center center","background-size":"auto","background-attachment":"scroll","background-type":"","background-media":"","overlay-type":"","overlay-color":"","overlay-opacity":"","overlay-gradient":""},"mobile":{"background-color":"var(--ast-global-color-5)","background-image":"","background-repeat":"repeat","background-position":"center center","background-size":"auto","background-attachment":"scroll","background-type":"","background-media":"","overlay-type":"","overlay-color":"","overlay-opacity":"","overlay-gradient":""}}},"product_brand":[],"product_cat":[180,156,172,157],"product_tag":[],"class_list":{"0":"post-5876","1":"product","2":"type-product","3":"status-publish","4":"has-post-thumbnail","6":"product_cat-alter-tawny","7":"product_cat-portwein","8":"product_cat-quinta-do-infantado-de","9":"product_cat-quintas-de","10":"desktop-align-left","11":"tablet-align-left","12":"mobile-align-left","13":"ast-product-gallery-layout-horizontal-slider","14":"ast-product-tabs-layout-horizontal","16":"first","17":"onbackorder","18":"taxable","19":"shipping-taxable","20":"purchasable","21":"product-type-simple"},"_links":{"self":[{"href":"https:\/\/www.port-exclusive.com\/de\/wp-json\/wp\/v2\/product\/5876","targetHints":{"allow":["GET"]}}],"collection":[{"href":"https:\/\/www.port-exclusive.com\/de\/wp-json\/wp\/v2\/product"}],"about":[{"href":"https:\/\/www.port-exclusive.com\/de\/wp-json\/wp\/v2\/types\/product"}],"version-history":[{"count":4,"href":"https:\/\/www.port-exclusive.com\/de\/wp-json\/wp\/v2\/product\/5876\/revisions"}],"predecessor-version":[{"id":6550,"href":"https:\/\/www.port-exclusive.com\/de\/wp-json\/wp\/v2\/product\/5876\/revisions\/6550"}],"wp:featuredmedia":[{"embeddable":true,"href":"https:\/\/www.port-exclusive.com\/de\/wp-json\/wp\/v2\/media\/5395"}],"wp:attachment":[{"href":"https:\/\/www.port-exclusive.com\/de\/wp-json\/wp\/v2\/media?parent=5876"}],"wp:term":[{"taxonomy":"product_brand","embeddable":true,"href":"https:\/\/www.port-exclusive.com\/de\/wp-json\/wp\/v2\/product_brand?post=5876"},{"taxonomy":"product_cat","embeddable":true,"href":"https:\/\/www.port-exclusive.com\/de\/wp-json\/wp\/v2\/product_cat?post=5876"},{"taxonomy":"product_tag","embeddable":true,"href":"https:\/\/www.port-exclusive.com\/de\/wp-json\/wp\/v2\/product_tag?post=5876"}],"curies":[{"name":"wp","href":"https:\/\/api.w.org\/{rel}","templated":true}]}}