{"id":5874,"date":"2020-06-30T18:32:58","date_gmt":"2021-05-12T16:09:17","guid":{"rendered":"https:\/\/www.port-exclusive.com\/product\/quinta-do-infantado-lbv-2009\/"},"modified":"2021-05-16T11:47:07","modified_gmt":"2021-05-16T09:47:07","slug":"quinta-do-infantado-lbv-2015","status":"publish","type":"product","link":"https:\/\/www.port-exclusive.com\/de\/product\/quinta-do-infantado-lbv-2015\/","title":{"rendered":"Quinta do Infantado LBV 2015"},"content":{"rendered":"<p>Das Besondere an den Portweinen von Quinta do Infantado ist, dass sie \u00fcberwiegend weniger s\u00fc\u00df sind als der Portwein anderer Marken. Dies gibt ihnen mehr Kraft im Geschmack, der nicht durch den s\u00fc\u00dfen Inhalt getr\u00fcbt wird. Die Portweine von Quinta do Infantado haben daher die Geschmacksbeschreibung mitteltrocken.<\/p>\n<p>Late Bottled Vintage (LBV) Portweine reifen vier bis sechs Jahre, oft in gro\u00dfen Holzf\u00e4ssern. Im Allgemeinen ist der LBV dann bereit zu genie\u00dfen. Der Infantado LBV verdient ein paar zus\u00e4tzliche Jahre Flaschenalterung, um sein volles Potenzial auszusch\u00f6pfen. Der Infantado LBV 2009 zeigt derzeit viele Brombeer-, Lakritz- und Rosinennoten.<\/p>\n<p>Verkostungsnotiz:<br \/>\nAubergine lila mit einem rubinroten Rand. In der Nase befinden sich dunkle Beeren, Brombeeren, Blaubeeren und schwarze Himbeeren mit einem blumigen Rand irgendwo zwischen Veilchen und Rosenbl\u00e4ttern. Der Hafen hat eine sch\u00f6ne Frische. Die gleichen frischen Beeren finden sich auch im Mund, reif, aber nicht marmeladenartig, mit einer leichten S\u00e4ure, die den trockenen Stil sch\u00f6n betont. Die Tannine sind mild, aber vorhanden und der Abgang ist mittellang. Einzigartig w\u00fcrzig und trocken wie bei den anderen Infantado Portweinen. Seidige Textur. Sehr lecker.<\/p>\n","protected":false},"excerpt":{"rendered":"<p>Dieser Late Bottled Vintage (LBV) ist Auberginenpurpur mit einem rubinroten Rand. In der Nase befinden sich dunkle Beeren, Brombeeren, Blaubeeren und schwarze Himbeeren mit einem blumigen Rand irgendwo zwischen Veilchen und Rosenbl\u00e4ttern. Der Hafen hat eine sch\u00f6ne Frische. Am Gaumen finden Sie auch die gleichen frischen Beeren mit einer leichten S\u00e4ure, die den trockenen Stil gut betont. Die Tannine sind mild, aber vorhanden und der Abgang ist mittellang.<\/p>\n","protected":false},"featured_media":5370,"template":"","meta":{"site-sidebar-layout":"default","site-content-layout":"default","ast-site-content-layout":"default","site-content-style":"default","site-sidebar-style":"default","ast-global-header-display":"","ast-banner-title-visibility":"","ast-main-header-display":"","ast-hfb-above-header-display":"","ast-hfb-below-header-display":"","ast-hfb-mobile-header-display":"","site-post-title":"","ast-breadcrumbs-content":"","ast-featured-img":"","footer-sml-layout":"","ast-disable-related-posts":"","theme-transparent-header-meta":"default","adv-header-id-meta":"","stick-header-meta":"","header-above-stick-meta":"","header-main-stick-meta":"","header-below-stick-meta":"","astra-migrate-meta-layouts":"default","ast-page-background-enabled":"default","ast-page-background-meta":{"desktop":{"background-color":"","background-image":"","background-repeat":"repeat","background-position":"center center","background-size":"auto","background-attachment":"scroll","background-type":"","background-media":"","overlay-type":"","overlay-color":"","overlay-opacity":"","overlay-gradient":""},"tablet":{"background-color":"","background-image":"","background-repeat":"repeat","background-position":"center center","background-size":"auto","background-attachment":"scroll","background-type":"","background-media":"","overlay-type":"","overlay-color":"","overlay-opacity":"","overlay-gradient":""},"mobile":{"background-color":"","background-image":"","background-repeat":"repeat","background-position":"center center","background-size":"auto","background-attachment":"scroll","background-type":"","background-media":"","overlay-type":"","overlay-color":"","overlay-opacity":"","overlay-gradient":""}},"ast-content-background-meta":{"desktop":{"background-color":"var(--ast-global-color-5)","background-image":"","background-repeat":"repeat","background-position":"center center","background-size":"auto","background-attachment":"scroll","background-type":"","background-media":"","overlay-type":"","overlay-color":"","overlay-opacity":"","overlay-gradient":""},"tablet":{"background-color":"var(--ast-global-color-5)","background-image":"","background-repeat":"repeat","background-position":"center center","background-size":"auto","background-attachment":"scroll","background-type":"","background-media":"","overlay-type":"","overlay-color":"","overlay-opacity":"","overlay-gradient":""},"mobile":{"background-color":"var(--ast-global-color-5)","background-image":"","background-repeat":"repeat","background-position":"center center","background-size":"auto","background-attachment":"scroll","background-type":"","background-media":"","overlay-type":"","overlay-color":"","overlay-opacity":"","overlay-gradient":""}}},"product_brand":[],"product_cat":[174,156,172,157],"product_tag":[202],"class_list":{"0":"post-5874","1":"product","2":"type-product","3":"status-publish","4":"has-post-thumbnail","6":"product_cat-late-bottled-vintage-de","7":"product_cat-portwein","8":"product_cat-quinta-do-infantado-de","9":"product_cat-quintas-de","10":"product_tag-port-de","11":"desktop-align-left","12":"tablet-align-left","13":"mobile-align-left","14":"ast-product-gallery-layout-horizontal-slider","15":"ast-product-tabs-layout-horizontal","17":"first","18":"onbackorder","19":"taxable","20":"shipping-taxable","21":"purchasable","22":"product-type-simple"},"_links":{"self":[{"href":"https:\/\/www.port-exclusive.com\/de\/wp-json\/wp\/v2\/product\/5874","targetHints":{"allow":["GET"]}}],"collection":[{"href":"https:\/\/www.port-exclusive.com\/de\/wp-json\/wp\/v2\/product"}],"about":[{"href":"https:\/\/www.port-exclusive.com\/de\/wp-json\/wp\/v2\/types\/product"}],"version-history":[{"count":3,"href":"https:\/\/www.port-exclusive.com\/de\/wp-json\/wp\/v2\/product\/5874\/revisions"}],"predecessor-version":[{"id":6061,"href":"https:\/\/www.port-exclusive.com\/de\/wp-json\/wp\/v2\/product\/5874\/revisions\/6061"}],"wp:featuredmedia":[{"embeddable":true,"href":"https:\/\/www.port-exclusive.com\/de\/wp-json\/wp\/v2\/media\/5370"}],"wp:attachment":[{"href":"https:\/\/www.port-exclusive.com\/de\/wp-json\/wp\/v2\/media?parent=5874"}],"wp:term":[{"taxonomy":"product_brand","embeddable":true,"href":"https:\/\/www.port-exclusive.com\/de\/wp-json\/wp\/v2\/product_brand?post=5874"},{"taxonomy":"product_cat","embeddable":true,"href":"https:\/\/www.port-exclusive.com\/de\/wp-json\/wp\/v2\/product_cat?post=5874"},{"taxonomy":"product_tag","embeddable":true,"href":"https:\/\/www.port-exclusive.com\/de\/wp-json\/wp\/v2\/product_tag?post=5874"}],"curies":[{"name":"wp","href":"https:\/\/api.w.org\/{rel}","templated":true}]}}