{"id":5866,"date":"2020-06-30T18:33:00","date_gmt":"2021-05-12T16:08:07","guid":{"rendered":"https:\/\/www.port-exclusive.com\/product\/quinta-do-infantado-vintage-port-1995\/"},"modified":"2021-05-16T11:34:10","modified_gmt":"2021-05-16T09:34:10","slug":"quinta-do-infantado-vintage-port-1995-2","status":"publish","type":"product","link":"https:\/\/www.port-exclusive.com\/de\/product\/quinta-do-infantado-vintage-port-1995-2\/","title":{"rendered":"Quinta do Infantado Vintage Port 1995"},"content":{"rendered":"<p>Das Besondere an den Portweinen von Quinta do Infantado ist, dass sie \u00fcberwiegend weniger s\u00fc\u00df sind als der Portwein anderer Marken. Dies gibt ihnen mehr Kraft im Geschmack, der nicht durch den s\u00fc\u00dfen Inhalt durcheinander gebracht wird. Die Portweine von Quinta do Infantado haben daher die Geschmacksbeschreibung mitteltrocken.<\/p>\n<p>Sehr enge dunkle, fast schwarze Farbe mit violettem Rand. Das Bouquet ist sehr komplex und fast kolonial mit Kaffee und Gew\u00fcrzen.<\/p>\n<p>Der Vintage Port 1995 ist genauso gut wie der Super 1994, wenn es um Vintage Port geht.<\/p>\n<p>Geschmacksnoten:<br \/>\nSehr dunkelrote Farbe mit leichter Transparenz an den R\u00e4ndern. Aromen von Pflaumen, Blaubeeren, Kirschen und getrockneten Feigen. Noch ein Baby und wird wahrscheinlich noch 10 Jahre reifen m\u00fcssen. Pflaumen und ged\u00fcnstete Pflaumen in der Nase. Der Geschmack ist s\u00fc\u00df mit Noten von Pflaumen, Feigen, Kirschen, Hustensaft und Lakritz. Der Abgang ist mittelgro\u00df. Die rauen Kanten wurden gegl\u00e4ttet.<\/p>\n","protected":false},"excerpt":{"rendered":"<p>Ein Vintage Port mit einer sehr dunkelroten Farbe mit leichter Transparenz an den R\u00e4ndern. Aromen von Pflaumen, Blaubeeren, Kirschen und getrockneten Feigen. Ist jetzt ausreichend gereift. Pflaumen und ged\u00fcnstete Pflaumen in der Nase. Der Geschmack ist s\u00fc\u00df mit Noten von Pflaumen, Feigen, Kirschen, Hustensaft und Lakritz. Der Abgang ist mittelgro\u00df. Die rauen Kanten wurden gegl\u00e4ttet.<\/p>\n","protected":false},"featured_media":5327,"template":"","meta":{"site-sidebar-layout":"default","site-content-layout":"default","ast-site-content-layout":"default","site-content-style":"default","site-sidebar-style":"default","ast-global-header-display":"","ast-banner-title-visibility":"","ast-main-header-display":"","ast-hfb-above-header-display":"","ast-hfb-below-header-display":"","ast-hfb-mobile-header-display":"","site-post-title":"","ast-breadcrumbs-content":"","ast-featured-img":"","footer-sml-layout":"","ast-disable-related-posts":"","theme-transparent-header-meta":"default","adv-header-id-meta":"","stick-header-meta":"","header-above-stick-meta":"","header-main-stick-meta":"","header-below-stick-meta":"","astra-migrate-meta-layouts":"default","ast-page-background-enabled":"default","ast-page-background-meta":{"desktop":{"background-color":"","background-image":"","background-repeat":"repeat","background-position":"center center","background-size":"auto","background-attachment":"scroll","background-type":"","background-media":"","overlay-type":"","overlay-color":"","overlay-opacity":"","overlay-gradient":""},"tablet":{"background-color":"","background-image":"","background-repeat":"repeat","background-position":"center center","background-size":"auto","background-attachment":"scroll","background-type":"","background-media":"","overlay-type":"","overlay-color":"","overlay-opacity":"","overlay-gradient":""},"mobile":{"background-color":"","background-image":"","background-repeat":"repeat","background-position":"center center","background-size":"auto","background-attachment":"scroll","background-type":"","background-media":"","overlay-type":"","overlay-color":"","overlay-opacity":"","overlay-gradient":""}},"ast-content-background-meta":{"desktop":{"background-color":"var(--ast-global-color-5)","background-image":"","background-repeat":"repeat","background-position":"center center","background-size":"auto","background-attachment":"scroll","background-type":"","background-media":"","overlay-type":"","overlay-color":"","overlay-opacity":"","overlay-gradient":""},"tablet":{"background-color":"var(--ast-global-color-5)","background-image":"","background-repeat":"repeat","background-position":"center center","background-size":"auto","background-attachment":"scroll","background-type":"","background-media":"","overlay-type":"","overlay-color":"","overlay-opacity":"","overlay-gradient":""},"mobile":{"background-color":"var(--ast-global-color-5)","background-image":"","background-repeat":"repeat","background-position":"center center","background-size":"auto","background-attachment":"scroll","background-type":"","background-media":"","overlay-type":"","overlay-color":"","overlay-opacity":"","overlay-gradient":""}}},"product_brand":[],"product_cat":[158,156,172,157],"product_tag":[202,207],"class_list":{"0":"post-5866","1":"product","2":"type-product","3":"status-publish","4":"has-post-thumbnail","6":"product_cat-jahrgang","7":"product_cat-portwein","8":"product_cat-quinta-do-infantado-de","9":"product_cat-quintas-de","10":"product_tag-port-de","11":"product_tag-vintage-de","12":"desktop-align-left","13":"tablet-align-left","14":"mobile-align-left","15":"ast-product-gallery-layout-horizontal-slider","16":"ast-product-tabs-layout-horizontal","18":"first","19":"instock","20":"taxable","21":"shipping-taxable","22":"purchasable","23":"product-type-simple"},"_links":{"self":[{"href":"https:\/\/www.port-exclusive.com\/de\/wp-json\/wp\/v2\/product\/5866","targetHints":{"allow":["GET"]}}],"collection":[{"href":"https:\/\/www.port-exclusive.com\/de\/wp-json\/wp\/v2\/product"}],"about":[{"href":"https:\/\/www.port-exclusive.com\/de\/wp-json\/wp\/v2\/types\/product"}],"version-history":[{"count":2,"href":"https:\/\/www.port-exclusive.com\/de\/wp-json\/wp\/v2\/product\/5866\/revisions"}],"predecessor-version":[{"id":6118,"href":"https:\/\/www.port-exclusive.com\/de\/wp-json\/wp\/v2\/product\/5866\/revisions\/6118"}],"wp:featuredmedia":[{"embeddable":true,"href":"https:\/\/www.port-exclusive.com\/de\/wp-json\/wp\/v2\/media\/5327"}],"wp:attachment":[{"href":"https:\/\/www.port-exclusive.com\/de\/wp-json\/wp\/v2\/media?parent=5866"}],"wp:term":[{"taxonomy":"product_brand","embeddable":true,"href":"https:\/\/www.port-exclusive.com\/de\/wp-json\/wp\/v2\/product_brand?post=5866"},{"taxonomy":"product_cat","embeddable":true,"href":"https:\/\/www.port-exclusive.com\/de\/wp-json\/wp\/v2\/product_cat?post=5866"},{"taxonomy":"product_tag","embeddable":true,"href":"https:\/\/www.port-exclusive.com\/de\/wp-json\/wp\/v2\/product_tag?post=5866"}],"curies":[{"name":"wp","href":"https:\/\/api.w.org\/{rel}","templated":true}]}}