{"id":5845,"date":"2020-06-30T18:33:04","date_gmt":"2021-05-12T16:04:22","guid":{"rendered":"https:\/\/www.port-exclusive.com\/product\/quinta-do-infantado-bio-tawny-reserva-port\/"},"modified":"2023-02-08T11:49:14","modified_gmt":"2023-02-08T10:49:14","slug":"quinta-do-infantado-biologisch-tawny-reserva-hafen","status":"publish","type":"product","link":"https:\/\/www.port-exclusive.com\/de\/product\/quinta-do-infantado-biologisch-tawny-reserva-hafen\/","title":{"rendered":"Quinta do Infantado Bio-Tawny Reserva Port"},"content":{"rendered":"<p>Das Besondere an den Portweinen von Quinta do Infantado ist, dass sie \u00fcberwiegend weniger s\u00fc\u00df sind als der Portwein anderer Marken. Dies gibt ihnen mehr Kraft im Geschmack, der nicht durch den s\u00fc\u00dfen Inhalt getr\u00fcbt wird. Die Portweine von Quinta do Infantado haben daher die Geschmacksbeschreibung mitteltrocken.<\/p>\n<p>Dieser 100% biologische Tawny Reserva Port ist ein ausgezeichneter 6 Jahre alter Portwein und wird ausschlie\u00dflich aus Trauben aus Gontelho, dem Herzen des DOC Porto, hergestellt. Dieser als Reserva deklarierte Portwein zeigt in der Nase duftende Noten von getrockneten Fr\u00fcchten in Kombination mit einem Hauch von Karamell.<\/p>\n<p>Serviertemperatur: 15 \u00b0C. Dazu passt Nusseis, Aprikosenkuchen oder eine K\u00e4seplatte.<\/p>\n<p>Verkostungsnotiz:<br \/>\nIm Aroma \u00fcberwiegen N\u00fcsse, insbesondere Waln\u00fcsse, mit einer leichten S\u00e4ure, die eine sehr angenehme Erg\u00e4nzung darstellt. Am Gaumen zeigt dieser Tawny Karamell, Sultaninen und Gew\u00fcrze. Ziemlich komplex, aber konsequent. Sehr feiner und langer Abgang.<\/p>\n","protected":false},"excerpt":{"rendered":"<p>Dieser biologische Tawny Reserva Port ist ein ausgezeichneter 6 Jahre alter Portwein und wird ausschlie\u00dflich aus Trauben aus Gontelho, dem Herzen des DOC Porto, hergestellt. Dieser als Reserva deklarierte Bio-Tawny-Portwein duftet in der Nase nach getrockneten Fr\u00fcchten mit einem Hauch von Karamell.<\/p>\n","protected":false},"featured_media":5382,"template":"","meta":{"site-sidebar-layout":"default","site-content-layout":"default","ast-site-content-layout":"default","site-content-style":"default","site-sidebar-style":"default","ast-global-header-display":"","ast-banner-title-visibility":"","ast-main-header-display":"","ast-hfb-above-header-display":"","ast-hfb-below-header-display":"","ast-hfb-mobile-header-display":"","site-post-title":"","ast-breadcrumbs-content":"","ast-featured-img":"","footer-sml-layout":"","ast-disable-related-posts":"","theme-transparent-header-meta":"default","adv-header-id-meta":"","stick-header-meta":"","header-above-stick-meta":"","header-main-stick-meta":"","header-below-stick-meta":"","astra-migrate-meta-layouts":"default","ast-page-background-enabled":"default","ast-page-background-meta":{"desktop":{"background-color":"","background-image":"","background-repeat":"repeat","background-position":"center center","background-size":"auto","background-attachment":"scroll","background-type":"","background-media":"","overlay-type":"","overlay-color":"","overlay-opacity":"","overlay-gradient":""},"tablet":{"background-color":"","background-image":"","background-repeat":"repeat","background-position":"center center","background-size":"auto","background-attachment":"scroll","background-type":"","background-media":"","overlay-type":"","overlay-color":"","overlay-opacity":"","overlay-gradient":""},"mobile":{"background-color":"","background-image":"","background-repeat":"repeat","background-position":"center center","background-size":"auto","background-attachment":"scroll","background-type":"","background-media":"","overlay-type":"","overlay-color":"","overlay-opacity":"","overlay-gradient":""}},"ast-content-background-meta":{"desktop":{"background-color":"var(--ast-global-color-5)","background-image":"","background-repeat":"repeat","background-position":"center center","background-size":"auto","background-attachment":"scroll","background-type":"","background-media":"","overlay-type":"","overlay-color":"","overlay-opacity":"","overlay-gradient":""},"tablet":{"background-color":"var(--ast-global-color-5)","background-image":"","background-repeat":"repeat","background-position":"center center","background-size":"auto","background-attachment":"scroll","background-type":"","background-media":"","overlay-type":"","overlay-color":"","overlay-opacity":"","overlay-gradient":""},"mobile":{"background-color":"var(--ast-global-color-5)","background-image":"","background-repeat":"repeat","background-position":"center center","background-size":"auto","background-attachment":"scroll","background-type":"","background-media":"","overlay-type":"","overlay-color":"","overlay-opacity":"","overlay-gradient":""}}},"product_brand":[],"product_cat":[156,172,157,182],"product_tag":[],"class_list":{"0":"post-5845","1":"product","2":"type-product","3":"status-publish","4":"has-post-thumbnail","6":"product_cat-portwein","7":"product_cat-quinta-do-infantado-de","8":"product_cat-quintas-de","9":"product_cat-tawny-port-de","10":"desktop-align-left","11":"tablet-align-left","12":"mobile-align-left","13":"ast-product-gallery-layout-horizontal-slider","14":"ast-product-tabs-layout-horizontal","16":"first","17":"instock","18":"taxable","19":"shipping-taxable","20":"purchasable","21":"product-type-simple"},"_links":{"self":[{"href":"https:\/\/www.port-exclusive.com\/de\/wp-json\/wp\/v2\/product\/5845","targetHints":{"allow":["GET"]}}],"collection":[{"href":"https:\/\/www.port-exclusive.com\/de\/wp-json\/wp\/v2\/product"}],"about":[{"href":"https:\/\/www.port-exclusive.com\/de\/wp-json\/wp\/v2\/types\/product"}],"version-history":[{"count":4,"href":"https:\/\/www.port-exclusive.com\/de\/wp-json\/wp\/v2\/product\/5845\/revisions"}],"predecessor-version":[{"id":6567,"href":"https:\/\/www.port-exclusive.com\/de\/wp-json\/wp\/v2\/product\/5845\/revisions\/6567"}],"wp:featuredmedia":[{"embeddable":true,"href":"https:\/\/www.port-exclusive.com\/de\/wp-json\/wp\/v2\/media\/5382"}],"wp:attachment":[{"href":"https:\/\/www.port-exclusive.com\/de\/wp-json\/wp\/v2\/media?parent=5845"}],"wp:term":[{"taxonomy":"product_brand","embeddable":true,"href":"https:\/\/www.port-exclusive.com\/de\/wp-json\/wp\/v2\/product_brand?post=5845"},{"taxonomy":"product_cat","embeddable":true,"href":"https:\/\/www.port-exclusive.com\/de\/wp-json\/wp\/v2\/product_cat?post=5845"},{"taxonomy":"product_tag","embeddable":true,"href":"https:\/\/www.port-exclusive.com\/de\/wp-json\/wp\/v2\/product_tag?post=5845"}],"curies":[{"name":"wp","href":"https:\/\/api.w.org\/{rel}","templated":true}]}}