{"id":5844,"date":"2020-06-30T18:33:04","date_gmt":"2021-05-12T16:02:52","guid":{"rendered":"https:\/\/www.port-exclusive.com\/product\/quinta-do-infantado-bio-ruby-reserva-port\/"},"modified":"2024-12-01T10:30:23","modified_gmt":"2024-12-01T09:30:23","slug":"quinta-do-infantado-biologische-ruby-reserva-hafen","status":"publish","type":"product","link":"https:\/\/www.port-exclusive.com\/de\/product\/quinta-do-infantado-biologische-ruby-reserva-hafen\/","title":{"rendered":"Quinta do Infantado Bio-Rubin-Reserva-Portwein"},"content":{"rendered":"<p>Das Besondere an den Portweinen von Quinta do Infantado ist, dass sie \u00fcberwiegend weniger s\u00fc\u00df sind als der Portwein anderer Marken. Dies gibt ihnen mehr Kraft im Geschmack, der nicht durch den s\u00fc\u00dfen Inhalt getr\u00fcbt wird. Die Portweine von Quinta do Infantado haben daher die Geschmacksbeschreibung mitteltrocken.<\/p>\n<p>Ein sch\u00f6nes Beispiel ist der Reserva Ruby Port, der sehr kraftvoll ist und viel Frucht enth\u00e4lt, aber nicht zu s\u00fc\u00df. Tiefdunkle Farbe mit Tiefe im Geschmack.<br \/>\nDieser Ruby ist dunkel, reichhaltig und pflaumenartig mit einer ausgezeichneten Balance von Frucht, S\u00e4ure und Tanninen, ohne \u00fcberw\u00e4ltigend s\u00fc\u00dfe oder marmeladige Aromen. Eine Mischung aus 2-3 Jahrg\u00e4ngen. Der Ruby ist eine Mischung aus Tinta Roriz (Tempranillo), Touriga Nacional, Touriga Franca und Tinta Barroca.<\/p>\n","protected":false},"excerpt":{"rendered":"<p>Ein Bio-Ruby-Reserva-Portwein, der sehr kraftvoll ist und viel Frucht enth\u00e4lt, aber nicht zu s\u00fc\u00df. Tiefdunkle Farbe mit Tiefe im Geschmack. Dieser Rubin ist dunkel, reich und pflaumenartig mit einer ausgezeichneten Balance von Frucht, S\u00e4ure und Tanninen ohne einen \u00fcberw\u00e4ltigenden s\u00fc\u00dfen oder marmeladigen Geschmack.<\/p>\n","protected":false},"featured_media":5380,"template":"","meta":{"site-sidebar-layout":"default","site-content-layout":"default","ast-site-content-layout":"default","site-content-style":"default","site-sidebar-style":"default","ast-global-header-display":"","ast-banner-title-visibility":"","ast-main-header-display":"","ast-hfb-above-header-display":"","ast-hfb-below-header-display":"","ast-hfb-mobile-header-display":"","site-post-title":"","ast-breadcrumbs-content":"","ast-featured-img":"","footer-sml-layout":"","ast-disable-related-posts":"","theme-transparent-header-meta":"default","adv-header-id-meta":"","stick-header-meta":"","header-above-stick-meta":"","header-main-stick-meta":"","header-below-stick-meta":"","astra-migrate-meta-layouts":"default","ast-page-background-enabled":"default","ast-page-background-meta":{"desktop":{"background-color":"","background-image":"","background-repeat":"repeat","background-position":"center center","background-size":"auto","background-attachment":"scroll","background-type":"","background-media":"","overlay-type":"","overlay-color":"","overlay-opacity":"","overlay-gradient":""},"tablet":{"background-color":"","background-image":"","background-repeat":"repeat","background-position":"center center","background-size":"auto","background-attachment":"scroll","background-type":"","background-media":"","overlay-type":"","overlay-color":"","overlay-opacity":"","overlay-gradient":""},"mobile":{"background-color":"","background-image":"","background-repeat":"repeat","background-position":"center center","background-size":"auto","background-attachment":"scroll","background-type":"","background-media":"","overlay-type":"","overlay-color":"","overlay-opacity":"","overlay-gradient":""}},"ast-content-background-meta":{"desktop":{"background-color":"var(--ast-global-color-5)","background-image":"","background-repeat":"repeat","background-position":"center center","background-size":"auto","background-attachment":"scroll","background-type":"","background-media":"","overlay-type":"","overlay-color":"","overlay-opacity":"","overlay-gradient":""},"tablet":{"background-color":"var(--ast-global-color-5)","background-image":"","background-repeat":"repeat","background-position":"center center","background-size":"auto","background-attachment":"scroll","background-type":"","background-media":"","overlay-type":"","overlay-color":"","overlay-opacity":"","overlay-gradient":""},"mobile":{"background-color":"var(--ast-global-color-5)","background-image":"","background-repeat":"repeat","background-position":"center center","background-size":"auto","background-attachment":"scroll","background-type":"","background-media":"","overlay-type":"","overlay-color":"","overlay-opacity":"","overlay-gradient":""}}},"product_brand":[],"product_cat":[156,172,157,181],"product_tag":[],"class_list":{"0":"post-5844","1":"product","2":"type-product","3":"status-publish","4":"has-post-thumbnail","6":"product_cat-portwein","7":"product_cat-quinta-do-infantado-de","8":"product_cat-quintas-de","9":"product_cat-ruby-portwein","10":"desktop-align-left","11":"tablet-align-left","12":"mobile-align-left","13":"ast-product-gallery-layout-horizontal-slider","14":"ast-product-tabs-layout-horizontal","16":"first","17":"onbackorder","18":"taxable","19":"shipping-taxable","20":"purchasable","21":"product-type-simple"},"_links":{"self":[{"href":"https:\/\/www.port-exclusive.com\/de\/wp-json\/wp\/v2\/product\/5844","targetHints":{"allow":["GET"]}}],"collection":[{"href":"https:\/\/www.port-exclusive.com\/de\/wp-json\/wp\/v2\/product"}],"about":[{"href":"https:\/\/www.port-exclusive.com\/de\/wp-json\/wp\/v2\/types\/product"}],"version-history":[{"count":5,"href":"https:\/\/www.port-exclusive.com\/de\/wp-json\/wp\/v2\/product\/5844\/revisions"}],"predecessor-version":[{"id":6778,"href":"https:\/\/www.port-exclusive.com\/de\/wp-json\/wp\/v2\/product\/5844\/revisions\/6778"}],"wp:featuredmedia":[{"embeddable":true,"href":"https:\/\/www.port-exclusive.com\/de\/wp-json\/wp\/v2\/media\/5380"}],"wp:attachment":[{"href":"https:\/\/www.port-exclusive.com\/de\/wp-json\/wp\/v2\/media?parent=5844"}],"wp:term":[{"taxonomy":"product_brand","embeddable":true,"href":"https:\/\/www.port-exclusive.com\/de\/wp-json\/wp\/v2\/product_brand?post=5844"},{"taxonomy":"product_cat","embeddable":true,"href":"https:\/\/www.port-exclusive.com\/de\/wp-json\/wp\/v2\/product_cat?post=5844"},{"taxonomy":"product_tag","embeddable":true,"href":"https:\/\/www.port-exclusive.com\/de\/wp-json\/wp\/v2\/product_tag?post=5844"}],"curies":[{"name":"wp","href":"https:\/\/api.w.org\/{rel}","templated":true}]}}