{"id":5842,"date":"2020-06-30T18:33:04","date_gmt":"2020-06-30T16:33:04","guid":{"rendered":"https:\/\/www.port-exclusive.com\/product\/dalva-ruby-port\/"},"modified":"2024-07-15T15:40:19","modified_gmt":"2024-07-15T13:40:19","slug":"dalva-rubin-port","status":"publish","type":"product","link":"https:\/\/www.port-exclusive.com\/de\/product\/dalva-rubin-port\/","title":{"rendered":"DALVA Rubin-Port"},"content":{"rendered":"<p>Dieser Ruby Port ist eine Mischung aus den Trauben Touriga Nacional, Touriga Franca, Tinta Barroca, Tinto C\u00e3o und Tinta Roriz und wird nach der G\u00e4rung in riesigen Eichenf\u00e4ssern gelagert, um den Oxidationsprozess zu vermeiden und die rote dunkelviolette Farbe zu erhalten.<br \/>\nDer Ruby wird nach durchschnittlich zwei Jahren abgef\u00fcllt und hat Aromen von frischen und getrockneten roten Fr\u00fcchten und einen angenehmen Geschmack von roten Fr\u00fcchten wie Himbeeren.<\/p>\n<p>Zum Geschmack: Eine satte rubinrote Farbe mit einem Aroma, das an eine zarte rote Johannisbeere erinnert: Himbeeren und Walderdbeeren. Harmonisch und ausgewogen im Mund, mit einem s\u00fc\u00dfen und attraktiven fruchtigen Nachgeschmack.<\/p>\n<p>Lagerung: An einem k\u00fchlen, dunklen Ort aufrecht lagern. Es entwickelt sich nicht wesentlich in der Flasche. Kann \u00fcber einen Zeitraum von drei oder vier Jahren gelagert werden, ohne seine Frische zu verlieren.<\/p>\n<p>Servieren: Leicht gek\u00fchlt servieren, zwischen 12 und 13 C. K\u00f6stlich pur oder mit einem s\u00fc\u00dfen Dessert wie Schokoladenkuchen oder Waldbeerkuchen.<\/p>\n","protected":false},"excerpt":{"rendered":"<p>Ein Ruby Port mit einer satten rubinroten Farbe und einem Aroma, das an eine zarte rote Johannisbeere erinnert: Himbeeren und Walderdbeeren. Harmonisch und ausgewogen im Mund, mit einem s\u00fc\u00dfen und attraktiven fruchtigen Nachgeschmack.<\/p>\n","protected":false},"featured_media":5374,"template":"","meta":{"site-sidebar-layout":"default","site-content-layout":"default","ast-site-content-layout":"default","site-content-style":"default","site-sidebar-style":"default","ast-global-header-display":"","ast-banner-title-visibility":"","ast-main-header-display":"","ast-hfb-above-header-display":"","ast-hfb-below-header-display":"","ast-hfb-mobile-header-display":"","site-post-title":"","ast-breadcrumbs-content":"","ast-featured-img":"","footer-sml-layout":"","ast-disable-related-posts":"","theme-transparent-header-meta":"default","adv-header-id-meta":"","stick-header-meta":"","header-above-stick-meta":"","header-main-stick-meta":"","header-below-stick-meta":"","astra-migrate-meta-layouts":"default","ast-page-background-enabled":"default","ast-page-background-meta":{"desktop":{"background-color":"","background-image":"","background-repeat":"repeat","background-position":"center center","background-size":"auto","background-attachment":"scroll","background-type":"","background-media":"","overlay-type":"","overlay-color":"","overlay-opacity":"","overlay-gradient":""},"tablet":{"background-color":"","background-image":"","background-repeat":"repeat","background-position":"center center","background-size":"auto","background-attachment":"scroll","background-type":"","background-media":"","overlay-type":"","overlay-color":"","overlay-opacity":"","overlay-gradient":""},"mobile":{"background-color":"","background-image":"","background-repeat":"repeat","background-position":"center center","background-size":"auto","background-attachment":"scroll","background-type":"","background-media":"","overlay-type":"","overlay-color":"","overlay-opacity":"","overlay-gradient":""}},"ast-content-background-meta":{"desktop":{"background-color":"var(--ast-global-color-5)","background-image":"","background-repeat":"repeat","background-position":"center center","background-size":"auto","background-attachment":"scroll","background-type":"","background-media":"","overlay-type":"","overlay-color":"","overlay-opacity":"","overlay-gradient":""},"tablet":{"background-color":"var(--ast-global-color-5)","background-image":"","background-repeat":"repeat","background-position":"center center","background-size":"auto","background-attachment":"scroll","background-type":"","background-media":"","overlay-type":"","overlay-color":"","overlay-opacity":"","overlay-gradient":""},"mobile":{"background-color":"var(--ast-global-color-5)","background-image":"","background-repeat":"repeat","background-position":"center center","background-size":"auto","background-attachment":"scroll","background-type":"","background-media":"","overlay-type":"","overlay-color":"","overlay-opacity":"","overlay-gradient":""}}},"product_brand":[],"product_cat":[173,156,157,181],"product_tag":[],"class_list":{"0":"post-5842","1":"product","2":"type-product","3":"status-publish","4":"has-post-thumbnail","6":"product_cat-dalva-de","7":"product_cat-portwein","8":"product_cat-quintas-de","9":"product_cat-ruby-portwein","10":"desktop-align-left","11":"tablet-align-left","12":"mobile-align-left","13":"ast-product-gallery-layout-horizontal-slider","14":"ast-product-tabs-layout-horizontal","16":"first","17":"instock","18":"taxable","19":"shipping-taxable","20":"purchasable","21":"product-type-simple"},"_links":{"self":[{"href":"https:\/\/www.port-exclusive.com\/de\/wp-json\/wp\/v2\/product\/5842","targetHints":{"allow":["GET"]}}],"collection":[{"href":"https:\/\/www.port-exclusive.com\/de\/wp-json\/wp\/v2\/product"}],"about":[{"href":"https:\/\/www.port-exclusive.com\/de\/wp-json\/wp\/v2\/types\/product"}],"version-history":[{"count":4,"href":"https:\/\/www.port-exclusive.com\/de\/wp-json\/wp\/v2\/product\/5842\/revisions"}],"predecessor-version":[{"id":6406,"href":"https:\/\/www.port-exclusive.com\/de\/wp-json\/wp\/v2\/product\/5842\/revisions\/6406"}],"wp:featuredmedia":[{"embeddable":true,"href":"https:\/\/www.port-exclusive.com\/de\/wp-json\/wp\/v2\/media\/5374"}],"wp:attachment":[{"href":"https:\/\/www.port-exclusive.com\/de\/wp-json\/wp\/v2\/media?parent=5842"}],"wp:term":[{"taxonomy":"product_brand","embeddable":true,"href":"https:\/\/www.port-exclusive.com\/de\/wp-json\/wp\/v2\/product_brand?post=5842"},{"taxonomy":"product_cat","embeddable":true,"href":"https:\/\/www.port-exclusive.com\/de\/wp-json\/wp\/v2\/product_cat?post=5842"},{"taxonomy":"product_tag","embeddable":true,"href":"https:\/\/www.port-exclusive.com\/de\/wp-json\/wp\/v2\/product_tag?post=5842"}],"curies":[{"name":"wp","href":"https:\/\/api.w.org\/{rel}","templated":true}]}}