{"id":5840,"date":"2020-06-30T18:33:05","date_gmt":"2020-06-30T16:33:05","guid":{"rendered":"https:\/\/www.port-exclusive.com\/product\/dalva-rose-port\/"},"modified":"2022-05-18T14:58:18","modified_gmt":"2022-05-18T12:58:18","slug":"dalva-rose-port","status":"publish","type":"product","link":"https:\/\/www.port-exclusive.com\/de\/product\/dalva-rose-port\/","title":{"rendered":"DALVA Ros\u00e9-Portwein"},"content":{"rendered":"<p>Zum Geschmack: \u00dcberschw\u00e4ngliches Aroma: Himbeeren und Erdbeeren, mit einem Hauch von Blumen. Sehr ausgewogen in seiner Fruchts\u00fc\u00dfe, erinnert an Kirsche, Honig, Grapefruit; glatt und attraktiv. Im Mund ist ein weicher und attraktiver Portwein mit einem langen und frischen Abgang.<\/p>\n<p>Lagerung: An einem k\u00fchlen, dunklen Ort aufrecht lagern. Es entwickelt sich nicht wesentlich in der Flasche.<\/p>\n<p>Servieren: K\u00fchl zwischen 6 und 7 \u00b0C in einem geeigneten Glas servieren. Ideal pur oder mit einer Orangenscheibe und Minzbl\u00e4ttern zu trinken. Ausgezeichnet als Cocktail.<\/p>\n<p>Preise:<br \/>\n84 Punkte im Wine Enthusiast Magazine: Frische Himbeeraromen zusammen mit kandierter S\u00fc\u00dfe verleihen diesem fruchtigen Port einen weichen und sanften Charakter. Es ist sicherlich s\u00fc\u00df, sogar zuckerhaltig, w\u00e4hrend es eine gute Balance beibeh\u00e4lt. Rosa und Ros\u00e9.<br \/>\nEmpfehlenswert International Wine Challenge 2013<br \/>\nBronzemedaille Decanter World Wine Awards 2011<br \/>\nBronzemedaille International Wine &amp; Spirit Competition 2011<br \/>\nEmpfehlenswert International Wine Challenge 2011<br \/>\nSilbermedaille Mondial du Rose 2011.<\/p>\n","protected":false},"excerpt":{"rendered":"<p>Neuester Typ Ros\u00e9 Port, der 2008 auf den Markt kam und auf die gleiche Weise und mit den gleichen Trauben wie ein Ruby hergestellt wurde, aber mit begrenztem Kontakt mit den Traubenschalen, gerade genug, um ihn rosa zu machen.<br \/>\nSehr fruchtig. Kalt oder mit einer Orangenscheibe servieren. Dieser Portwein spielt die Hauptrolle im modernen Konzept von Cocktails mit Portwein.<\/p>\n","protected":false},"featured_media":5376,"template":"","meta":{"site-sidebar-layout":"default","site-content-layout":"default","ast-site-content-layout":"default","site-content-style":"default","site-sidebar-style":"default","ast-global-header-display":"","ast-banner-title-visibility":"","ast-main-header-display":"","ast-hfb-above-header-display":"","ast-hfb-below-header-display":"","ast-hfb-mobile-header-display":"","site-post-title":"","ast-breadcrumbs-content":"","ast-featured-img":"","footer-sml-layout":"","ast-disable-related-posts":"","theme-transparent-header-meta":"default","adv-header-id-meta":"","stick-header-meta":"","header-above-stick-meta":"","header-main-stick-meta":"","header-below-stick-meta":"","astra-migrate-meta-layouts":"default","ast-page-background-enabled":"default","ast-page-background-meta":{"desktop":{"background-color":"","background-image":"","background-repeat":"repeat","background-position":"center center","background-size":"auto","background-attachment":"scroll","background-type":"","background-media":"","overlay-type":"","overlay-color":"","overlay-opacity":"","overlay-gradient":""},"tablet":{"background-color":"","background-image":"","background-repeat":"repeat","background-position":"center center","background-size":"auto","background-attachment":"scroll","background-type":"","background-media":"","overlay-type":"","overlay-color":"","overlay-opacity":"","overlay-gradient":""},"mobile":{"background-color":"","background-image":"","background-repeat":"repeat","background-position":"center center","background-size":"auto","background-attachment":"scroll","background-type":"","background-media":"","overlay-type":"","overlay-color":"","overlay-opacity":"","overlay-gradient":""}},"ast-content-background-meta":{"desktop":{"background-color":"var(--ast-global-color-5)","background-image":"","background-repeat":"repeat","background-position":"center center","background-size":"auto","background-attachment":"scroll","background-type":"","background-media":"","overlay-type":"","overlay-color":"","overlay-opacity":"","overlay-gradient":""},"tablet":{"background-color":"var(--ast-global-color-5)","background-image":"","background-repeat":"repeat","background-position":"center center","background-size":"auto","background-attachment":"scroll","background-type":"","background-media":"","overlay-type":"","overlay-color":"","overlay-opacity":"","overlay-gradient":""},"mobile":{"background-color":"var(--ast-global-color-5)","background-image":"","background-repeat":"repeat","background-position":"center center","background-size":"auto","background-attachment":"scroll","background-type":"","background-media":"","overlay-type":"","overlay-color":"","overlay-opacity":"","overlay-gradient":""}}},"product_brand":[],"product_cat":[173,156,157,183],"product_tag":[],"class_list":{"0":"post-5840","1":"product","2":"type-product","3":"status-publish","4":"has-post-thumbnail","6":"product_cat-dalva-de","7":"product_cat-portwein","8":"product_cat-quintas-de","9":"product_cat-weiser-port","10":"desktop-align-left","11":"tablet-align-left","12":"mobile-align-left","13":"ast-product-gallery-layout-horizontal-slider","14":"ast-product-tabs-layout-horizontal","16":"first","17":"onbackorder","18":"taxable","19":"shipping-taxable","20":"purchasable","21":"product-type-simple"},"_links":{"self":[{"href":"https:\/\/www.port-exclusive.com\/de\/wp-json\/wp\/v2\/product\/5840","targetHints":{"allow":["GET"]}}],"collection":[{"href":"https:\/\/www.port-exclusive.com\/de\/wp-json\/wp\/v2\/product"}],"about":[{"href":"https:\/\/www.port-exclusive.com\/de\/wp-json\/wp\/v2\/types\/product"}],"version-history":[{"count":2,"href":"https:\/\/www.port-exclusive.com\/de\/wp-json\/wp\/v2\/product\/5840\/revisions"}],"predecessor-version":[{"id":6438,"href":"https:\/\/www.port-exclusive.com\/de\/wp-json\/wp\/v2\/product\/5840\/revisions\/6438"}],"wp:featuredmedia":[{"embeddable":true,"href":"https:\/\/www.port-exclusive.com\/de\/wp-json\/wp\/v2\/media\/5376"}],"wp:attachment":[{"href":"https:\/\/www.port-exclusive.com\/de\/wp-json\/wp\/v2\/media?parent=5840"}],"wp:term":[{"taxonomy":"product_brand","embeddable":true,"href":"https:\/\/www.port-exclusive.com\/de\/wp-json\/wp\/v2\/product_brand?post=5840"},{"taxonomy":"product_cat","embeddable":true,"href":"https:\/\/www.port-exclusive.com\/de\/wp-json\/wp\/v2\/product_cat?post=5840"},{"taxonomy":"product_tag","embeddable":true,"href":"https:\/\/www.port-exclusive.com\/de\/wp-json\/wp\/v2\/product_tag?post=5840"}],"curies":[{"name":"wp","href":"https:\/\/api.w.org\/{rel}","templated":true}]}}