{"id":5837,"date":"2020-06-30T18:33:05","date_gmt":"2020-06-30T16:33:05","guid":{"rendered":"https:\/\/www.port-exclusive.com\/product\/dalva-white-port\/"},"modified":"2022-11-09T10:24:50","modified_gmt":"2022-11-09T09:24:50","slug":"dalva-weis-port","status":"publish","type":"product","link":"https:\/\/www.port-exclusive.com\/de\/product\/dalva-weis-port\/","title":{"rendered":"DALVA Wei\u00dfer Hafen"},"content":{"rendered":"<p>Wei\u00dfer Portwein reift drei Jahre lang in gro\u00dfen F\u00e4ssern, auch dadurch erh\u00e4lt er seinen eigenen Charakter. Dalva White ist ein Portwein mit tiefgelber Farbe und reichen Aromen. Das Spiel zwischen Frucht und S\u00fc\u00dfe ist wundersch\u00f6n, ein Hauch von Rosinen und reifen Fr\u00fcchten machen es zu einem spannenden Ganzen. Im Abgang Noten von Honig und Eiche.<\/p>\n<p>Geschmack: dunkelgelbe Farbe, Aromen von eingemachten Fr\u00fcchten, Brat\u00e4pfeln und Trockenblumen. Am Gaumen vollmundig; sanfter und einnehmender Nachgeschmack.<\/p>\n<p>Lagerung: An einem k\u00fchlen, dunklen Ort aufrecht lagern. Sie wird mit zunehmendem Alter nicht besser.<\/p>\n<p>Servieren: K\u00fchl zwischen 6 und 7 \u00b0C in einem geeigneten Glas servieren. Er kann zu einem Dessert auf Karamell- oder Vanillebasis serviert werden, aber auch als Longdrink oder als Basis f\u00fcr einen Cocktail.<\/p>\n<p>15,5 pts Revista de Vinhos<\/p>\n","protected":false},"excerpt":{"rendered":"<p>Der Dalva White Port hat eine tiefgelbe Farbe und reiche Aromen. Das Spiel zwischen Frucht und S\u00fc\u00dfe ist wundersch\u00f6n, ein Hauch von Rosinen und reifen Fr\u00fcchten machen es zu einem spannenden Ganzen. Im Abgang Noten von Honig und Eiche.<\/p>\n","protected":false},"featured_media":5356,"template":"","meta":{"site-sidebar-layout":"default","site-content-layout":"default","ast-site-content-layout":"default","site-content-style":"default","site-sidebar-style":"default","ast-global-header-display":"","ast-banner-title-visibility":"","ast-main-header-display":"","ast-hfb-above-header-display":"","ast-hfb-below-header-display":"","ast-hfb-mobile-header-display":"","site-post-title":"","ast-breadcrumbs-content":"","ast-featured-img":"","footer-sml-layout":"","ast-disable-related-posts":"","theme-transparent-header-meta":"default","adv-header-id-meta":"","stick-header-meta":"","header-above-stick-meta":"","header-main-stick-meta":"","header-below-stick-meta":"","astra-migrate-meta-layouts":"default","ast-page-background-enabled":"default","ast-page-background-meta":{"desktop":{"background-color":"","background-image":"","background-repeat":"repeat","background-position":"center center","background-size":"auto","background-attachment":"scroll","background-type":"","background-media":"","overlay-type":"","overlay-color":"","overlay-opacity":"","overlay-gradient":""},"tablet":{"background-color":"","background-image":"","background-repeat":"repeat","background-position":"center center","background-size":"auto","background-attachment":"scroll","background-type":"","background-media":"","overlay-type":"","overlay-color":"","overlay-opacity":"","overlay-gradient":""},"mobile":{"background-color":"","background-image":"","background-repeat":"repeat","background-position":"center center","background-size":"auto","background-attachment":"scroll","background-type":"","background-media":"","overlay-type":"","overlay-color":"","overlay-opacity":"","overlay-gradient":""}},"ast-content-background-meta":{"desktop":{"background-color":"var(--ast-global-color-5)","background-image":"","background-repeat":"repeat","background-position":"center center","background-size":"auto","background-attachment":"scroll","background-type":"","background-media":"","overlay-type":"","overlay-color":"","overlay-opacity":"","overlay-gradient":""},"tablet":{"background-color":"var(--ast-global-color-5)","background-image":"","background-repeat":"repeat","background-position":"center center","background-size":"auto","background-attachment":"scroll","background-type":"","background-media":"","overlay-type":"","overlay-color":"","overlay-opacity":"","overlay-gradient":""},"mobile":{"background-color":"var(--ast-global-color-5)","background-image":"","background-repeat":"repeat","background-position":"center center","background-size":"auto","background-attachment":"scroll","background-type":"","background-media":"","overlay-type":"","overlay-color":"","overlay-opacity":"","overlay-gradient":""}}},"product_brand":[],"product_cat":[173,156,157,183],"product_tag":[],"class_list":{"0":"post-5837","1":"product","2":"type-product","3":"status-publish","4":"has-post-thumbnail","6":"product_cat-dalva-de","7":"product_cat-portwein","8":"product_cat-quintas-de","9":"product_cat-weiser-port","10":"desktop-align-left","11":"tablet-align-left","12":"mobile-align-left","13":"ast-product-gallery-layout-horizontal-slider","14":"ast-product-tabs-layout-horizontal","16":"first","17":"instock","18":"taxable","19":"shipping-taxable","20":"purchasable","21":"product-type-simple"},"_links":{"self":[{"href":"https:\/\/www.port-exclusive.com\/de\/wp-json\/wp\/v2\/product\/5837","targetHints":{"allow":["GET"]}}],"collection":[{"href":"https:\/\/www.port-exclusive.com\/de\/wp-json\/wp\/v2\/product"}],"about":[{"href":"https:\/\/www.port-exclusive.com\/de\/wp-json\/wp\/v2\/types\/product"}],"version-history":[{"count":3,"href":"https:\/\/www.port-exclusive.com\/de\/wp-json\/wp\/v2\/product\/5837\/revisions"}],"predecessor-version":[{"id":6537,"href":"https:\/\/www.port-exclusive.com\/de\/wp-json\/wp\/v2\/product\/5837\/revisions\/6537"}],"wp:featuredmedia":[{"embeddable":true,"href":"https:\/\/www.port-exclusive.com\/de\/wp-json\/wp\/v2\/media\/5356"}],"wp:attachment":[{"href":"https:\/\/www.port-exclusive.com\/de\/wp-json\/wp\/v2\/media?parent=5837"}],"wp:term":[{"taxonomy":"product_brand","embeddable":true,"href":"https:\/\/www.port-exclusive.com\/de\/wp-json\/wp\/v2\/product_brand?post=5837"},{"taxonomy":"product_cat","embeddable":true,"href":"https:\/\/www.port-exclusive.com\/de\/wp-json\/wp\/v2\/product_cat?post=5837"},{"taxonomy":"product_tag","embeddable":true,"href":"https:\/\/www.port-exclusive.com\/de\/wp-json\/wp\/v2\/product_tag?post=5837"}],"curies":[{"name":"wp","href":"https:\/\/api.w.org\/{rel}","templated":true}]}}