{"id":5834,"date":"2020-06-30T18:33:05","date_gmt":"2020-06-30T16:33:05","guid":{"rendered":"https:\/\/www.port-exclusive.com\/product\/dalva-tawny-port\/"},"modified":"2022-11-09T10:25:13","modified_gmt":"2022-11-09T09:25:13","slug":"dalva-tawny-port","status":"publish","type":"product","link":"https:\/\/www.port-exclusive.com\/de\/product\/dalva-tawny-port\/","title":{"rendered":"DALVA Tawny Portwein"},"content":{"rendered":"<p>Der Tawny Port reift drei bis f\u00fcnf Jahre in Holzf\u00e4ssern, wodurch er einem allm\u00e4hlichen Prozess der Verdunstung und Oxidation ausgesetzt wird. Dadurch werden sie allm\u00e4hlich weicher und nehmen eine bernsteinfarbene, nussige Farbe an.<\/p>\n<p>Geschmack: eine sch\u00f6ne leicht r\u00f6tliche Farbe. Aromen von frischen und getrockneten Fr\u00fcchten mit einem Hauch von Vanille. Sehr ausgewogen im Mund mit einem angenehmen Nachgeschmack von Kirschen.<\/p>\n<p>Lagerung: An einem k\u00fchlen, dunklen Ort aufrecht lagern. Es entwickelt sich nicht wesentlich in der Flasche. Kann drei oder vier Jahre aufbewahrt werden, ohne seine Frische zu verlieren.<\/p>\n<p>Servieren: Leicht gek\u00fchlt servieren, zwischen 12 und 13 \u00b0C. K\u00f6stlich pur oder serviert mit Karamell-, Vanille- oder Sahnedesserts.<\/p>\n","protected":false},"excerpt":{"rendered":"<p>Ein wundersch\u00f6ner Tawny Port mit einer leicht r\u00f6tlichen Farbe. Aromen von frischen und getrockneten Fr\u00fcchten mit einem Hauch von Vanille. Sehr ausgewogen im Mund mit einem angenehmen Nachgeschmack von Kirschen.<\/p>\n","protected":false},"featured_media":5358,"template":"","meta":{"site-sidebar-layout":"default","site-content-layout":"default","ast-site-content-layout":"default","site-content-style":"default","site-sidebar-style":"default","ast-global-header-display":"","ast-banner-title-visibility":"","ast-main-header-display":"","ast-hfb-above-header-display":"","ast-hfb-below-header-display":"","ast-hfb-mobile-header-display":"","site-post-title":"","ast-breadcrumbs-content":"","ast-featured-img":"","footer-sml-layout":"","ast-disable-related-posts":"","theme-transparent-header-meta":"default","adv-header-id-meta":"","stick-header-meta":"","header-above-stick-meta":"","header-main-stick-meta":"","header-below-stick-meta":"","astra-migrate-meta-layouts":"default","ast-page-background-enabled":"default","ast-page-background-meta":{"desktop":{"background-color":"","background-image":"","background-repeat":"repeat","background-position":"center center","background-size":"auto","background-attachment":"scroll","background-type":"","background-media":"","overlay-type":"","overlay-color":"","overlay-opacity":"","overlay-gradient":""},"tablet":{"background-color":"","background-image":"","background-repeat":"repeat","background-position":"center center","background-size":"auto","background-attachment":"scroll","background-type":"","background-media":"","overlay-type":"","overlay-color":"","overlay-opacity":"","overlay-gradient":""},"mobile":{"background-color":"","background-image":"","background-repeat":"repeat","background-position":"center center","background-size":"auto","background-attachment":"scroll","background-type":"","background-media":"","overlay-type":"","overlay-color":"","overlay-opacity":"","overlay-gradient":""}},"ast-content-background-meta":{"desktop":{"background-color":"var(--ast-global-color-5)","background-image":"","background-repeat":"repeat","background-position":"center center","background-size":"auto","background-attachment":"scroll","background-type":"","background-media":"","overlay-type":"","overlay-color":"","overlay-opacity":"","overlay-gradient":""},"tablet":{"background-color":"var(--ast-global-color-5)","background-image":"","background-repeat":"repeat","background-position":"center center","background-size":"auto","background-attachment":"scroll","background-type":"","background-media":"","overlay-type":"","overlay-color":"","overlay-opacity":"","overlay-gradient":""},"mobile":{"background-color":"var(--ast-global-color-5)","background-image":"","background-repeat":"repeat","background-position":"center center","background-size":"auto","background-attachment":"scroll","background-type":"","background-media":"","overlay-type":"","overlay-color":"","overlay-opacity":"","overlay-gradient":""}}},"product_brand":[],"product_cat":[173,156,157,182],"product_tag":[],"class_list":{"0":"post-5834","1":"product","2":"type-product","3":"status-publish","4":"has-post-thumbnail","6":"product_cat-dalva-de","7":"product_cat-portwein","8":"product_cat-quintas-de","9":"product_cat-tawny-port-de","10":"desktop-align-left","11":"tablet-align-left","12":"mobile-align-left","13":"ast-product-gallery-layout-horizontal-slider","14":"ast-product-tabs-layout-horizontal","16":"first","17":"instock","18":"taxable","19":"shipping-taxable","20":"purchasable","21":"product-type-simple"},"_links":{"self":[{"href":"https:\/\/www.port-exclusive.com\/de\/wp-json\/wp\/v2\/product\/5834","targetHints":{"allow":["GET"]}}],"collection":[{"href":"https:\/\/www.port-exclusive.com\/de\/wp-json\/wp\/v2\/product"}],"about":[{"href":"https:\/\/www.port-exclusive.com\/de\/wp-json\/wp\/v2\/types\/product"}],"version-history":[{"count":2,"href":"https:\/\/www.port-exclusive.com\/de\/wp-json\/wp\/v2\/product\/5834\/revisions"}],"predecessor-version":[{"id":6538,"href":"https:\/\/www.port-exclusive.com\/de\/wp-json\/wp\/v2\/product\/5834\/revisions\/6538"}],"wp:featuredmedia":[{"embeddable":true,"href":"https:\/\/www.port-exclusive.com\/de\/wp-json\/wp\/v2\/media\/5358"}],"wp:attachment":[{"href":"https:\/\/www.port-exclusive.com\/de\/wp-json\/wp\/v2\/media?parent=5834"}],"wp:term":[{"taxonomy":"product_brand","embeddable":true,"href":"https:\/\/www.port-exclusive.com\/de\/wp-json\/wp\/v2\/product_brand?post=5834"},{"taxonomy":"product_cat","embeddable":true,"href":"https:\/\/www.port-exclusive.com\/de\/wp-json\/wp\/v2\/product_cat?post=5834"},{"taxonomy":"product_tag","embeddable":true,"href":"https:\/\/www.port-exclusive.com\/de\/wp-json\/wp\/v2\/product_tag?post=5834"}],"curies":[{"name":"wp","href":"https:\/\/api.w.org\/{rel}","templated":true}]}}