{"id":5832,"date":"2020-06-30T18:33:06","date_gmt":"2021-05-12T15:56:57","guid":{"rendered":"https:\/\/www.port-exclusive.com\/product\/dalva-10-jahre-alter-tawny-port\/"},"modified":"2023-08-26T11:43:49","modified_gmt":"2023-08-26T09:43:49","slug":"dalva-10-jahre-alt-tawny-hafen","status":"publish","type":"product","link":"https:\/\/www.port-exclusive.com\/de\/product\/dalva-10-jahre-alt-tawny-hafen\/","title":{"rendered":"DALVA 10 Jahre alter Tawny Portwein"},"content":{"rendered":"<p>Der Aged Tawny Port reift f\u00fcr lange und variable Zeitr\u00e4ume in Eichenf\u00e4ssern, wobei das auf dem Etikett angegebene Alter dem ungef\u00e4hren Durchschnitt mehrerer Colheita-Portweine in der Mischung entspricht.<\/p>\n<p>Am Gaumen: Einige r\u00f6tliche Nuancen in der goldenen Farbe, intensiver Duft nach eingemachten Fr\u00fcchten und N\u00fcssen. Am Gaumen sehr ausgewogen, delikat, fruchtig und w\u00fcrzig, pfeffrige Nuancen im frischen und lang anhaltenden Nachgeschmack.<\/p>\n<p>Lagerung: An einem k\u00fchlen, dunklen Ort aufrecht lagern. Entwickelt sich in der Flasche nicht wesentlich. Kann mehrere Jahre lang gelagert werden, ohne seine Frische zu verlieren.<\/p>\n<p>Servieren: Leicht gek\u00fchlt servieren, zwischen 12 und 13 \u00b0C. Passt gut zu allen Arten von Desserts, insbesondere zu solchen, die mit Eiern oder N\u00fcssen (Mandeln, Haseln\u00fcssen, Waln\u00fcssen &#8230;) zubereitet werden.<\/p>\n<p>Geschmacksnoten:<br \/>\nRevista de Vinhos:16,5 Punkte<br \/>\nHeller in der Farbe, erscheint im Aroma, mit Noten von Vanille und Orange. Sch\u00f6ne Frische am Gaumen, mit einem wohnlichen Stil und einer sehr delikaten, seidigen Textur, die sich bis zum Ende erstreckt. Abgef\u00fcllt 2013.<\/p>\n<p>Wine Enthusiast: 90 Punkte<br \/>\nFest und trocken, zeigt dieser Wein mehr als seine 10 Jahre Reifezeit. Er hat sowohl S\u00e4ure als auch Frucht und starke Holzaromen. Letztendlich geht es um die S\u00e4uren und die Aromen von altem Holz.<\/p>\n","protected":false},"excerpt":{"rendered":"<p>Der 10 Jahre alte Tawny Port hat rote Nuancen in seiner goldenen Farbe und ein tiefes Aroma von eingemachten Fr\u00fcchten und N\u00fcssen. Am Gaumen sehr ausgewogen, zart und mit fruchtig-w\u00fcrzigen, pfeffrigen Nuancen im frischen und anhaltenden Abgang. Der Abgang ist lang, leicht w\u00fcrzig und frisch.<\/p>\n","protected":false},"featured_media":5364,"template":"","meta":{"site-sidebar-layout":"default","site-content-layout":"default","ast-site-content-layout":"default","site-content-style":"default","site-sidebar-style":"default","ast-global-header-display":"","ast-banner-title-visibility":"","ast-main-header-display":"","ast-hfb-above-header-display":"","ast-hfb-below-header-display":"","ast-hfb-mobile-header-display":"","site-post-title":"","ast-breadcrumbs-content":"","ast-featured-img":"","footer-sml-layout":"","ast-disable-related-posts":"","theme-transparent-header-meta":"default","adv-header-id-meta":"","stick-header-meta":"","header-above-stick-meta":"","header-main-stick-meta":"","header-below-stick-meta":"","astra-migrate-meta-layouts":"default","ast-page-background-enabled":"default","ast-page-background-meta":{"desktop":{"background-color":"","background-image":"","background-repeat":"repeat","background-position":"center center","background-size":"auto","background-attachment":"scroll","background-type":"","background-media":"","overlay-type":"","overlay-color":"","overlay-opacity":"","overlay-gradient":""},"tablet":{"background-color":"","background-image":"","background-repeat":"repeat","background-position":"center center","background-size":"auto","background-attachment":"scroll","background-type":"","background-media":"","overlay-type":"","overlay-color":"","overlay-opacity":"","overlay-gradient":""},"mobile":{"background-color":"","background-image":"","background-repeat":"repeat","background-position":"center center","background-size":"auto","background-attachment":"scroll","background-type":"","background-media":"","overlay-type":"","overlay-color":"","overlay-opacity":"","overlay-gradient":""}},"ast-content-background-meta":{"desktop":{"background-color":"var(--ast-global-color-5)","background-image":"","background-repeat":"repeat","background-position":"center center","background-size":"auto","background-attachment":"scroll","background-type":"","background-media":"","overlay-type":"","overlay-color":"","overlay-opacity":"","overlay-gradient":""},"tablet":{"background-color":"var(--ast-global-color-5)","background-image":"","background-repeat":"repeat","background-position":"center center","background-size":"auto","background-attachment":"scroll","background-type":"","background-media":"","overlay-type":"","overlay-color":"","overlay-opacity":"","overlay-gradient":""},"mobile":{"background-color":"var(--ast-global-color-5)","background-image":"","background-repeat":"repeat","background-position":"center center","background-size":"auto","background-attachment":"scroll","background-type":"","background-media":"","overlay-type":"","overlay-color":"","overlay-opacity":"","overlay-gradient":""}}},"product_brand":[],"product_cat":[180,173,156,157],"product_tag":[],"class_list":{"0":"post-5832","1":"product","2":"type-product","3":"status-publish","4":"has-post-thumbnail","6":"product_cat-alter-tawny","7":"product_cat-dalva-de","8":"product_cat-portwein","9":"product_cat-quintas-de","10":"desktop-align-left","11":"tablet-align-left","12":"mobile-align-left","13":"ast-product-gallery-layout-horizontal-slider","14":"ast-product-tabs-layout-horizontal","16":"first","17":"onbackorder","18":"taxable","19":"shipping-taxable","20":"purchasable","21":"product-type-simple"},"_links":{"self":[{"href":"https:\/\/www.port-exclusive.com\/de\/wp-json\/wp\/v2\/product\/5832","targetHints":{"allow":["GET"]}}],"collection":[{"href":"https:\/\/www.port-exclusive.com\/de\/wp-json\/wp\/v2\/product"}],"about":[{"href":"https:\/\/www.port-exclusive.com\/de\/wp-json\/wp\/v2\/types\/product"}],"version-history":[{"count":3,"href":"https:\/\/www.port-exclusive.com\/de\/wp-json\/wp\/v2\/product\/5832\/revisions"}],"predecessor-version":[{"id":6660,"href":"https:\/\/www.port-exclusive.com\/de\/wp-json\/wp\/v2\/product\/5832\/revisions\/6660"}],"wp:featuredmedia":[{"embeddable":true,"href":"https:\/\/www.port-exclusive.com\/de\/wp-json\/wp\/v2\/media\/5364"}],"wp:attachment":[{"href":"https:\/\/www.port-exclusive.com\/de\/wp-json\/wp\/v2\/media?parent=5832"}],"wp:term":[{"taxonomy":"product_brand","embeddable":true,"href":"https:\/\/www.port-exclusive.com\/de\/wp-json\/wp\/v2\/product_brand?post=5832"},{"taxonomy":"product_cat","embeddable":true,"href":"https:\/\/www.port-exclusive.com\/de\/wp-json\/wp\/v2\/product_cat?post=5832"},{"taxonomy":"product_tag","embeddable":true,"href":"https:\/\/www.port-exclusive.com\/de\/wp-json\/wp\/v2\/product_tag?post=5832"}],"curies":[{"name":"wp","href":"https:\/\/api.w.org\/{rel}","templated":true}]}}