{"id":5831,"date":"2020-06-30T18:33:06","date_gmt":"2021-05-12T15:56:26","guid":{"rendered":"https:\/\/www.port-exclusive.com\/product\/dalva-dry-white-reserve-port\/"},"modified":"2024-05-23T13:28:34","modified_gmt":"2024-05-23T11:28:34","slug":"dalva-trocken-weis-reserve-port","status":"publish","type":"product","link":"https:\/\/www.port-exclusive.com\/de\/product\/dalva-trocken-weis-reserve-port\/","title":{"rendered":"DALVA Dry White Reserve Port"},"content":{"rendered":"<p>Dalva Dry White Reserve Port ist sieben Jahre in Eichenf\u00e4ssern gereift und hat eine leuchtend goldene Strohfarbe mit einem vollen weichen Geschmack. Ein Aroma von Blumen und getrockneten Aprikosen und einem halbtrockenen Abgang.<\/p>\n<p>Am Gaumen: eine helle Strohfarbe und ein lebendiges Aroma mit Noten von reifen Zitrusfr\u00fcchten und floralen Ankl\u00e4ngen. Vollmundig, an getrocknete Aprikosen erinnernd, in einem komplexen kraftvollen Stil, mit einem markanten halbtrockenen Abgang.<\/p>\n<p>Lagerung: An einem k\u00fchlen, dunklen Ort aufrecht lagern. Entwickelt sich in der Flasche nicht wesentlich. Kann mehrere Jahre gelagert werden, ohne seine Frische zu verlieren.<\/p>\n<p>Servieren: Gek\u00fchlt zwischen 6 und 7 \u00b0C in einem geeigneten Glas servieren. Kann allein oder mit Vorspeisen und Vorspeisen wie R\u00e4ucherlachs und iberischem Rohschinken genossen werden.<\/p>\n<p>Verkostungsnotiz: Es ist ein trockener Wein mit blumigen und s\u00fc\u00dfen Aromen, weich und seidig am Gaumen mit einem ebenso s\u00fc\u00dfen und sehr frischen Nachgeschmack.<\/p>\n<p>Preise:<br \/>\nEmpfohlener Internationaler Weinwettbewerb 2014 (2011).<\/p>\n","protected":false},"excerpt":{"rendered":"<p>Dalva Dry White Reserve Port ist sieben Jahre in Eichenf\u00e4ssern gereift und hat eine leuchtend goldene Strohfarbe mit einem vollen weichen Geschmack. Ein Aroma von Blumen und getrockneten Aprikosen und einem halbtrockenen Abgang.<\/p>\n","protected":false},"featured_media":5403,"template":"","meta":{"site-sidebar-layout":"default","site-content-layout":"default","ast-site-content-layout":"default","site-content-style":"default","site-sidebar-style":"default","ast-global-header-display":"","ast-banner-title-visibility":"","ast-main-header-display":"","ast-hfb-above-header-display":"","ast-hfb-below-header-display":"","ast-hfb-mobile-header-display":"","site-post-title":"","ast-breadcrumbs-content":"","ast-featured-img":"","footer-sml-layout":"","ast-disable-related-posts":"","theme-transparent-header-meta":"default","adv-header-id-meta":"","stick-header-meta":"","header-above-stick-meta":"","header-main-stick-meta":"","header-below-stick-meta":"","astra-migrate-meta-layouts":"default","ast-page-background-enabled":"default","ast-page-background-meta":{"desktop":{"background-color":"","background-image":"","background-repeat":"repeat","background-position":"center center","background-size":"auto","background-attachment":"scroll","background-type":"","background-media":"","overlay-type":"","overlay-color":"","overlay-opacity":"","overlay-gradient":""},"tablet":{"background-color":"","background-image":"","background-repeat":"repeat","background-position":"center center","background-size":"auto","background-attachment":"scroll","background-type":"","background-media":"","overlay-type":"","overlay-color":"","overlay-opacity":"","overlay-gradient":""},"mobile":{"background-color":"","background-image":"","background-repeat":"repeat","background-position":"center center","background-size":"auto","background-attachment":"scroll","background-type":"","background-media":"","overlay-type":"","overlay-color":"","overlay-opacity":"","overlay-gradient":""}},"ast-content-background-meta":{"desktop":{"background-color":"var(--ast-global-color-5)","background-image":"","background-repeat":"repeat","background-position":"center center","background-size":"auto","background-attachment":"scroll","background-type":"","background-media":"","overlay-type":"","overlay-color":"","overlay-opacity":"","overlay-gradient":""},"tablet":{"background-color":"var(--ast-global-color-5)","background-image":"","background-repeat":"repeat","background-position":"center center","background-size":"auto","background-attachment":"scroll","background-type":"","background-media":"","overlay-type":"","overlay-color":"","overlay-opacity":"","overlay-gradient":""},"mobile":{"background-color":"var(--ast-global-color-5)","background-image":"","background-repeat":"repeat","background-position":"center center","background-size":"auto","background-attachment":"scroll","background-type":"","background-media":"","overlay-type":"","overlay-color":"","overlay-opacity":"","overlay-gradient":""}}},"product_brand":[],"product_cat":[173,156,157,183],"product_tag":[],"class_list":{"0":"post-5831","1":"product","2":"type-product","3":"status-publish","4":"has-post-thumbnail","6":"product_cat-dalva-de","7":"product_cat-portwein","8":"product_cat-quintas-de","9":"product_cat-weiser-port","10":"desktop-align-left","11":"tablet-align-left","12":"mobile-align-left","13":"ast-product-gallery-layout-horizontal-slider","14":"ast-product-tabs-layout-horizontal","16":"first","17":"instock","18":"taxable","19":"shipping-taxable","20":"purchasable","21":"product-type-simple"},"_links":{"self":[{"href":"https:\/\/www.port-exclusive.com\/de\/wp-json\/wp\/v2\/product\/5831","targetHints":{"allow":["GET"]}}],"collection":[{"href":"https:\/\/www.port-exclusive.com\/de\/wp-json\/wp\/v2\/product"}],"about":[{"href":"https:\/\/www.port-exclusive.com\/de\/wp-json\/wp\/v2\/types\/product"}],"version-history":[{"count":2,"href":"https:\/\/www.port-exclusive.com\/de\/wp-json\/wp\/v2\/product\/5831\/revisions"}],"predecessor-version":[{"id":6259,"href":"https:\/\/www.port-exclusive.com\/de\/wp-json\/wp\/v2\/product\/5831\/revisions\/6259"}],"wp:featuredmedia":[{"embeddable":true,"href":"https:\/\/www.port-exclusive.com\/de\/wp-json\/wp\/v2\/media\/5403"}],"wp:attachment":[{"href":"https:\/\/www.port-exclusive.com\/de\/wp-json\/wp\/v2\/media?parent=5831"}],"wp:term":[{"taxonomy":"product_brand","embeddable":true,"href":"https:\/\/www.port-exclusive.com\/de\/wp-json\/wp\/v2\/product_brand?post=5831"},{"taxonomy":"product_cat","embeddable":true,"href":"https:\/\/www.port-exclusive.com\/de\/wp-json\/wp\/v2\/product_cat?post=5831"},{"taxonomy":"product_tag","embeddable":true,"href":"https:\/\/www.port-exclusive.com\/de\/wp-json\/wp\/v2\/product_tag?post=5831"}],"curies":[{"name":"wp","href":"https:\/\/api.w.org\/{rel}","templated":true}]}}