{"id":5813,"date":"2020-06-30T18:33:07","date_gmt":"2020-06-30T16:33:07","guid":{"rendered":"https:\/\/www.port-exclusive.com\/product\/dalva-ruby-port-0375-ltr\/"},"modified":"2023-08-26T11:45:13","modified_gmt":"2023-08-26T09:45:13","slug":"dalva-ruby-port-0375-ltr","status":"publish","type":"product","link":"https:\/\/www.port-exclusive.com\/de\/product\/dalva-ruby-port-0375-ltr\/","title":{"rendered":"DALVA Ruby Portwein 0,375 ltr"},"content":{"rendered":"<p>Dieser Ruby Port Blend aus den Trauben Touriga Nacional, Touriga Franca, Tinta Barroca, Tinto C\u00e3o und Tinta Roriz wird nach der G\u00e4rung in riesigen Eichenf\u00e4ssern gelagert, um den Oxidationsprozess zu vermeiden und die rot-dunkelviolette Farbe zu bewahren.<\/p>\n<p>Der Ruby wird nach durchschnittlich zwei Jahren abgef\u00fcllt und hat Aromen von frischen und getrockneten roten Fr\u00fcchten und einen angenehmen Geschmack von roten Fr\u00fcchten wie Himbeeren.<\/p>\n<p>Zum Geschmack: Eine satte rubinrote Farbe mit einem Aroma, das an eine zarte rote Johannisbeere erinnert: Himbeeren und Walderdbeeren. Harmonisch und ausgewogen im Mund, mit einem s\u00fc\u00dfen und attraktiven fruchtigen Nachgeschmack.<\/p>\n<p>Lagerung: Aufrecht an einem k\u00fchlen, dunklen Ort lagern. Es entwickelt sich nicht wesentlich in der Flasche. Kann \u00fcber einen Zeitraum von drei oder vier Jahren gelagert werden, ohne seine Frische zu verlieren.<\/p>\n<p>Servieren: Leicht gek\u00fchlt servieren, zwischen 12 und 13 C. K\u00f6stlich pur oder mit einem s\u00fc\u00dfen Dessert wie Schokoladenkuchen oder Waldbeerkuchen.<\/p>\n","protected":false},"excerpt":{"rendered":"<p>Ein wundersch\u00f6ner Ruby Port mit einer satten rubinroten Farbe mit einem Aroma, das an eine zarte rote Johannisbeere erinnert: Himbeeren und Walderdbeeren. Harmonisch und ausgewogen im Mund, mit einem s\u00fc\u00dfen und attraktiven fruchtigen Nachgeschmack.<\/p>\n","protected":false},"featured_media":5823,"template":"","meta":{"site-sidebar-layout":"default","site-content-layout":"default","ast-site-content-layout":"default","site-content-style":"default","site-sidebar-style":"default","ast-global-header-display":"","ast-banner-title-visibility":"","ast-main-header-display":"","ast-hfb-above-header-display":"","ast-hfb-below-header-display":"","ast-hfb-mobile-header-display":"","site-post-title":"","ast-breadcrumbs-content":"","ast-featured-img":"","footer-sml-layout":"","ast-disable-related-posts":"","theme-transparent-header-meta":"default","adv-header-id-meta":"","stick-header-meta":"","header-above-stick-meta":"","header-main-stick-meta":"","header-below-stick-meta":"","astra-migrate-meta-layouts":"default","ast-page-background-enabled":"default","ast-page-background-meta":{"desktop":{"background-color":"","background-image":"","background-repeat":"repeat","background-position":"center center","background-size":"auto","background-attachment":"scroll","background-type":"","background-media":"","overlay-type":"","overlay-color":"","overlay-opacity":"","overlay-gradient":""},"tablet":{"background-color":"","background-image":"","background-repeat":"repeat","background-position":"center center","background-size":"auto","background-attachment":"scroll","background-type":"","background-media":"","overlay-type":"","overlay-color":"","overlay-opacity":"","overlay-gradient":""},"mobile":{"background-color":"","background-image":"","background-repeat":"repeat","background-position":"center center","background-size":"auto","background-attachment":"scroll","background-type":"","background-media":"","overlay-type":"","overlay-color":"","overlay-opacity":"","overlay-gradient":""}},"ast-content-background-meta":{"desktop":{"background-color":"var(--ast-global-color-5)","background-image":"","background-repeat":"repeat","background-position":"center center","background-size":"auto","background-attachment":"scroll","background-type":"","background-media":"","overlay-type":"","overlay-color":"","overlay-opacity":"","overlay-gradient":""},"tablet":{"background-color":"var(--ast-global-color-5)","background-image":"","background-repeat":"repeat","background-position":"center center","background-size":"auto","background-attachment":"scroll","background-type":"","background-media":"","overlay-type":"","overlay-color":"","overlay-opacity":"","overlay-gradient":""},"mobile":{"background-color":"var(--ast-global-color-5)","background-image":"","background-repeat":"repeat","background-position":"center center","background-size":"auto","background-attachment":"scroll","background-type":"","background-media":"","overlay-type":"","overlay-color":"","overlay-opacity":"","overlay-gradient":""}}},"product_brand":[],"product_cat":[173,156,157,181],"product_tag":[175,161,168],"class_list":{"0":"post-5813","1":"product","2":"type-product","3":"status-publish","4":"has-post-thumbnail","6":"product_cat-dalva-de","7":"product_cat-portwein","8":"product_cat-quintas-de","9":"product_cat-ruby-portwein","10":"product_tag-dalva-de","11":"product_tag-hafen","12":"product_tag-rubin","13":"desktop-align-left","14":"tablet-align-left","15":"mobile-align-left","16":"ast-product-gallery-layout-horizontal-slider","17":"ast-product-tabs-layout-horizontal","19":"first","20":"instock","21":"taxable","22":"shipping-taxable","23":"purchasable","24":"product-type-simple"},"_links":{"self":[{"href":"https:\/\/www.port-exclusive.com\/de\/wp-json\/wp\/v2\/product\/5813","targetHints":{"allow":["GET"]}}],"collection":[{"href":"https:\/\/www.port-exclusive.com\/de\/wp-json\/wp\/v2\/product"}],"about":[{"href":"https:\/\/www.port-exclusive.com\/de\/wp-json\/wp\/v2\/types\/product"}],"version-history":[{"count":2,"href":"https:\/\/www.port-exclusive.com\/de\/wp-json\/wp\/v2\/product\/5813\/revisions"}],"predecessor-version":[{"id":6439,"href":"https:\/\/www.port-exclusive.com\/de\/wp-json\/wp\/v2\/product\/5813\/revisions\/6439"}],"wp:featuredmedia":[{"embeddable":true,"href":"https:\/\/www.port-exclusive.com\/de\/wp-json\/wp\/v2\/media\/5823"}],"wp:attachment":[{"href":"https:\/\/www.port-exclusive.com\/de\/wp-json\/wp\/v2\/media?parent=5813"}],"wp:term":[{"taxonomy":"product_brand","embeddable":true,"href":"https:\/\/www.port-exclusive.com\/de\/wp-json\/wp\/v2\/product_brand?post=5813"},{"taxonomy":"product_cat","embeddable":true,"href":"https:\/\/www.port-exclusive.com\/de\/wp-json\/wp\/v2\/product_cat?post=5813"},{"taxonomy":"product_tag","embeddable":true,"href":"https:\/\/www.port-exclusive.com\/de\/wp-json\/wp\/v2\/product_tag?post=5813"}],"curies":[{"name":"wp","href":"https:\/\/api.w.org\/{rel}","templated":true}]}}