{"id":5811,"date":"2020-06-30T18:33:07","date_gmt":"2021-05-12T15:53:05","guid":{"rendered":"https:\/\/www.port-exclusive.com\/product\/dalva-20-jahre-alter-tawny-port\/"},"modified":"2022-05-18T14:57:15","modified_gmt":"2022-05-18T12:57:15","slug":"dalva-20-jahriger-tawny-port","status":"publish","type":"product","link":"https:\/\/www.port-exclusive.com\/de\/product\/dalva-20-jahriger-tawny-port\/","title":{"rendered":"DALVA 20 Jahre alter Tawny Port"},"content":{"rendered":"<p>Der Aged Tawny Port reift f\u00fcr lange und variable Zeitr\u00e4ume in Eichenf\u00e4ssern, wobei das auf dem Etikett angegebene Alter dem ungef\u00e4hren Durchschnitt mehrerer Colheita-Portweine in der Mischung entspricht.<\/p>\n<p>Zum Geschmack: Sehr reiches Aroma: Orange, Gew\u00fcrze, getrocknete Feigen. Am Gaumen sehr frisch, fruchtig, elegant, parf\u00fcmiert, mit langem Nachhall, durchsetzt mit Kaffee- und Zimtaromen.<\/p>\n<p>Lagerung: An einem k\u00fchlen, dunklen Ort aufrecht lagern. Entwickelt sich in der Flasche nicht wesentlich. Ohne Frischeverlust mehrere Jahre im Keller haltbar.<\/p>\n<p>Servieren: Leicht gek\u00fchlt servieren, zwischen 12 und 13 \u00b0C. Harmoniert gut mit Desserts aller Art, besonders solchen, die mit Ei oder N\u00fcssen (Mandeln, Haselnuss, Waln\u00fcsse &#8230;) zubereitet werden.<\/p>\n<p>Preise:<br \/>\n17 Punkte in Revista de Vinhos<br \/>\nSilbermedaille Decanter World Wine Awards 2013<br \/>\nSilbermedaille Decanter World Wine Awards 2010.<\/p>\n","protected":false},"excerpt":{"rendered":"<p>Spezieller 20 Jahre alter Aged Tawny Port mit einem sehr reichen Aroma: Orange, Gew\u00fcrze, getrocknete Feigen. Am Gaumen sehr frisch, fruchtig, elegant, parf\u00fcmiert, mit langem Nachhall, durchsetzt mit Kaffee- und Zimtaromen.<\/p>\n","protected":false},"featured_media":5411,"template":"","meta":{"site-sidebar-layout":"default","site-content-layout":"default","ast-site-content-layout":"default","site-content-style":"default","site-sidebar-style":"default","ast-global-header-display":"","ast-banner-title-visibility":"","ast-main-header-display":"","ast-hfb-above-header-display":"","ast-hfb-below-header-display":"","ast-hfb-mobile-header-display":"","site-post-title":"","ast-breadcrumbs-content":"","ast-featured-img":"","footer-sml-layout":"","ast-disable-related-posts":"","theme-transparent-header-meta":"default","adv-header-id-meta":"","stick-header-meta":"","header-above-stick-meta":"","header-main-stick-meta":"","header-below-stick-meta":"","astra-migrate-meta-layouts":"default","ast-page-background-enabled":"default","ast-page-background-meta":{"desktop":{"background-color":"","background-image":"","background-repeat":"repeat","background-position":"center center","background-size":"auto","background-attachment":"scroll","background-type":"","background-media":"","overlay-type":"","overlay-color":"","overlay-opacity":"","overlay-gradient":""},"tablet":{"background-color":"","background-image":"","background-repeat":"repeat","background-position":"center center","background-size":"auto","background-attachment":"scroll","background-type":"","background-media":"","overlay-type":"","overlay-color":"","overlay-opacity":"","overlay-gradient":""},"mobile":{"background-color":"","background-image":"","background-repeat":"repeat","background-position":"center center","background-size":"auto","background-attachment":"scroll","background-type":"","background-media":"","overlay-type":"","overlay-color":"","overlay-opacity":"","overlay-gradient":""}},"ast-content-background-meta":{"desktop":{"background-color":"var(--ast-global-color-5)","background-image":"","background-repeat":"repeat","background-position":"center center","background-size":"auto","background-attachment":"scroll","background-type":"","background-media":"","overlay-type":"","overlay-color":"","overlay-opacity":"","overlay-gradient":""},"tablet":{"background-color":"var(--ast-global-color-5)","background-image":"","background-repeat":"repeat","background-position":"center center","background-size":"auto","background-attachment":"scroll","background-type":"","background-media":"","overlay-type":"","overlay-color":"","overlay-opacity":"","overlay-gradient":""},"mobile":{"background-color":"var(--ast-global-color-5)","background-image":"","background-repeat":"repeat","background-position":"center center","background-size":"auto","background-attachment":"scroll","background-type":"","background-media":"","overlay-type":"","overlay-color":"","overlay-opacity":"","overlay-gradient":""}}},"product_brand":[],"product_cat":[38,180,173,42,33,156,34,157],"product_tag":[],"class_list":{"0":"post-5811","1":"product","2":"type-product","3":"status-publish","4":"has-post-thumbnail","6":"product_cat-agedtawny","7":"product_cat-alter-tawny","8":"product_cat-dalva-de","9":"product_cat-dalva","10":"product_cat-port","11":"product_cat-portwein","12":"product_cat-quinta","13":"product_cat-quintas-de","14":"desktop-align-left","15":"tablet-align-left","16":"mobile-align-left","17":"ast-product-gallery-layout-horizontal-slider","18":"ast-product-tabs-layout-horizontal","20":"first","21":"instock","22":"taxable","23":"shipping-taxable","24":"purchasable","25":"product-type-simple"},"_links":{"self":[{"href":"https:\/\/www.port-exclusive.com\/de\/wp-json\/wp\/v2\/product\/5811","targetHints":{"allow":["GET"]}}],"collection":[{"href":"https:\/\/www.port-exclusive.com\/de\/wp-json\/wp\/v2\/product"}],"about":[{"href":"https:\/\/www.port-exclusive.com\/de\/wp-json\/wp\/v2\/types\/product"}],"version-history":[{"count":3,"href":"https:\/\/www.port-exclusive.com\/de\/wp-json\/wp\/v2\/product\/5811\/revisions"}],"predecessor-version":[{"id":6437,"href":"https:\/\/www.port-exclusive.com\/de\/wp-json\/wp\/v2\/product\/5811\/revisions\/6437"}],"wp:featuredmedia":[{"embeddable":true,"href":"https:\/\/www.port-exclusive.com\/de\/wp-json\/wp\/v2\/media\/5411"}],"wp:attachment":[{"href":"https:\/\/www.port-exclusive.com\/de\/wp-json\/wp\/v2\/media?parent=5811"}],"wp:term":[{"taxonomy":"product_brand","embeddable":true,"href":"https:\/\/www.port-exclusive.com\/de\/wp-json\/wp\/v2\/product_brand?post=5811"},{"taxonomy":"product_cat","embeddable":true,"href":"https:\/\/www.port-exclusive.com\/de\/wp-json\/wp\/v2\/product_cat?post=5811"},{"taxonomy":"product_tag","embeddable":true,"href":"https:\/\/www.port-exclusive.com\/de\/wp-json\/wp\/v2\/product_tag?post=5811"}],"curies":[{"name":"wp","href":"https:\/\/api.w.org\/{rel}","templated":true}]}}