{"id":5795,"date":"2020-06-30T18:33:09","date_gmt":"2021-05-12T15:50:35","guid":{"rendered":"https:\/\/www.port-exclusive.com\/product\/dalva-colheita-port-1995\/"},"modified":"2023-02-08T11:42:25","modified_gmt":"2023-02-08T10:42:25","slug":"dalva-colheita-port-1995","status":"publish","type":"product","link":"https:\/\/www.port-exclusive.com\/de\/product\/dalva-colheita-port-1995\/","title":{"rendered":"DALVA Colheita Hafen 1995"},"content":{"rendered":"<p>Der Dalva Colheita Port 1995 hat eine tiefe, dunkle, orangefarbene Farbe mit Noten von Rot\/Orange. Die Nase ist eine wunderbare Mischung von Aromen, mit roten Fr\u00fcchten inmitten von Gew\u00fcrzen, gehacktem Geb\u00e4ck, nussigen Mandeln und Waln\u00fcssen.<br \/>\nAm Gaumen zeigt der Portwein eine beachtliche Tiefe, wobei die S\u00fc\u00dfe durch erfrischende Fr\u00fcchte sch\u00f6n gemildert wird. Es gibt sch\u00f6ne Noten von Kaffee, N\u00fcssen und dem oxidierten Charakter. Der Abgang ist lang und \u00fcppig, ohne s\u00fc\u00dflich zu sein.<\/p>\n<p>Geschmack: Gelbbraune Farbe, mit k\u00f6stlichen Aromen von braunem Zucker und ger\u00f6steten N\u00fcssen. Ausgezeichnete L\u00e4nge im Abgang mit N\u00fcssen und Rosinen.<\/p>\n<p>Lagerung: Aufrecht an einem k\u00fchlen, dunklen Ort. Der Colheita entwickelt sich in der Flasche nicht nennenswert und kann \u00fcber zehn Jahre gelagert werden, ohne seine Frische zu verlieren.<\/p>\n<p>Servieren: Bei warmem Wetter leicht gek\u00fchlt, zwischen 12 und 13\u00b0C, in einem geeigneten Glas servieren. Passt zu allen Arten von Desserts, besonders zu solchen mit Eiern und N\u00fcssen, Mandeln, Haseln\u00fcssen, Waln\u00fcssen und K\u00e4seplatte.<\/p>\n<p>Geschmacksnoten:<br \/>\nIn der Nase und am Gaumen vollmundig und w\u00fcrzig. In der Mitte des Mundes immer noch sehr frisch und reichhaltig, mit einem Hauch des fr\u00fcheren tanninhaltigen Griffs und jugendlicher Lebendigkeit im Abgang. Abgef\u00fcllt im Jahr 2017 in einer wunderbaren Phase seiner Entwicklung und eigentlich ein Schn\u00e4ppchen zu diesem Preis.<\/p>\n<p>Die hocharomatische Nase bietet nussige Aromen, die zum eleganten und sehr ansprechenden vollen Geschmack von Orange, Karamell, braunem Zucker und Feige beitragen. Sehr komplexes Angebot, das im Allgemeinen ausgewogen und glatt ist, aber gleichzeitig gro\u00dfe Finesse zeigt. Die L\u00e4nge des Abgangs ist hervorragend.<\/p>\n<p>Wirklich ausgezeichneter Preis. Es ist schwer vorstellbar, einen so niedrigen Preis f\u00fcr ein Produkt zu zahlen, das bereits 20 Jahre alt ist. Das Geschmacksprofil ist voll von Kochgew\u00fcrzen, Karamell, Tabak und Leder. Die Farben sind ein sch\u00f6nes Orange mit einem Hauch von Granat. Ein fantastisches Preis-Leistungs-Verh\u00e4ltnis und ein echter Genuss f\u00fcr alle, die noch nie einen Tawny Port probiert haben.<\/p>\n<p>Bewertungen und Preise:<br \/>\n16,5 Punkte bei Jancis Robinson;<br \/>\nAusgezeichnet bei den Decanter World Wine Awards 2013;<br \/>\nSilbermedaille International Wine Challenge 2013;<br \/>\nBronzemedaille Decanter World Wine Awards 2006.<\/p>\n","protected":false},"excerpt":{"rendered":"<p>In der Nase und am Gaumen vollmundig und w\u00fcrzig. In der Mitte des Mundes immer noch sehr frisch und reichhaltig, mit einem Hauch des fr\u00fcheren tanninhaltigen Griffs und jugendlicher Lebendigkeit im Abgang. Abgef\u00fcllt im Jahr 2017 in einem wunderbaren Stadium seiner Entwicklung, ist dieser Colheita Port zu diesem Preis wirklich ein Schn\u00e4ppchen.<\/p>\n","protected":false},"featured_media":5407,"template":"","meta":{"site-sidebar-layout":"default","site-content-layout":"default","ast-site-content-layout":"default","site-content-style":"default","site-sidebar-style":"default","ast-global-header-display":"","ast-banner-title-visibility":"","ast-main-header-display":"","ast-hfb-above-header-display":"","ast-hfb-below-header-display":"","ast-hfb-mobile-header-display":"","site-post-title":"","ast-breadcrumbs-content":"","ast-featured-img":"","footer-sml-layout":"","ast-disable-related-posts":"","theme-transparent-header-meta":"default","adv-header-id-meta":"","stick-header-meta":"","header-above-stick-meta":"","header-main-stick-meta":"","header-below-stick-meta":"","astra-migrate-meta-layouts":"default","ast-page-background-enabled":"default","ast-page-background-meta":{"desktop":{"background-color":"","background-image":"","background-repeat":"repeat","background-position":"center center","background-size":"auto","background-attachment":"scroll","background-type":"","background-media":"","overlay-type":"","overlay-color":"","overlay-opacity":"","overlay-gradient":""},"tablet":{"background-color":"","background-image":"","background-repeat":"repeat","background-position":"center center","background-size":"auto","background-attachment":"scroll","background-type":"","background-media":"","overlay-type":"","overlay-color":"","overlay-opacity":"","overlay-gradient":""},"mobile":{"background-color":"","background-image":"","background-repeat":"repeat","background-position":"center center","background-size":"auto","background-attachment":"scroll","background-type":"","background-media":"","overlay-type":"","overlay-color":"","overlay-opacity":"","overlay-gradient":""}},"ast-content-background-meta":{"desktop":{"background-color":"var(--ast-global-color-5)","background-image":"","background-repeat":"repeat","background-position":"center center","background-size":"auto","background-attachment":"scroll","background-type":"","background-media":"","overlay-type":"","overlay-color":"","overlay-opacity":"","overlay-gradient":""},"tablet":{"background-color":"var(--ast-global-color-5)","background-image":"","background-repeat":"repeat","background-position":"center center","background-size":"auto","background-attachment":"scroll","background-type":"","background-media":"","overlay-type":"","overlay-color":"","overlay-opacity":"","overlay-gradient":""},"mobile":{"background-color":"var(--ast-global-color-5)","background-image":"","background-repeat":"repeat","background-position":"center center","background-size":"auto","background-attachment":"scroll","background-type":"","background-media":"","overlay-type":"","overlay-color":"","overlay-opacity":"","overlay-gradient":""}}},"product_brand":[],"product_cat":[171,173,156,157],"product_tag":[],"class_list":{"0":"post-5795","1":"product","2":"type-product","3":"status-publish","4":"has-post-thumbnail","6":"product_cat-colheita-de","7":"product_cat-dalva-de","8":"product_cat-portwein","9":"product_cat-quintas-de","10":"desktop-align-left","11":"tablet-align-left","12":"mobile-align-left","13":"ast-product-gallery-layout-horizontal-slider","14":"ast-product-tabs-layout-horizontal","16":"first","17":"onbackorder","18":"taxable","19":"shipping-taxable","20":"purchasable","21":"product-type-simple"},"_links":{"self":[{"href":"https:\/\/www.port-exclusive.com\/de\/wp-json\/wp\/v2\/product\/5795","targetHints":{"allow":["GET"]}}],"collection":[{"href":"https:\/\/www.port-exclusive.com\/de\/wp-json\/wp\/v2\/product"}],"about":[{"href":"https:\/\/www.port-exclusive.com\/de\/wp-json\/wp\/v2\/types\/product"}],"version-history":[{"count":2,"href":"https:\/\/www.port-exclusive.com\/de\/wp-json\/wp\/v2\/product\/5795\/revisions"}],"predecessor-version":[{"id":6565,"href":"https:\/\/www.port-exclusive.com\/de\/wp-json\/wp\/v2\/product\/5795\/revisions\/6565"}],"wp:featuredmedia":[{"embeddable":true,"href":"https:\/\/www.port-exclusive.com\/de\/wp-json\/wp\/v2\/media\/5407"}],"wp:attachment":[{"href":"https:\/\/www.port-exclusive.com\/de\/wp-json\/wp\/v2\/media?parent=5795"}],"wp:term":[{"taxonomy":"product_brand","embeddable":true,"href":"https:\/\/www.port-exclusive.com\/de\/wp-json\/wp\/v2\/product_brand?post=5795"},{"taxonomy":"product_cat","embeddable":true,"href":"https:\/\/www.port-exclusive.com\/de\/wp-json\/wp\/v2\/product_cat?post=5795"},{"taxonomy":"product_tag","embeddable":true,"href":"https:\/\/www.port-exclusive.com\/de\/wp-json\/wp\/v2\/product_tag?post=5795"}],"curies":[{"name":"wp","href":"https:\/\/api.w.org\/{rel}","templated":true}]}}