{"id":5777,"date":"2020-06-30T18:33:09","date_gmt":"2021-05-12T15:49:25","guid":{"rendered":"https:\/\/www.port-exclusive.com\/product\/dalva-colheita-port-1994\/"},"modified":"2023-02-08T11:42:41","modified_gmt":"2023-02-08T10:42:41","slug":"dalva-colheita-port-1994","status":"publish","type":"product","link":"https:\/\/www.port-exclusive.com\/de\/product\/dalva-colheita-port-1994\/","title":{"rendered":"DALVA Colheita Hafen 1994"},"content":{"rendered":"<p>Die Colheita Portweine sind Spitzenweine aus einem einzigen Jahrgang. Der Jahrgang und das Jahr der Abf\u00fcllung sind immer auf dem Etikett angegeben. Bei der Reifung im Fass ver\u00e4ndern sich die jungen, fruchtigen und frischen Aromen durch Oxidation und weichen einem Bouquet von Trockenfr\u00fcchten, H\u00f6lzern und Gew\u00fcrzen. Mit zunehmendem Alter verbessern sie sich auch in Flexibilit\u00e4t und Balance, das Bouquet wird immer komplexer. Die Farbe wechselt in Richtung Gold.<\/p>\n<p>Geschmack: Gelbbraune Farbe, mit k\u00f6stlichen Aromen von braunem Zucker und ger\u00f6steten N\u00fcssen. Ausgezeichnete L\u00e4nge im Abgang mit N\u00fcssen und Rosinen.<\/p>\n<p>Lagerung: Aufrecht an einem k\u00fchlen, dunklen Ort. Der Colheita entwickelt sich in der Flasche nicht nennenswert und kann \u00fcber zehn Jahre gelagert werden, ohne seine Frische zu verlieren.<\/p>\n<p>Servieren: Bei warmem Wetter leicht gek\u00fchlt, zwischen 12 und 13\u00b0C, in einem geeigneten Glas servieren. Passt zu allen Arten von Desserts, besonders zu solchen mit Eiern und N\u00fcssen, Mandeln, Haseln\u00fcssen, Waln\u00fcssen und K\u00e4seplatte.<\/p>\n<p>Geschmacksnoten:<br \/>\nUnverwechselbare Frische, mineralische Energie und Dynamik am Gaumen, verbunden mit einem festen Kern aus s\u00fc\u00dfen Schwarzkirschen und warmen Gew\u00fcrzen, dunkler Schokolade und reifen Tanninen; saftig und lebendig, voller Abgang, sehr gute L\u00e4nge. Am zweiten Tag ist er etwas milder, die Nase hat Zedernholz und W\u00fcrze, im Mund f\u00fchlt er sich voller und vollst\u00e4ndiger an, voll und s\u00fc\u00df, mit einem sch\u00f6nen floralen Auftrieb, reifen roten Beeren und Milchschokolade; die alkoholische Hitze im Abgang ist nicht dissonant. Sehr gut (92).<\/p>\n<p>Am Gaumen sehr entwickelt mit Trockenfr\u00fcchten, Rosinen, Feigenkirschen in Fl\u00fcssigkeit und Veilchenbonbons. Sch\u00f6nes Gleichgewicht. Nicht zu s\u00fc\u00df, ziemlich komplex, mit einer breiteren Palette als ich es normalerweise mit Portwein erlebe. Weich und seidig. Die Aromen sind einfach unglaublich mit so vielen verschiedenen Eindr\u00fccken.<\/p>\n<p>Bewertungen und Preise:<br \/>\nGoldmedaillen-Auswahl Mondiales des Vins Kanada 2016;<br \/>\nSilbermedaille Decanter World Wine Awards 2016;<br \/>\nSilbermedaille Concours Mondial de Bruxelles 2016.<\/p>\n","protected":false},"excerpt":{"rendered":"<p>Hochentwickelter Colheita Port: am Gaumen mit D\u00f6rrobst, Rosinen, Feigenkirschen in Fl\u00fcssigkeit und Veilchenbonbons. Sch\u00f6nes Gleichgewicht. Nicht zu s\u00fc\u00df, recht komplex, breite Palette. Weich und seidig. Die Aromen sind einfach unglaublich mit so vielen verschiedenen Eindr\u00fccken.<\/p>\n","protected":false},"featured_media":5781,"template":"","meta":{"site-sidebar-layout":"default","site-content-layout":"default","ast-site-content-layout":"default","site-content-style":"default","site-sidebar-style":"default","ast-global-header-display":"","ast-banner-title-visibility":"","ast-main-header-display":"","ast-hfb-above-header-display":"","ast-hfb-below-header-display":"","ast-hfb-mobile-header-display":"","site-post-title":"","ast-breadcrumbs-content":"","ast-featured-img":"","footer-sml-layout":"","theme-transparent-header-meta":"default","adv-header-id-meta":"","stick-header-meta":"","header-above-stick-meta":"","header-main-stick-meta":"","header-below-stick-meta":"","astra-migrate-meta-layouts":"default","ast-page-background-enabled":"default","ast-page-background-meta":{"desktop":{"background-color":"","background-image":"","background-repeat":"repeat","background-position":"center center","background-size":"auto","background-attachment":"scroll","background-type":"","background-media":"","overlay-type":"","overlay-color":"","overlay-opacity":"","overlay-gradient":""},"tablet":{"background-color":"","background-image":"","background-repeat":"repeat","background-position":"center center","background-size":"auto","background-attachment":"scroll","background-type":"","background-media":"","overlay-type":"","overlay-color":"","overlay-opacity":"","overlay-gradient":""},"mobile":{"background-color":"","background-image":"","background-repeat":"repeat","background-position":"center center","background-size":"auto","background-attachment":"scroll","background-type":"","background-media":"","overlay-type":"","overlay-color":"","overlay-opacity":"","overlay-gradient":""}},"ast-content-background-meta":{"desktop":{"background-color":"var(--ast-global-color-5)","background-image":"","background-repeat":"repeat","background-position":"center center","background-size":"auto","background-attachment":"scroll","background-type":"","background-media":"","overlay-type":"","overlay-color":"","overlay-opacity":"","overlay-gradient":""},"tablet":{"background-color":"var(--ast-global-color-5)","background-image":"","background-repeat":"repeat","background-position":"center center","background-size":"auto","background-attachment":"scroll","background-type":"","background-media":"","overlay-type":"","overlay-color":"","overlay-opacity":"","overlay-gradient":""},"mobile":{"background-color":"var(--ast-global-color-5)","background-image":"","background-repeat":"repeat","background-position":"center center","background-size":"auto","background-attachment":"scroll","background-type":"","background-media":"","overlay-type":"","overlay-color":"","overlay-opacity":"","overlay-gradient":""}}},"product_brand":[],"product_cat":[171,173,156,157],"product_tag":[177,175,161,178],"class_list":{"0":"post-5777","1":"product","2":"type-product","3":"status-publish","4":"has-post-thumbnail","6":"product_cat-colheita-de","7":"product_cat-dalva-de","8":"product_cat-portwein","9":"product_cat-quintas-de","10":"product_tag-colheita-de","11":"product_tag-dalva-de","12":"product_tag-hafen","13":"product_tag-ohne","14":"desktop-align-left","15":"tablet-align-left","16":"mobile-align-left","17":"ast-product-gallery-layout-horizontal-slider","18":"ast-product-tabs-layout-horizontal","20":"first","21":"onbackorder","22":"taxable","23":"shipping-taxable","24":"purchasable","25":"product-type-simple"},"_links":{"self":[{"href":"https:\/\/www.port-exclusive.com\/de\/wp-json\/wp\/v2\/product\/5777","targetHints":{"allow":["GET"]}}],"collection":[{"href":"https:\/\/www.port-exclusive.com\/de\/wp-json\/wp\/v2\/product"}],"about":[{"href":"https:\/\/www.port-exclusive.com\/de\/wp-json\/wp\/v2\/types\/product"}],"version-history":[{"count":2,"href":"https:\/\/www.port-exclusive.com\/de\/wp-json\/wp\/v2\/product\/5777\/revisions"}],"predecessor-version":[{"id":6185,"href":"https:\/\/www.port-exclusive.com\/de\/wp-json\/wp\/v2\/product\/5777\/revisions\/6185"}],"wp:featuredmedia":[{"embeddable":true,"href":"https:\/\/www.port-exclusive.com\/de\/wp-json\/wp\/v2\/media\/5781"}],"wp:attachment":[{"href":"https:\/\/www.port-exclusive.com\/de\/wp-json\/wp\/v2\/media?parent=5777"}],"wp:term":[{"taxonomy":"product_brand","embeddable":true,"href":"https:\/\/www.port-exclusive.com\/de\/wp-json\/wp\/v2\/product_brand?post=5777"},{"taxonomy":"product_cat","embeddable":true,"href":"https:\/\/www.port-exclusive.com\/de\/wp-json\/wp\/v2\/product_cat?post=5777"},{"taxonomy":"product_tag","embeddable":true,"href":"https:\/\/www.port-exclusive.com\/de\/wp-json\/wp\/v2\/product_tag?post=5777"}],"curies":[{"name":"wp","href":"https:\/\/api.w.org\/{rel}","templated":true}]}}