{"id":5753,"date":"2020-06-30T18:33:11","date_gmt":"2021-05-12T15:47:43","guid":{"rendered":"https:\/\/www.port-exclusive.com\/product\/dalva-colheita-port-2000\/"},"modified":"2024-06-21T17:48:58","modified_gmt":"2024-06-21T15:48:58","slug":"dalva-colheita-port-2000","status":"publish","type":"product","link":"https:\/\/www.port-exclusive.com\/de\/product\/dalva-colheita-port-2000\/","title":{"rendered":"DALVA Colheita Hafen 2000"},"content":{"rendered":"<p>Feiner Colheita Port aus einem weiteren, 17 Jahre alten Barrique. Reife, frische Aromen von Kirschen und N\u00fcssen. W\u00fcrzig im Mund und einige holzige Noten. Voller Frucht mit Ankl\u00e4ngen von Zimt, Johannisbeeren und N\u00fcssen und einem langen frischen Abgang.<\/p>\n<p>Am Gaumen: In der Nase reif und nussig. Am Gaumen Gew\u00fcrz- und leichte Holznoten. Das reife Kompott mit Noten von Zimt, Johannisbeeren und N\u00fcssen ist im Abgang noch frisch.<\/p>\n<p>Lagerung: An einem k\u00fchlen, dunklen Ort aufrecht lagern. Es entwickelt sich nicht wesentlich in der Flasche. Kann \u00fcber zehn Jahre gelagert werden, ohne an Frische zu verlieren.<\/p>\n<p>Servieren: Leicht gek\u00fchlt, zwischen 12 und 13\u00baC, in einem geeigneten Glas servieren. Geeignet f\u00fcr alle Arten von Desserts, vor allem mit Eiern und N\u00fcssen, Mandeln, Haseln\u00fcssen und Waln\u00fcssen und K\u00e4seplatten zubereitet.<\/p>\n<p>Bewertungen und Preise:<br \/>\n17 Punkte bei Jancis Robinson.<\/p>\n","protected":false},"excerpt":{"rendered":"<p>Feiner Colheita Port aus einem weiteren, 17 Jahre alten Barrique. Reife, frische Aromen von Kirschen und N\u00fcssen. W\u00fcrzig im Mund und einige holzige Noten. Voller Frucht mit Ankl\u00e4ngen von Zimt, Johannisbeeren und N\u00fcssen und einem langen frischen Abgang.<\/p>\n","protected":false},"featured_media":5409,"template":"","meta":{"site-sidebar-layout":"default","site-content-layout":"default","ast-site-content-layout":"default","site-content-style":"default","site-sidebar-style":"default","ast-global-header-display":"","ast-banner-title-visibility":"","ast-main-header-display":"","ast-hfb-above-header-display":"","ast-hfb-below-header-display":"","ast-hfb-mobile-header-display":"","site-post-title":"","ast-breadcrumbs-content":"","ast-featured-img":"","footer-sml-layout":"","ast-disable-related-posts":"","theme-transparent-header-meta":"default","adv-header-id-meta":"","stick-header-meta":"","header-above-stick-meta":"","header-main-stick-meta":"","header-below-stick-meta":"","astra-migrate-meta-layouts":"default","ast-page-background-enabled":"default","ast-page-background-meta":{"desktop":{"background-color":"","background-image":"","background-repeat":"repeat","background-position":"center center","background-size":"auto","background-attachment":"scroll","background-type":"","background-media":"","overlay-type":"","overlay-color":"","overlay-opacity":"","overlay-gradient":""},"tablet":{"background-color":"","background-image":"","background-repeat":"repeat","background-position":"center center","background-size":"auto","background-attachment":"scroll","background-type":"","background-media":"","overlay-type":"","overlay-color":"","overlay-opacity":"","overlay-gradient":""},"mobile":{"background-color":"","background-image":"","background-repeat":"repeat","background-position":"center center","background-size":"auto","background-attachment":"scroll","background-type":"","background-media":"","overlay-type":"","overlay-color":"","overlay-opacity":"","overlay-gradient":""}},"ast-content-background-meta":{"desktop":{"background-color":"var(--ast-global-color-5)","background-image":"","background-repeat":"repeat","background-position":"center center","background-size":"auto","background-attachment":"scroll","background-type":"","background-media":"","overlay-type":"","overlay-color":"","overlay-opacity":"","overlay-gradient":""},"tablet":{"background-color":"var(--ast-global-color-5)","background-image":"","background-repeat":"repeat","background-position":"center center","background-size":"auto","background-attachment":"scroll","background-type":"","background-media":"","overlay-type":"","overlay-color":"","overlay-opacity":"","overlay-gradient":""},"mobile":{"background-color":"var(--ast-global-color-5)","background-image":"","background-repeat":"repeat","background-position":"center center","background-size":"auto","background-attachment":"scroll","background-type":"","background-media":"","overlay-type":"","overlay-color":"","overlay-opacity":"","overlay-gradient":""}}},"product_brand":[],"product_cat":[171,173,156,157],"product_tag":[],"class_list":{"0":"post-5753","1":"product","2":"type-product","3":"status-publish","4":"has-post-thumbnail","6":"product_cat-colheita-de","7":"product_cat-dalva-de","8":"product_cat-portwein","9":"product_cat-quintas-de","10":"desktop-align-left","11":"tablet-align-left","12":"mobile-align-left","13":"ast-product-gallery-layout-horizontal-slider","14":"ast-product-tabs-layout-horizontal","16":"first","17":"instock","18":"taxable","19":"shipping-taxable","20":"purchasable","21":"product-type-simple"},"_links":{"self":[{"href":"https:\/\/www.port-exclusive.com\/de\/wp-json\/wp\/v2\/product\/5753","targetHints":{"allow":["GET"]}}],"collection":[{"href":"https:\/\/www.port-exclusive.com\/de\/wp-json\/wp\/v2\/product"}],"about":[{"href":"https:\/\/www.port-exclusive.com\/de\/wp-json\/wp\/v2\/types\/product"}],"version-history":[{"count":3,"href":"https:\/\/www.port-exclusive.com\/de\/wp-json\/wp\/v2\/product\/5753\/revisions"}],"predecessor-version":[{"id":6564,"href":"https:\/\/www.port-exclusive.com\/de\/wp-json\/wp\/v2\/product\/5753\/revisions\/6564"}],"wp:featuredmedia":[{"embeddable":true,"href":"https:\/\/www.port-exclusive.com\/de\/wp-json\/wp\/v2\/media\/5409"}],"wp:attachment":[{"href":"https:\/\/www.port-exclusive.com\/de\/wp-json\/wp\/v2\/media?parent=5753"}],"wp:term":[{"taxonomy":"product_brand","embeddable":true,"href":"https:\/\/www.port-exclusive.com\/de\/wp-json\/wp\/v2\/product_brand?post=5753"},{"taxonomy":"product_cat","embeddable":true,"href":"https:\/\/www.port-exclusive.com\/de\/wp-json\/wp\/v2\/product_cat?post=5753"},{"taxonomy":"product_tag","embeddable":true,"href":"https:\/\/www.port-exclusive.com\/de\/wp-json\/wp\/v2\/product_tag?post=5753"}],"curies":[{"name":"wp","href":"https:\/\/api.w.org\/{rel}","templated":true}]}}