{"id":5743,"date":"2020-06-30T18:33:11","date_gmt":"2021-05-12T15:46:51","guid":{"rendered":"https:\/\/www.port-exclusive.com\/product\/dalva-colheita-port-2004\/"},"modified":"2023-02-08T11:39:04","modified_gmt":"2023-02-08T10:39:04","slug":"dalva-colheita-port-2004","status":"publish","type":"product","link":"https:\/\/www.port-exclusive.com\/de\/product\/dalva-colheita-port-2004\/","title":{"rendered":"DALVA Colheita Hafen 2004"},"content":{"rendered":"<p>Hellr\u00f6tliche Farbe. Zarte Aromen von roten Fr\u00fcchten, Feigen und Marzipan. Der Geschmack ist komplett mit viel N\u00fcssen, Karamell und einem leichten Tabak bis zum Schluss. Im Mund sp\u00fcrt man die Ausgewogenheit von Aromen wie Karamell, Kaffee und leichten Eichennoten. Der Abgang ist harmonisch und wird den Mund nicht verlassen. Im Laufe der Jahre kann dieser Wein Aromen wie N\u00fcsse und Zimt entwickeln, ohne jedoch seine Frische und urspr\u00fcngliche Eleganz zu verlieren.<\/p>\n<p>Geschmack: Gelbbraune Farbe, mit k\u00f6stlichen Aromen von braunem Zucker und ger\u00f6steten N\u00fcssen. Ausgezeichnete L\u00e4nge im Abgang mit N\u00fcssen und Rosinen.<\/p>\n<p>Lagerung: Aufrecht an einem k\u00fchlen, dunklen Ort. Der Colheita entwickelt sich in der Flasche nicht nennenswert und kann \u00fcber zehn Jahre gelagert werden, ohne seine Frische zu verlieren.<\/p>\n<p>Servieren: Bei warmem Wetter leicht gek\u00fchlt, zwischen 12 und 13\u00b0C, in einem geeigneten Glas servieren. Passt zu allen Arten von Desserts, besonders zu solchen mit Eiern und N\u00fcssen, Mandeln, Haseln\u00fcssen, Waln\u00fcssen &#8230; und K\u00e4seplatte.<\/p>\n","protected":false},"excerpt":{"rendered":"<p>Colheita Port mit einer leicht r\u00f6tlichen Farbe. Zarte Aromen von roten Fr\u00fcchten, Feigen und Marzipan. Der Geschmack ist komplett mit viel N\u00fcssen, Karamell und einem leichten Tabak bis zum Schluss. Im Mund sp\u00fcrt man die Ausgewogenheit von Aromen wie Karamell, Kaffee und leichten Eichennoten. Der Abgang ist harmonisch und wird den Mund nicht verlassen.<\/p>\n","protected":false},"featured_media":5747,"template":"","meta":{"site-sidebar-layout":"default","site-content-layout":"default","ast-site-content-layout":"default","site-content-style":"default","site-sidebar-style":"default","ast-global-header-display":"","ast-banner-title-visibility":"","ast-main-header-display":"","ast-hfb-above-header-display":"","ast-hfb-below-header-display":"","ast-hfb-mobile-header-display":"","site-post-title":"","ast-breadcrumbs-content":"","ast-featured-img":"","footer-sml-layout":"","ast-disable-related-posts":"","theme-transparent-header-meta":"default","adv-header-id-meta":"","stick-header-meta":"","header-above-stick-meta":"","header-main-stick-meta":"","header-below-stick-meta":"","astra-migrate-meta-layouts":"default","ast-page-background-enabled":"default","ast-page-background-meta":{"desktop":{"background-color":"","background-image":"","background-repeat":"repeat","background-position":"center center","background-size":"auto","background-attachment":"scroll","background-type":"","background-media":"","overlay-type":"","overlay-color":"","overlay-opacity":"","overlay-gradient":""},"tablet":{"background-color":"","background-image":"","background-repeat":"repeat","background-position":"center center","background-size":"auto","background-attachment":"scroll","background-type":"","background-media":"","overlay-type":"","overlay-color":"","overlay-opacity":"","overlay-gradient":""},"mobile":{"background-color":"","background-image":"","background-repeat":"repeat","background-position":"center center","background-size":"auto","background-attachment":"scroll","background-type":"","background-media":"","overlay-type":"","overlay-color":"","overlay-opacity":"","overlay-gradient":""}},"ast-content-background-meta":{"desktop":{"background-color":"var(--ast-global-color-5)","background-image":"","background-repeat":"repeat","background-position":"center center","background-size":"auto","background-attachment":"scroll","background-type":"","background-media":"","overlay-type":"","overlay-color":"","overlay-opacity":"","overlay-gradient":""},"tablet":{"background-color":"var(--ast-global-color-5)","background-image":"","background-repeat":"repeat","background-position":"center center","background-size":"auto","background-attachment":"scroll","background-type":"","background-media":"","overlay-type":"","overlay-color":"","overlay-opacity":"","overlay-gradient":""},"mobile":{"background-color":"var(--ast-global-color-5)","background-image":"","background-repeat":"repeat","background-position":"center center","background-size":"auto","background-attachment":"scroll","background-type":"","background-media":"","overlay-type":"","overlay-color":"","overlay-opacity":"","overlay-gradient":""}}},"product_brand":[],"product_cat":[171,173,156,157],"product_tag":[177,175,161],"class_list":{"0":"post-5743","1":"product","2":"type-product","3":"status-publish","4":"has-post-thumbnail","6":"product_cat-colheita-de","7":"product_cat-dalva-de","8":"product_cat-portwein","9":"product_cat-quintas-de","10":"product_tag-colheita-de","11":"product_tag-dalva-de","12":"product_tag-hafen","13":"desktop-align-left","14":"tablet-align-left","15":"mobile-align-left","16":"ast-product-gallery-layout-horizontal-slider","17":"ast-product-tabs-layout-horizontal","19":"first","20":"onbackorder","21":"taxable","22":"shipping-taxable","23":"purchasable","24":"product-type-simple"},"_links":{"self":[{"href":"https:\/\/www.port-exclusive.com\/de\/wp-json\/wp\/v2\/product\/5743","targetHints":{"allow":["GET"]}}],"collection":[{"href":"https:\/\/www.port-exclusive.com\/de\/wp-json\/wp\/v2\/product"}],"about":[{"href":"https:\/\/www.port-exclusive.com\/de\/wp-json\/wp\/v2\/types\/product"}],"version-history":[{"count":2,"href":"https:\/\/www.port-exclusive.com\/de\/wp-json\/wp\/v2\/product\/5743\/revisions"}],"predecessor-version":[{"id":6180,"href":"https:\/\/www.port-exclusive.com\/de\/wp-json\/wp\/v2\/product\/5743\/revisions\/6180"}],"wp:featuredmedia":[{"embeddable":true,"href":"https:\/\/www.port-exclusive.com\/de\/wp-json\/wp\/v2\/media\/5747"}],"wp:attachment":[{"href":"https:\/\/www.port-exclusive.com\/de\/wp-json\/wp\/v2\/media?parent=5743"}],"wp:term":[{"taxonomy":"product_brand","embeddable":true,"href":"https:\/\/www.port-exclusive.com\/de\/wp-json\/wp\/v2\/product_brand?post=5743"},{"taxonomy":"product_cat","embeddable":true,"href":"https:\/\/www.port-exclusive.com\/de\/wp-json\/wp\/v2\/product_cat?post=5743"},{"taxonomy":"product_tag","embeddable":true,"href":"https:\/\/www.port-exclusive.com\/de\/wp-json\/wp\/v2\/product_tag?post=5743"}],"curies":[{"name":"wp","href":"https:\/\/api.w.org\/{rel}","templated":true}]}}