{"id":5729,"date":"2020-06-30T18:33:12","date_gmt":"2021-05-12T15:45:47","guid":{"rendered":"https:\/\/www.port-exclusive.com\/product\/dalva-vintage-port-2012\/"},"modified":"2022-05-18T14:36:17","modified_gmt":"2022-05-18T12:36:17","slug":"dalva-vintage-port-2012","status":"publish","type":"product","link":"https:\/\/www.port-exclusive.com\/de\/product\/dalva-vintage-port-2012\/","title":{"rendered":"DALVA Vintage Portwein 2012"},"content":{"rendered":"<p>Klar und aromatisch mit Kirsche, Himbeere, Gew\u00fcrzen und Paprika in der Nase. Saftig, lebhaft und frisch mit gut artikulierten reifen roten Fr\u00fcchten und einer sch\u00f6nen pikanten Gew\u00fcrzbasis mit etwas W\u00fcrze am Ende. Dieser Vintage Port hat ein enormes Reife- und Aromapotential mit blumigen Noten und roten Fr\u00fcchten. Seidenweich und ein au\u00dfergew\u00f6hnlicher K\u00f6rper.<\/p>\n<p>Lagerung: Flaschen sollten waagerecht an einem k\u00fchlen, dunklen Ort stehen. Reift langsam, entwickelt und verfeinert sich in der Flasche \u00fcber Jahrzehnte.<\/p>\n<p>Servieren: Dekantieren und zwischen 16 und 18 \u00b0C in einem geeigneten Glas servieren. Perfekt, um ihn alleine oder mit Blauschimmelk\u00e4se oder anderen kr\u00e4ftigen und reifen K\u00e4sesorten zu trinken.<\/p>\n","protected":false},"excerpt":{"rendered":"<p>Klar und aromatisch mit Kirsche, Himbeere, Gew\u00fcrzen und Paprika in der Nase. Saftig, lebhaft und frisch mit gut artikulierten reifen roten Fr\u00fcchten und einer sch\u00f6nen pikanten Gew\u00fcrzbasis mit etwas W\u00fcrze am Ende. Dieser Vintage Port hat ein enormes Reife- und Aromapotential mit blumigen Noten und roten Fr\u00fcchten. Seidig glatt und ein au\u00dfergew\u00f6hnlicher K\u00f6rper.<\/p>\n","protected":false},"featured_media":5730,"template":"","meta":{"site-sidebar-layout":"default","site-content-layout":"default","ast-site-content-layout":"default","site-content-style":"default","site-sidebar-style":"default","ast-global-header-display":"","ast-banner-title-visibility":"","ast-main-header-display":"","ast-hfb-above-header-display":"","ast-hfb-below-header-display":"","ast-hfb-mobile-header-display":"","site-post-title":"","ast-breadcrumbs-content":"","ast-featured-img":"","footer-sml-layout":"","ast-disable-related-posts":"","theme-transparent-header-meta":"default","adv-header-id-meta":"","stick-header-meta":"","header-above-stick-meta":"","header-main-stick-meta":"","header-below-stick-meta":"","astra-migrate-meta-layouts":"default","ast-page-background-enabled":"default","ast-page-background-meta":{"desktop":{"background-color":"","background-image":"","background-repeat":"repeat","background-position":"center center","background-size":"auto","background-attachment":"scroll","background-type":"","background-media":"","overlay-type":"","overlay-color":"","overlay-opacity":"","overlay-gradient":""},"tablet":{"background-color":"","background-image":"","background-repeat":"repeat","background-position":"center center","background-size":"auto","background-attachment":"scroll","background-type":"","background-media":"","overlay-type":"","overlay-color":"","overlay-opacity":"","overlay-gradient":""},"mobile":{"background-color":"","background-image":"","background-repeat":"repeat","background-position":"center center","background-size":"auto","background-attachment":"scroll","background-type":"","background-media":"","overlay-type":"","overlay-color":"","overlay-opacity":"","overlay-gradient":""}},"ast-content-background-meta":{"desktop":{"background-color":"var(--ast-global-color-5)","background-image":"","background-repeat":"repeat","background-position":"center center","background-size":"auto","background-attachment":"scroll","background-type":"","background-media":"","overlay-type":"","overlay-color":"","overlay-opacity":"","overlay-gradient":""},"tablet":{"background-color":"var(--ast-global-color-5)","background-image":"","background-repeat":"repeat","background-position":"center center","background-size":"auto","background-attachment":"scroll","background-type":"","background-media":"","overlay-type":"","overlay-color":"","overlay-opacity":"","overlay-gradient":""},"mobile":{"background-color":"var(--ast-global-color-5)","background-image":"","background-repeat":"repeat","background-position":"center center","background-size":"auto","background-attachment":"scroll","background-type":"","background-media":"","overlay-type":"","overlay-color":"","overlay-opacity":"","overlay-gradient":""}}},"product_brand":[],"product_cat":[173,158,156,157],"product_tag":[175,161,176],"class_list":{"0":"post-5729","1":"product","2":"type-product","3":"status-publish","4":"has-post-thumbnail","6":"product_cat-dalva-de","7":"product_cat-jahrgang","8":"product_cat-portwein","9":"product_cat-quintas-de","10":"product_tag-dalva-de","11":"product_tag-hafen","12":"product_tag-jahrgang","13":"desktop-align-left","14":"tablet-align-left","15":"mobile-align-left","16":"ast-product-gallery-layout-horizontal-slider","17":"ast-product-tabs-layout-horizontal","19":"first","20":"instock","21":"taxable","22":"shipping-taxable","23":"purchasable","24":"product-type-simple"},"_links":{"self":[{"href":"https:\/\/www.port-exclusive.com\/de\/wp-json\/wp\/v2\/product\/5729","targetHints":{"allow":["GET"]}}],"collection":[{"href":"https:\/\/www.port-exclusive.com\/de\/wp-json\/wp\/v2\/product"}],"about":[{"href":"https:\/\/www.port-exclusive.com\/de\/wp-json\/wp\/v2\/types\/product"}],"version-history":[{"count":2,"href":"https:\/\/www.port-exclusive.com\/de\/wp-json\/wp\/v2\/product\/5729\/revisions"}],"predecessor-version":[{"id":6434,"href":"https:\/\/www.port-exclusive.com\/de\/wp-json\/wp\/v2\/product\/5729\/revisions\/6434"}],"wp:featuredmedia":[{"embeddable":true,"href":"https:\/\/www.port-exclusive.com\/de\/wp-json\/wp\/v2\/media\/5730"}],"wp:attachment":[{"href":"https:\/\/www.port-exclusive.com\/de\/wp-json\/wp\/v2\/media?parent=5729"}],"wp:term":[{"taxonomy":"product_brand","embeddable":true,"href":"https:\/\/www.port-exclusive.com\/de\/wp-json\/wp\/v2\/product_brand?post=5729"},{"taxonomy":"product_cat","embeddable":true,"href":"https:\/\/www.port-exclusive.com\/de\/wp-json\/wp\/v2\/product_cat?post=5729"},{"taxonomy":"product_tag","embeddable":true,"href":"https:\/\/www.port-exclusive.com\/de\/wp-json\/wp\/v2\/product_tag?post=5729"}],"curies":[{"name":"wp","href":"https:\/\/api.w.org\/{rel}","templated":true}]}}