{"id":5727,"date":"2020-06-30T18:33:13","date_gmt":"2020-06-30T16:33:13","guid":{"rendered":"https:\/\/www.port-exclusive.com\/product\/dalva-late-bottled-vintage-port-2012\/"},"modified":"2026-03-01T17:42:32","modified_gmt":"2026-03-01T16:42:32","slug":"dalva-spater-abgefullter-vintage-port-2015","status":"publish","type":"product","link":"https:\/\/www.port-exclusive.com\/de\/product\/dalva-spater-abgefullter-vintage-port-2015\/","title":{"rendered":"DALVA Sp\u00e4tabgef\u00fcllter Vintage Port 2017"},"content":{"rendered":"<p>Dieser Portwein war als Vintage Portwein gedacht, wurde aber ca. 4 bis 6 Jahre in Holzf\u00e4ssern gelagert. Als Ergebnis dieser langen Alterung hat Late Bottled Vintage (LBV) mehr Holzaromen als Vintage Portweine.<\/p>\n<p>Der Dalva LBV 2017 Port hat ein sehr gutes Preis-Leistungs-Verh\u00e4ltnis und kann sofort ohne Dekantieren getrunken werden.<\/p>\n<p>Im Geschmack: \u00dcberschw\u00e4nglich fruchtig: Himbeeren, Brombeeren, Waldbeeren. Vollmundig, w\u00fcrzig und frisch mit einem anhaltenden Nachgeschmack.<\/p>\n<p>Lagerung: An einem k\u00fchlen, dunklen Ort aufrecht lagern. Es entwickelt sich sehr langsam in der Flasche und ist mehrere Jahre lagerf\u00e4hig.<\/p>\n<p>Servieren: zwischen 16 und 18\u00baC. Perfekt zum Trinken allein oder zu kr\u00e4ftigen K\u00e4sesorten und Desserts auf Basis von Waldbeeren oder dunkler Schokolade.<\/p>\n<p>Verkostungsnotizen:<br \/>\nWineAlign: Mittlere und intensive Aromen und Frucht von Anfang an mit Pflaumen, Feigen und Fruchtnoten.<\/p>\n<p>16 pts Revista de Vinhos: \u00fcberschw\u00e4nglich fruchtig: Himbeeren, Brombeeren, Waldbeeren. Vollmundig, w\u00fcrzig und frisch mit einem anhaltenden Nachgeschmack.<\/p>\n<p>Port Forum: Tiefrot mit scharlachroten statt violetten T\u00f6nen; mittelbreiter Rand. Weich und dezent in der Nase mit weichen, reifen Fr\u00fcchten. Am Gaumen k\u00f6stlich umh\u00fcllende Frucht, s\u00fc\u00dfe schwarze Johannisbeere und ein Hauch von Zistrose. Die sch\u00f6ne florale Komplexit\u00e4t gleicht die griffigen Tannine gut aus. Im Abgang gibt es eine leichte S\u00e4ure vor dem langen, z\u00e4hen schwarzen Johannisbeer-Finish. 90\/100.<\/p>\n<p>Bewertungen und Auszeichnungen:<br \/>\n16 Punkte in Revista de Vinhos<br \/>\nSilbermedaille Decanter World Wine Awards 2015<br \/>\nSilbermedaille International Wine &amp; Spirit Competition 2015<br \/>\nSilbermedaille International Wine Challenge 2015<br \/>\nSilbermedaille Japan Wine Challenge 2009<br \/>\nBacchus De Oro Concurso Internacional de Vinos Madrid 2004<\/p>\n","protected":false},"excerpt":{"rendered":"<p>\u00dcberschw\u00e4nglich fruchtig: Himbeeren, Brombeeren, Waldbeeren. Vollmundig, w\u00fcrzig und frisch mit einem anhaltenden Nachgeschmack.<\/p>\n","protected":false},"featured_media":5405,"template":"","meta":{"site-sidebar-layout":"default","site-content-layout":"default","ast-site-content-layout":"default","site-content-style":"default","site-sidebar-style":"default","ast-global-header-display":"","ast-banner-title-visibility":"","ast-main-header-display":"","ast-hfb-above-header-display":"","ast-hfb-below-header-display":"","ast-hfb-mobile-header-display":"","site-post-title":"","ast-breadcrumbs-content":"","ast-featured-img":"","footer-sml-layout":"","ast-disable-related-posts":"","theme-transparent-header-meta":"default","adv-header-id-meta":"","stick-header-meta":"","header-above-stick-meta":"","header-main-stick-meta":"","header-below-stick-meta":"","astra-migrate-meta-layouts":"default","ast-page-background-enabled":"default","ast-page-background-meta":{"desktop":{"background-color":"","background-image":"","background-repeat":"repeat","background-position":"center center","background-size":"auto","background-attachment":"scroll","background-type":"","background-media":"","overlay-type":"","overlay-color":"","overlay-opacity":"","overlay-gradient":""},"tablet":{"background-color":"","background-image":"","background-repeat":"repeat","background-position":"center center","background-size":"auto","background-attachment":"scroll","background-type":"","background-media":"","overlay-type":"","overlay-color":"","overlay-opacity":"","overlay-gradient":""},"mobile":{"background-color":"","background-image":"","background-repeat":"repeat","background-position":"center center","background-size":"auto","background-attachment":"scroll","background-type":"","background-media":"","overlay-type":"","overlay-color":"","overlay-opacity":"","overlay-gradient":""}},"ast-content-background-meta":{"desktop":{"background-color":"var(--ast-global-color-5)","background-image":"","background-repeat":"repeat","background-position":"center center","background-size":"auto","background-attachment":"scroll","background-type":"","background-media":"","overlay-type":"","overlay-color":"","overlay-opacity":"","overlay-gradient":""},"tablet":{"background-color":"var(--ast-global-color-5)","background-image":"","background-repeat":"repeat","background-position":"center center","background-size":"auto","background-attachment":"scroll","background-type":"","background-media":"","overlay-type":"","overlay-color":"","overlay-opacity":"","overlay-gradient":""},"mobile":{"background-color":"var(--ast-global-color-5)","background-image":"","background-repeat":"repeat","background-position":"center center","background-size":"auto","background-attachment":"scroll","background-type":"","background-media":"","overlay-type":"","overlay-color":"","overlay-opacity":"","overlay-gradient":""}}},"product_brand":[],"product_cat":[173,174,156,157],"product_tag":[],"class_list":{"0":"post-5727","1":"product","2":"type-product","3":"status-publish","4":"has-post-thumbnail","6":"product_cat-dalva-de","7":"product_cat-late-bottled-vintage-de","8":"product_cat-portwein","9":"product_cat-quintas-de","10":"desktop-align-left","11":"tablet-align-left","12":"mobile-align-left","13":"ast-product-gallery-layout-horizontal-slider","14":"ast-product-tabs-layout-horizontal","16":"first","17":"instock","18":"taxable","19":"shipping-taxable","20":"purchasable","21":"product-type-simple"},"_links":{"self":[{"href":"https:\/\/www.port-exclusive.com\/de\/wp-json\/wp\/v2\/product\/5727","targetHints":{"allow":["GET"]}}],"collection":[{"href":"https:\/\/www.port-exclusive.com\/de\/wp-json\/wp\/v2\/product"}],"about":[{"href":"https:\/\/www.port-exclusive.com\/de\/wp-json\/wp\/v2\/types\/product"}],"version-history":[{"count":6,"href":"https:\/\/www.port-exclusive.com\/de\/wp-json\/wp\/v2\/product\/5727\/revisions"}],"predecessor-version":[{"id":6870,"href":"https:\/\/www.port-exclusive.com\/de\/wp-json\/wp\/v2\/product\/5727\/revisions\/6870"}],"wp:featuredmedia":[{"embeddable":true,"href":"https:\/\/www.port-exclusive.com\/de\/wp-json\/wp\/v2\/media\/5405"}],"wp:attachment":[{"href":"https:\/\/www.port-exclusive.com\/de\/wp-json\/wp\/v2\/media?parent=5727"}],"wp:term":[{"taxonomy":"product_brand","embeddable":true,"href":"https:\/\/www.port-exclusive.com\/de\/wp-json\/wp\/v2\/product_brand?post=5727"},{"taxonomy":"product_cat","embeddable":true,"href":"https:\/\/www.port-exclusive.com\/de\/wp-json\/wp\/v2\/product_cat?post=5727"},{"taxonomy":"product_tag","embeddable":true,"href":"https:\/\/www.port-exclusive.com\/de\/wp-json\/wp\/v2\/product_tag?post=5727"}],"curies":[{"name":"wp","href":"https:\/\/api.w.org\/{rel}","templated":true}]}}