{"id":5704,"date":"2020-06-30T18:33:14","date_gmt":"2021-05-12T15:43:12","guid":{"rendered":"https:\/\/www.port-exclusive.com\/product\/quinta-do-infantado-colheita-2007\/"},"modified":"2023-03-31T10:49:53","modified_gmt":"2023-03-31T08:49:53","slug":"qdi-colheita-2010","status":"publish","type":"product","link":"https:\/\/www.port-exclusive.com\/de\/product\/qdi-colheita-2010\/","title":{"rendered":"Quinta do Infantado Colheita 2010"},"content":{"rendered":"<p>Das Besondere an den Portweinen von Quinta do Infantado ist, dass sie \u00fcberwiegend weniger s\u00fc\u00df sind als die Portweine anderer Marken. Dies gibt ihnen mehr Kraft im Geschmack, der nicht durch den S\u00fc\u00dfegehalt getr\u00fcbt wird. Die Portweine von Quinta do Infantado haben daher die Geschmacksbeschreibung mitteltrocken.<\/p>\n<p>Portwein aus einem einzigen Jahrgang. Der Jahrgang ist immer auf dem Etikett angegeben. Der Infantado Colheita wird jetzt zum Trinken abgef\u00fcllt. Der Portwein ist trockener, da die Quinta 30% weniger Brandy verwendet als andere Hersteller. Der Colheita bringt eine weiche, trockene Eleganz in den Mund. Weiche N\u00fcsse und Rosinen mit einem sehr trockenen Abgang.<\/p>\n","protected":false},"excerpt":{"rendered":"<p>Der Infantado Colheita wird jetzt zum Trinken abgef\u00fcllt. Der Portwein ist trockener, da die Quinta 30% weniger Brandy verwendet als andere Hersteller. Der Colheita bringt eine weiche, trockene Eleganz in den Mund. Weiche N\u00fcsse und Rosinen mit einem sehr trockenen Abgang.<\/p>\n","protected":false},"featured_media":5401,"template":"","meta":{"site-sidebar-layout":"default","site-content-layout":"default","ast-site-content-layout":"default","site-content-style":"default","site-sidebar-style":"default","ast-global-header-display":"","ast-banner-title-visibility":"","ast-main-header-display":"","ast-hfb-above-header-display":"","ast-hfb-below-header-display":"","ast-hfb-mobile-header-display":"","site-post-title":"","ast-breadcrumbs-content":"","ast-featured-img":"","footer-sml-layout":"","ast-disable-related-posts":"","theme-transparent-header-meta":"default","adv-header-id-meta":"","stick-header-meta":"","header-above-stick-meta":"","header-main-stick-meta":"","header-below-stick-meta":"","astra-migrate-meta-layouts":"default","ast-page-background-enabled":"default","ast-page-background-meta":{"desktop":{"background-color":"","background-image":"","background-repeat":"repeat","background-position":"center center","background-size":"auto","background-attachment":"scroll","background-type":"","background-media":"","overlay-type":"","overlay-color":"","overlay-opacity":"","overlay-gradient":""},"tablet":{"background-color":"","background-image":"","background-repeat":"repeat","background-position":"center center","background-size":"auto","background-attachment":"scroll","background-type":"","background-media":"","overlay-type":"","overlay-color":"","overlay-opacity":"","overlay-gradient":""},"mobile":{"background-color":"","background-image":"","background-repeat":"repeat","background-position":"center center","background-size":"auto","background-attachment":"scroll","background-type":"","background-media":"","overlay-type":"","overlay-color":"","overlay-opacity":"","overlay-gradient":""}},"ast-content-background-meta":{"desktop":{"background-color":"var(--ast-global-color-5)","background-image":"","background-repeat":"repeat","background-position":"center center","background-size":"auto","background-attachment":"scroll","background-type":"","background-media":"","overlay-type":"","overlay-color":"","overlay-opacity":"","overlay-gradient":""},"tablet":{"background-color":"var(--ast-global-color-5)","background-image":"","background-repeat":"repeat","background-position":"center center","background-size":"auto","background-attachment":"scroll","background-type":"","background-media":"","overlay-type":"","overlay-color":"","overlay-opacity":"","overlay-gradient":""},"mobile":{"background-color":"var(--ast-global-color-5)","background-image":"","background-repeat":"repeat","background-position":"center center","background-size":"auto","background-attachment":"scroll","background-type":"","background-media":"","overlay-type":"","overlay-color":"","overlay-opacity":"","overlay-gradient":""}}},"product_brand":[],"product_cat":[171,156,172,157],"product_tag":[],"class_list":{"0":"post-5704","1":"product","2":"type-product","3":"status-publish","4":"has-post-thumbnail","6":"product_cat-colheita-de","7":"product_cat-portwein","8":"product_cat-quinta-do-infantado-de","9":"product_cat-quintas-de","10":"desktop-align-left","11":"tablet-align-left","12":"mobile-align-left","13":"ast-product-gallery-layout-horizontal-slider","14":"ast-product-tabs-layout-horizontal","16":"first","17":"instock","18":"taxable","19":"shipping-taxable","20":"purchasable","21":"product-type-simple"},"_links":{"self":[{"href":"https:\/\/www.port-exclusive.com\/de\/wp-json\/wp\/v2\/product\/5704","targetHints":{"allow":["GET"]}}],"collection":[{"href":"https:\/\/www.port-exclusive.com\/de\/wp-json\/wp\/v2\/product"}],"about":[{"href":"https:\/\/www.port-exclusive.com\/de\/wp-json\/wp\/v2\/types\/product"}],"version-history":[{"count":4,"href":"https:\/\/www.port-exclusive.com\/de\/wp-json\/wp\/v2\/product\/5704\/revisions"}],"predecessor-version":[{"id":6264,"href":"https:\/\/www.port-exclusive.com\/de\/wp-json\/wp\/v2\/product\/5704\/revisions\/6264"}],"wp:featuredmedia":[{"embeddable":true,"href":"https:\/\/www.port-exclusive.com\/de\/wp-json\/wp\/v2\/media\/5401"}],"wp:attachment":[{"href":"https:\/\/www.port-exclusive.com\/de\/wp-json\/wp\/v2\/media?parent=5704"}],"wp:term":[{"taxonomy":"product_brand","embeddable":true,"href":"https:\/\/www.port-exclusive.com\/de\/wp-json\/wp\/v2\/product_brand?post=5704"},{"taxonomy":"product_cat","embeddable":true,"href":"https:\/\/www.port-exclusive.com\/de\/wp-json\/wp\/v2\/product_cat?post=5704"},{"taxonomy":"product_tag","embeddable":true,"href":"https:\/\/www.port-exclusive.com\/de\/wp-json\/wp\/v2\/product_tag?post=5704"}],"curies":[{"name":"wp","href":"https:\/\/api.w.org\/{rel}","templated":true}]}}