{"id":5702,"date":"2020-06-30T18:33:13","date_gmt":"2021-05-12T15:42:43","guid":{"rendered":"https:\/\/www.port-exclusive.com\/product\/presidential-vintage-port-2011\/"},"modified":"2021-05-14T16:16:59","modified_gmt":"2021-05-14T14:16:59","slug":"presidential-vintage-port-2011","status":"publish","type":"product","link":"https:\/\/www.port-exclusive.com\/de\/product\/presidential-vintage-port-2011\/","title":{"rendered":"Presidential Vintage Port 2011"},"content":{"rendered":"<p>Dieser Vintage Port wird haupts\u00e4chlich aus Touriga Nacional-Trauben hergestellt, die mit Vinhas Velhas-Trauben gemischt sind, was ihm eine gewisse Komplexit\u00e4t und Pers\u00f6nlichkeit verleiht. Die Trauben f\u00fcr diesen Wein wurden in Weinbergen am s\u00fcdlichen Ufer des Flusses Douro mit dem besten Wein des Jahres geerntet. Der Winzer Jos\u00e9 Manuel Sousa Soares war begeistert von der Reifung der roten Rebsorten, die eine gute Farbe und den h\u00f6chsten Tanningehalt bieten, den er je in seiner 24-j\u00e4hrigen Erfahrung probiert hat. Die Ernte war jedoch verfr\u00fcht, da sich der Gehalt an Phenolverbindungen zwei Wochen vor dem \u00fcblichen Wert entwickelt hatte, was bedeutet, dass es in Bezug auf Zucker und aromatische Verbindungen zu fr\u00fch war. Infolgedessen erhielt dieser Wein eine komplexe Farbe und Tannine mit gro\u00dfer Best\u00e4ndigkeit und reifen Fruchtaromen. Presidential Vintage 2011 Port hat nach zweij\u00e4hriger Reifung und Entwicklung ein gro\u00dfes aromatisches Potenzial erreicht, das es erm\u00f6glicht, Blumen- und Beerenaromen zu erleben. Dieser 2011er Jahrgang hat eine sehr begrenzte Produktion.<\/p>\n<p>Geschmacksnoten:<br \/>\nReich an Farbe und Tanninen zeigen sich am besten in erstaunlicher Persistenz und reifen Fruchtaromen. Es bietet eine enorme Alterung und ein aromatisches Potenzial mit floralen Noten und roten Fr\u00fcchten. Au\u00dfergew\u00f6hnlicher K\u00f6rper und seidige Struktur der Tannine, die zu einem langen und \u00fcppigen Geschmack f\u00fchren. In den Duftnoten von N\u00fcssen und kandierten Fr\u00fcchten. In Geschmacksfacetten von Rosinen, schwarzen Fr\u00fcchten und Honig. Der intensive reife und weiche Geschmack, die Tannine und die S\u00fc\u00dfe bilden zusammen ein harmonisches Ganzes dieses Hafens.<\/p>\n<p>Lagerung und Servieren: Dekantieren und zwischen 16 und 18 \u00b0 C in einem geeigneten Glas servieren. Perfekt zum Trinken alleine oder mit Blauschimmelk\u00e4se oder anderen starken und reifen K\u00e4sesorten.<\/p>\n<p>Bewertungen und Auszeichnungen:<br \/>\n92 Punkte Roy Hersh;<br \/>\n16,5 Punkte Jancis Robinson.<br \/>\nWeinliebhaber 90 Punkte: &#8222;So reif, reich und s\u00e4urehaltig, ist dies bereits ein attraktiver Wein, das R\u00fcckgrat der Tannine nimmt einen samtigen Rand an, parf\u00fcmiert, reif und saftig, schwarze Fr\u00fcchte kommen stark, voller S\u00fc\u00dfe durch mittelfristig eine Zukunft haben. &#8220;<br \/>\nJames Suckling 90 Punkte: &#8222;Heller Frucht- und Mineralcharakter, mittlerer bis voller K\u00f6rper, mittel s\u00fc\u00df, feste Tannine und ein z\u00e4her Abgang.&#8220; Vorerst sehr gut gemacht, besser nach 2018. &#8220;<br \/>\nRobert Parker 89: Der Gaumen ist beim Eintritt weich und fleischig. Dies ist definitiv ein zug\u00e4nglicherer, ziemlich schmackhafter Vintage Port mit einem angenehmen, korpulenten, w\u00fcrzigen Schimmer, der etwas zu schnell verschwindet.<\/p>\n","protected":false},"excerpt":{"rendered":"<p>Dieser Vintage Port ist reich an Farben und Tanninen und zeigt das Beste an erstaunlicher Persistenz und reifen Fruchtaromen. Es bietet eine enorme Alterung und ein aromatisches Potenzial mit floralen Noten und roten Fr\u00fcchten. Au\u00dfergew\u00f6hnlicher K\u00f6rper und seidige Struktur der Tannine, die zu einem langen und \u00fcppigen Geschmack f\u00fchren.<\/p>\n","protected":false},"featured_media":5263,"template":"","meta":{"site-sidebar-layout":"default","site-content-layout":"default","ast-site-content-layout":"default","site-content-style":"default","site-sidebar-style":"default","ast-global-header-display":"","ast-banner-title-visibility":"","ast-main-header-display":"","ast-hfb-above-header-display":"","ast-hfb-below-header-display":"","ast-hfb-mobile-header-display":"","site-post-title":"","ast-breadcrumbs-content":"","ast-featured-img":"","footer-sml-layout":"","ast-disable-related-posts":"","theme-transparent-header-meta":"default","adv-header-id-meta":"","stick-header-meta":"","header-above-stick-meta":"","header-main-stick-meta":"","header-below-stick-meta":"","astra-migrate-meta-layouts":"default","ast-page-background-enabled":"default","ast-page-background-meta":{"desktop":{"background-color":"","background-image":"","background-repeat":"repeat","background-position":"center center","background-size":"auto","background-attachment":"scroll","background-type":"","background-media":"","overlay-type":"","overlay-color":"","overlay-opacity":"","overlay-gradient":""},"tablet":{"background-color":"","background-image":"","background-repeat":"repeat","background-position":"center center","background-size":"auto","background-attachment":"scroll","background-type":"","background-media":"","overlay-type":"","overlay-color":"","overlay-opacity":"","overlay-gradient":""},"mobile":{"background-color":"","background-image":"","background-repeat":"repeat","background-position":"center center","background-size":"auto","background-attachment":"scroll","background-type":"","background-media":"","overlay-type":"","overlay-color":"","overlay-opacity":"","overlay-gradient":""}},"ast-content-background-meta":{"desktop":{"background-color":"var(--ast-global-color-5)","background-image":"","background-repeat":"repeat","background-position":"center center","background-size":"auto","background-attachment":"scroll","background-type":"","background-media":"","overlay-type":"","overlay-color":"","overlay-opacity":"","overlay-gradient":""},"tablet":{"background-color":"var(--ast-global-color-5)","background-image":"","background-repeat":"repeat","background-position":"center center","background-size":"auto","background-attachment":"scroll","background-type":"","background-media":"","overlay-type":"","overlay-color":"","overlay-opacity":"","overlay-gradient":""},"mobile":{"background-color":"var(--ast-global-color-5)","background-image":"","background-repeat":"repeat","background-position":"center center","background-size":"auto","background-attachment":"scroll","background-type":"","background-media":"","overlay-type":"","overlay-color":"","overlay-opacity":"","overlay-gradient":""}}},"product_brand":[],"product_cat":[158,156,170,157],"product_tag":[],"class_list":{"0":"post-5702","1":"product","2":"type-product","3":"status-publish","4":"has-post-thumbnail","6":"product_cat-jahrgang","7":"product_cat-portwein","8":"product_cat-prasident","9":"product_cat-quintas-de","10":"desktop-align-left","11":"tablet-align-left","12":"mobile-align-left","13":"ast-product-gallery-layout-horizontal-slider","14":"ast-product-gallery-with-no-image","15":"ast-product-tabs-layout-horizontal","17":"first","18":"instock","19":"taxable","20":"shipping-taxable","21":"purchasable","22":"product-type-simple"},"_links":{"self":[{"href":"https:\/\/www.port-exclusive.com\/de\/wp-json\/wp\/v2\/product\/5702","targetHints":{"allow":["GET"]}}],"collection":[{"href":"https:\/\/www.port-exclusive.com\/de\/wp-json\/wp\/v2\/product"}],"about":[{"href":"https:\/\/www.port-exclusive.com\/de\/wp-json\/wp\/v2\/types\/product"}],"version-history":[{"count":2,"href":"https:\/\/www.port-exclusive.com\/de\/wp-json\/wp\/v2\/product\/5702\/revisions"}],"predecessor-version":[{"id":6067,"href":"https:\/\/www.port-exclusive.com\/de\/wp-json\/wp\/v2\/product\/5702\/revisions\/6067"}],"wp:featuredmedia":[{"embeddable":true,"href":"https:\/\/www.port-exclusive.com\/de\/wp-json\/wp\/v2\/media\/5263"}],"wp:attachment":[{"href":"https:\/\/www.port-exclusive.com\/de\/wp-json\/wp\/v2\/media?parent=5702"}],"wp:term":[{"taxonomy":"product_brand","embeddable":true,"href":"https:\/\/www.port-exclusive.com\/de\/wp-json\/wp\/v2\/product_brand?post=5702"},{"taxonomy":"product_cat","embeddable":true,"href":"https:\/\/www.port-exclusive.com\/de\/wp-json\/wp\/v2\/product_cat?post=5702"},{"taxonomy":"product_tag","embeddable":true,"href":"https:\/\/www.port-exclusive.com\/de\/wp-json\/wp\/v2\/product_tag?post=5702"}],"curies":[{"name":"wp","href":"https:\/\/api.w.org\/{rel}","templated":true}]}}