{"id":5696,"date":"2020-06-30T18:33:16","date_gmt":"2021-05-12T15:37:07","guid":{"rendered":"https:\/\/www.port-exclusive.com\/product\/fonseca-vintage-port-2004\/"},"modified":"2021-05-14T15:27:59","modified_gmt":"2021-05-14T13:27:59","slug":"fonseca-vintage-port-2004-2","status":"publish","type":"product","link":"https:\/\/www.port-exclusive.com\/de\/product\/fonseca-vintage-port-2004-2\/","title":{"rendered":"Fonseca Vintage Port 2004"},"content":{"rendered":"<p>Die frischen, berauschenden Aromen von Brombeeren werden durch eine wunderbar aromatische, duftende Qualit\u00e4t verst\u00e4rkt. Eine enorme Menge an Tiefe und R\u00fcckgrat f\u00fcr diesen fein abgestimmten Port. Alles ist in Harmonie und perfekter Balance. Die Aromen von dunklen Beerenfr\u00fcchten verbinden sich wunderbar mit den Tanninen und lassen den Mund nach mehr verlangen. Ein sehr guter Wein.<\/p>\n<p>Lagerung: Flaschen sollten horizontal an einem k\u00fchlen, dunklen Ort liegen. Reift langsam, entwickelt und verfeinert sich jahrzehntelang in der Flasche.<\/p>\n<p>Servieren: Dekantieren und zwischen 16 und 18 \u00b0 C in einem geeigneten Glas servieren. Waln\u00fcsse sind eine hervorragende Erg\u00e4nzung zu Vintage Port, ebenso wie verschiedene K\u00e4sesorten wie Stilton und Dorset Blue Vinny. So sind getrocknete Fr\u00fcchte wie Aprikosen oder Feigen. Oder genie\u00dfen Sie einfach den unverf\u00e4lschten Geschmack in einem guten Glas in guter Gesellschaft.<\/p>\n<p>Geschmacksnoten:<br \/>\nJames Suckling November 2007 &#8211; 90 Punkte: &#8222;Shows voller zerquetschter Beeren und eines feuchten Erdcharakters, voll, weich und samtig, mit viel Brombeer-, Lakritz- und Mineralcharakter, einem gro\u00dfz\u00fcgigen fruchtigen Stil, sehr s\u00fc\u00df.&#8220;<br \/>\nDer junge Port zeigt eine gute Struktur mit sehr frischen Beerenaromen, die sich aus der k\u00fchleren als der normalen Reifezeit ergeben. Granatfarbe mit sich langsam bildenden Beinen und Aromen von Brombeeren und Pflaumen. Ganzk\u00f6rper. Fleischige Textur mit langem Abgang &#8211; Dunkel, fast schwarz, viskos. Eine Menge Obst.<\/p>\n<p>Bewertungen und Preise:<br \/>\n90 Punkte im Wine Spectator Magazine;<br \/>\n87 Punkte im Wine &amp; Spirits Magazine.<\/p>\n","protected":false},"excerpt":{"rendered":"<p>Die frischen, berauschenden Aromen von Brombeeren werden durch eine wunderbar aromatische, duftende Qualit\u00e4t verst\u00e4rkt. Enorme Tiefe und R\u00fcckgrat f\u00fcr diesen fein abgestimmten Port.<\/p>\n","protected":false},"featured_media":5254,"template":"","meta":{"site-sidebar-layout":"default","site-content-layout":"default","ast-site-content-layout":"default","site-content-style":"default","site-sidebar-style":"default","ast-global-header-display":"","ast-banner-title-visibility":"","ast-main-header-display":"","ast-hfb-above-header-display":"","ast-hfb-below-header-display":"","ast-hfb-mobile-header-display":"","site-post-title":"","ast-breadcrumbs-content":"","ast-featured-img":"","footer-sml-layout":"","ast-disable-related-posts":"","theme-transparent-header-meta":"default","adv-header-id-meta":"","stick-header-meta":"","header-above-stick-meta":"","header-main-stick-meta":"","header-below-stick-meta":"","astra-migrate-meta-layouts":"default","ast-page-background-enabled":"default","ast-page-background-meta":{"desktop":{"background-color":"","background-image":"","background-repeat":"repeat","background-position":"center center","background-size":"auto","background-attachment":"scroll","background-type":"","background-media":"","overlay-type":"","overlay-color":"","overlay-opacity":"","overlay-gradient":""},"tablet":{"background-color":"","background-image":"","background-repeat":"repeat","background-position":"center center","background-size":"auto","background-attachment":"scroll","background-type":"","background-media":"","overlay-type":"","overlay-color":"","overlay-opacity":"","overlay-gradient":""},"mobile":{"background-color":"","background-image":"","background-repeat":"repeat","background-position":"center center","background-size":"auto","background-attachment":"scroll","background-type":"","background-media":"","overlay-type":"","overlay-color":"","overlay-opacity":"","overlay-gradient":""}},"ast-content-background-meta":{"desktop":{"background-color":"var(--ast-global-color-5)","background-image":"","background-repeat":"repeat","background-position":"center center","background-size":"auto","background-attachment":"scroll","background-type":"","background-media":"","overlay-type":"","overlay-color":"","overlay-opacity":"","overlay-gradient":""},"tablet":{"background-color":"var(--ast-global-color-5)","background-image":"","background-repeat":"repeat","background-position":"center center","background-size":"auto","background-attachment":"scroll","background-type":"","background-media":"","overlay-type":"","overlay-color":"","overlay-opacity":"","overlay-gradient":""},"mobile":{"background-color":"var(--ast-global-color-5)","background-image":"","background-repeat":"repeat","background-position":"center center","background-size":"auto","background-attachment":"scroll","background-type":"","background-media":"","overlay-type":"","overlay-color":"","overlay-opacity":"","overlay-gradient":""}}},"product_brand":[],"product_cat":[169,158,156,157],"product_tag":[],"class_list":{"0":"post-5696","1":"product","2":"type-product","3":"status-publish","4":"has-post-thumbnail","6":"product_cat-fonseca-de","7":"product_cat-jahrgang","8":"product_cat-portwein","9":"product_cat-quintas-de","10":"desktop-align-left","11":"tablet-align-left","12":"mobile-align-left","13":"ast-product-gallery-layout-horizontal-slider","14":"ast-product-gallery-with-no-image","15":"ast-product-tabs-layout-horizontal","17":"first","18":"instock","19":"taxable","20":"shipping-taxable","21":"purchasable","22":"product-type-simple"},"_links":{"self":[{"href":"https:\/\/www.port-exclusive.com\/de\/wp-json\/wp\/v2\/product\/5696","targetHints":{"allow":["GET"]}}],"collection":[{"href":"https:\/\/www.port-exclusive.com\/de\/wp-json\/wp\/v2\/product"}],"about":[{"href":"https:\/\/www.port-exclusive.com\/de\/wp-json\/wp\/v2\/types\/product"}],"version-history":[{"count":1,"href":"https:\/\/www.port-exclusive.com\/de\/wp-json\/wp\/v2\/product\/5696\/revisions"}],"predecessor-version":[{"id":6052,"href":"https:\/\/www.port-exclusive.com\/de\/wp-json\/wp\/v2\/product\/5696\/revisions\/6052"}],"wp:featuredmedia":[{"embeddable":true,"href":"https:\/\/www.port-exclusive.com\/de\/wp-json\/wp\/v2\/media\/5254"}],"wp:attachment":[{"href":"https:\/\/www.port-exclusive.com\/de\/wp-json\/wp\/v2\/media?parent=5696"}],"wp:term":[{"taxonomy":"product_brand","embeddable":true,"href":"https:\/\/www.port-exclusive.com\/de\/wp-json\/wp\/v2\/product_brand?post=5696"},{"taxonomy":"product_cat","embeddable":true,"href":"https:\/\/www.port-exclusive.com\/de\/wp-json\/wp\/v2\/product_cat?post=5696"},{"taxonomy":"product_tag","embeddable":true,"href":"https:\/\/www.port-exclusive.com\/de\/wp-json\/wp\/v2\/product_tag?post=5696"}],"curies":[{"name":"wp","href":"https:\/\/api.w.org\/{rel}","templated":true}]}}