{"id":5694,"date":"2020-06-30T18:33:16","date_gmt":"2021-05-12T15:36:48","guid":{"rendered":"https:\/\/www.port-exclusive.com\/product\/fonseca-quinta-do-panascal-vintage-port-2008\/"},"modified":"2022-05-22T11:36:05","modified_gmt":"2022-05-22T09:36:05","slug":"fonseca-quinta-do-panascal-vintage-port-2008","status":"publish","type":"product","link":"https:\/\/www.port-exclusive.com\/de\/product\/fonseca-quinta-do-panascal-vintage-port-2008\/","title":{"rendered":"Fonseca Quinta do Panascal Vintage Port 2008"},"content":{"rendered":"<p>Quinta do Panascal ist eine Quinta der Kategorie A im Herzen des Tavora-Tals in der Region Cima Corgo im Douro. Die Quinta f\u00fchrte von 1987 bis 1995 ein ehrgeiziges Pflanzprogramm durch und ist heute eine der gr\u00f6\u00dften Quintas im Douro-Tal, die Portwein von h\u00f6chster Qualit\u00e4t produziert. Die Entscheidung, einen Quinta do Panascal Vintage abzuf\u00fcllen, wird getroffen, wenn der Wein als von au\u00dfergew\u00f6hnlicher Qualit\u00e4t beurteilt wird. Der Vintage Port von Fonseca verbringt zwei Jahre in Holzf\u00e4ssern, bevor er in Flaschen abgef\u00fcllt wird. Nach der Abf\u00fcllung wird der Wein jedoch erst nach 10 Jahren Reifung in den Kellern von Fonseca freigegeben.<\/p>\n<p>Undurchsichtige violette Farbe mit schmalem violettem Rand. Die Nase \u00f6ffnet sich mit einem ungez\u00fcgelten Fluss von dichtem, konzentriertem Cassis und schwarzer Kirsche, geschn\u00fcrt mit einem \u00fcppigen s\u00fc\u00dfen Geschmack von Melasse und dunkler Schokolade. Aus der scheinbar undurchdringlichen Schicht dunkler Beeren steigen Noten von Zwetschge und Pflaume hervor, gefolgt von berauschenden D\u00fcften aromatischer Gew\u00fcrze und exotischen Noten von schwarzem Pfeffer und Sandelholz.<\/p>\n<p>Am Gaumen verbindet sich die reichhaltige, \u00fcppige Fruchtigkeit des Weins mit der schmalen K\u00f6rnung und den sch\u00f6n integrierten Tanninen, um eine ungehemmte Explosion von Textur und Geschmack zu erzeugen. Die \u00fcppigen schwarzen Fruchtaromen sind scheinbar endlos und werden durch eine w\u00fcrzige Frische im Abgang angehoben.<\/p>\n<p>Jamie Goode: November 2010 \u2013 95 Punkte<br \/>\nSch\u00f6ne Nase: s\u00fc\u00dfe schwarze Johannisbeere mit einer herzhaften W\u00fcrze und einer reichhaltigen schwarzen Johannisbeersorte. Der Gaumen ist dicht und w\u00fcrzig mit gro\u00dfer Konzentration und k\u00f6stlichem Geschmack. Reichhaltige Frucht von schwarzen Johannisbeeren und Brombeeren mit einer sch\u00f6nen Tanninstruktur. Ein sch\u00f6ner Port mit einer sch\u00f6nen Dichte und Struktur.&#8220;<\/p>\n<p>Bewertungen und Auszeichnungen:<br \/>\n95 Punkte bei Jamie Goode;<br \/>\n93 Punkte im Wine &amp; Spirits Magazine;<br \/>\n92 Punkte im CellarTracker;<br \/>\n92 Punkte im Wine Enthusiast Magazine;<br \/>\n17 Punkte in Revista de Vinhos.<\/p>\n","protected":false},"excerpt":{"rendered":"<p>Undurchsichtige violette Farbe mit schmalem violettem Rand. Die Nase \u00f6ffnet sich mit einem ungez\u00fcgelten Fluss von dichtem, konzentriertem Cassis und schwarzer Kirsche, geschn\u00fcrt mit einem \u00fcppigen s\u00fc\u00dfen Geschmack von Melasse und dunkler Schokolade.<\/p>\n","protected":false},"featured_media":5253,"template":"","meta":{"site-sidebar-layout":"default","site-content-layout":"default","ast-site-content-layout":"default","site-content-style":"default","site-sidebar-style":"default","ast-global-header-display":"","ast-banner-title-visibility":"","ast-main-header-display":"","ast-hfb-above-header-display":"","ast-hfb-below-header-display":"","ast-hfb-mobile-header-display":"","site-post-title":"","ast-breadcrumbs-content":"","ast-featured-img":"","footer-sml-layout":"","ast-disable-related-posts":"","theme-transparent-header-meta":"default","adv-header-id-meta":"","stick-header-meta":"","header-above-stick-meta":"","header-main-stick-meta":"","header-below-stick-meta":"","astra-migrate-meta-layouts":"default","ast-page-background-enabled":"default","ast-page-background-meta":{"desktop":{"background-color":"","background-image":"","background-repeat":"repeat","background-position":"center center","background-size":"auto","background-attachment":"scroll","background-type":"","background-media":"","overlay-type":"","overlay-color":"","overlay-opacity":"","overlay-gradient":""},"tablet":{"background-color":"","background-image":"","background-repeat":"repeat","background-position":"center center","background-size":"auto","background-attachment":"scroll","background-type":"","background-media":"","overlay-type":"","overlay-color":"","overlay-opacity":"","overlay-gradient":""},"mobile":{"background-color":"","background-image":"","background-repeat":"repeat","background-position":"center center","background-size":"auto","background-attachment":"scroll","background-type":"","background-media":"","overlay-type":"","overlay-color":"","overlay-opacity":"","overlay-gradient":""}},"ast-content-background-meta":{"desktop":{"background-color":"var(--ast-global-color-5)","background-image":"","background-repeat":"repeat","background-position":"center center","background-size":"auto","background-attachment":"scroll","background-type":"","background-media":"","overlay-type":"","overlay-color":"","overlay-opacity":"","overlay-gradient":""},"tablet":{"background-color":"var(--ast-global-color-5)","background-image":"","background-repeat":"repeat","background-position":"center center","background-size":"auto","background-attachment":"scroll","background-type":"","background-media":"","overlay-type":"","overlay-color":"","overlay-opacity":"","overlay-gradient":""},"mobile":{"background-color":"var(--ast-global-color-5)","background-image":"","background-repeat":"repeat","background-position":"center center","background-size":"auto","background-attachment":"scroll","background-type":"","background-media":"","overlay-type":"","overlay-color":"","overlay-opacity":"","overlay-gradient":""}}},"product_brand":[],"product_cat":[169,158,156,157],"product_tag":[],"class_list":{"0":"post-5694","1":"product","2":"type-product","3":"status-publish","4":"has-post-thumbnail","6":"product_cat-fonseca-de","7":"product_cat-jahrgang","8":"product_cat-portwein","9":"product_cat-quintas-de","10":"desktop-align-left","11":"tablet-align-left","12":"mobile-align-left","13":"ast-product-gallery-layout-horizontal-slider","14":"ast-product-gallery-with-no-image","15":"ast-product-tabs-layout-horizontal","17":"first","18":"instock","19":"taxable","20":"shipping-taxable","21":"purchasable","22":"product-type-simple"},"_links":{"self":[{"href":"https:\/\/www.port-exclusive.com\/de\/wp-json\/wp\/v2\/product\/5694","targetHints":{"allow":["GET"]}}],"collection":[{"href":"https:\/\/www.port-exclusive.com\/de\/wp-json\/wp\/v2\/product"}],"about":[{"href":"https:\/\/www.port-exclusive.com\/de\/wp-json\/wp\/v2\/types\/product"}],"version-history":[{"count":2,"href":"https:\/\/www.port-exclusive.com\/de\/wp-json\/wp\/v2\/product\/5694\/revisions"}],"predecessor-version":[{"id":6447,"href":"https:\/\/www.port-exclusive.com\/de\/wp-json\/wp\/v2\/product\/5694\/revisions\/6447"}],"wp:featuredmedia":[{"embeddable":true,"href":"https:\/\/www.port-exclusive.com\/de\/wp-json\/wp\/v2\/media\/5253"}],"wp:attachment":[{"href":"https:\/\/www.port-exclusive.com\/de\/wp-json\/wp\/v2\/media?parent=5694"}],"wp:term":[{"taxonomy":"product_brand","embeddable":true,"href":"https:\/\/www.port-exclusive.com\/de\/wp-json\/wp\/v2\/product_brand?post=5694"},{"taxonomy":"product_cat","embeddable":true,"href":"https:\/\/www.port-exclusive.com\/de\/wp-json\/wp\/v2\/product_cat?post=5694"},{"taxonomy":"product_tag","embeddable":true,"href":"https:\/\/www.port-exclusive.com\/de\/wp-json\/wp\/v2\/product_tag?post=5694"}],"curies":[{"name":"wp","href":"https:\/\/api.w.org\/{rel}","templated":true}]}}