{"id":5691,"date":"2020-06-30T18:33:18","date_gmt":"2021-05-12T15:34:56","guid":{"rendered":"https:\/\/www.port-exclusive.com\/product\/taylors-vintage-port-2003\/"},"modified":"2021-05-14T12:44:14","modified_gmt":"2021-05-14T10:44:14","slug":"taylor-vintage-port-2003","status":"publish","type":"product","link":"https:\/\/www.port-exclusive.com\/de\/product\/taylor-vintage-port-2003\/","title":{"rendered":"Taylors Vintage Port 2003"},"content":{"rendered":"<p>Lila schwarz mit schmalem magentafarbenem Rand. Klassische Taylor-Nase mit exotischen D\u00fcften von Violett und Gumcistus vor einem undurchdringlichen Hintergrund intensiver dunkler Beeren. Der Vintage Port 2003 zeigt einen stilvollen und w\u00fcrzigen Gaumen mit einem engen Geflecht aus sehnigen Tanninen und konzentrierten Traubenaromen, die sich mit dem scheinbar endlosen Abgang verst\u00e4rken. Wie viele andere gro\u00dfe Taylor-Jahrg\u00e4nge ist dieser Wein ein Archetyp unaufdringlicher Kraft, dessen Eleganz und Vererbung massive innere St\u00e4rke und Ausdauer verbirgt.<\/p>\n<p>Am Gaumen: Eine ausdrucksstarke Nase mit Blaubeerlik\u00f6r, Kirschen mit Schokoladendip, trockener Feige, Zimt, Backgew\u00fcrzen, Mokka und Erde. Hervorragende Konzentration, sehr polierte, fein geschichtete, reife schwarze Fr\u00fcchte, helle S\u00e4ure, sehr feine Tannine und ein langer, trockener Abgang mit Feigen und Zimt.<\/p>\n<p>Lagerung: Flaschen sollten horizontal an einem k\u00fchlen, dunklen Ort liegen. Reift langsam, entwickelt und verfeinert sich jahrzehntelang in der Flasche.<\/p>\n<p>Servieren: Dekantieren und zwischen 16 und 18 \u00b0 C in einem geeigneten Glas servieren. Waln\u00fcsse sind eine hervorragende Erg\u00e4nzung zu Vintage Port, ebenso wie verschiedene K\u00e4sesorten wie Stilton und Dorset Blue Vinny. So sind getrocknete Fr\u00fcchte wie Aprikosen oder Feigen. Oder genie\u00dfen Sie einfach den unverf\u00e4lschten Geschmack in einem guten Glas in guter Gesellschaft.<\/p>\n<p>Geschmacksnoten:<\/p>\n<p>Anthony Gismondi, Wine Access: Score: 97 Wir m\u00f6gen die Art und Weise, wie Taylor zusammengesetzt ist. Immer so fest mit kr\u00e4ftigen, dichten Fr\u00fcchten, besetzt mit blumigen (violetten) Noten. Schlie\u00dfen Sie diese ab und laden Sie sie f\u00fcr das n\u00e4chste Jahrhundert in den Keller.<\/p>\n<p>Dies ist ein gro\u00dfer Wein von sehr dunkler Farbe. Pflaume und Schokolade, vielleicht etwas Pfeffer oder vielleicht ist das nur das Tannin. Es gibt viel Tannin und der Hafen ist eindeutig viel zu jung. Ich erwarte, dass die Aromen besser und komplexer werden. Ich werde erst um 5 Uhr eine weitere Flasche \u00f6ffnen und muss wahrscheinlich 10 Jahre warten. Selbst dann erwarte ich nicht, dass es seinen H\u00f6hepunkt erreicht. Weitere 10 Jahre k\u00f6nnten eine Einsch\u00e4tzung von fast 100 Jahren ergeben.<\/p>\n<p>Sch\u00f6ne rubinschwarze Farbe, ziemlich dunkel, aber nicht undurchsichtig. Beim \u00d6ffnen in der Nase Aromen von Lakritz, gefolgt von Pflaumen-, Minz-, Toffee- und Cassis-Helligkeit. Immer noch sch\u00fcchtern. Im Mund, WOW! Hier passiert es! Ein dichter, bombenartig-fruchtig-s\u00fc\u00dfer Anfall von dunklen Beeren, Lakritz, Toffee, aber auch etwas kraftvoll W\u00fcrzigem und Blumigem. Nach wenigen Augenblicken wechselt dies zu einem Plummy-Rosinen-Toffee-Look mit einer sehr guten L\u00e4nge, die auf Blaubeeren endet. Darunter Tannine, obwohl sie immer noch etwas von den s\u00fc\u00dfen Fr\u00fcchten verdeckt sind.<\/p>\n<p>WineSpectator-Bewertung: K\u00f6stliche Aromen von Johannisbeeren, Brombeeren und Lakritz. Vollmundig, mit mittlerer S\u00fc\u00dfe und Schichten reifer, runder, samtiger Tannine. Geschmackvoller Nachgeschmack. Runder und raffinierter als vom Fass. Am besten nach 2014.<\/p>\n<p>Parker Review: Der Taylor Fladgate Vintage Port 2003 verbesserte sich jedes Mal, wenn ich ihn an Nase oder Mund nahm. Es zeigt eine schwarze Farbe und eine salzige, mit Graphit geschn\u00fcrte Nase voller s\u00fc\u00dfer schwarzer Fr\u00fcchte, die an einen herausragenden Jahrgang von Chateau Latour erinnert. Mit Luft tauchen Noten von Melasse, gebranntem Zucker, Gew\u00fcrzen und Pflaumenmarmeladen aus dem Glas auf. Vollmundig, enorm dicht, enorm reich und dick, dieser Gigant ist auch erstaunlich ausgeglichen und harmonisch. Rosinen, Melasse, Lakritz, schwarze Kirschen, Pflaumen und eine auff\u00e4llige Note von Veilchen finden sich in ihrem komplexen, nahtlosen Charakter. Der endlose Abgang enth\u00fcllt zus\u00e4tzliche Noten von Schokolade, Kirsch, roten und schwarzen Johannisbeeren, dunklen Kirschen und Rosenbl\u00fcten. Ausgestattet mit au\u00dfergew\u00f6hnlicher Kraft, Tiefe und Reinheit wird dieser Taylor stolz Schulter an Schulter mit dem Besten stehen, das jemals von der Fladgate-Partnerschaft hergestellt wurde.<\/p>\n<p>Tanzer Review: Heller, ges\u00e4ttigter Rubin. Lebhafte, reine Aromen von Brombeeren, Veilchen und Bitterschokolade. Saftig, mineralisch, pr\u00e4zise und durchdringend, aber heute ziemlich prim\u00e4r und unentwickelt. Zeigt eine starke, aber integrierte S\u00e4ure und einen engen Fruchtkern. Am besten heute im langsamen, hochfliegenden, aristokratischen Finish. Aber heute sind die Tannine der Weine weniger offensichtlich als die S\u00e4uren. Dies scheint deutlich weniger ausgereift und hart zu sein als die gro\u00dfen 2000 Taylors, aber es ist immer noch extrem unentwickelt. Latour wie in seiner Struktur und Reserve.<\/p>\n<p>Bewertungen und Auszeichnungen:<br \/>\n98 Punkte in Robert Parker;<br \/>\n97 Punkte in Anthony Gismondi;<br \/>\n97 Punkte im Wine Enthusiast Magazine;<br \/>\n96 Punkte im Wine &amp; Spirits Magazine;<br \/>\n95 Punkte in CellarTracker;<br \/>\n94 Punkte im Wine Spectator Magazine;<br \/>\n93 Punkte in Stephen Tanzer;<br \/>\n18 Punkte in Jancis Robinson.<\/p>\n","protected":false},"excerpt":{"rendered":"<p>Der Vintage Port 2003 zeigt einen stilvollen und w\u00fcrzigen Gaumen mit einem engen Geflecht aus sehnigen Tanninen und konzentrierten Traubenaromen, die sich mit dem scheinbar endlosen Abgang verst\u00e4rken.<\/p>\n","protected":false},"featured_media":5244,"template":"","meta":{"site-sidebar-layout":"default","site-content-layout":"default","ast-site-content-layout":"default","site-content-style":"default","site-sidebar-style":"default","ast-global-header-display":"","ast-banner-title-visibility":"","ast-main-header-display":"","ast-hfb-above-header-display":"","ast-hfb-below-header-display":"","ast-hfb-mobile-header-display":"","site-post-title":"","ast-breadcrumbs-content":"","ast-featured-img":"","footer-sml-layout":"","ast-disable-related-posts":"","theme-transparent-header-meta":"default","adv-header-id-meta":"","stick-header-meta":"","header-above-stick-meta":"","header-main-stick-meta":"","header-below-stick-meta":"","astra-migrate-meta-layouts":"default","ast-page-background-enabled":"default","ast-page-background-meta":{"desktop":{"background-color":"","background-image":"","background-repeat":"repeat","background-position":"center center","background-size":"auto","background-attachment":"scroll","background-type":"","background-media":"","overlay-type":"","overlay-color":"","overlay-opacity":"","overlay-gradient":""},"tablet":{"background-color":"","background-image":"","background-repeat":"repeat","background-position":"center center","background-size":"auto","background-attachment":"scroll","background-type":"","background-media":"","overlay-type":"","overlay-color":"","overlay-opacity":"","overlay-gradient":""},"mobile":{"background-color":"","background-image":"","background-repeat":"repeat","background-position":"center center","background-size":"auto","background-attachment":"scroll","background-type":"","background-media":"","overlay-type":"","overlay-color":"","overlay-opacity":"","overlay-gradient":""}},"ast-content-background-meta":{"desktop":{"background-color":"var(--ast-global-color-5)","background-image":"","background-repeat":"repeat","background-position":"center center","background-size":"auto","background-attachment":"scroll","background-type":"","background-media":"","overlay-type":"","overlay-color":"","overlay-opacity":"","overlay-gradient":""},"tablet":{"background-color":"var(--ast-global-color-5)","background-image":"","background-repeat":"repeat","background-position":"center center","background-size":"auto","background-attachment":"scroll","background-type":"","background-media":"","overlay-type":"","overlay-color":"","overlay-opacity":"","overlay-gradient":""},"mobile":{"background-color":"var(--ast-global-color-5)","background-image":"","background-repeat":"repeat","background-position":"center center","background-size":"auto","background-attachment":"scroll","background-type":"","background-media":"","overlay-type":"","overlay-color":"","overlay-opacity":"","overlay-gradient":""}}},"product_brand":[],"product_cat":[158,156,157,159],"product_tag":[],"class_list":{"0":"post-5691","1":"product","2":"type-product","3":"status-publish","4":"has-post-thumbnail","6":"product_cat-jahrgang","7":"product_cat-portwein","8":"product_cat-quintas-de","9":"product_cat-taylors-de","10":"desktop-align-left","11":"tablet-align-left","12":"mobile-align-left","13":"ast-product-gallery-layout-horizontal-slider","14":"ast-product-gallery-with-no-image","15":"ast-product-tabs-layout-horizontal","17":"first","18":"instock","19":"taxable","20":"shipping-taxable","21":"purchasable","22":"product-type-simple"},"_links":{"self":[{"href":"https:\/\/www.port-exclusive.com\/de\/wp-json\/wp\/v2\/product\/5691","targetHints":{"allow":["GET"]}}],"collection":[{"href":"https:\/\/www.port-exclusive.com\/de\/wp-json\/wp\/v2\/product"}],"about":[{"href":"https:\/\/www.port-exclusive.com\/de\/wp-json\/wp\/v2\/types\/product"}],"version-history":[{"count":1,"href":"https:\/\/www.port-exclusive.com\/de\/wp-json\/wp\/v2\/product\/5691\/revisions"}],"predecessor-version":[{"id":6049,"href":"https:\/\/www.port-exclusive.com\/de\/wp-json\/wp\/v2\/product\/5691\/revisions\/6049"}],"wp:featuredmedia":[{"embeddable":true,"href":"https:\/\/www.port-exclusive.com\/de\/wp-json\/wp\/v2\/media\/5244"}],"wp:attachment":[{"href":"https:\/\/www.port-exclusive.com\/de\/wp-json\/wp\/v2\/media?parent=5691"}],"wp:term":[{"taxonomy":"product_brand","embeddable":true,"href":"https:\/\/www.port-exclusive.com\/de\/wp-json\/wp\/v2\/product_brand?post=5691"},{"taxonomy":"product_cat","embeddable":true,"href":"https:\/\/www.port-exclusive.com\/de\/wp-json\/wp\/v2\/product_cat?post=5691"},{"taxonomy":"product_tag","embeddable":true,"href":"https:\/\/www.port-exclusive.com\/de\/wp-json\/wp\/v2\/product_tag?post=5691"}],"curies":[{"name":"wp","href":"https:\/\/api.w.org\/{rel}","templated":true}]}}