{"id":5674,"date":"2021-04-21T15:42:34","date_gmt":"2021-05-12T15:31:47","guid":{"rendered":"https:\/\/www.port-exclusive.com\/product\/taylors-vintage-port-2007\/"},"modified":"2021-05-14T12:39:56","modified_gmt":"2021-05-14T10:39:56","slug":"taylors-vintage-port-2007","status":"publish","type":"product","link":"https:\/\/www.port-exclusive.com\/de\/product\/taylors-vintage-port-2007\/","title":{"rendered":"Taylors Vintage Port 2007"},"content":{"rendered":"\t\t<div data-elementor-type=\"product-post\" data-elementor-id=\"5674\" class=\"elementor elementor-5674 elementor-4537\" data-elementor-post-type=\"product\">\n\t\t\t\t\t\t<section class=\"elementor-section elementor-top-section elementor-element elementor-element-ca3bf56 elementor-section-boxed elementor-section-height-default elementor-section-height-default\" data-id=\"ca3bf56\" data-element_type=\"section\" data-e-type=\"section\">\n\t\t\t\t\t\t<div class=\"elementor-container elementor-column-gap-default\">\n\t\t\t\t\t<div class=\"elementor-column elementor-col-100 elementor-top-column elementor-element elementor-element-66787b04\" data-id=\"66787b04\" data-element_type=\"column\" data-e-type=\"column\">\n\t\t\t<div class=\"elementor-widget-wrap elementor-element-populated\">\n\t\t\t\t\t\t<div class=\"elementor-element elementor-element-27f44ae4 elementor-widget elementor-widget-text-editor\" data-id=\"27f44ae4\" data-element_type=\"widget\" data-e-type=\"widget\" data-widget_type=\"text-editor.default\">\n\t\t\t\t<div class=\"elementor-widget-container\">\n\t\t\t\t\t\t\t\t\t<p>Undurchsichtige, lila \/ schwarze Farbe mit einem schmalen lila Rand. Charakteristischer Vintage Port: Stilvoll und w\u00fcrzig, mit einer Nase aus dichten schwarzen Johannisbeeren und Waldfr\u00fcchten, \u00fcberlagert mit diskreten Kr\u00e4uternuancen und D\u00fcften von violetten und Rosenbl\u00e4ttern. Wie immer verbergen Taylors klassische Eleganz und Understatement die Energie und Kraft des Weins. Am Gaumen zeigt es die f\u00fcr den Taylor-Stil typischen mageren, sehnigen und engen Tannine und die lebhaften und klar definierten Fruchtaromen, die f\u00fcr die Saison 2007 charakteristisch sind.<\/p>\n<p>\nNach Geschmack: Tiefpurpur \/ Schwarz mit schmalem Magentarand. Kraftvolle, \u00fcppige, frische Nase nach schwarzen Johannisbeeren und Kirschen. Sch\u00f6ne blumige Noten. Feste, aber gut integrierte Tannine am Gaumen. Frische, reife, mundf\u00fcllende Aromen von schwarzen Fr\u00fcchten und Pflaumen. Langer Nachgeschmack von Brombeere und dunkler Schokolade nach Geschmack. Ein sehr ausgewogener, stilvoller Wein.<\/p>\n<p>\nLagerung: Flaschen sollten horizontal an einem k\u00fchlen, dunklen Ort liegen. Reift langsam, entwickelt und verfeinert sich jahrzehntelang in der Flasche.<\/span><\/p>\n<p>\nServieren: Dekantieren und zwischen 16 und 18 \u00b0 C in einem geeigneten Glas servieren. Waln\u00fcsse sind eine hervorragende Erg\u00e4nzung zu Vintage Port, ebenso wie verschiedene K\u00e4sesorten wie Stilton und Dorset Blue Vinny. So sind getrocknete Fr\u00fcchte wie Aprikosen oder Feigen. Oder genie\u00dfen Sie einfach den unverf\u00e4lschten Geschmack in einem guten Glas in guter Gesellschaft.<\/p>\n<p>\nGeschmacksnoten:<\/br><br \/>\nTyson Stelzer: Wie kann ein Wein mit solch monolithischen Proportionen eine solche Eleganz, Erhebung, Ausgewogenheit und Finesse haben? Geschn\u00fcrt mit Veilchen, Cassis, Rosenbl\u00e4ttern, Pfeffer, Nelken, Muskatnuss und riesigen schwarzen Fr\u00fcchten. Epische tanninhaltige Pr\u00e4senz und Integration. Magische Frische und blumiges Parf\u00fcm, makellose Nahtlosigkeit und Ausdauer. Punktzahl: 100 <\/p>\n<p>\nEin sehr sch\u00f6ner Vintage Port von Taylor&#8217;s aus dem Jahr 2007. Ein klassisches Hafenjahr. D\u00fcfte von Veilchen und schwarzen Fr\u00fcchten kommen zu Ihnen. Im Mund schmecken Sie voller Fr\u00fcchte mit einer feinen Sch\u00e4rfe. Der Nachgeschmack ist frisch und intensiv lang. <\/br><br \/>\nVolle tief rot-lila Farbe, D\u00fcfte von Veilchen und schwarzen Fr\u00fcchten kommen zu Ihnen. Im Mund schmecken Sie voller Fr\u00fcchte mit einer feinen Sch\u00e4rfe. Der Nachgeschmack ist frisch und intensiv lang. Eine klassische Baby Vintage Port Nase von Brombeeren, Johannisbeeren und einem kleinen gr\u00fcnen Zitronenblatt. Voll und mittel s\u00fc\u00df. Es gibt einen festen Kern aus reifen Fr\u00fcchten und kr\u00e4ftigen Tanninen mit Griff. Das echte Ding. -JS Punktzahl: 94-97 Punkte Wine Spectator <\/p>\n<p>\nMichael Schuster: Schwarzviolett; feine, geschlossene Kombination aus raffinierten reifen Fr\u00fcchten und subtiler Mineralit\u00e4t; reicher, konzentrierter, m\u00e4\u00dfig muskul\u00f6ser Mittelgewichtler Taylor; sch\u00f6n elegant, ausgewogen mit einem sehr raffinierten Tannin; s\u00fc\u00dfer, geschmiedeter Wein, lang am Gaumen, reife Schwarzkirschfrucht und subtile mineralische Aromen; anhaltendes Aroma und mit einem langen, duftenden Abgang, der den weichen Mundbeschichtungscharakter des mittleren Gaumens widerspiegelt. Die anhaltend feinen, trockenen Tannine im Abgang lassen wie \u00fcblich darauf schlie\u00dfen, dass dies Flaschenjahre von 15 bis 20 Jahren erfordert. Charakteristisches Gleichgewicht, Klasse, aromatische Komplexit\u00e4t und Finesse der Vargellas-Komponente. Typisch raffinierter und komplexer Taylor in einem ged\u00e4mpften Ausdruck. Sehr gut. 18 \/ 18.5  <\/p>\n<p>\nBewertungen und Auszeichnungen:<\/br><br \/>\n100 Punkte in Tyson Stelzer;<\/br><br \/>\n96 Punkte im Wine Spectator Magazine;<\/br><br \/>\n95 Punkte im Wine &amp; Spirits Magazine;<\/br><br \/>\n95 Punkte im Wine Enthusiast Magazine;<\/br><br \/>\n94 Punkte in CellarTracker;<\/br><br \/>\n94 Punkte in Stephen Tanzer.<\/p>\n\t\t\t\t\t\t\t\t<\/div>\n\t\t\t\t<\/div>\n\t\t\t\t\t<\/div>\n\t\t<\/div>\n\t\t\t\t\t<\/div>\n\t\t<\/section>\n\t\t\t\t<\/div>\n\t\t","protected":false},"excerpt":{"rendered":"<p>Undurchsichtige, lila \/ schwarze Farbe mit einem schmalen lila Rand. Charakteristischer Vintage Port: Stilvoll und w\u00fcrzig, mit einer Nase aus dichten schwarzen Johannisbeeren und Waldfr\u00fcchten, \u00fcberlagert mit diskreten Kr\u00e4uternuancen und D\u00fcften von violetten und Rosenbl\u00e4ttern.<\/p>\n","protected":false},"featured_media":5243,"template":"","meta":{"site-sidebar-layout":"default","site-content-layout":"default","ast-site-content-layout":"default","site-content-style":"default","site-sidebar-style":"default","ast-global-header-display":"","ast-banner-title-visibility":"","ast-main-header-display":"","ast-hfb-above-header-display":"","ast-hfb-below-header-display":"","ast-hfb-mobile-header-display":"","site-post-title":"","ast-breadcrumbs-content":"","ast-featured-img":"","footer-sml-layout":"","ast-disable-related-posts":"","theme-transparent-header-meta":"default","adv-header-id-meta":"","stick-header-meta":"","header-above-stick-meta":"","header-main-stick-meta":"","header-below-stick-meta":"","astra-migrate-meta-layouts":"default","ast-page-background-enabled":"default","ast-page-background-meta":{"desktop":{"background-color":"","background-image":"","background-repeat":"repeat","background-position":"center center","background-size":"auto","background-attachment":"scroll","background-type":"","background-media":"","overlay-type":"","overlay-color":"","overlay-opacity":"","overlay-gradient":""},"tablet":{"background-color":"","background-image":"","background-repeat":"repeat","background-position":"center center","background-size":"auto","background-attachment":"scroll","background-type":"","background-media":"","overlay-type":"","overlay-color":"","overlay-opacity":"","overlay-gradient":""},"mobile":{"background-color":"","background-image":"","background-repeat":"repeat","background-position":"center center","background-size":"auto","background-attachment":"scroll","background-type":"","background-media":"","overlay-type":"","overlay-color":"","overlay-opacity":"","overlay-gradient":""}},"ast-content-background-meta":{"desktop":{"background-color":"var(--ast-global-color-5)","background-image":"","background-repeat":"repeat","background-position":"center center","background-size":"auto","background-attachment":"scroll","background-type":"","background-media":"","overlay-type":"","overlay-color":"","overlay-opacity":"","overlay-gradient":""},"tablet":{"background-color":"var(--ast-global-color-5)","background-image":"","background-repeat":"repeat","background-position":"center center","background-size":"auto","background-attachment":"scroll","background-type":"","background-media":"","overlay-type":"","overlay-color":"","overlay-opacity":"","overlay-gradient":""},"mobile":{"background-color":"var(--ast-global-color-5)","background-image":"","background-repeat":"repeat","background-position":"center center","background-size":"auto","background-attachment":"scroll","background-type":"","background-media":"","overlay-type":"","overlay-color":"","overlay-opacity":"","overlay-gradient":""}}},"product_brand":[],"product_cat":[158,156,157,159],"product_tag":[],"class_list":{"0":"post-5674","1":"product","2":"type-product","3":"status-publish","4":"has-post-thumbnail","6":"product_cat-jahrgang","7":"product_cat-portwein","8":"product_cat-quintas-de","9":"product_cat-taylors-de","10":"desktop-align-left","11":"tablet-align-left","12":"mobile-align-left","13":"ast-product-gallery-layout-horizontal-slider","14":"ast-product-gallery-with-no-image","15":"ast-product-tabs-layout-horizontal","17":"first","18":"instock","19":"taxable","20":"shipping-taxable","21":"purchasable","22":"product-type-simple"},"_links":{"self":[{"href":"https:\/\/www.port-exclusive.com\/de\/wp-json\/wp\/v2\/product\/5674","targetHints":{"allow":["GET"]}}],"collection":[{"href":"https:\/\/www.port-exclusive.com\/de\/wp-json\/wp\/v2\/product"}],"about":[{"href":"https:\/\/www.port-exclusive.com\/de\/wp-json\/wp\/v2\/types\/product"}],"version-history":[{"count":2,"href":"https:\/\/www.port-exclusive.com\/de\/wp-json\/wp\/v2\/product\/5674\/revisions"}],"predecessor-version":[{"id":6047,"href":"https:\/\/www.port-exclusive.com\/de\/wp-json\/wp\/v2\/product\/5674\/revisions\/6047"}],"wp:featuredmedia":[{"embeddable":true,"href":"https:\/\/www.port-exclusive.com\/de\/wp-json\/wp\/v2\/media\/5243"}],"wp:attachment":[{"href":"https:\/\/www.port-exclusive.com\/de\/wp-json\/wp\/v2\/media?parent=5674"}],"wp:term":[{"taxonomy":"product_brand","embeddable":true,"href":"https:\/\/www.port-exclusive.com\/de\/wp-json\/wp\/v2\/product_brand?post=5674"},{"taxonomy":"product_cat","embeddable":true,"href":"https:\/\/www.port-exclusive.com\/de\/wp-json\/wp\/v2\/product_cat?post=5674"},{"taxonomy":"product_tag","embeddable":true,"href":"https:\/\/www.port-exclusive.com\/de\/wp-json\/wp\/v2\/product_tag?post=5674"}],"curies":[{"name":"wp","href":"https:\/\/api.w.org\/{rel}","templated":true}]}}