{"id":5554,"date":"2021-05-12T10:11:32","date_gmt":"2021-05-12T08:11:32","guid":{"rendered":"https:\/\/www.port-exclusive.com\/kundendienst\/"},"modified":"2021-05-13T17:43:33","modified_gmt":"2021-05-13T15:43:33","slug":"kundendienst","status":"publish","type":"page","link":"https:\/\/www.port-exclusive.com\/de\/kundendienst\/","title":{"rendered":"Kundendienst"},"content":{"rendered":"\t\t<div data-elementor-type=\"wp-page\" data-elementor-id=\"5554\" class=\"elementor elementor-5554 elementor-4883\" data-elementor-post-type=\"page\">\n\t\t\t\t\t\t<section class=\"elementor-section elementor-top-section elementor-element elementor-element-d319812 elementor-section-boxed elementor-section-height-default elementor-section-height-default\" data-id=\"d319812\" data-element_type=\"section\" data-e-type=\"section\" data-settings=\"{&quot;background_background&quot;:&quot;classic&quot;}\">\n\t\t\t\t\t\t\t<div class=\"elementor-background-overlay\"><\/div>\n\t\t\t\t\t\t\t<div class=\"elementor-container elementor-column-gap-default\">\n\t\t\t\t\t<div class=\"elementor-column elementor-col-100 elementor-top-column elementor-element elementor-element-ac792e8\" data-id=\"ac792e8\" data-element_type=\"column\" data-e-type=\"column\">\n\t\t\t<div class=\"elementor-widget-wrap elementor-element-populated\">\n\t\t\t\t\t\t<div class=\"elementor-element elementor-element-3afb3fb elementor-widget elementor-widget-heading\" data-id=\"3afb3fb\" data-element_type=\"widget\" data-e-type=\"widget\" data-widget_type=\"heading.default\">\n\t\t\t\t<div class=\"elementor-widget-container\">\n\t\t\t\t\t<h1 class=\"elementor-heading-title elementor-size-default\">PORT EXCLUSIVE<\/h1>\t\t\t\t<\/div>\n\t\t\t\t<\/div>\n\t\t\t\t<div class=\"elementor-element elementor-element-b8605f2 elementor-widget elementor-widget-heading\" data-id=\"b8605f2\" data-element_type=\"widget\" data-e-type=\"widget\" data-widget_type=\"heading.default\">\n\t\t\t\t<div class=\"elementor-widget-container\">\n\t\t\t\t\t<h3 class=\"elementor-heading-title elementor-size-default\">KUNDENDIENST<\/h3>\t\t\t\t<\/div>\n\t\t\t\t<\/div>\n\t\t\t\t\t<\/div>\n\t\t<\/div>\n\t\t\t\t\t<\/div>\n\t\t<\/section>\n\t\t\t\t<section class=\"elementor-section elementor-top-section elementor-element elementor-element-4c9e9932 elementor-section-boxed elementor-section-height-default elementor-section-height-default\" data-id=\"4c9e9932\" data-element_type=\"section\" data-e-type=\"section\">\n\t\t\t\t\t\t<div class=\"elementor-container elementor-column-gap-default\">\n\t\t\t\t\t<div class=\"elementor-column elementor-col-100 elementor-top-column elementor-element elementor-element-23d0351c\" data-id=\"23d0351c\" data-element_type=\"column\" data-e-type=\"column\">\n\t\t\t<div class=\"elementor-widget-wrap elementor-element-populated\">\n\t\t\t\t\t\t<div class=\"elementor-element elementor-element-16461b75 elementor-widget elementor-widget-text-editor\" data-id=\"16461b75\" data-element_type=\"widget\" data-e-type=\"widget\" data-widget_type=\"text-editor.default\">\n\t\t\t\t<div class=\"elementor-widget-container\">\n\t\t\t\t\t\t\t\t\t<dl>\n<dt id=\"answer1\">Lieferung<\/dt>\n<\/dl>\n<ol>\n<li>Die Lieferung erfolgt solange der Vorrat reicht.<\/li>\n<li>Die Lieferung erfolgt an die vom K\u00e4ufer angegebene Lieferadresse und auf Kosten des K\u00e4ufers.<\/li>\n<li>Im Rahmen der Fernabsatzregeln f\u00fchrt PORT EXCLUSIVE Auftr\u00e4ge mindestens innerhalb von 30 Tagen aus. Ist dies nicht m\u00f6glich (weil die bestellten Artikel nicht vorr\u00e4tig sind oder nicht mehr verf\u00fcgbar sind) oder aus anderen Gr\u00fcnden oder kann eine Bestellung nicht oder nur teilweise ausgef\u00fchrt werden, erh\u00e4lt der Verbraucher innerhalb von 1 Monat nach Abgabe der Bestellnachricht und in dieser In diesem Fall hat er das Recht, die Bestellung ohne Kosten und Vorank\u00fcndigung zu stornieren.<\/li>\n<li>Die Lieferpflicht von PORT EXCLUSIVE gilt vorbehaltlich gegenteiliger Beweise als erf\u00fcllt, sobald die von PORT EXCLUSIVE gelieferte Ware dem Erwerber angeboten wurde. Im Falle einer Lieferung nach Hause ist der Bericht des Bef\u00f6rderers \u00fcber die Ablehnung der Annahme ein vollst\u00e4ndiger Beweis f\u00fcr das Angebot zur Lieferung.<\/li>\n<li>Alle auf der Internetseite genannten Begriffe sind Richtwerte. Aus den genannten Fristen lassen sich daher keine Rechte ableiten.<\/li>\n<\/ol>\n<dl>\n<dt id=\"answer2\">Privatsph\u00e4re<\/dt>\n<dd>Der Datenschutz wird durch die Datenschutzrichtlinie garantiert. Hier wird beschrieben, wie die Informationen, die Sie Port Exclusive bei der Nutzung dieser Website zur Verf\u00fcgung stellen, verwendet und gesch\u00fctzt werden. Port Exclusive versichert Ihnen, dass Ihre Privatsph\u00e4re gesch\u00fctzt ist. <span id=\"result_box\" lang=\"nl\"><span class=\"hps\">Sollen wir Sie fragen<\/span><span class=\"hps\"> bestimmte Informationen zur Verf\u00fcgung zu stellen<\/span><span class=\"hps\"> von denen<\/span><span class=\"hps\"> Sie k\u00f6nnen identifiziert werden<\/span><span class=\"hps\"> wann<\/span> mit<span class=\"hps\"> Diese Internetseite<\/span> ,<span class=\"hps\"> dann kannst du sein<\/span><span class=\"hps\"> versicherte<\/span><span class=\"hps\"> dass es<\/span><span class=\"hps\"> werden<\/span><span class=\"hps\"> nur<\/span> Sein<span class=\"hps\"> benutzt in<\/span> \u00fcbereinstimmend mit<span class=\"hps\"> diese Privatsph\u00e4re<\/span><span class=\"hps\"> Aussage<\/span> .<br \/>\n<\/span><\/dd>\n<dt id=\"answer3\">Kehrt zur\u00fcck<\/dt>\n<dd>Im Falle eines Verbraucherkaufs hat der K\u00e4ufer gem\u00e4\u00df dem Fernabsatzgesetz (Artikel 7: 5 des niederl\u00e4ndischen Zivilgesetzbuchs) das Recht, die gelieferte Ware innerhalb eines Zeitraums von 7 Arbeitstagen ohne Angabe von Gr\u00fcnden zur\u00fcckzugeben der Grund. Diese Frist beginnt mit der Lieferung der bestellten Ware. Wenn der K\u00e4ufer am Ende dieses Zeitraums die an PORT EXCLUSIVE gelieferte Ware nicht zur\u00fccksendet, ist der Verkauf eine Tatsache. Der K\u00e4ufer ist verpflichtet, vor der R\u00fccksendung innerhalb von 14 Tagen nach Lieferung an PORT EXCLUSIVE dem Kunden Bericht zu erstatten. Der Kunde muss nachweisen, dass die gelieferte Ware rechtzeitig zur\u00fcckgesandt wurde, beispielsweise durch einen Nachweis der Postzustellung. Die Ware muss in der Originalverpackung (einschlie\u00dflich Zubeh\u00f6r und zugeh\u00f6riger Dokumentation) und in neuem Zustand zur\u00fcckgesandt werden. Wurde die Ware vom K\u00e4ufer in irgendeiner Weise benutzt, belastet oder besch\u00e4digt, so erlischt das Recht auf Aufl\u00f6sung im Sinne dieses Absatzes. Vorbehaltlich der Bestimmungen im vorstehenden Satz stellt PORT EXCLUSIVE sicher, dass dem K\u00e4ufer innerhalb von 30 Tagen nach Erhalt der R\u00fccksendung der volle Kaufbetrag einschlie\u00dflich der Versandkosten erstattet wird. Die R\u00fccksendung der gelieferten Ware erfolgt vollst\u00e4ndig auf Kosten und Gefahr des Kunden.<\/dd>\n<dt id=\"answer4\">Auftrag<\/dt>\n<dd>Sie k\u00f6nnen das Produkt bestellen, indem Sie es in Ihren Warenkorb legen und dann die erforderlichen Details eingeben.<\/dd>\n<dt id=\"answer5\">Zahlen<\/dt>\n<dd>Sie k\u00f6nnen mit dem Safe iDeal oder Paypal bezahlen.<\/dd>\n<dt id=\"answer7\">Kontoinformationen<\/dt>\n<dd>Sie k\u00f6nnen Ihre Kontoinformationen jederzeit aktualisieren.<\/dd>\n<\/dl>\n\t\t\t\t\t\t\t\t<\/div>\n\t\t\t\t<\/div>\n\t\t\t\t\t<\/div>\n\t\t<\/div>\n\t\t\t\t\t<\/div>\n\t\t<\/section>\n\t\t\t\t<\/div>\n\t\t","protected":false},"excerpt":{"rendered":"<p>PORT EXCLUSIVE KUNDENDIENST Lieferung Die Lieferung erfolgt solange der Vorrat reicht. Die Lieferung erfolgt an die vom K\u00e4ufer angegebene Lieferadresse und auf Kosten des K\u00e4ufers. Im Rahmen der Fernabsatzregeln f\u00fchrt PORT EXCLUSIVE Auftr\u00e4ge mindestens innerhalb von 30 Tagen aus. Ist dies nicht m\u00f6glich (weil die bestellten Artikel nicht vorr\u00e4tig sind oder nicht mehr verf\u00fcgbar sind) [&hellip;]<\/p>\n","protected":false},"author":1,"featured_media":0,"parent":0,"menu_order":0,"comment_status":"closed","ping_status":"closed","template":"","meta":{"site-sidebar-layout":"default","site-content-layout":"page-builder","ast-site-content-layout":"default","site-content-style":"default","site-sidebar-style":"default","ast-global-header-display":"","ast-banner-title-visibility":"","ast-main-header-display":"","ast-hfb-above-header-display":"","ast-hfb-below-header-display":"","ast-hfb-mobile-header-display":"","site-post-title":"disabled","ast-breadcrumbs-content":"","ast-featured-img":"disabled","footer-sml-layout":"","ast-disable-related-posts":"","theme-transparent-header-meta":"enabled","adv-header-id-meta":"","stick-header-meta":"","header-above-stick-meta":"","header-main-stick-meta":"","header-below-stick-meta":"","astra-migrate-meta-layouts":"default","ast-page-background-enabled":"default","ast-page-background-meta":{"desktop":{"background-color":"","background-image":"","background-repeat":"repeat","background-position":"center center","background-size":"auto","background-attachment":"scroll","background-type":"","background-media":"","overlay-type":"","overlay-color":"","overlay-opacity":"","overlay-gradient":""},"tablet":{"background-color":"","background-image":"","background-repeat":"repeat","background-position":"center center","background-size":"auto","background-attachment":"scroll","background-type":"","background-media":"","overlay-type":"","overlay-color":"","overlay-opacity":"","overlay-gradient":""},"mobile":{"background-color":"","background-image":"","background-repeat":"repeat","background-position":"center center","background-size":"auto","background-attachment":"scroll","background-type":"","background-media":"","overlay-type":"","overlay-color":"","overlay-opacity":"","overlay-gradient":""}},"ast-content-background-meta":{"desktop":{"background-color":"var(--ast-global-color-5)","background-image":"","background-repeat":"repeat","background-position":"center center","background-size":"auto","background-attachment":"scroll","background-type":"","background-media":"","overlay-type":"","overlay-color":"","overlay-opacity":"","overlay-gradient":""},"tablet":{"background-color":"var(--ast-global-color-5)","background-image":"","background-repeat":"repeat","background-position":"center center","background-size":"auto","background-attachment":"scroll","background-type":"","background-media":"","overlay-type":"","overlay-color":"","overlay-opacity":"","overlay-gradient":""},"mobile":{"background-color":"var(--ast-global-color-5)","background-image":"","background-repeat":"repeat","background-position":"center center","background-size":"auto","background-attachment":"scroll","background-type":"","background-media":"","overlay-type":"","overlay-color":"","overlay-opacity":"","overlay-gradient":""}},"footnotes":""},"class_list":["post-5554","page","type-page","status-publish","hentry"],"_links":{"self":[{"href":"https:\/\/www.port-exclusive.com\/de\/wp-json\/wp\/v2\/pages\/5554","targetHints":{"allow":["GET"]}}],"collection":[{"href":"https:\/\/www.port-exclusive.com\/de\/wp-json\/wp\/v2\/pages"}],"about":[{"href":"https:\/\/www.port-exclusive.com\/de\/wp-json\/wp\/v2\/types\/page"}],"author":[{"embeddable":true,"href":"https:\/\/www.port-exclusive.com\/de\/wp-json\/wp\/v2\/users\/1"}],"replies":[{"embeddable":true,"href":"https:\/\/www.port-exclusive.com\/de\/wp-json\/wp\/v2\/comments?post=5554"}],"version-history":[{"count":7,"href":"https:\/\/www.port-exclusive.com\/de\/wp-json\/wp\/v2\/pages\/5554\/revisions"}],"predecessor-version":[{"id":6031,"href":"https:\/\/www.port-exclusive.com\/de\/wp-json\/wp\/v2\/pages\/5554\/revisions\/6031"}],"wp:attachment":[{"href":"https:\/\/www.port-exclusive.com\/de\/wp-json\/wp\/v2\/media?parent=5554"}],"curies":[{"name":"wp","href":"https:\/\/api.w.org\/{rel}","templated":true}]}}