{"id":5499,"date":"2021-05-12T10:11:22","date_gmt":"2021-05-12T08:11:22","guid":{"rendered":"https:\/\/www.port-exclusive.com\/quinta-do-infantado\/"},"modified":"2021-05-13T13:49:00","modified_gmt":"2021-05-13T11:49:00","slug":"quinta-do-infantado","status":"publish","type":"page","link":"https:\/\/www.port-exclusive.com\/de\/quinta-do-infantado\/","title":{"rendered":"Quinta do Infantado"},"content":{"rendered":"\t\t<div data-elementor-type=\"wp-page\" data-elementor-id=\"5499\" class=\"elementor elementor-5499 elementor-4402\" data-elementor-post-type=\"page\">\n\t\t\t\t\t\t<section class=\"elementor-section elementor-top-section elementor-element elementor-element-483a1bd elementor-section-boxed elementor-section-height-default elementor-section-height-default\" data-id=\"483a1bd\" data-element_type=\"section\" data-e-type=\"section\" data-settings=\"{&quot;background_background&quot;:&quot;classic&quot;}\">\n\t\t\t\t\t\t\t<div class=\"elementor-background-overlay\"><\/div>\n\t\t\t\t\t\t\t<div class=\"elementor-container elementor-column-gap-default\">\n\t\t\t\t\t<div class=\"elementor-column elementor-col-100 elementor-top-column elementor-element elementor-element-a34a36a\" data-id=\"a34a36a\" data-element_type=\"column\" data-e-type=\"column\">\n\t\t\t<div class=\"elementor-widget-wrap elementor-element-populated\">\n\t\t\t\t\t\t<div class=\"elementor-element elementor-element-ec6bb40 elementor-widget elementor-widget-heading\" data-id=\"ec6bb40\" data-element_type=\"widget\" data-e-type=\"widget\" data-widget_type=\"heading.default\">\n\t\t\t\t<div class=\"elementor-widget-container\">\n\t\t\t\t\t<h1 class=\"elementor-heading-title elementor-size-default\">Quinta do Infantado<\/h1>\t\t\t\t<\/div>\n\t\t\t\t<\/div>\n\t\t\t\t<div class=\"elementor-element elementor-element-dbce0fb elementor-widget elementor-widget-heading\" data-id=\"dbce0fb\" data-element_type=\"widget\" data-e-type=\"widget\" data-widget_type=\"heading.default\">\n\t\t\t\t<div class=\"elementor-widget-container\">\n\t\t\t\t\t<h2 class=\"elementor-heading-title elementor-size-default\">PORT EXCLUSIVE<\/h2>\t\t\t\t<\/div>\n\t\t\t\t<\/div>\n\t\t\t\t\t<\/div>\n\t\t<\/div>\n\t\t\t\t\t<\/div>\n\t\t<\/section>\n\t\t\t\t<section class=\"elementor-section elementor-top-section elementor-element elementor-element-d71b7a2 elementor-section-boxed elementor-section-height-default elementor-section-height-default\" data-id=\"d71b7a2\" data-element_type=\"section\" data-e-type=\"section\">\n\t\t\t\t\t\t<div class=\"elementor-container elementor-column-gap-default\">\n\t\t\t\t\t<div class=\"elementor-column elementor-col-100 elementor-top-column elementor-element elementor-element-192dddf9\" data-id=\"192dddf9\" data-element_type=\"column\" data-e-type=\"column\">\n\t\t\t<div class=\"elementor-widget-wrap elementor-element-populated\">\n\t\t\t\t\t\t<div class=\"elementor-element elementor-element-180c323c elementor-widget elementor-widget-text-editor\" data-id=\"180c323c\" data-element_type=\"widget\" data-e-type=\"widget\" data-widget_type=\"text-editor.default\">\n\t\t\t\t<div class=\"elementor-widget-container\">\n\t\t\t\t\t\t\t\t\t<p>Quinta do Infantado wurde 1816 gegr\u00fcndet und geh\u00f6rt seit 1904 zur Familie Roseira. Es befindet sich am n\u00f6rdlichen Ufer des Douro in Chanceleiros, 4 km von Pinh\u00e3o entfernt. Die Quinta hat 46 Hektar Weinberge und ist 100% A bewertet. Dies ist vergleichbar mit einem Grand Cru, der franz\u00f6sischen Weinklassifikation.\n<\/p>\n<p>\nAlle Portweine werden nur mit lokalen Trauben hergestellt. Unter den mehr als 15 Sorten roter Trauben sind die Touriga Nacional, die Touriga Franca und die Tinta Roriz die wichtigsten. F\u00fcr den wei\u00dfen Hafen werden die Rebsorten Viosinho, Rabigato, Gouveio und Moscatel Galego verwendet.\n<\/p>\n<p>\nDie Weinberge (Terrasse, sehr steil, mit dicht gepacktem Boden) werden nach traditionellen Methoden bearbeitet. Alle Arbeiten werden von Hand erledigt. Die handverlesenen Trauben g\u00e4ren lange und langsam in Bottichen (2 Meter hohe Steintanks) und werden noch zu Fu\u00df gepresst. Das Anwesen ist bekannt f\u00fcr seinen Hafen, der &#8222;meio-seco&#8220; oder halbtrocken ist. Die Portweine sind aufgrund einer l\u00e4ngeren G\u00e4rung trockener als normal und enthalten daher mehr nat\u00fcrlichen Alkohol und weniger Zucker als andere Portweine. Dies bedeutet, dass weniger &#8222;Aguardente&#8220; oder Brandy hinzugef\u00fcgt wird.\n<\/p>\n<p>\nQuinta do Infantado in drei Worten: Balance, Terroir und Eleganz.<\/p>\n\t\t\t\t\t\t\t\t<\/div>\n\t\t\t\t<\/div>\n\t\t\t\t\t<\/div>\n\t\t<\/div>\n\t\t\t\t\t<\/div>\n\t\t<\/section>\n\t\t\t\t<section class=\"elementor-section elementor-top-section elementor-element elementor-element-c3ae2ae elementor-section-boxed elementor-section-height-default elementor-section-height-default\" data-id=\"c3ae2ae\" data-element_type=\"section\" data-e-type=\"section\">\n\t\t\t\t\t\t<div class=\"elementor-container elementor-column-gap-default\">\n\t\t\t\t\t<div class=\"elementor-column elementor-col-100 elementor-top-column elementor-element elementor-element-8e03fe3\" data-id=\"8e03fe3\" data-element_type=\"column\" data-e-type=\"column\">\n\t\t\t<div class=\"elementor-widget-wrap elementor-element-populated\">\n\t\t\t\t\t\t<div class=\"elementor-element elementor-element-cdfab90 uael-woo-pagination-align-right uael-woo--align-left uael-sale-flash-circle uael-featured-flash-circle elementor-widget elementor-widget-uael-woo-products\" data-id=\"cdfab90\" data-element_type=\"widget\" data-e-type=\"widget\" data-settings=\"{&quot;pagination_align&quot;:&quot;right&quot;,&quot;products_columns&quot;:&quot;4&quot;,&quot;products_columns_tablet&quot;:&quot;3&quot;,&quot;products_columns_mobile&quot;:&quot;1&quot;}\" data-widget_type=\"uael-woo-products.grid-default\">\n\t\t\t\t<div class=\"elementor-widget-container\">\n\t\t\t\t\t<div class=\"uael-woocommerce uael-woo-products-grid uael-woo-skin-grid-default uael-woo-query-custom\" data-page=\"5499\" data-skin=\"grid_default\"><div class=\" columns-4 uael-woo-products-inner uael-woo-product__column-4 uael-woo-product__column-tablet-3 uael-woo-product__column-mobile-1\"><ul class=\"products columns-4\">\n\n\n<li class=\" alter tawny portwein quinta do infantado quintas post-5876 product first onbackorder taxable shipping-taxable purchasable product-type-simple\">\n\t<div class=\"uael-woo-product-wrapper uael-prod-auto-align-disabled\">\n\t\t<div class=\"uael-woo-products-thumbnail-wrap\"><div class=\"uael-flash-container \"><\/div><a href=\"https:\/\/www.port-exclusive.com\/de\/product\/qdi-10-jahre-alt-tawny-hafen\/\" class=\"woocommerce-LoopProduct-link woocommerce-loop-product__link\"><img fetchpriority=\"high\" decoding=\"async\" width=\"300\" height=\"300\" src=\"https:\/\/www.port-exclusive.com\/wp-content\/uploads\/2020\/06\/QdI-10-yrs-old2-300x300.png\" class=\"attachment-woocommerce_thumbnail size-woocommerce_thumbnail\" alt=\"QdI 10 Jahre alt Tawny\" \/><\/a><\/div><div class=\"uael-woo-products-summary-wrap uael-auto-align-disabled\">\t\t\t<span class=\"uael-woo-product-category\">\n\t\t\t\tAlter Tawny\t\t\t<\/span> \n\t\t\t<a href=\"https:\/\/www.port-exclusive.com\/de\/product\/qdi-10-jahre-alt-tawny-hafen\/\" class=\"uael-loop-product__link\"><h2 class=\"woocommerce-loop-product__title\">Quinta do Infantado 10 Jahre alter Tawny Port<\/h2><\/a>\n\t<span class=\"price\"><span class=\"woocommerce-Price-amount amount\"><bdi><span class=\"woocommerce-Price-currencySymbol\">&euro;<\/span>29,95<\/bdi><\/span> <small class=\"woocommerce-price-suffix\">Incl. BTW<\/small><\/span>\n<a href=\"\/de\/wp-json\/wp\/v2\/pages\/5499?add-to-cart=5876\" aria-describedby=\"woocommerce_loop_add_to_cart_link_describedby_5876\" data-quantity=\"1\" class=\"button product_type_simple add_to_cart_button ajax_add_to_cart \" data-product_id=\"5876\" data-product_sku=\"QdI007\" aria-label=\"In den Warenkorb legen: \u201eQuinta do Infantado 10 Jahre alter Tawny Port\u201c\" rel=\"nofollow\" data-success_message=\"\u201eQuinta do Infantado 10 Jahre alter Tawny Port\u201c wurde deinem Warenkorb hinzugef\u00fcgt\">In den Warenkorb<\/a>\t<span id=\"woocommerce_loop_add_to_cart_link_describedby_5876\" class=\"screen-reader-text\">\n\t\t\t<\/span>\n<\/div>\t<\/div>\n<\/li>\n\n\n<li class=\" alter tawny portwein quinta do infantado quintas post-5881 product  instock taxable shipping-taxable purchasable product-type-simple\">\n\t<div class=\"uael-woo-product-wrapper uael-prod-auto-align-disabled\">\n\t\t<div class=\"uael-woo-products-thumbnail-wrap\"><div class=\"uael-flash-container \"><\/div><a href=\"https:\/\/www.port-exclusive.com\/de\/product\/qdi-20-jahre-alt-tawny-hafen\/\" class=\"woocommerce-LoopProduct-link woocommerce-loop-product__link\"><img decoding=\"async\" width=\"300\" height=\"300\" src=\"https:\/\/www.port-exclusive.com\/wp-content\/uploads\/2020\/06\/QdI-20-yrs-old2-300x300.png\" class=\"attachment-woocommerce_thumbnail size-woocommerce_thumbnail\" alt=\"QdI 20 Jahre alt Tawny\" \/><\/a><\/div><div class=\"uael-woo-products-summary-wrap uael-auto-align-disabled\">\t\t\t<span class=\"uael-woo-product-category\">\n\t\t\t\tAlter Tawny\t\t\t<\/span> \n\t\t\t<a href=\"https:\/\/www.port-exclusive.com\/de\/product\/qdi-20-jahre-alt-tawny-hafen\/\" class=\"uael-loop-product__link\"><h2 class=\"woocommerce-loop-product__title\">Quinta do Infantado 20 Jahre alter Tawny Port<\/h2><\/a>\n\t<span class=\"price\"><span class=\"woocommerce-Price-amount amount\"><bdi><span class=\"woocommerce-Price-currencySymbol\">&euro;<\/span>57,95<\/bdi><\/span> <small class=\"woocommerce-price-suffix\">Incl. BTW<\/small><\/span>\n<a href=\"\/de\/wp-json\/wp\/v2\/pages\/5499?add-to-cart=5881\" aria-describedby=\"woocommerce_loop_add_to_cart_link_describedby_5881\" data-quantity=\"1\" class=\"button product_type_simple add_to_cart_button ajax_add_to_cart \" data-product_id=\"5881\" data-product_sku=\"QdI009\" aria-label=\"In den Warenkorb legen: \u201eQuinta do Infantado 20 Jahre alter Tawny Port\u201c\" rel=\"nofollow\" data-success_message=\"\u201eQuinta do Infantado 20 Jahre alter Tawny Port\u201c wurde deinem Warenkorb hinzugef\u00fcgt\">In den Warenkorb<\/a>\t<span id=\"woocommerce_loop_add_to_cart_link_describedby_5881\" class=\"screen-reader-text\">\n\t\t\t<\/span>\n<\/div>\t<\/div>\n<\/li>\n\n\n<li class=\" portwein quinta do infantado quintas post-6058 product  instock taxable shipping-taxable purchasable product-type-simple\">\n\t<div class=\"uael-woo-product-wrapper uael-prod-auto-align-disabled\">\n\t\t<div class=\"uael-woo-products-thumbnail-wrap\"><div class=\"uael-flash-container \"><\/div><a href=\"https:\/\/www.port-exclusive.com\/de\/product\/quinta-do-infantado-5-miniaturen\/\" class=\"woocommerce-LoopProduct-link woocommerce-loop-product__link\"><img decoding=\"async\" width=\"300\" height=\"300\" src=\"https:\/\/www.port-exclusive.com\/wp-content\/uploads\/2020\/06\/I-mini-300x300.jpg\" class=\"attachment-woocommerce_thumbnail size-woocommerce_thumbnail\" alt=\"Quinta do Infantado 5 Miniaturen\" \/><\/a><\/div><div class=\"uael-woo-products-summary-wrap uael-auto-align-disabled\">\t\t\t<span class=\"uael-woo-product-category\">\n\t\t\t\tPortwein\t\t\t<\/span> \n\t\t\t<a href=\"https:\/\/www.port-exclusive.com\/de\/product\/quinta-do-infantado-5-miniaturen\/\" class=\"uael-loop-product__link\"><h2 class=\"woocommerce-loop-product__title\">Quinta do Infantado 5 Miniaturen<\/h2><\/a>\n\t<span class=\"price\"><span class=\"woocommerce-Price-amount amount\"><bdi><span class=\"woocommerce-Price-currencySymbol\">&euro;<\/span>14,95<\/bdi><\/span> <small class=\"woocommerce-price-suffix\">Incl. BTW<\/small><\/span>\n<a href=\"\/de\/wp-json\/wp\/v2\/pages\/5499?add-to-cart=6058\" aria-describedby=\"woocommerce_loop_add_to_cart_link_describedby_6058\" data-quantity=\"1\" class=\"button product_type_simple add_to_cart_button ajax_add_to_cart \" data-product_id=\"6058\" data-product_sku=\"QdI022\" aria-label=\"In den Warenkorb legen: \u201eQuinta do Infantado 5 Miniaturen\u201c\" rel=\"nofollow\" data-success_message=\"\u201eQuinta do Infantado 5 Miniaturen\u201c wurde deinem Warenkorb hinzugef\u00fcgt\">In den Warenkorb<\/a>\t<span id=\"woocommerce_loop_add_to_cart_link_describedby_6058\" class=\"screen-reader-text\">\n\t\t\t<\/span>\n<\/div>\t<\/div>\n<\/li>\n\n\n<li class=\" portwein quinta do infantado quintas ruby portwein post-5844 product last onbackorder taxable shipping-taxable purchasable product-type-simple\">\n\t<div class=\"uael-woo-product-wrapper uael-prod-auto-align-disabled\">\n\t\t<div class=\"uael-woo-products-thumbnail-wrap\"><div class=\"uael-flash-container \"><\/div><a href=\"https:\/\/www.port-exclusive.com\/de\/product\/quinta-do-infantado-biologische-ruby-reserva-hafen\/\" class=\"woocommerce-LoopProduct-link woocommerce-loop-product__link\"><img loading=\"lazy\" decoding=\"async\" width=\"300\" height=\"300\" src=\"https:\/\/www.port-exclusive.com\/wp-content\/uploads\/2020\/06\/QdI-Ruby-Reserva-Bio-300x300.png\" class=\"attachment-woocommerce_thumbnail size-woocommerce_thumbnail\" alt=\"QdI Bio-Rubin Reserva\" \/><\/a><\/div><div class=\"uael-woo-products-summary-wrap uael-auto-align-disabled\">\t\t\t<span class=\"uael-woo-product-category\">\n\t\t\t\tPortwein\t\t\t<\/span> \n\t\t\t<a href=\"https:\/\/www.port-exclusive.com\/de\/product\/quinta-do-infantado-biologische-ruby-reserva-hafen\/\" class=\"uael-loop-product__link\"><h2 class=\"woocommerce-loop-product__title\">Quinta do Infantado Bio-Rubin-Reserva-Portwein<\/h2><\/a>\n\t<span class=\"price\"><span class=\"woocommerce-Price-amount amount\"><bdi><span class=\"woocommerce-Price-currencySymbol\">&euro;<\/span>21,95<\/bdi><\/span> <small class=\"woocommerce-price-suffix\">Incl. BTW<\/small><\/span>\n<a href=\"\/de\/wp-json\/wp\/v2\/pages\/5499?add-to-cart=5844\" aria-describedby=\"woocommerce_loop_add_to_cart_link_describedby_5844\" data-quantity=\"1\" class=\"button product_type_simple add_to_cart_button ajax_add_to_cart \" data-product_id=\"5844\" data-product_sku=\"QdI024\" aria-label=\"In den Warenkorb legen: \u201eQuinta do Infantado Bio-Rubin-Reserva-Portwein\u201c\" rel=\"nofollow\" data-success_message=\"\u201eQuinta do Infantado Bio-Rubin-Reserva-Portwein\u201c wurde deinem Warenkorb hinzugef\u00fcgt\">In den Warenkorb<\/a>\t<span id=\"woocommerce_loop_add_to_cart_link_describedby_5844\" class=\"screen-reader-text\">\n\t\t\t<\/span>\n<\/div>\t<\/div>\n<\/li>\n\n\n<li class=\" portwein quinta do infantado quintas tawny port post-5845 product first instock taxable shipping-taxable purchasable product-type-simple\">\n\t<div class=\"uael-woo-product-wrapper uael-prod-auto-align-disabled\">\n\t\t<div class=\"uael-woo-products-thumbnail-wrap\"><div class=\"uael-flash-container \"><\/div><a href=\"https:\/\/www.port-exclusive.com\/de\/product\/quinta-do-infantado-biologisch-tawny-reserva-hafen\/\" class=\"woocommerce-LoopProduct-link woocommerce-loop-product__link\"><img loading=\"lazy\" decoding=\"async\" width=\"300\" height=\"300\" src=\"https:\/\/www.port-exclusive.com\/wp-content\/uploads\/2020\/06\/QdI-Bio-Tawny-Reserva-300x300.png\" class=\"attachment-woocommerce_thumbnail size-woocommerce_thumbnail\" alt=\"QdI Bio-Tawny Reserva\" \/><\/a><\/div><div class=\"uael-woo-products-summary-wrap uael-auto-align-disabled\">\t\t\t<span class=\"uael-woo-product-category\">\n\t\t\t\tPortwein\t\t\t<\/span> \n\t\t\t<a href=\"https:\/\/www.port-exclusive.com\/de\/product\/quinta-do-infantado-biologisch-tawny-reserva-hafen\/\" class=\"uael-loop-product__link\"><h2 class=\"woocommerce-loop-product__title\">Quinta do Infantado Bio-Tawny Reserva Port<\/h2><\/a>\n\t<span class=\"price\"><span class=\"woocommerce-Price-amount amount\"><bdi><span class=\"woocommerce-Price-currencySymbol\">&euro;<\/span>24,95<\/bdi><\/span> <small class=\"woocommerce-price-suffix\">Incl. BTW<\/small><\/span>\n<a href=\"\/de\/wp-json\/wp\/v2\/pages\/5499?add-to-cart=5845\" aria-describedby=\"woocommerce_loop_add_to_cart_link_describedby_5845\" data-quantity=\"1\" class=\"button product_type_simple add_to_cart_button ajax_add_to_cart \" data-product_id=\"5845\" data-product_sku=\"QdI025\" aria-label=\"In den Warenkorb legen: \u201eQuinta do Infantado Bio-Tawny Reserva Port\u201c\" rel=\"nofollow\" data-success_message=\"\u201eQuinta do Infantado Bio-Tawny Reserva Port\u201c wurde deinem Warenkorb hinzugef\u00fcgt\">In den Warenkorb<\/a>\t<span id=\"woocommerce_loop_add_to_cart_link_describedby_5845\" class=\"screen-reader-text\">\n\t\t\t<\/span>\n<\/div>\t<\/div>\n<\/li>\n\n\n<li class=\" colheita portwein quinta do infantado quintas post-5704 product  instock taxable shipping-taxable purchasable product-type-simple\">\n\t<div class=\"uael-woo-product-wrapper uael-prod-auto-align-disabled\">\n\t\t<div class=\"uael-woo-products-thumbnail-wrap\"><div class=\"uael-flash-container \"><\/div><a href=\"https:\/\/www.port-exclusive.com\/de\/product\/qdi-colheita-2010\/\" class=\"woocommerce-LoopProduct-link woocommerce-loop-product__link\"><img loading=\"lazy\" decoding=\"async\" width=\"300\" height=\"300\" src=\"https:\/\/www.port-exclusive.com\/wp-content\/uploads\/2020\/06\/QdI-Colheita-2007-2-300x300.png\" class=\"attachment-woocommerce_thumbnail size-woocommerce_thumbnail\" alt=\"QdI Colheita 2007\" \/><\/a><\/div><div class=\"uael-woo-products-summary-wrap uael-auto-align-disabled\">\t\t\t<span class=\"uael-woo-product-category\">\n\t\t\t\tColheita\t\t\t<\/span> \n\t\t\t<a href=\"https:\/\/www.port-exclusive.com\/de\/product\/qdi-colheita-2010\/\" class=\"uael-loop-product__link\"><h2 class=\"woocommerce-loop-product__title\">Quinta do Infantado Colheita 2010<\/h2><\/a>\n\t<span class=\"price\"><span class=\"woocommerce-Price-amount amount\"><bdi><span class=\"woocommerce-Price-currencySymbol\">&euro;<\/span>38,95<\/bdi><\/span> <small class=\"woocommerce-price-suffix\">Incl. BTW<\/small><\/span>\n<a href=\"\/de\/wp-json\/wp\/v2\/pages\/5499?add-to-cart=5704\" aria-describedby=\"woocommerce_loop_add_to_cart_link_describedby_5704\" data-quantity=\"1\" class=\"button product_type_simple add_to_cart_button ajax_add_to_cart \" data-product_id=\"5704\" data-product_sku=\"QdI026\" aria-label=\"In den Warenkorb legen: \u201eQuinta do Infantado Colheita 2010\u201c\" rel=\"nofollow\" data-success_message=\"\u201eQuinta do Infantado Colheita 2010\u201c wurde deinem Warenkorb hinzugef\u00fcgt\">In den Warenkorb<\/a>\t<span id=\"woocommerce_loop_add_to_cart_link_describedby_5704\" class=\"screen-reader-text\">\n\t\t\t<\/span>\n<\/div>\t<\/div>\n<\/li>\n\n\n<li class=\" portwein quinta do infantado quintas tawny port post-5894 product  onbackorder taxable shipping-taxable purchasable product-type-simple\">\n\t<div class=\"uael-woo-product-wrapper uael-prod-auto-align-disabled\">\n\t\t<div class=\"uael-woo-products-thumbnail-wrap\"><div class=\"uael-flash-container \"><\/div><a href=\"https:\/\/www.port-exclusive.com\/de\/product\/qdi-dona-margarida-reserva-tawny-port\/\" class=\"woocommerce-LoopProduct-link woocommerce-loop-product__link\"><img loading=\"lazy\" decoding=\"async\" width=\"300\" height=\"300\" src=\"https:\/\/www.port-exclusive.com\/wp-content\/uploads\/2020\/06\/QdI-Tawny-Reserva2-300x300.png\" class=\"attachment-woocommerce_thumbnail size-woocommerce_thumbnail\" alt=\"QdI Tawny Reserva\" \/><\/a><\/div><div class=\"uael-woo-products-summary-wrap uael-auto-align-disabled\">\t\t\t<span class=\"uael-woo-product-category\">\n\t\t\t\tPortwein\t\t\t<\/span> \n\t\t\t<a href=\"https:\/\/www.port-exclusive.com\/de\/product\/qdi-dona-margarida-reserva-tawny-port\/\" class=\"uael-loop-product__link\"><h2 class=\"woocommerce-loop-product__title\">Quinta do Infantado Dona Margarida Reserva Tawny Port<\/h2><\/a>\n\t<span class=\"price\"><span class=\"woocommerce-Price-amount amount\"><bdi><span class=\"woocommerce-Price-currencySymbol\">&euro;<\/span>21,95<\/bdi><\/span> <small class=\"woocommerce-price-suffix\">Incl. BTW<\/small><\/span>\n<a href=\"\/de\/wp-json\/wp\/v2\/pages\/5499?add-to-cart=5894\" aria-describedby=\"woocommerce_loop_add_to_cart_link_describedby_5894\" data-quantity=\"1\" class=\"button product_type_simple add_to_cart_button ajax_add_to_cart \" data-product_id=\"5894\" data-product_sku=\"QdI004\" aria-label=\"In den Warenkorb legen: \u201eQuinta do Infantado Dona Margarida Reserva Tawny Port\u201c\" rel=\"nofollow\" data-success_message=\"\u201eQuinta do Infantado Dona Margarida Reserva Tawny Port\u201c wurde deinem Warenkorb hinzugef\u00fcgt\">In den Warenkorb<\/a>\t<span id=\"woocommerce_loop_add_to_cart_link_describedby_5894\" class=\"screen-reader-text\">\n\t\t\t<\/span>\n<\/div>\t<\/div>\n<\/li>\n\n\n<li class=\" late bottled vintage portwein quinta do infantado quintas post-5874 product last onbackorder taxable shipping-taxable purchasable product-type-simple\">\n\t<div class=\"uael-woo-product-wrapper uael-prod-auto-align-disabled\">\n\t\t<div class=\"uael-woo-products-thumbnail-wrap\"><div class=\"uael-flash-container \"><\/div><a href=\"https:\/\/www.port-exclusive.com\/de\/product\/quinta-do-infantado-lbv-2015\/\" class=\"woocommerce-LoopProduct-link woocommerce-loop-product__link\"><img loading=\"lazy\" decoding=\"async\" width=\"300\" height=\"300\" src=\"https:\/\/www.port-exclusive.com\/wp-content\/uploads\/2020\/06\/QdI-LBV-2009-300x300.jpg\" class=\"attachment-woocommerce_thumbnail size-woocommerce_thumbnail\" alt=\"QdI LBV 2009\" \/><\/a><\/div><div class=\"uael-woo-products-summary-wrap uael-auto-align-disabled\">\t\t\t<span class=\"uael-woo-product-category\">\n\t\t\t\tLate Bottled Vintage\t\t\t<\/span> \n\t\t\t<a href=\"https:\/\/www.port-exclusive.com\/de\/product\/quinta-do-infantado-lbv-2015\/\" class=\"uael-loop-product__link\"><h2 class=\"woocommerce-loop-product__title\">Quinta do Infantado LBV 2015<\/h2><\/a>\n\t<span class=\"price\"><span class=\"woocommerce-Price-amount amount\"><bdi><span class=\"woocommerce-Price-currencySymbol\">&euro;<\/span>20,95<\/bdi><\/span> <small class=\"woocommerce-price-suffix\">Incl. BTW<\/small><\/span>\n<a href=\"\/de\/wp-json\/wp\/v2\/pages\/5499?add-to-cart=5874\" aria-describedby=\"woocommerce_loop_add_to_cart_link_describedby_5874\" data-quantity=\"1\" class=\"button product_type_simple add_to_cart_button ajax_add_to_cart \" data-product_id=\"5874\" data-product_sku=\"QdI010\" aria-label=\"In den Warenkorb legen: \u201eQuinta do Infantado LBV 2015\u201c\" rel=\"nofollow\" data-success_message=\"\u201eQuinta do Infantado LBV 2015\u201c wurde deinem Warenkorb hinzugef\u00fcgt\">In den Warenkorb<\/a>\t<span id=\"woocommerce_loop_add_to_cart_link_describedby_5874\" class=\"screen-reader-text\">\n\t\t\t<\/span>\n<\/div>\t<\/div>\n<\/li>\n<\/ul>\n<nav class=\"uael-woocommerce-pagination\">\n\t<ul class='page-numbers'>\n\t<li><span aria-label=\"Seite 1\" aria-current=\"page\" class=\"page-numbers current\">1<\/span><\/li>\n\t<li><a aria-label=\"Seite 2\" class=\"page-numbers\" href=\"https:\/\/www.port-exclusive.com\/de\/wp-json\/wp\/v2\/pages\/5499\/page\/2\/\">2<\/a><\/li>\n\t<li><a class=\"next page-numbers\" href=\"https:\/\/www.port-exclusive.com\/de\/wp-json\/wp\/v2\/pages\/5499\/page\/2\/\">\u2192<\/a><\/li>\n<\/ul>\n<\/nav>\n<\/div><\/div>\t\t\t\t<\/div>\n\t\t\t\t<\/div>\n\t\t\t\t\t<\/div>\n\t\t<\/div>\n\t\t\t\t\t<\/div>\n\t\t<\/section>\n\t\t\t\t<\/div>\n\t\t","protected":false},"excerpt":{"rendered":"<p>Quinta do Infantado PORT EXCLUSIVE Quinta do Infantado wurde 1816 gegr\u00fcndet und geh\u00f6rt seit 1904 zur Familie Roseira. Es befindet sich am n\u00f6rdlichen Ufer des Douro in Chanceleiros, 4 km von Pinh\u00e3o entfernt. Die Quinta hat 46 Hektar Weinberge und ist 100% A bewertet. Dies ist vergleichbar mit einem Grand Cru, der franz\u00f6sischen Weinklassifikation. Alle [&hellip;]<\/p>\n","protected":false},"author":1,"featured_media":0,"parent":0,"menu_order":0,"comment_status":"closed","ping_status":"closed","template":"","meta":{"site-sidebar-layout":"default","site-content-layout":"page-builder","ast-site-content-layout":"default","site-content-style":"default","site-sidebar-style":"default","ast-global-header-display":"","ast-banner-title-visibility":"","ast-main-header-display":"","ast-hfb-above-header-display":"","ast-hfb-below-header-display":"","ast-hfb-mobile-header-display":"","site-post-title":"disabled","ast-breadcrumbs-content":"","ast-featured-img":"disabled","footer-sml-layout":"","ast-disable-related-posts":"","theme-transparent-header-meta":"enabled","adv-header-id-meta":"","stick-header-meta":"","header-above-stick-meta":"","header-main-stick-meta":"","header-below-stick-meta":"","astra-migrate-meta-layouts":"default","ast-page-background-enabled":"default","ast-page-background-meta":{"desktop":{"background-color":"","background-image":"","background-repeat":"repeat","background-position":"center center","background-size":"auto","background-attachment":"scroll","background-type":"","background-media":"","overlay-type":"","overlay-color":"","overlay-opacity":"","overlay-gradient":""},"tablet":{"background-color":"","background-image":"","background-repeat":"repeat","background-position":"center center","background-size":"auto","background-attachment":"scroll","background-type":"","background-media":"","overlay-type":"","overlay-color":"","overlay-opacity":"","overlay-gradient":""},"mobile":{"background-color":"","background-image":"","background-repeat":"repeat","background-position":"center center","background-size":"auto","background-attachment":"scroll","background-type":"","background-media":"","overlay-type":"","overlay-color":"","overlay-opacity":"","overlay-gradient":""}},"ast-content-background-meta":{"desktop":{"background-color":"var(--ast-global-color-5)","background-image":"","background-repeat":"repeat","background-position":"center center","background-size":"auto","background-attachment":"scroll","background-type":"","background-media":"","overlay-type":"","overlay-color":"","overlay-opacity":"","overlay-gradient":""},"tablet":{"background-color":"var(--ast-global-color-5)","background-image":"","background-repeat":"repeat","background-position":"center center","background-size":"auto","background-attachment":"scroll","background-type":"","background-media":"","overlay-type":"","overlay-color":"","overlay-opacity":"","overlay-gradient":""},"mobile":{"background-color":"var(--ast-global-color-5)","background-image":"","background-repeat":"repeat","background-position":"center center","background-size":"auto","background-attachment":"scroll","background-type":"","background-media":"","overlay-type":"","overlay-color":"","overlay-opacity":"","overlay-gradient":""}},"footnotes":""},"class_list":["post-5499","page","type-page","status-publish","hentry","desktop-align-left","tablet-align-left","mobile-align-left","ast-product-gallery-layout-horizontal-slider","ast-product-tabs-layout-horizontal"],"_links":{"self":[{"href":"https:\/\/www.port-exclusive.com\/de\/wp-json\/wp\/v2\/pages\/5499","targetHints":{"allow":["GET"]}}],"collection":[{"href":"https:\/\/www.port-exclusive.com\/de\/wp-json\/wp\/v2\/pages"}],"about":[{"href":"https:\/\/www.port-exclusive.com\/de\/wp-json\/wp\/v2\/types\/page"}],"author":[{"embeddable":true,"href":"https:\/\/www.port-exclusive.com\/de\/wp-json\/wp\/v2\/users\/1"}],"replies":[{"embeddable":true,"href":"https:\/\/www.port-exclusive.com\/de\/wp-json\/wp\/v2\/comments?post=5499"}],"version-history":[{"count":7,"href":"https:\/\/www.port-exclusive.com\/de\/wp-json\/wp\/v2\/pages\/5499\/revisions"}],"predecessor-version":[{"id":6006,"href":"https:\/\/www.port-exclusive.com\/de\/wp-json\/wp\/v2\/pages\/5499\/revisions\/6006"}],"wp:attachment":[{"href":"https:\/\/www.port-exclusive.com\/de\/wp-json\/wp\/v2\/media?parent=5499"}],"curies":[{"name":"wp","href":"https:\/\/api.w.org\/{rel}","templated":true}]}}