{"id":5475,"date":"2021-05-12T10:11:19","date_gmt":"2021-05-12T08:11:19","guid":{"rendered":"https:\/\/www.port-exclusive.com\/vintage-port\/"},"modified":"2021-05-13T13:39:37","modified_gmt":"2021-05-13T11:39:37","slug":"vintage-port","status":"publish","type":"page","link":"https:\/\/www.port-exclusive.com\/de\/vintage-port\/","title":{"rendered":"Vintage Port"},"content":{"rendered":"\t\t<div data-elementor-type=\"wp-page\" data-elementor-id=\"5475\" class=\"elementor elementor-5475 elementor-4384\" data-elementor-post-type=\"page\">\n\t\t\t\t\t\t<section class=\"elementor-section elementor-top-section elementor-element elementor-element-aa188d4 elementor-section-boxed elementor-section-height-default elementor-section-height-default\" data-id=\"aa188d4\" data-element_type=\"section\" data-e-type=\"section\" data-settings=\"{&quot;background_background&quot;:&quot;classic&quot;}\">\n\t\t\t\t\t\t\t<div class=\"elementor-background-overlay\"><\/div>\n\t\t\t\t\t\t\t<div class=\"elementor-container elementor-column-gap-default\">\n\t\t\t\t\t<div class=\"elementor-column elementor-col-100 elementor-top-column elementor-element elementor-element-a39312a\" data-id=\"a39312a\" data-element_type=\"column\" data-e-type=\"column\">\n\t\t\t<div class=\"elementor-widget-wrap elementor-element-populated\">\n\t\t\t\t\t\t<div class=\"elementor-element elementor-element-5e70b2a elementor-widget elementor-widget-heading\" data-id=\"5e70b2a\" data-element_type=\"widget\" data-e-type=\"widget\" data-widget_type=\"heading.default\">\n\t\t\t\t<div class=\"elementor-widget-container\">\n\t\t\t\t\t<h1 class=\"elementor-heading-title elementor-size-default\">Vintage Port<\/h1>\t\t\t\t<\/div>\n\t\t\t\t<\/div>\n\t\t\t\t<div class=\"elementor-element elementor-element-5376510 elementor-widget elementor-widget-heading\" data-id=\"5376510\" data-element_type=\"widget\" data-e-type=\"widget\" data-widget_type=\"heading.default\">\n\t\t\t\t<div class=\"elementor-widget-container\">\n\t\t\t\t\t<h2 class=\"elementor-heading-title elementor-size-default\">PORT EXCLUSIVE<\/h2>\t\t\t\t<\/div>\n\t\t\t\t<\/div>\n\t\t\t\t\t<\/div>\n\t\t<\/div>\n\t\t\t\t\t<\/div>\n\t\t<\/section>\n\t\t\t\t<section class=\"elementor-section elementor-top-section elementor-element elementor-element-42659d31 elementor-section-boxed elementor-section-height-default elementor-section-height-default\" data-id=\"42659d31\" data-element_type=\"section\" data-e-type=\"section\">\n\t\t\t\t\t\t<div class=\"elementor-container elementor-column-gap-default\">\n\t\t\t\t\t<div class=\"elementor-column elementor-col-100 elementor-top-column elementor-element elementor-element-5054f75a\" data-id=\"5054f75a\" data-element_type=\"column\" data-e-type=\"column\">\n\t\t\t<div class=\"elementor-widget-wrap elementor-element-populated\">\n\t\t\t\t\t\t<div class=\"elementor-element elementor-element-499158ab elementor-widget elementor-widget-text-editor\" data-id=\"499158ab\" data-element_type=\"widget\" data-e-type=\"widget\" data-widget_type=\"text-editor.default\">\n\t\t\t\t<div class=\"elementor-widget-container\">\n\t\t\t\t\t\t\t\t\t<p>Ein Vintage Port stammt aus einem au\u00dfergew\u00f6hnlich guten Jahr und wird in der Regel zwei Jahre in Eichenf\u00e4ssern gelagert und dann zur weiteren Reifung in der Flasche ungefiltert abgef\u00fcllt. Dies f\u00fchrt zu einer Ablagerung \/ Trockenheit in der Flasche. Es wird empfohlen, den Port so zu dekantieren, dass das Sediment in der Flasche verbleibt. Das Etikett erw\u00e4hnt immer den Jahrgang und das Jahr der Abf\u00fcllung.\n<\/p>\n<p>\nDer besondere Charakter von Vintage Port erfordert einige Vorbereitungen, bevor Sie mit dem Trinken beginnen. Stellen Sie die Flasche vor dem \u00d6ffnen mindestens 24 Stunden lang aufrecht, damit sich die Ablagerung am Boden der Flasche absetzen kann. Dekantieren Sie den Vintage Port einige Stunden vor dem Verzehr vorsichtig in eine Karaffe. Bewahren Sie ein oder zwei Gl\u00e4ser in der Flasche auf, um sicherzustellen, dass keine Hefe mit dem Portwein geliefert wird.\n<\/p>\n<p>\nVerwenden Sie die folgende Tabelle als Richtlinie daf\u00fcr, wie lange im Voraus der Vintage Port dekantiert werden muss:<\/br><br \/>\nEin Port 0 &#8211; 7 Jahre alt: 10 &#8211; 12 Stunden im Voraus dekantieren.<\/br><br \/>\nEin Port 8 &#8211; 15 Jahre alt: 8 &#8211; 10 Stunden im Voraus dekantieren.<\/br><br \/>\nEin Port 16 &#8211; 25 Jahre alt: 6 &#8211; 8 Stunden im Voraus dekantieren.<\/br><br \/>\nEin Port 26 &#8211; 35 Jahre alt: 4 &#8211; 6 Stunden im Voraus dekantieren.<\/br><br \/>\nEin Port 36 &#8211; 45 Jahre alt: 3 &#8211; 5 Stunden im Voraus dekantieren.<\/br><br \/>\nEin Port 46 &#8211; 60 Jahre alt: 2 &#8211; 3 Stunden im Voraus dekantieren.<\/br><br \/>\nEin Port ab 60 Jahren: 1 &#8211; 3 Stunden im Voraus dekantieren.<\/p>\n\t\t\t\t\t\t\t\t<\/div>\n\t\t\t\t<\/div>\n\t\t\t\t\t<\/div>\n\t\t<\/div>\n\t\t\t\t\t<\/div>\n\t\t<\/section>\n\t\t\t\t<section class=\"elementor-section elementor-top-section elementor-element elementor-element-57a2d9a elementor-section-boxed elementor-section-height-default elementor-section-height-default\" data-id=\"57a2d9a\" data-element_type=\"section\" data-e-type=\"section\">\n\t\t\t\t\t\t<div class=\"elementor-container elementor-column-gap-default\">\n\t\t\t\t\t<div class=\"elementor-column elementor-col-100 elementor-top-column elementor-element elementor-element-a033686\" data-id=\"a033686\" data-element_type=\"column\" data-e-type=\"column\">\n\t\t\t<div class=\"elementor-widget-wrap elementor-element-populated\">\n\t\t\t\t\t\t<div class=\"elementor-element elementor-element-17a155c uael-woo-pagination-align-right uael-woo--align-left uael-sale-flash-circle uael-featured-flash-circle elementor-widget elementor-widget-uael-woo-products\" data-id=\"17a155c\" data-element_type=\"widget\" data-e-type=\"widget\" data-settings=\"{&quot;pagination_align&quot;:&quot;right&quot;,&quot;products_columns&quot;:&quot;4&quot;,&quot;products_columns_tablet&quot;:&quot;3&quot;,&quot;products_columns_mobile&quot;:&quot;1&quot;}\" data-widget_type=\"uael-woo-products.grid-default\">\n\t\t\t\t<div class=\"elementor-widget-container\">\n\t\t\t\t\t<div class=\"uael-woocommerce uael-woo-products-grid uael-woo-skin-grid-default uael-woo-query-custom\" data-page=\"5475\" data-skin=\"grid_default\"><div class=\" columns-4 uael-woo-products-inner uael-woo-product__column-4 uael-woo-product__column-tablet-3 uael-woo-product__column-mobile-1\"><ul class=\"products columns-4\">\n\n\n<li class=\" dalva jahrgang portwein quintas post-5729 product first instock taxable shipping-taxable purchasable product-type-simple\">\n\t<div class=\"uael-woo-product-wrapper uael-prod-auto-align-disabled\">\n\t\t<div class=\"uael-woo-products-thumbnail-wrap\"><div class=\"uael-flash-container \"><\/div><a href=\"https:\/\/www.port-exclusive.com\/de\/product\/dalva-vintage-port-2012\/\" class=\"woocommerce-LoopProduct-link woocommerce-loop-product__link\"><img fetchpriority=\"high\" decoding=\"async\" width=\"300\" height=\"300\" src=\"https:\/\/www.port-exclusive.com\/wp-content\/uploads\/2020\/06\/Dalva-Vintage-2012-300x300.png\" class=\"attachment-woocommerce_thumbnail size-woocommerce_thumbnail\" alt=\"Dalva-Jahrgang 2012\" \/><\/a><\/div><div class=\"uael-woo-products-summary-wrap uael-auto-align-disabled\">\t\t\t<span class=\"uael-woo-product-category\">\n\t\t\t\tDalva\t\t\t<\/span> \n\t\t\t<a href=\"https:\/\/www.port-exclusive.com\/de\/product\/dalva-vintage-port-2012\/\" class=\"uael-loop-product__link\"><h2 class=\"woocommerce-loop-product__title\">DALVA Vintage Portwein 2012<\/h2><\/a>\n\t<span class=\"price\"><span class=\"woocommerce-Price-amount amount\"><bdi><span class=\"woocommerce-Price-currencySymbol\">&euro;<\/span>55,45<\/bdi><\/span> <small class=\"woocommerce-price-suffix\">Incl. BTW<\/small><\/span>\n<a href=\"\/de\/wp-json\/wp\/v2\/pages\/5475?add-to-cart=5729\" aria-describedby=\"woocommerce_loop_add_to_cart_link_describedby_5729\" data-quantity=\"1\" class=\"button product_type_simple add_to_cart_button ajax_add_to_cart \" data-product_id=\"5729\" data-product_sku=\"DAL021\" aria-label=\"In den Warenkorb legen: \u201eDALVA Vintage Portwein 2012\u201c\" rel=\"nofollow\" data-success_message=\"\u201eDALVA Vintage Portwein 2012\u201c wurde deinem Warenkorb hinzugef\u00fcgt\">In den Warenkorb<\/a>\t<span id=\"woocommerce_loop_add_to_cart_link_describedby_5729\" class=\"screen-reader-text\">\n\t\t\t<\/span>\n<\/div>\t<\/div>\n<\/li>\n\n\n<li class=\" fonseca jahrgang portwein quintas post-5694 product  instock taxable shipping-taxable purchasable product-type-simple\">\n\t<div class=\"uael-woo-product-wrapper uael-prod-auto-align-disabled\">\n\t\t<div class=\"uael-woo-products-thumbnail-wrap\"><div class=\"uael-flash-container \"><\/div><a href=\"https:\/\/www.port-exclusive.com\/de\/product\/fonseca-quinta-do-panascal-vintage-port-2008\/\" class=\"woocommerce-LoopProduct-link woocommerce-loop-product__link\"><img decoding=\"async\" width=\"300\" height=\"300\" src=\"https:\/\/www.port-exclusive.com\/wp-content\/uploads\/2020\/06\/Fonseca-Pascanal-2008-1-300x300.jpg\" class=\"attachment-woocommerce_thumbnail size-woocommerce_thumbnail\" alt=\"Fonseca Pascanal Vintage Port 2008\" \/><\/a><\/div><div class=\"uael-woo-products-summary-wrap uael-auto-align-disabled\">\t\t\t<span class=\"uael-woo-product-category\">\n\t\t\t\tFonseca\t\t\t<\/span> \n\t\t\t<a href=\"https:\/\/www.port-exclusive.com\/de\/product\/fonseca-quinta-do-panascal-vintage-port-2008\/\" class=\"uael-loop-product__link\"><h2 class=\"woocommerce-loop-product__title\">Fonseca Quinta do Panascal Vintage Port 2008<\/h2><\/a>\n\t<span class=\"price\"><span class=\"woocommerce-Price-amount amount\"><bdi><span class=\"woocommerce-Price-currencySymbol\">&euro;<\/span>66,95<\/bdi><\/span> <small class=\"woocommerce-price-suffix\">Incl. BTW<\/small><\/span>\n<a href=\"\/de\/wp-json\/wp\/v2\/pages\/5475?add-to-cart=5694\" aria-describedby=\"woocommerce_loop_add_to_cart_link_describedby_5694\" data-quantity=\"1\" class=\"button product_type_simple add_to_cart_button ajax_add_to_cart \" data-product_id=\"5694\" data-product_sku=\"Fons006\" aria-label=\"In den Warenkorb legen: \u201eFonseca Quinta do Panascal Vintage Port 2008\u201c\" rel=\"nofollow\" data-success_message=\"\u201eFonseca Quinta do Panascal Vintage Port 2008\u201c wurde deinem Warenkorb hinzugef\u00fcgt\">In den Warenkorb<\/a>\t<span id=\"woocommerce_loop_add_to_cart_link_describedby_5694\" class=\"screen-reader-text\">\n\t\t\t<\/span>\n<\/div>\t<\/div>\n<\/li>\n\n\n<li class=\" fonseca jahrgang portwein quintas post-5699 product  instock taxable shipping-taxable purchasable product-type-simple\">\n\t<div class=\"uael-woo-product-wrapper uael-prod-auto-align-disabled\">\n\t\t<div class=\"uael-woo-products-thumbnail-wrap\"><div class=\"uael-flash-container \"><\/div><a href=\"https:\/\/www.port-exclusive.com\/de\/product\/fonseca-vintage-port-2000-2\/\" class=\"woocommerce-LoopProduct-link woocommerce-loop-product__link\"><img decoding=\"async\" width=\"300\" height=\"300\" src=\"https:\/\/www.port-exclusive.com\/wp-content\/uploads\/2020\/06\/Fonseca-2000-300x300.jpg\" class=\"attachment-woocommerce_thumbnail size-woocommerce_thumbnail\" alt=\"Fonseca Vintage Port 2000\" \/><\/a><\/div><div class=\"uael-woo-products-summary-wrap uael-auto-align-disabled\">\t\t\t<span class=\"uael-woo-product-category\">\n\t\t\t\tFonseca\t\t\t<\/span> \n\t\t\t<a href=\"https:\/\/www.port-exclusive.com\/de\/product\/fonseca-vintage-port-2000-2\/\" class=\"uael-loop-product__link\"><h2 class=\"woocommerce-loop-product__title\">Fonseca Vintage Port 2000<\/h2><\/a>\n\t<span class=\"price\"><span class=\"woocommerce-Price-amount amount\"><bdi><span class=\"woocommerce-Price-currencySymbol\">&euro;<\/span>94,95<\/bdi><\/span> <small class=\"woocommerce-price-suffix\">Incl. BTW<\/small><\/span>\n<a href=\"\/de\/wp-json\/wp\/v2\/pages\/5475?add-to-cart=5699\" aria-describedby=\"woocommerce_loop_add_to_cart_link_describedby_5699\" data-quantity=\"1\" class=\"button product_type_simple add_to_cart_button ajax_add_to_cart \" data-product_id=\"5699\" data-product_sku=\"Fons003\" aria-label=\"In den Warenkorb legen: \u201eFonseca Vintage Port 2000\u201c\" rel=\"nofollow\" data-success_message=\"\u201eFonseca Vintage Port 2000\u201c wurde deinem Warenkorb hinzugef\u00fcgt\">In den Warenkorb<\/a>\t<span id=\"woocommerce_loop_add_to_cart_link_describedby_5699\" class=\"screen-reader-text\">\n\t\t\t<\/span>\n<\/div>\t<\/div>\n<\/li>\n\n\n<li class=\" fonseca jahrgang portwein quintas post-5698 product last outofstock taxable shipping-taxable purchasable product-type-simple\">\n\t<div class=\"uael-woo-product-wrapper uael-prod-auto-align-disabled\">\n\t\t<div class=\"uael-woo-products-thumbnail-wrap\"><div class=\"uael-flash-container \"><\/div><a href=\"https:\/\/www.port-exclusive.com\/de\/product\/fonseca-vintage-port-2003-2\/\" class=\"woocommerce-LoopProduct-link woocommerce-loop-product__link\"><img loading=\"lazy\" decoding=\"async\" width=\"300\" height=\"300\" src=\"https:\/\/www.port-exclusive.com\/wp-content\/uploads\/2020\/06\/Fonseca-2003-300x300.jpg\" class=\"attachment-woocommerce_thumbnail size-woocommerce_thumbnail\" alt=\"Fonseca Vintage Port 2003\" \/><\/a><span class=\"uael-out-of-stock\">Nicht auf Lager<\/span><\/div><div class=\"uael-woo-products-summary-wrap uael-auto-align-disabled\">\t\t\t<span class=\"uael-woo-product-category\">\n\t\t\t\tFonseca\t\t\t<\/span> \n\t\t\t<a href=\"https:\/\/www.port-exclusive.com\/de\/product\/fonseca-vintage-port-2003-2\/\" class=\"uael-loop-product__link\"><h2 class=\"woocommerce-loop-product__title\">Fonseca Vintage Port 2003<\/h2><\/a>\n\t<span class=\"price\"><span class=\"woocommerce-Price-amount amount\"><bdi><span class=\"woocommerce-Price-currencySymbol\">&euro;<\/span>97,95<\/bdi><\/span> <small class=\"woocommerce-price-suffix\">Incl. BTW<\/small><\/span>\n<a href=\"https:\/\/www.port-exclusive.com\/de\/product\/fonseca-vintage-port-2003-2\/\" aria-describedby=\"woocommerce_loop_add_to_cart_link_describedby_5698\" data-quantity=\"1\" class=\"button product_type_simple \" data-product_id=\"5698\" data-product_sku=\"Fons004\" aria-label=\"Lese mehr \u00fcber &#8222;Fonseca Vintage Port 2003&#8220;\" rel=\"nofollow\" data-success_message=\"\">Weiterlesen<\/a>\t<span id=\"woocommerce_loop_add_to_cart_link_describedby_5698\" class=\"screen-reader-text\">\n\t\t\t<\/span>\n<\/div>\t<\/div>\n<\/li>\n\n\n<li class=\" fonseca jahrgang portwein quintas post-5696 product first instock taxable shipping-taxable purchasable product-type-simple\">\n\t<div class=\"uael-woo-product-wrapper uael-prod-auto-align-disabled\">\n\t\t<div class=\"uael-woo-products-thumbnail-wrap\"><div class=\"uael-flash-container \"><\/div><a href=\"https:\/\/www.port-exclusive.com\/de\/product\/fonseca-vintage-port-2004-2\/\" class=\"woocommerce-LoopProduct-link woocommerce-loop-product__link\"><img loading=\"lazy\" decoding=\"async\" width=\"300\" height=\"300\" src=\"https:\/\/www.port-exclusive.com\/wp-content\/uploads\/2020\/06\/Fonseca-2004-300x300.jpg\" class=\"attachment-woocommerce_thumbnail size-woocommerce_thumbnail\" alt=\"Fonseca Vintage Port 2004\" \/><\/a><\/div><div class=\"uael-woo-products-summary-wrap uael-auto-align-disabled\">\t\t\t<span class=\"uael-woo-product-category\">\n\t\t\t\tFonseca\t\t\t<\/span> \n\t\t\t<a href=\"https:\/\/www.port-exclusive.com\/de\/product\/fonseca-vintage-port-2004-2\/\" class=\"uael-loop-product__link\"><h2 class=\"woocommerce-loop-product__title\">Fonseca Vintage Port 2004<\/h2><\/a>\n\t<span class=\"price\"><span class=\"woocommerce-Price-amount amount\"><bdi><span class=\"woocommerce-Price-currencySymbol\">&euro;<\/span>89,95<\/bdi><\/span> <small class=\"woocommerce-price-suffix\">Incl. BTW<\/small><\/span>\n<a href=\"\/de\/wp-json\/wp\/v2\/pages\/5475?add-to-cart=5696\" aria-describedby=\"woocommerce_loop_add_to_cart_link_describedby_5696\" data-quantity=\"1\" class=\"button product_type_simple add_to_cart_button ajax_add_to_cart \" data-product_id=\"5696\" data-product_sku=\"Fons005\" aria-label=\"In den Warenkorb legen: \u201eFonseca Vintage Port 2004\u201c\" rel=\"nofollow\" data-success_message=\"\u201eFonseca Vintage Port 2004\u201c wurde deinem Warenkorb hinzugef\u00fcgt\">In den Warenkorb<\/a>\t<span id=\"woocommerce_loop_add_to_cart_link_describedby_5696\" class=\"screen-reader-text\">\n\t\t\t<\/span>\n<\/div>\t<\/div>\n<\/li>\n\n\n<li class=\" fonseca jahrgang portwein quintas post-5697 product  instock taxable shipping-taxable purchasable product-type-simple\">\n\t<div class=\"uael-woo-product-wrapper uael-prod-auto-align-disabled\">\n\t\t<div class=\"uael-woo-products-thumbnail-wrap\"><div class=\"uael-flash-container \"><\/div><a href=\"https:\/\/www.port-exclusive.com\/de\/product\/fonseca-vintage-port-2009-2\/\" class=\"woocommerce-LoopProduct-link woocommerce-loop-product__link\"><img loading=\"lazy\" decoding=\"async\" width=\"300\" height=\"300\" src=\"https:\/\/www.port-exclusive.com\/wp-content\/uploads\/2020\/06\/Fonseca-2009-300x300.jpg\" class=\"attachment-woocommerce_thumbnail size-woocommerce_thumbnail\" alt=\"Fonseca Vintage Port 2009\" \/><\/a><\/div><div class=\"uael-woo-products-summary-wrap uael-auto-align-disabled\">\t\t\t<span class=\"uael-woo-product-category\">\n\t\t\t\tFonseca\t\t\t<\/span> \n\t\t\t<a href=\"https:\/\/www.port-exclusive.com\/de\/product\/fonseca-vintage-port-2009-2\/\" class=\"uael-loop-product__link\"><h2 class=\"woocommerce-loop-product__title\">Fonseca Vintage Port 2009<\/h2><\/a>\n\t<span class=\"price\"><span class=\"woocommerce-Price-amount amount\"><bdi><span class=\"woocommerce-Price-currencySymbol\">&euro;<\/span>89,95<\/bdi><\/span> <small class=\"woocommerce-price-suffix\">Incl. BTW<\/small><\/span>\n<a href=\"\/de\/wp-json\/wp\/v2\/pages\/5475?add-to-cart=5697\" aria-describedby=\"woocommerce_loop_add_to_cart_link_describedby_5697\" data-quantity=\"1\" class=\"button product_type_simple add_to_cart_button ajax_add_to_cart \" data-product_id=\"5697\" data-product_sku=\"Fons002\" aria-label=\"In den Warenkorb legen: \u201eFonseca Vintage Port 2009\u201c\" rel=\"nofollow\" data-success_message=\"\u201eFonseca Vintage Port 2009\u201c wurde deinem Warenkorb hinzugef\u00fcgt\">In den Warenkorb<\/a>\t<span id=\"woocommerce_loop_add_to_cart_link_describedby_5697\" class=\"screen-reader-text\">\n\t\t\t<\/span>\n<\/div>\t<\/div>\n<\/li>\n\n\n<li class=\" jahrgang pintas portwein quintas post-5913 product  outofstock taxable shipping-taxable purchasable product-type-simple\">\n\t<div class=\"uael-woo-product-wrapper uael-prod-auto-align-disabled\">\n\t\t<div class=\"uael-woo-products-thumbnail-wrap\"><div class=\"uael-flash-container \"><\/div><a href=\"https:\/\/www.port-exclusive.com\/de\/product\/pintas-vintage-port-2003-2\/\" class=\"woocommerce-LoopProduct-link woocommerce-loop-product__link\"><img loading=\"lazy\" decoding=\"async\" width=\"300\" height=\"300\" src=\"https:\/\/www.port-exclusive.com\/wp-content\/uploads\/2020\/06\/Pintas-Vintage-2003-300x300.png\" class=\"attachment-woocommerce_thumbnail size-woocommerce_thumbnail\" alt=\"Pintas Vintage 2003\" \/><\/a><span class=\"uael-out-of-stock\">Nicht auf Lager<\/span><\/div><div class=\"uael-woo-products-summary-wrap uael-auto-align-disabled\">\t\t\t<span class=\"uael-woo-product-category\">\n\t\t\t\tJahrgang\t\t\t<\/span> \n\t\t\t<a href=\"https:\/\/www.port-exclusive.com\/de\/product\/pintas-vintage-port-2003-2\/\" class=\"uael-loop-product__link\"><h2 class=\"woocommerce-loop-product__title\">Pintas Vintage Port 2003<\/h2><\/a>\n\t<span class=\"price\"><span class=\"woocommerce-Price-amount amount\"><bdi><span class=\"woocommerce-Price-currencySymbol\">&euro;<\/span>58,50<\/bdi><\/span> <small class=\"woocommerce-price-suffix\">Incl. BTW<\/small><\/span>\n<a href=\"https:\/\/www.port-exclusive.com\/de\/product\/pintas-vintage-port-2003-2\/\" aria-describedby=\"woocommerce_loop_add_to_cart_link_describedby_5913\" data-quantity=\"1\" class=\"button product_type_simple \" data-product_id=\"5913\" data-product_sku=\"Pint002\" aria-label=\"Lese mehr \u00fcber &#8222;Pintas Vintage Port 2003&#8220;\" rel=\"nofollow\" data-success_message=\"\">Weiterlesen<\/a>\t<span id=\"woocommerce_loop_add_to_cart_link_describedby_5913\" class=\"screen-reader-text\">\n\t\t\t<\/span>\n<\/div>\t<\/div>\n<\/li>\n\n\n<li class=\" jahrgang pintas portwein quintas post-5912 product last instock taxable shipping-taxable purchasable product-type-simple\">\n\t<div class=\"uael-woo-product-wrapper uael-prod-auto-align-disabled\">\n\t\t<div class=\"uael-woo-products-thumbnail-wrap\"><div class=\"uael-flash-container \"><\/div><a href=\"https:\/\/www.port-exclusive.com\/de\/product\/pintas-vintage-port-2009\/\" class=\"woocommerce-LoopProduct-link woocommerce-loop-product__link\"><img loading=\"lazy\" decoding=\"async\" width=\"300\" height=\"300\" src=\"https:\/\/www.port-exclusive.com\/wp-content\/uploads\/2020\/06\/Pintas-Vintage-2009-300x300.png\" class=\"attachment-woocommerce_thumbnail size-woocommerce_thumbnail\" alt=\"Pintas Jahrgang 2009\" \/><\/a><\/div><div class=\"uael-woo-products-summary-wrap uael-auto-align-disabled\">\t\t\t<span class=\"uael-woo-product-category\">\n\t\t\t\tJahrgang\t\t\t<\/span> \n\t\t\t<a href=\"https:\/\/www.port-exclusive.com\/de\/product\/pintas-vintage-port-2009\/\" class=\"uael-loop-product__link\"><h2 class=\"woocommerce-loop-product__title\">Pintas Vintage Port 2009<\/h2><\/a>\n\t<span class=\"price\"><span class=\"woocommerce-Price-amount amount\"><bdi><span class=\"woocommerce-Price-currencySymbol\">&euro;<\/span>68,95<\/bdi><\/span> <small class=\"woocommerce-price-suffix\">Incl. BTW<\/small><\/span>\n<a href=\"\/de\/wp-json\/wp\/v2\/pages\/5475?add-to-cart=5912\" aria-describedby=\"woocommerce_loop_add_to_cart_link_describedby_5912\" data-quantity=\"1\" class=\"button product_type_simple add_to_cart_button ajax_add_to_cart \" data-product_id=\"5912\" data-product_sku=\"Pint005\" aria-label=\"In den Warenkorb legen: \u201ePintas Vintage Port 2009\u201c\" rel=\"nofollow\" data-success_message=\"\u201ePintas Vintage Port 2009\u201c wurde deinem Warenkorb hinzugef\u00fcgt\">In den Warenkorb<\/a>\t<span id=\"woocommerce_loop_add_to_cart_link_describedby_5912\" class=\"screen-reader-text\">\n\t\t\t<\/span>\n<\/div>\t<\/div>\n<\/li>\n<\/ul>\n<nav class=\"uael-woocommerce-pagination\">\n\t<ul class='page-numbers'>\n\t<li><span aria-label=\"Seite 1\" aria-current=\"page\" class=\"page-numbers current\">1<\/span><\/li>\n\t<li><a aria-label=\"Seite 2\" class=\"page-numbers\" href=\"https:\/\/www.port-exclusive.com\/de\/wp-json\/wp\/v2\/pages\/5475\/page\/2\/\">2<\/a><\/li>\n\t<li><a aria-label=\"Seite 3\" class=\"page-numbers\" href=\"https:\/\/www.port-exclusive.com\/de\/wp-json\/wp\/v2\/pages\/5475\/page\/3\/\">3<\/a><\/li>\n\t<li><a class=\"next page-numbers\" href=\"https:\/\/www.port-exclusive.com\/de\/wp-json\/wp\/v2\/pages\/5475\/page\/2\/\">\u2192<\/a><\/li>\n<\/ul>\n<\/nav>\n<\/div><\/div>\t\t\t\t<\/div>\n\t\t\t\t<\/div>\n\t\t\t\t\t<\/div>\n\t\t<\/div>\n\t\t\t\t\t<\/div>\n\t\t<\/section>\n\t\t\t\t<\/div>\n\t\t","protected":false},"excerpt":{"rendered":"<p>Vintage Port PORT EXCLUSIVE Ein Vintage Port stammt aus einem au\u00dfergew\u00f6hnlich guten Jahr und wird in der Regel zwei Jahre in Eichenf\u00e4ssern gelagert und dann zur weiteren Reifung in der Flasche ungefiltert abgef\u00fcllt. Dies f\u00fchrt zu einer Ablagerung \/ Trockenheit in der Flasche. Es wird empfohlen, den Port so zu dekantieren, dass das Sediment in [&hellip;]<\/p>\n","protected":false},"author":1,"featured_media":0,"parent":0,"menu_order":0,"comment_status":"closed","ping_status":"closed","template":"","meta":{"site-sidebar-layout":"default","site-content-layout":"page-builder","ast-site-content-layout":"default","site-content-style":"default","site-sidebar-style":"default","ast-global-header-display":"","ast-banner-title-visibility":"","ast-main-header-display":"","ast-hfb-above-header-display":"","ast-hfb-below-header-display":"","ast-hfb-mobile-header-display":"","site-post-title":"disabled","ast-breadcrumbs-content":"","ast-featured-img":"disabled","footer-sml-layout":"","ast-disable-related-posts":"","theme-transparent-header-meta":"enabled","adv-header-id-meta":"","stick-header-meta":"","header-above-stick-meta":"","header-main-stick-meta":"","header-below-stick-meta":"","astra-migrate-meta-layouts":"default","ast-page-background-enabled":"default","ast-page-background-meta":{"desktop":{"background-color":"","background-image":"","background-repeat":"repeat","background-position":"center center","background-size":"auto","background-attachment":"scroll","background-type":"","background-media":"","overlay-type":"","overlay-color":"","overlay-opacity":"","overlay-gradient":""},"tablet":{"background-color":"","background-image":"","background-repeat":"repeat","background-position":"center center","background-size":"auto","background-attachment":"scroll","background-type":"","background-media":"","overlay-type":"","overlay-color":"","overlay-opacity":"","overlay-gradient":""},"mobile":{"background-color":"","background-image":"","background-repeat":"repeat","background-position":"center center","background-size":"auto","background-attachment":"scroll","background-type":"","background-media":"","overlay-type":"","overlay-color":"","overlay-opacity":"","overlay-gradient":""}},"ast-content-background-meta":{"desktop":{"background-color":"var(--ast-global-color-5)","background-image":"","background-repeat":"repeat","background-position":"center center","background-size":"auto","background-attachment":"scroll","background-type":"","background-media":"","overlay-type":"","overlay-color":"","overlay-opacity":"","overlay-gradient":""},"tablet":{"background-color":"var(--ast-global-color-5)","background-image":"","background-repeat":"repeat","background-position":"center center","background-size":"auto","background-attachment":"scroll","background-type":"","background-media":"","overlay-type":"","overlay-color":"","overlay-opacity":"","overlay-gradient":""},"mobile":{"background-color":"var(--ast-global-color-5)","background-image":"","background-repeat":"repeat","background-position":"center center","background-size":"auto","background-attachment":"scroll","background-type":"","background-media":"","overlay-type":"","overlay-color":"","overlay-opacity":"","overlay-gradient":""}},"footnotes":""},"class_list":["post-5475","page","type-page","status-publish","hentry","desktop-align-left","tablet-align-left","mobile-align-left","ast-product-gallery-layout-horizontal-slider","ast-product-gallery-with-no-image","ast-product-tabs-layout-horizontal"],"_links":{"self":[{"href":"https:\/\/www.port-exclusive.com\/de\/wp-json\/wp\/v2\/pages\/5475","targetHints":{"allow":["GET"]}}],"collection":[{"href":"https:\/\/www.port-exclusive.com\/de\/wp-json\/wp\/v2\/pages"}],"about":[{"href":"https:\/\/www.port-exclusive.com\/de\/wp-json\/wp\/v2\/types\/page"}],"author":[{"embeddable":true,"href":"https:\/\/www.port-exclusive.com\/de\/wp-json\/wp\/v2\/users\/1"}],"replies":[{"embeddable":true,"href":"https:\/\/www.port-exclusive.com\/de\/wp-json\/wp\/v2\/comments?post=5475"}],"version-history":[{"count":9,"href":"https:\/\/www.port-exclusive.com\/de\/wp-json\/wp\/v2\/pages\/5475\/revisions"}],"predecessor-version":[{"id":5992,"href":"https:\/\/www.port-exclusive.com\/de\/wp-json\/wp\/v2\/pages\/5475\/revisions\/5992"}],"wp:attachment":[{"href":"https:\/\/www.port-exclusive.com\/de\/wp-json\/wp\/v2\/media?parent=5475"}],"curies":[{"name":"wp","href":"https:\/\/api.w.org\/{rel}","templated":true}]}}