{"id":5437,"date":"2021-05-12T10:11:11","date_gmt":"2021-05-12T08:11:11","guid":{"rendered":"https:\/\/www.port-exclusive.com\/wein-und-seele-pintas\/"},"modified":"2021-05-12T18:52:36","modified_gmt":"2021-05-12T16:52:36","slug":"wein-und-seele-pintas","status":"publish","type":"page","link":"https:\/\/www.port-exclusive.com\/de\/wein-und-seele-pintas\/","title":{"rendered":"Wine and Soul &#8211; Pintas"},"content":{"rendered":"\t\t<div data-elementor-type=\"wp-page\" data-elementor-id=\"5437\" class=\"elementor elementor-5437 elementor-4399\" data-elementor-post-type=\"page\">\n\t\t\t\t\t\t<section class=\"elementor-section elementor-top-section elementor-element elementor-element-a8bc223 elementor-section-boxed elementor-section-height-default elementor-section-height-default\" data-id=\"a8bc223\" data-element_type=\"section\" data-e-type=\"section\" data-settings=\"{&quot;background_background&quot;:&quot;classic&quot;}\">\n\t\t\t\t\t\t\t<div class=\"elementor-background-overlay\"><\/div>\n\t\t\t\t\t\t\t<div class=\"elementor-container elementor-column-gap-default\">\n\t\t\t\t\t<div class=\"elementor-column elementor-col-100 elementor-top-column elementor-element elementor-element-0f894d9\" data-id=\"0f894d9\" data-element_type=\"column\" data-e-type=\"column\">\n\t\t\t<div class=\"elementor-widget-wrap elementor-element-populated\">\n\t\t\t\t\t\t<div class=\"elementor-element elementor-element-cf1382d elementor-widget elementor-widget-heading\" data-id=\"cf1382d\" data-element_type=\"widget\" data-e-type=\"widget\" data-widget_type=\"heading.default\">\n\t\t\t\t<div class=\"elementor-widget-container\">\n\t\t\t\t\t<h1 class=\"elementor-heading-title elementor-size-default\">Wine and Soul - Pintas<\/h1>\t\t\t\t<\/div>\n\t\t\t\t<\/div>\n\t\t\t\t<div class=\"elementor-element elementor-element-c9f7961 elementor-widget elementor-widget-heading\" data-id=\"c9f7961\" data-element_type=\"widget\" data-e-type=\"widget\" data-widget_type=\"heading.default\">\n\t\t\t\t<div class=\"elementor-widget-container\">\n\t\t\t\t\t<h2 class=\"elementor-heading-title elementor-size-default\">PORT EXCLUSIVE<\/h2>\t\t\t\t<\/div>\n\t\t\t\t<\/div>\n\t\t\t\t\t<\/div>\n\t\t<\/div>\n\t\t\t\t\t<\/div>\n\t\t<\/section>\n\t\t\t\t<section class=\"elementor-section elementor-top-section elementor-element elementor-element-1ce4eaea elementor-section-boxed elementor-section-height-default elementor-section-height-default\" data-id=\"1ce4eaea\" data-element_type=\"section\" data-e-type=\"section\">\n\t\t\t\t\t\t<div class=\"elementor-container elementor-column-gap-default\">\n\t\t\t\t\t<div class=\"elementor-column elementor-col-100 elementor-top-column elementor-element elementor-element-789988be\" data-id=\"789988be\" data-element_type=\"column\" data-e-type=\"column\">\n\t\t\t<div class=\"elementor-widget-wrap elementor-element-populated\">\n\t\t\t\t\t\t<div class=\"elementor-element elementor-element-13f3c14f elementor-widget elementor-widget-text-editor\" data-id=\"13f3c14f\" data-element_type=\"widget\" data-e-type=\"widget\" data-widget_type=\"text-editor.default\">\n\t\t\t\t<div class=\"elementor-widget-container\">\n\t\t\t\t\t\t\t\t\t<p>Wine and Soul &#8211; Pintas ist ein 70 Jahre alter Weinberg, dessen Bodeneigenschaften und mehr als 30 Rebsorten definierte Terroirweine hervorbringen. Der Weinberg befindet sich im Vale de Mendiz an einem steilen S\u00fcdhang und besteht aus zwei Hektar alten Reben.\n<\/p>\n<p>\nDer Weinberg Wine and Soul &#8211; Pintas ist spektakul\u00e4r und bietet mit seinen 30 verschiedenen Rebsorten eine enorm komplexe und herausfordernde Palette an Aromen. Das Aussortieren der gro\u00dfen Auswahl an Trauben ist unerl\u00e4sslich und erfolgt mit gro\u00dfer Pr\u00e4zision. Die Trauben reifen zu unterschiedlichen Zeiten. Die Verarbeitung zum Port erfordert spezielle F\u00e4higkeiten in diesem Weinberg, die in anderen Weinanbaugebieten nicht verwendet werden. So werden die Trauben in traditionellen Betontanks (&#8222;Lagares&#8220;) mit dem Stiel vergoren und auf traditionelle Weise mit F\u00fc\u00dfen getreten. Dann geht der Portwein zu 70% neuen Eichenf\u00e4ssern f\u00fcr die Weing\u00e4rung.\n<\/p>\n<p>\nDas Ergebnis ist ein k\u00f6stlicher, \u00fcppiger, verf\u00fchrerischer roter, moderner Portwein mit klassischem Aussehen, einer Konzentration von Fr\u00fcchten, verbunden mit einer lebendigen Frische.<\/p>\n\t\t\t\t\t\t\t\t<\/div>\n\t\t\t\t<\/div>\n\t\t\t\t\t<\/div>\n\t\t<\/div>\n\t\t\t\t\t<\/div>\n\t\t<\/section>\n\t\t\t\t<section class=\"elementor-section elementor-top-section elementor-element elementor-element-27307fb elementor-section-boxed elementor-section-height-default elementor-section-height-default\" data-id=\"27307fb\" data-element_type=\"section\" data-e-type=\"section\">\n\t\t\t\t\t\t<div class=\"elementor-container elementor-column-gap-default\">\n\t\t\t\t\t<div class=\"elementor-column elementor-col-100 elementor-top-column elementor-element elementor-element-a9759bf\" data-id=\"a9759bf\" data-element_type=\"column\" data-e-type=\"column\">\n\t\t\t<div class=\"elementor-widget-wrap elementor-element-populated\">\n\t\t\t\t\t\t<div class=\"elementor-element elementor-element-b04a507 uael-woo--align-left uael-sale-flash-circle uael-featured-flash-circle elementor-widget elementor-widget-uael-woo-products\" data-id=\"b04a507\" data-element_type=\"widget\" data-e-type=\"widget\" data-settings=\"{&quot;products_columns&quot;:&quot;4&quot;,&quot;products_columns_tablet&quot;:&quot;3&quot;,&quot;products_columns_mobile&quot;:&quot;1&quot;}\" data-widget_type=\"uael-woo-products.grid-default\">\n\t\t\t\t<div class=\"elementor-widget-container\">\n\t\t\t\t\t<div class=\"uael-woocommerce uael-woo-products-grid uael-woo-skin-grid-default uael-woo-query-custom\" data-page=\"5437\" data-skin=\"grid_default\"><div class=\" columns-4 uael-woo-products-inner uael-woo-product__column-4 uael-woo-product__column-tablet-3 uael-woo-product__column-mobile-1\"><ul class=\"products columns-4\">\n\n\n<li class=\" jahrgang pintas portwein quintas post-5913 product first outofstock taxable shipping-taxable purchasable product-type-simple\">\n\t<div class=\"uael-woo-product-wrapper uael-prod-auto-align-disabled\">\n\t\t<div class=\"uael-woo-products-thumbnail-wrap\"><div class=\"uael-flash-container \"><\/div><a href=\"https:\/\/www.port-exclusive.com\/de\/product\/pintas-vintage-port-2003-2\/\" class=\"woocommerce-LoopProduct-link woocommerce-loop-product__link\"><img fetchpriority=\"high\" decoding=\"async\" width=\"300\" height=\"300\" src=\"https:\/\/www.port-exclusive.com\/wp-content\/uploads\/2020\/06\/Pintas-Vintage-2003-300x300.png\" class=\"attachment-woocommerce_thumbnail size-woocommerce_thumbnail\" alt=\"Pintas Vintage 2003\" \/><\/a><span class=\"uael-out-of-stock\">Nicht auf Lager<\/span><\/div><div class=\"uael-woo-products-summary-wrap uael-auto-align-disabled\">\t\t\t<span class=\"uael-woo-product-category\">\n\t\t\t\tJahrgang\t\t\t<\/span> \n\t\t\t<a href=\"https:\/\/www.port-exclusive.com\/de\/product\/pintas-vintage-port-2003-2\/\" class=\"uael-loop-product__link\"><h2 class=\"woocommerce-loop-product__title\">Pintas Vintage Port 2003<\/h2><\/a>\n\t<span class=\"price\"><span class=\"woocommerce-Price-amount amount\"><bdi><span class=\"woocommerce-Price-currencySymbol\">&euro;<\/span>58,50<\/bdi><\/span> <small class=\"woocommerce-price-suffix\">Incl. BTW<\/small><\/span>\n<a href=\"https:\/\/www.port-exclusive.com\/de\/product\/pintas-vintage-port-2003-2\/\" aria-describedby=\"woocommerce_loop_add_to_cart_link_describedby_5913\" data-quantity=\"1\" class=\"button product_type_simple \" data-product_id=\"5913\" data-product_sku=\"Pint002\" aria-label=\"Lese mehr \u00fcber &#8222;Pintas Vintage Port 2003&#8220;\" rel=\"nofollow\" data-success_message=\"\">Weiterlesen<\/a>\t<span id=\"woocommerce_loop_add_to_cart_link_describedby_5913\" class=\"screen-reader-text\">\n\t\t\t<\/span>\n<\/div>\t<\/div>\n<\/li>\n\n\n<li class=\" jahrgang pintas portwein quintas post-5912 product  instock taxable shipping-taxable purchasable product-type-simple\">\n\t<div class=\"uael-woo-product-wrapper uael-prod-auto-align-disabled\">\n\t\t<div class=\"uael-woo-products-thumbnail-wrap\"><div class=\"uael-flash-container \"><\/div><a href=\"https:\/\/www.port-exclusive.com\/de\/product\/pintas-vintage-port-2009\/\" class=\"woocommerce-LoopProduct-link woocommerce-loop-product__link\"><img decoding=\"async\" width=\"300\" height=\"300\" src=\"https:\/\/www.port-exclusive.com\/wp-content\/uploads\/2020\/06\/Pintas-Vintage-2009-300x300.png\" class=\"attachment-woocommerce_thumbnail size-woocommerce_thumbnail\" alt=\"Pintas Jahrgang 2009\" \/><\/a><\/div><div class=\"uael-woo-products-summary-wrap uael-auto-align-disabled\">\t\t\t<span class=\"uael-woo-product-category\">\n\t\t\t\tJahrgang\t\t\t<\/span> \n\t\t\t<a href=\"https:\/\/www.port-exclusive.com\/de\/product\/pintas-vintage-port-2009\/\" class=\"uael-loop-product__link\"><h2 class=\"woocommerce-loop-product__title\">Pintas Vintage Port 2009<\/h2><\/a>\n\t<span class=\"price\"><span class=\"woocommerce-Price-amount amount\"><bdi><span class=\"woocommerce-Price-currencySymbol\">&euro;<\/span>68,95<\/bdi><\/span> <small class=\"woocommerce-price-suffix\">Incl. BTW<\/small><\/span>\n<a href=\"\/de\/wp-json\/wp\/v2\/pages\/5437?add-to-cart=5912\" aria-describedby=\"woocommerce_loop_add_to_cart_link_describedby_5912\" data-quantity=\"1\" class=\"button product_type_simple add_to_cart_button ajax_add_to_cart \" data-product_id=\"5912\" data-product_sku=\"Pint005\" aria-label=\"In den Warenkorb legen: \u201ePintas Vintage Port 2009\u201c\" rel=\"nofollow\" data-success_message=\"\u201ePintas Vintage Port 2009\u201c wurde deinem Warenkorb hinzugef\u00fcgt\">In den Warenkorb<\/a>\t<span id=\"woocommerce_loop_add_to_cart_link_describedby_5912\" class=\"screen-reader-text\">\n\t\t\t<\/span>\n<\/div>\t<\/div>\n<\/li>\n\n\n<li class=\" jahrgang pintas portwein quintas post-5854 product  instock taxable shipping-taxable purchasable product-type-simple\">\n\t<div class=\"uael-woo-product-wrapper uael-prod-auto-align-disabled\">\n\t\t<div class=\"uael-woo-products-thumbnail-wrap\"><div class=\"uael-flash-container \"><\/div><a href=\"https:\/\/www.port-exclusive.com\/de\/product\/pintas-vintage-port-2009-0375-ltr\/\" class=\"woocommerce-LoopProduct-link woocommerce-loop-product__link\"><img decoding=\"async\" width=\"300\" height=\"300\" src=\"https:\/\/www.port-exclusive.com\/wp-content\/uploads\/2020\/06\/Pintas-Vintage-2009-375-300x300.png\" class=\"attachment-woocommerce_thumbnail size-woocommerce_thumbnail\" alt=\"Pintas Vintage 2009 375\" \/><\/a><\/div><div class=\"uael-woo-products-summary-wrap uael-auto-align-disabled\">\t\t\t<span class=\"uael-woo-product-category\">\n\t\t\t\tJahrgang\t\t\t<\/span> \n\t\t\t<a href=\"https:\/\/www.port-exclusive.com\/de\/product\/pintas-vintage-port-2009-0375-ltr\/\" class=\"uael-loop-product__link\"><h2 class=\"woocommerce-loop-product__title\">Pintas Vintage Port 2009 0,375 ltr<\/h2><\/a>\n\t<span class=\"price\"><span class=\"woocommerce-Price-amount amount\"><bdi><span class=\"woocommerce-Price-currencySymbol\">&euro;<\/span>36,50<\/bdi><\/span> <small class=\"woocommerce-price-suffix\">Incl. BTW<\/small><\/span>\n<a href=\"\/de\/wp-json\/wp\/v2\/pages\/5437?add-to-cart=5854\" aria-describedby=\"woocommerce_loop_add_to_cart_link_describedby_5854\" data-quantity=\"1\" class=\"button product_type_simple add_to_cart_button ajax_add_to_cart \" data-product_id=\"5854\" data-product_sku=\"Pint006\" aria-label=\"In den Warenkorb legen: \u201ePintas Vintage Port 2009 0,375 ltr\u201c\" rel=\"nofollow\" data-success_message=\"\u201ePintas Vintage Port 2009 0,375 ltr\u201c wurde deinem Warenkorb hinzugef\u00fcgt\">In den Warenkorb<\/a>\t<span id=\"woocommerce_loop_add_to_cart_link_describedby_5854\" class=\"screen-reader-text\">\n\t\t\t<\/span>\n<\/div>\t<\/div>\n<\/li>\n<\/ul>\n<\/div><\/div>\t\t\t\t<\/div>\n\t\t\t\t<\/div>\n\t\t\t\t\t<\/div>\n\t\t<\/div>\n\t\t\t\t\t<\/div>\n\t\t<\/section>\n\t\t\t\t<\/div>\n\t\t","protected":false},"excerpt":{"rendered":"<p>Wine and Soul &#8211; Pintas PORT EXCLUSIVE Wine and Soul &#8211; Pintas ist ein 70 Jahre alter Weinberg, dessen Bodeneigenschaften und mehr als 30 Rebsorten definierte Terroirweine hervorbringen. Der Weinberg befindet sich im Vale de Mendiz an einem steilen S\u00fcdhang und besteht aus zwei Hektar alten Reben. Der Weinberg Wine and Soul &#8211; Pintas ist [&hellip;]<\/p>\n","protected":false},"author":1,"featured_media":0,"parent":0,"menu_order":0,"comment_status":"closed","ping_status":"closed","template":"","meta":{"site-sidebar-layout":"default","site-content-layout":"page-builder","ast-site-content-layout":"default","site-content-style":"default","site-sidebar-style":"default","ast-global-header-display":"","ast-banner-title-visibility":"","ast-main-header-display":"","ast-hfb-above-header-display":"","ast-hfb-below-header-display":"","ast-hfb-mobile-header-display":"","site-post-title":"disabled","ast-breadcrumbs-content":"","ast-featured-img":"disabled","footer-sml-layout":"","ast-disable-related-posts":"","theme-transparent-header-meta":"enabled","adv-header-id-meta":"","stick-header-meta":"","header-above-stick-meta":"","header-main-stick-meta":"","header-below-stick-meta":"","astra-migrate-meta-layouts":"default","ast-page-background-enabled":"default","ast-page-background-meta":{"desktop":{"background-color":"","background-image":"","background-repeat":"repeat","background-position":"center center","background-size":"auto","background-attachment":"scroll","background-type":"","background-media":"","overlay-type":"","overlay-color":"","overlay-opacity":"","overlay-gradient":""},"tablet":{"background-color":"","background-image":"","background-repeat":"repeat","background-position":"center center","background-size":"auto","background-attachment":"scroll","background-type":"","background-media":"","overlay-type":"","overlay-color":"","overlay-opacity":"","overlay-gradient":""},"mobile":{"background-color":"","background-image":"","background-repeat":"repeat","background-position":"center center","background-size":"auto","background-attachment":"scroll","background-type":"","background-media":"","overlay-type":"","overlay-color":"","overlay-opacity":"","overlay-gradient":""}},"ast-content-background-meta":{"desktop":{"background-color":"var(--ast-global-color-5)","background-image":"","background-repeat":"repeat","background-position":"center center","background-size":"auto","background-attachment":"scroll","background-type":"","background-media":"","overlay-type":"","overlay-color":"","overlay-opacity":"","overlay-gradient":""},"tablet":{"background-color":"var(--ast-global-color-5)","background-image":"","background-repeat":"repeat","background-position":"center center","background-size":"auto","background-attachment":"scroll","background-type":"","background-media":"","overlay-type":"","overlay-color":"","overlay-opacity":"","overlay-gradient":""},"mobile":{"background-color":"var(--ast-global-color-5)","background-image":"","background-repeat":"repeat","background-position":"center center","background-size":"auto","background-attachment":"scroll","background-type":"","background-media":"","overlay-type":"","overlay-color":"","overlay-opacity":"","overlay-gradient":""}},"footnotes":""},"class_list":["post-5437","page","type-page","status-publish","hentry","desktop-align-left","tablet-align-left","mobile-align-left","ast-product-gallery-layout-horizontal-slider","ast-product-tabs-layout-horizontal"],"_links":{"self":[{"href":"https:\/\/www.port-exclusive.com\/de\/wp-json\/wp\/v2\/pages\/5437","targetHints":{"allow":["GET"]}}],"collection":[{"href":"https:\/\/www.port-exclusive.com\/de\/wp-json\/wp\/v2\/pages"}],"about":[{"href":"https:\/\/www.port-exclusive.com\/de\/wp-json\/wp\/v2\/types\/page"}],"author":[{"embeddable":true,"href":"https:\/\/www.port-exclusive.com\/de\/wp-json\/wp\/v2\/users\/1"}],"replies":[{"embeddable":true,"href":"https:\/\/www.port-exclusive.com\/de\/wp-json\/wp\/v2\/comments?post=5437"}],"version-history":[{"count":9,"href":"https:\/\/www.port-exclusive.com\/de\/wp-json\/wp\/v2\/pages\/5437\/revisions"}],"predecessor-version":[{"id":5954,"href":"https:\/\/www.port-exclusive.com\/de\/wp-json\/wp\/v2\/pages\/5437\/revisions\/5954"}],"wp:attachment":[{"href":"https:\/\/www.port-exclusive.com\/de\/wp-json\/wp\/v2\/media?parent=5437"}],"curies":[{"name":"wp","href":"https:\/\/api.w.org\/{rel}","templated":true}]}}