{"id":5427,"date":"2021-05-12T10:11:08","date_gmt":"2021-05-12T08:11:08","guid":{"rendered":"https:\/\/www.port-exclusive.com\/tawny-port\/"},"modified":"2021-05-12T10:13:28","modified_gmt":"2021-05-12T08:13:28","slug":"tawny-port","status":"publish","type":"page","link":"https:\/\/www.port-exclusive.com\/de\/tawny-port\/","title":{"rendered":"Tawny Port"},"content":{"rendered":"\t\t<div data-elementor-type=\"wp-page\" data-elementor-id=\"5427\" class=\"elementor elementor-5427 elementor-4372\" data-elementor-post-type=\"page\">\n\t\t\t\t\t\t<section class=\"elementor-section elementor-top-section elementor-element elementor-element-a484529 elementor-section-full_width elementor-section-height-default elementor-section-height-default\" data-id=\"a484529\" data-element_type=\"section\" data-e-type=\"section\" data-settings=\"{&quot;background_background&quot;:&quot;classic&quot;}\">\n\t\t\t\t\t\t\t<div class=\"elementor-background-overlay\"><\/div>\n\t\t\t\t\t\t\t<div class=\"elementor-container elementor-column-gap-default\">\n\t\t\t\t\t<div class=\"elementor-column elementor-col-100 elementor-top-column elementor-element elementor-element-8079c00\" data-id=\"8079c00\" data-element_type=\"column\" data-e-type=\"column\">\n\t\t\t<div class=\"elementor-widget-wrap elementor-element-populated\">\n\t\t\t\t\t\t<div class=\"elementor-element elementor-element-1e9ef76 elementor-widget elementor-widget-heading\" data-id=\"1e9ef76\" data-element_type=\"widget\" data-e-type=\"widget\" data-widget_type=\"heading.default\">\n\t\t\t\t<div class=\"elementor-widget-container\">\n\t\t\t\t\t<h1 class=\"elementor-heading-title elementor-size-default\">Tawny Port<\/h1>\t\t\t\t<\/div>\n\t\t\t\t<\/div>\n\t\t\t\t<div class=\"elementor-element elementor-element-d5adf53 elementor-widget elementor-widget-heading\" data-id=\"d5adf53\" data-element_type=\"widget\" data-e-type=\"widget\" data-widget_type=\"heading.default\">\n\t\t\t\t<div class=\"elementor-widget-container\">\n\t\t\t\t\t<h2 class=\"elementor-heading-title elementor-size-default\">PORT EXKLUSIV<\/h2>\t\t\t\t<\/div>\n\t\t\t\t<\/div>\n\t\t\t\t\t<\/div>\n\t\t<\/div>\n\t\t\t\t\t<\/div>\n\t\t<\/section>\n\t\t\t\t<section class=\"elementor-section elementor-top-section elementor-element elementor-element-3457ddfd elementor-section-boxed elementor-section-height-default elementor-section-height-default\" data-id=\"3457ddfd\" data-element_type=\"section\" data-e-type=\"section\">\n\t\t\t\t\t\t<div class=\"elementor-container elementor-column-gap-default\">\n\t\t\t\t\t<div class=\"elementor-column elementor-col-100 elementor-top-column elementor-element elementor-element-558fe0b4\" data-id=\"558fe0b4\" data-element_type=\"column\" data-e-type=\"column\">\n\t\t\t<div class=\"elementor-widget-wrap elementor-element-populated\">\n\t\t\t\t\t\t<div class=\"elementor-element elementor-element-50571534 elementor-widget elementor-widget-text-editor\" data-id=\"50571534\" data-element_type=\"widget\" data-e-type=\"widget\" data-widget_type=\"text-editor.default\">\n\t\t\t\t<div class=\"elementor-widget-container\">\n\t\t\t\t\t\t\t\t\t<p>Der Tawny Port ist nach der gelbbraunen Farbe benannt, die der Wein mehrere Jahre in der Fassreifung erzeugt, damit er leicht oxidieren kann. Der Tawny Port besteht aus einer Mischung von Portweinen aus verschiedenen Erntejahren, hat jedoch das Hauptmerkmal, dass er mehrere Jahre in F\u00e4ssern gereift ist, was seine typische gelbbraune Farbe ergibt. Ideal, um gek\u00fchlt als Aperitif zu trinken, nach einer Mahlzeit mit einer Cr\u00e8me Br\u00fbl\u00e9e oder nat\u00fcrlich mit einem K\u00e4sebrett mit \u00e4lteren K\u00e4sesorten und w\u00fcrzigem Blauschimmelk\u00e4se.<\/p>\n\t\t\t\t\t\t\t\t<\/div>\n\t\t\t\t<\/div>\n\t\t\t\t\t<\/div>\n\t\t<\/div>\n\t\t\t\t\t<\/div>\n\t\t<\/section>\n\t\t\t\t<section class=\"elementor-section elementor-top-section elementor-element elementor-element-4723fc3 elementor-section-boxed elementor-section-height-default elementor-section-height-default\" data-id=\"4723fc3\" data-element_type=\"section\" data-e-type=\"section\">\n\t\t\t\t\t\t<div class=\"elementor-container elementor-column-gap-default\">\n\t\t\t\t\t<div class=\"elementor-column elementor-col-100 elementor-top-column elementor-element elementor-element-93d4452\" data-id=\"93d4452\" data-element_type=\"column\" data-e-type=\"column\">\n\t\t\t<div class=\"elementor-widget-wrap elementor-element-populated\">\n\t\t\t\t\t\t<div class=\"elementor-element elementor-element-0ac113b uael-woo--align-left uael-sale-flash-circle uael-featured-flash-circle elementor-widget elementor-widget-uael-woo-products\" data-id=\"0ac113b\" data-element_type=\"widget\" data-e-type=\"widget\" data-settings=\"{&quot;products_columns&quot;:&quot;4&quot;,&quot;products_columns_tablet&quot;:&quot;3&quot;,&quot;products_columns_mobile&quot;:&quot;1&quot;}\" data-widget_type=\"uael-woo-products.grid-default\">\n\t\t\t\t<div class=\"elementor-widget-container\">\n\t\t\t\t\t<div class=\"uael-woocommerce uael-woo-products-grid uael-woo-skin-grid-default uael-woo-query-custom\" data-page=\"5427\" data-skin=\"grid_default\"><div class=\" columns-4 uael-woo-products-inner uael-woo-product__column-4 uael-woo-product__column-tablet-3 uael-woo-product__column-mobile-1\"><ul class=\"products columns-4\">\n\n\n<li class=\" dalva portwein quintas tawny port post-5834 product first instock taxable shipping-taxable purchasable product-type-simple\">\n\t<div class=\"uael-woo-product-wrapper uael-prod-auto-align-disabled\">\n\t\t<div class=\"uael-woo-products-thumbnail-wrap\"><div class=\"uael-flash-container \"><\/div><a href=\"https:\/\/www.port-exclusive.com\/de\/product\/dalva-tawny-port\/\" class=\"woocommerce-LoopProduct-link woocommerce-loop-product__link\"><img fetchpriority=\"high\" decoding=\"async\" width=\"300\" height=\"300\" src=\"https:\/\/www.port-exclusive.com\/wp-content\/uploads\/2020\/06\/DSCN0558-300x300.jpg\" class=\"attachment-woocommerce_thumbnail size-woocommerce_thumbnail\" alt=\"Dalva Tawny Port\" \/><\/a><\/div><div class=\"uael-woo-products-summary-wrap uael-auto-align-disabled\">\t\t\t<span class=\"uael-woo-product-category\">\n\t\t\t\tDalva\t\t\t<\/span> \n\t\t\t<a href=\"https:\/\/www.port-exclusive.com\/de\/product\/dalva-tawny-port\/\" class=\"uael-loop-product__link\"><h2 class=\"woocommerce-loop-product__title\">DALVA Tawny Portwein<\/h2><\/a>\n\t<span class=\"price\"><span class=\"woocommerce-Price-amount amount\"><bdi><span class=\"woocommerce-Price-currencySymbol\">&euro;<\/span>14,95<\/bdi><\/span> <small class=\"woocommerce-price-suffix\">Incl. BTW<\/small><\/span>\n<a href=\"\/de\/wp-json\/wp\/v2\/pages\/5427?add-to-cart=5834\" aria-describedby=\"woocommerce_loop_add_to_cart_link_describedby_5834\" data-quantity=\"1\" class=\"button product_type_simple add_to_cart_button ajax_add_to_cart \" data-product_id=\"5834\" data-product_sku=\"DAL002\" aria-label=\"In den Warenkorb legen: \u201eDALVA Tawny Portwein\u201c\" rel=\"nofollow\" data-success_message=\"\u201eDALVA Tawny Portwein\u201c wurde deinem Warenkorb hinzugef\u00fcgt\">In den Warenkorb<\/a>\t<span id=\"woocommerce_loop_add_to_cart_link_describedby_5834\" class=\"screen-reader-text\">\n\t\t\t<\/span>\n<\/div>\t<\/div>\n<\/li>\n\n\n<li class=\" dalva portwein quintas tawny port post-5820 product  instock taxable shipping-taxable purchasable product-type-simple\">\n\t<div class=\"uael-woo-product-wrapper uael-prod-auto-align-disabled\">\n\t\t<div class=\"uael-woo-products-thumbnail-wrap\"><div class=\"uael-flash-container \"><\/div><a href=\"https:\/\/www.port-exclusive.com\/de\/product\/dalva-tawny-port-0375-ltr\/\" class=\"woocommerce-LoopProduct-link woocommerce-loop-product__link\"><img decoding=\"async\" width=\"300\" height=\"300\" src=\"https:\/\/www.port-exclusive.com\/wp-content\/uploads\/2020\/06\/Dalva-Tawny-375-300x300.png\" class=\"attachment-woocommerce_thumbnail size-woocommerce_thumbnail\" alt=\"Dalva Tawny 375\" \/><\/a><\/div><div class=\"uael-woo-products-summary-wrap uael-auto-align-disabled\">\t\t\t<span class=\"uael-woo-product-category\">\n\t\t\t\tDalva\t\t\t<\/span> \n\t\t\t<a href=\"https:\/\/www.port-exclusive.com\/de\/product\/dalva-tawny-port-0375-ltr\/\" class=\"uael-loop-product__link\"><h2 class=\"woocommerce-loop-product__title\">DALVA Tawny Portwein 0,375 ltr<\/h2><\/a>\n\t<span class=\"price\"><span class=\"woocommerce-Price-amount amount\"><bdi><span class=\"woocommerce-Price-currencySymbol\">&euro;<\/span>8,95<\/bdi><\/span> <small class=\"woocommerce-price-suffix\">Incl. BTW<\/small><\/span>\n<a href=\"\/de\/wp-json\/wp\/v2\/pages\/5427?add-to-cart=5820\" aria-describedby=\"woocommerce_loop_add_to_cart_link_describedby_5820\" data-quantity=\"1\" class=\"button product_type_simple add_to_cart_button ajax_add_to_cart \" data-product_id=\"5820\" data-product_sku=\"DAL009\" aria-label=\"In den Warenkorb legen: \u201eDALVA Tawny Portwein 0,375 ltr\u201c\" rel=\"nofollow\" data-success_message=\"\u201eDALVA Tawny Portwein 0,375 ltr\u201c wurde deinem Warenkorb hinzugef\u00fcgt\">In den Warenkorb<\/a>\t<span id=\"woocommerce_loop_add_to_cart_link_describedby_5820\" class=\"screen-reader-text\">\n\t\t\t<\/span>\n<\/div>\t<\/div>\n<\/li>\n\n\n<li class=\" portwein quinta do infantado quintas tawny port post-5845 product  instock taxable shipping-taxable purchasable product-type-simple\">\n\t<div class=\"uael-woo-product-wrapper uael-prod-auto-align-disabled\">\n\t\t<div class=\"uael-woo-products-thumbnail-wrap\"><div class=\"uael-flash-container \"><\/div><a href=\"https:\/\/www.port-exclusive.com\/de\/product\/quinta-do-infantado-biologisch-tawny-reserva-hafen\/\" class=\"woocommerce-LoopProduct-link woocommerce-loop-product__link\"><img decoding=\"async\" width=\"300\" height=\"300\" src=\"https:\/\/www.port-exclusive.com\/wp-content\/uploads\/2020\/06\/QdI-Bio-Tawny-Reserva-300x300.png\" class=\"attachment-woocommerce_thumbnail size-woocommerce_thumbnail\" alt=\"QdI Bio-Tawny Reserva\" \/><\/a><\/div><div class=\"uael-woo-products-summary-wrap uael-auto-align-disabled\">\t\t\t<span class=\"uael-woo-product-category\">\n\t\t\t\tPortwein\t\t\t<\/span> \n\t\t\t<a href=\"https:\/\/www.port-exclusive.com\/de\/product\/quinta-do-infantado-biologisch-tawny-reserva-hafen\/\" class=\"uael-loop-product__link\"><h2 class=\"woocommerce-loop-product__title\">Quinta do Infantado Bio-Tawny Reserva Port<\/h2><\/a>\n\t<span class=\"price\"><span class=\"woocommerce-Price-amount amount\"><bdi><span class=\"woocommerce-Price-currencySymbol\">&euro;<\/span>24,95<\/bdi><\/span> <small class=\"woocommerce-price-suffix\">Incl. BTW<\/small><\/span>\n<a href=\"\/de\/wp-json\/wp\/v2\/pages\/5427?add-to-cart=5845\" aria-describedby=\"woocommerce_loop_add_to_cart_link_describedby_5845\" data-quantity=\"1\" class=\"button product_type_simple add_to_cart_button ajax_add_to_cart \" data-product_id=\"5845\" data-product_sku=\"QdI025\" aria-label=\"In den Warenkorb legen: \u201eQuinta do Infantado Bio-Tawny Reserva Port\u201c\" rel=\"nofollow\" data-success_message=\"\u201eQuinta do Infantado Bio-Tawny Reserva Port\u201c wurde deinem Warenkorb hinzugef\u00fcgt\">In den Warenkorb<\/a>\t<span id=\"woocommerce_loop_add_to_cart_link_describedby_5845\" class=\"screen-reader-text\">\n\t\t\t<\/span>\n<\/div>\t<\/div>\n<\/li>\n\n\n<li class=\" portwein quinta do infantado quintas tawny port post-5894 product last onbackorder taxable shipping-taxable purchasable product-type-simple\">\n\t<div class=\"uael-woo-product-wrapper uael-prod-auto-align-disabled\">\n\t\t<div class=\"uael-woo-products-thumbnail-wrap\"><div class=\"uael-flash-container \"><\/div><a href=\"https:\/\/www.port-exclusive.com\/de\/product\/qdi-dona-margarida-reserva-tawny-port\/\" class=\"woocommerce-LoopProduct-link woocommerce-loop-product__link\"><img loading=\"lazy\" decoding=\"async\" width=\"300\" height=\"300\" src=\"https:\/\/www.port-exclusive.com\/wp-content\/uploads\/2020\/06\/QdI-Tawny-Reserva2-300x300.png\" class=\"attachment-woocommerce_thumbnail size-woocommerce_thumbnail\" alt=\"QdI Tawny Reserva\" \/><\/a><\/div><div class=\"uael-woo-products-summary-wrap uael-auto-align-disabled\">\t\t\t<span class=\"uael-woo-product-category\">\n\t\t\t\tPortwein\t\t\t<\/span> \n\t\t\t<a href=\"https:\/\/www.port-exclusive.com\/de\/product\/qdi-dona-margarida-reserva-tawny-port\/\" class=\"uael-loop-product__link\"><h2 class=\"woocommerce-loop-product__title\">Quinta do Infantado Dona Margarida Reserva Tawny Port<\/h2><\/a>\n\t<span class=\"price\"><span class=\"woocommerce-Price-amount amount\"><bdi><span class=\"woocommerce-Price-currencySymbol\">&euro;<\/span>21,95<\/bdi><\/span> <small class=\"woocommerce-price-suffix\">Incl. BTW<\/small><\/span>\n<a href=\"\/de\/wp-json\/wp\/v2\/pages\/5427?add-to-cart=5894\" aria-describedby=\"woocommerce_loop_add_to_cart_link_describedby_5894\" data-quantity=\"1\" class=\"button product_type_simple add_to_cart_button ajax_add_to_cart \" data-product_id=\"5894\" data-product_sku=\"QdI004\" aria-label=\"In den Warenkorb legen: \u201eQuinta do Infantado Dona Margarida Reserva Tawny Port\u201c\" rel=\"nofollow\" data-success_message=\"\u201eQuinta do Infantado Dona Margarida Reserva Tawny Port\u201c wurde deinem Warenkorb hinzugef\u00fcgt\">In den Warenkorb<\/a>\t<span id=\"woocommerce_loop_add_to_cart_link_describedby_5894\" class=\"screen-reader-text\">\n\t\t\t<\/span>\n<\/div>\t<\/div>\n<\/li>\n\n\n<li class=\" portwein quinta do infantado quintas tawny port post-5909 product first instock taxable shipping-taxable purchasable product-type-simple\">\n\t<div class=\"uael-woo-product-wrapper uael-prod-auto-align-disabled\">\n\t\t<div class=\"uael-woo-products-thumbnail-wrap\"><div class=\"uael-flash-container \"><\/div><a href=\"https:\/\/www.port-exclusive.com\/de\/product\/quinta-do-infantado-tawny-port\/\" class=\"woocommerce-LoopProduct-link woocommerce-loop-product__link\"><img loading=\"lazy\" decoding=\"async\" width=\"300\" height=\"300\" src=\"https:\/\/www.port-exclusive.com\/wp-content\/uploads\/2020\/06\/QdI-Tawny-300x300.png\" class=\"attachment-woocommerce_thumbnail size-woocommerce_thumbnail\" alt=\"QdI Tawny\" \/><\/a><\/div><div class=\"uael-woo-products-summary-wrap uael-auto-align-disabled\">\t\t\t<span class=\"uael-woo-product-category\">\n\t\t\t\tPortwein\t\t\t<\/span> \n\t\t\t<a href=\"https:\/\/www.port-exclusive.com\/de\/product\/quinta-do-infantado-tawny-port\/\" class=\"uael-loop-product__link\"><h2 class=\"woocommerce-loop-product__title\">Quinta do Infantado Tawny Port<\/h2><\/a>\n\t<span class=\"price\"><span class=\"woocommerce-Price-amount amount\"><bdi><span class=\"woocommerce-Price-currencySymbol\">&euro;<\/span>14,95<\/bdi><\/span> <small class=\"woocommerce-price-suffix\">Incl. BTW<\/small><\/span>\n<a href=\"\/de\/wp-json\/wp\/v2\/pages\/5427?add-to-cart=5909\" aria-describedby=\"woocommerce_loop_add_to_cart_link_describedby_5909\" data-quantity=\"1\" class=\"button product_type_simple add_to_cart_button ajax_add_to_cart \" data-product_id=\"5909\" data-product_sku=\"QdI002\" aria-label=\"In den Warenkorb legen: \u201eQuinta do Infantado Tawny Port\u201c\" rel=\"nofollow\" data-success_message=\"\u201eQuinta do Infantado Tawny Port\u201c wurde deinem Warenkorb hinzugef\u00fcgt\">In den Warenkorb<\/a>\t<span id=\"woocommerce_loop_add_to_cart_link_describedby_5909\" class=\"screen-reader-text\">\n\t\t\t<\/span>\n<\/div>\t<\/div>\n<\/li>\n<\/ul>\n<\/div><\/div>\t\t\t\t<\/div>\n\t\t\t\t<\/div>\n\t\t\t\t\t<\/div>\n\t\t<\/div>\n\t\t\t\t\t<\/div>\n\t\t<\/section>\n\t\t\t\t<\/div>\n\t\t","protected":false},"excerpt":{"rendered":"<p>Tawny Port PORT EXKLUSIV Der Tawny Port ist nach der gelbbraunen Farbe benannt, die der Wein mehrere Jahre in der Fassreifung erzeugt, damit er leicht oxidieren kann. Der Tawny Port besteht aus einer Mischung von Portweinen aus verschiedenen Erntejahren, hat jedoch das Hauptmerkmal, dass er mehrere Jahre in F\u00e4ssern gereift ist, was seine typische gelbbraune [&hellip;]<\/p>\n","protected":false},"author":1,"featured_media":0,"parent":0,"menu_order":0,"comment_status":"closed","ping_status":"closed","template":"","meta":{"site-sidebar-layout":"default","site-content-layout":"page-builder","ast-site-content-layout":"default","site-content-style":"default","site-sidebar-style":"default","ast-global-header-display":"","ast-banner-title-visibility":"","ast-main-header-display":"","ast-hfb-above-header-display":"","ast-hfb-below-header-display":"","ast-hfb-mobile-header-display":"","site-post-title":"disabled","ast-breadcrumbs-content":"","ast-featured-img":"disabled","footer-sml-layout":"","ast-disable-related-posts":"","theme-transparent-header-meta":"enabled","adv-header-id-meta":"","stick-header-meta":"","header-above-stick-meta":"","header-main-stick-meta":"","header-below-stick-meta":"","astra-migrate-meta-layouts":"default","ast-page-background-enabled":"default","ast-page-background-meta":{"desktop":{"background-color":"","background-image":"","background-repeat":"repeat","background-position":"center center","background-size":"auto","background-attachment":"scroll","background-type":"","background-media":"","overlay-type":"","overlay-color":"","overlay-opacity":"","overlay-gradient":""},"tablet":{"background-color":"","background-image":"","background-repeat":"repeat","background-position":"center center","background-size":"auto","background-attachment":"scroll","background-type":"","background-media":"","overlay-type":"","overlay-color":"","overlay-opacity":"","overlay-gradient":""},"mobile":{"background-color":"","background-image":"","background-repeat":"repeat","background-position":"center center","background-size":"auto","background-attachment":"scroll","background-type":"","background-media":"","overlay-type":"","overlay-color":"","overlay-opacity":"","overlay-gradient":""}},"ast-content-background-meta":{"desktop":{"background-color":"var(--ast-global-color-5)","background-image":"","background-repeat":"repeat","background-position":"center center","background-size":"auto","background-attachment":"scroll","background-type":"","background-media":"","overlay-type":"","overlay-color":"","overlay-opacity":"","overlay-gradient":""},"tablet":{"background-color":"var(--ast-global-color-5)","background-image":"","background-repeat":"repeat","background-position":"center center","background-size":"auto","background-attachment":"scroll","background-type":"","background-media":"","overlay-type":"","overlay-color":"","overlay-opacity":"","overlay-gradient":""},"mobile":{"background-color":"var(--ast-global-color-5)","background-image":"","background-repeat":"repeat","background-position":"center center","background-size":"auto","background-attachment":"scroll","background-type":"","background-media":"","overlay-type":"","overlay-color":"","overlay-opacity":"","overlay-gradient":""}},"footnotes":""},"class_list":["post-5427","page","type-page","status-publish","hentry","desktop-align-left","tablet-align-left","mobile-align-left","ast-product-gallery-layout-horizontal-slider","ast-product-tabs-layout-horizontal"],"_links":{"self":[{"href":"https:\/\/www.port-exclusive.com\/de\/wp-json\/wp\/v2\/pages\/5427","targetHints":{"allow":["GET"]}}],"collection":[{"href":"https:\/\/www.port-exclusive.com\/de\/wp-json\/wp\/v2\/pages"}],"about":[{"href":"https:\/\/www.port-exclusive.com\/de\/wp-json\/wp\/v2\/types\/page"}],"author":[{"embeddable":true,"href":"https:\/\/www.port-exclusive.com\/de\/wp-json\/wp\/v2\/users\/1"}],"replies":[{"embeddable":true,"href":"https:\/\/www.port-exclusive.com\/de\/wp-json\/wp\/v2\/comments?post=5427"}],"version-history":[{"count":5,"href":"https:\/\/www.port-exclusive.com\/de\/wp-json\/wp\/v2\/pages\/5427\/revisions"}],"predecessor-version":[{"id":5592,"href":"https:\/\/www.port-exclusive.com\/de\/wp-json\/wp\/v2\/pages\/5427\/revisions\/5592"}],"wp:attachment":[{"href":"https:\/\/www.port-exclusive.com\/de\/wp-json\/wp\/v2\/media?parent=5427"}],"curies":[{"name":"wp","href":"https:\/\/api.w.org\/{rel}","templated":true}]}}