{"id":5422,"date":"2021-05-12T10:11:07","date_gmt":"2021-05-12T08:11:07","guid":{"rendered":"https:\/\/www.port-exclusive.com\/verkostung\/"},"modified":"2023-11-13T17:51:55","modified_gmt":"2023-11-13T16:51:55","slug":"verkostung","status":"publish","type":"page","link":"https:\/\/www.port-exclusive.com\/de\/verkostung\/","title":{"rendered":"Verkostung"},"content":{"rendered":"\t\t<div data-elementor-type=\"wp-page\" data-elementor-id=\"5422\" class=\"elementor elementor-5422 elementor-2403\" data-elementor-post-type=\"page\">\n\t\t\t\t\t\t<section class=\"elementor-section elementor-top-section elementor-element elementor-element-4256229 elementor-section-boxed elementor-section-height-default elementor-section-height-default\" data-id=\"4256229\" data-element_type=\"section\" data-e-type=\"section\" data-settings=\"{&quot;background_background&quot;:&quot;classic&quot;}\">\n\t\t\t\t\t\t\t<div class=\"elementor-background-overlay\"><\/div>\n\t\t\t\t\t\t\t<div class=\"elementor-container elementor-column-gap-default\">\n\t\t\t\t\t<div class=\"elementor-column elementor-col-100 elementor-top-column elementor-element elementor-element-25f3f21f\" data-id=\"25f3f21f\" data-element_type=\"column\" data-e-type=\"column\">\n\t\t\t<div class=\"elementor-widget-wrap elementor-element-populated\">\n\t\t\t\t\t\t<div class=\"elementor-element elementor-element-38c615eb elementor-invisible elementor-widget elementor-widget-heading\" data-id=\"38c615eb\" data-element_type=\"widget\" data-e-type=\"widget\" data-settings=\"{&quot;_animation&quot;:&quot;fadeIn&quot;,&quot;_animation_delay&quot;:600}\" data-widget_type=\"heading.default\">\n\t\t\t\t<div class=\"elementor-widget-container\">\n\t\t\t\t\t<h1 class=\"elementor-heading-title elementor-size-default\">Portverkostung<\/h1>\t\t\t\t<\/div>\n\t\t\t\t<\/div>\n\t\t\t\t<div class=\"elementor-element elementor-element-27878058 elementor-invisible elementor-widget elementor-widget-heading\" data-id=\"27878058\" data-element_type=\"widget\" data-e-type=\"widget\" data-settings=\"{&quot;_animation&quot;:&quot;fadeIn&quot;,&quot;_animation_delay&quot;:700}\" data-widget_type=\"heading.default\">\n\t\t\t\t<div class=\"elementor-widget-container\">\n\t\t\t\t\t<h2 class=\"elementor-heading-title elementor-size-default\">PORT EXCLUSIVE<\/h2>\t\t\t\t<\/div>\n\t\t\t\t<\/div>\n\t\t\t\t\t<\/div>\n\t\t<\/div>\n\t\t\t\t\t<\/div>\n\t\t<\/section>\n\t\t\t\t<section class=\"elementor-section elementor-top-section elementor-element elementor-element-94ae038 elementor-section-boxed elementor-section-height-default elementor-section-height-default\" data-id=\"94ae038\" data-element_type=\"section\" data-e-type=\"section\">\n\t\t\t\t\t\t<div class=\"elementor-container elementor-column-gap-default\">\n\t\t\t\t\t<div class=\"elementor-column elementor-col-100 elementor-top-column elementor-element elementor-element-61edbe1\" data-id=\"61edbe1\" data-element_type=\"column\" data-e-type=\"column\">\n\t\t\t<div class=\"elementor-widget-wrap elementor-element-populated\">\n\t\t\t\t\t\t<div class=\"elementor-element elementor-element-2c7d9bb elementor-widget elementor-widget-text-editor\" data-id=\"2c7d9bb\" data-element_type=\"widget\" data-e-type=\"widget\" data-widget_type=\"text-editor.default\">\n\t\t\t\t<div class=\"elementor-widget-container\">\n\t\t\t\t\t\t\t\t\t<p>M\u00f6chten Sie mehr \u00fcber Port erfahren? Sie m\u00f6chten exklusive Portweine kennenlernen? Und diese auch schmecken? Dann ist eine Portweinprobe die Antwort. Port Exclusive bietet verschiedene Verkostungen mit exklusiven Portweinen an, vom Basispaket bis zur individuellen Verkostung. Sowohl f\u00fcr den Verbraucher als auch f\u00fcr den Profi. Die Verkostung erfolgt vor Ort.<br \/>Ist es ein Kurs? Ist es eine Meisterklasse? Ja das auch, aber vor allem ein sch\u00f6ner und angenehmer (und schmackhafter) Nachmittag oder Abend.<\/p>\n\t\t\t\t\t\t\t\t<\/div>\n\t\t\t\t<\/div>\n\t\t\t\t<div class=\"elementor-element elementor-element-6455750 elementor-widget__width-inherit elementor-widget elementor-widget-image\" data-id=\"6455750\" data-element_type=\"widget\" data-e-type=\"widget\" data-widget_type=\"image.default\">\n\t\t\t\t<div class=\"elementor-widget-container\">\n\t\t\t\t\t\t\t\t\t\t\t\t\t\t\t<img fetchpriority=\"high\" decoding=\"async\" width=\"768\" height=\"432\" src=\"https:\/\/www.port-exclusive.com\/wp-content\/uploads\/2020\/06\/20190215_190315-768x432.jpg\" class=\"attachment-medium_large size-medium_large wp-image-5353\" alt=\"\" srcset=\"https:\/\/www.port-exclusive.com\/wp-content\/uploads\/2020\/06\/20190215_190315-768x432.jpg 768w, https:\/\/www.port-exclusive.com\/wp-content\/uploads\/2020\/06\/20190215_190315-300x169.jpg 300w, https:\/\/www.port-exclusive.com\/wp-content\/uploads\/2020\/06\/20190215_190315-1024x576.jpg 1024w, https:\/\/www.port-exclusive.com\/wp-content\/uploads\/2020\/06\/20190215_190315-1536x864.jpg 1536w, https:\/\/www.port-exclusive.com\/wp-content\/uploads\/2020\/06\/20190215_190315-2048x1152.jpg 2048w, https:\/\/www.port-exclusive.com\/wp-content\/uploads\/2020\/06\/20190215_190315-600x338.jpg 600w\" sizes=\"(max-width: 768px) 100vw, 768px\" \/>\t\t\t\t\t\t\t\t\t\t\t\t\t\t\t<\/div>\n\t\t\t\t<\/div>\n\t\t\t\t\t<\/div>\n\t\t<\/div>\n\t\t\t\t\t<\/div>\n\t\t<\/section>\n\t\t\t\t<section class=\"elementor-section elementor-top-section elementor-element elementor-element-f69734f elementor-section-boxed elementor-section-height-default elementor-section-height-default\" data-id=\"f69734f\" data-element_type=\"section\" data-e-type=\"section\">\n\t\t\t\t\t\t<div class=\"elementor-container elementor-column-gap-default\">\n\t\t\t\t\t<div class=\"elementor-column elementor-col-100 elementor-top-column elementor-element elementor-element-1d07778\" data-id=\"1d07778\" data-element_type=\"column\" data-e-type=\"column\">\n\t\t\t<div class=\"elementor-widget-wrap elementor-element-populated\">\n\t\t\t\t\t\t<section class=\"elementor-section elementor-inner-section elementor-element elementor-element-1858748 elementor-section-boxed elementor-section-height-default elementor-section-height-default\" data-id=\"1858748\" data-element_type=\"section\" data-e-type=\"section\">\n\t\t\t\t\t\t<div class=\"elementor-container elementor-column-gap-default\">\n\t\t\t\t\t<div class=\"elementor-column elementor-col-50 elementor-inner-column elementor-element elementor-element-367ce5d\" data-id=\"367ce5d\" data-element_type=\"column\" data-e-type=\"column\">\n\t\t\t<div class=\"elementor-widget-wrap elementor-element-populated\">\n\t\t\t\t\t\t<div class=\"elementor-element elementor-element-828accf elementor-widget elementor-widget-text-editor\" data-id=\"828accf\" data-element_type=\"widget\" data-e-type=\"widget\" data-widget_type=\"text-editor.default\">\n\t\t\t\t<div class=\"elementor-widget-container\">\n\t\t\t\t\t\t\t\t\t<h2>Was k\u00f6nnen Sie erwarten?<\/h2>\n<p>W\u00e4hrend der Portverkostung erhalten Sie eine Erkl\u00e4rung \u00fcber Port, \u00fcber die Geschichte, die Region, wie Port hergestellt wird und welche Kombinationsm\u00f6glichkeiten mit Speisen und Getr\u00e4nken bestehen. Dar\u00fcber hinaus wird f\u00fcr jedes Glas des jeweiligen Ports, das serviert wird, eine weitere Erkl\u00e4rung gegeben. Sie lernen, die Aromen und Geschmacksrichtungen von Portwein zu erkennen. Nach der Verkostung k\u00f6nnen Sie ein Glas besonderen Portwein noch mehr genie\u00dfen.<\/p>\n\t\t\t\t\t\t\t\t<\/div>\n\t\t\t\t<\/div>\n\t\t\t\t\t<\/div>\n\t\t<\/div>\n\t\t\t\t<div class=\"elementor-column elementor-col-50 elementor-inner-column elementor-element elementor-element-cb42d8b\" data-id=\"cb42d8b\" data-element_type=\"column\" data-e-type=\"column\">\n\t\t\t<div class=\"elementor-widget-wrap elementor-element-populated\">\n\t\t\t\t\t\t<div class=\"elementor-element elementor-element-26f8df7 elementor-widget elementor-widget-image\" data-id=\"26f8df7\" data-element_type=\"widget\" data-e-type=\"widget\" data-widget_type=\"image.default\">\n\t\t\t\t<div class=\"elementor-widget-container\">\n\t\t\t\t\t\t\t\t\t\t\t\t\t\t\t<img decoding=\"async\" width=\"390\" height=\"311\" src=\"https:\/\/www.port-exclusive.com\/wp-content\/uploads\/2020\/07\/port-wit-rood-kaas.jpg\" class=\"attachment-large size-large wp-image-5315\" alt=\"\" srcset=\"https:\/\/www.port-exclusive.com\/wp-content\/uploads\/2020\/07\/port-wit-rood-kaas.jpg 390w, https:\/\/www.port-exclusive.com\/wp-content\/uploads\/2020\/07\/port-wit-rood-kaas-300x239.jpg 300w\" sizes=\"(max-width: 390px) 100vw, 390px\" \/>\t\t\t\t\t\t\t\t\t\t\t\t\t\t\t<\/div>\n\t\t\t\t<\/div>\n\t\t\t\t\t<\/div>\n\t\t<\/div>\n\t\t\t\t\t<\/div>\n\t\t<\/section>\n\t\t\t\t\t<\/div>\n\t\t<\/div>\n\t\t\t\t\t<\/div>\n\t\t<\/section>\n\t\t\t\t<section class=\"elementor-section elementor-top-section elementor-element elementor-element-1c482a75 elementor-section-boxed elementor-section-height-default elementor-section-height-default\" data-id=\"1c482a75\" data-element_type=\"section\" data-e-type=\"section\">\n\t\t\t\t\t\t<div class=\"elementor-container elementor-column-gap-default\">\n\t\t\t\t\t<div class=\"elementor-column elementor-col-100 elementor-top-column elementor-element elementor-element-2e195d01\" data-id=\"2e195d01\" data-element_type=\"column\" data-e-type=\"column\">\n\t\t\t<div class=\"elementor-widget-wrap elementor-element-populated\">\n\t\t\t\t\t\t<section class=\"elementor-section elementor-inner-section elementor-element elementor-element-f749f1c elementor-section-boxed elementor-section-height-default elementor-section-height-default\" data-id=\"f749f1c\" data-element_type=\"section\" data-e-type=\"section\">\n\t\t\t\t\t\t<div class=\"elementor-container elementor-column-gap-default\">\n\t\t\t\t\t<div class=\"elementor-column elementor-col-50 elementor-inner-column elementor-element elementor-element-3fcc080\" data-id=\"3fcc080\" data-element_type=\"column\" data-e-type=\"column\">\n\t\t\t<div class=\"elementor-widget-wrap elementor-element-populated\">\n\t\t\t\t\t\t<div class=\"elementor-element elementor-element-3647b98 elementor-widget elementor-widget-image\" data-id=\"3647b98\" data-element_type=\"widget\" data-e-type=\"widget\" data-widget_type=\"image.default\">\n\t\t\t\t<div class=\"elementor-widget-container\">\n\t\t\t\t\t\t\t\t\t\t\t\t\t\t\t<img decoding=\"async\" src=\"https:\/\/www.port-exclusive.com\/wp-content\/uploads\/elementor\/thumbs\/20190215_190339-scaled-ot894enot0ut85polpw92cx43j3q7iyvm6mwxk9iww.jpg\" title=\"basis-proeverij\" alt=\"basis-proeverij\" loading=\"lazy\" \/>\t\t\t\t\t\t\t\t\t\t\t\t\t\t\t<\/div>\n\t\t\t\t<\/div>\n\t\t\t\t\t<\/div>\n\t\t<\/div>\n\t\t\t\t<div class=\"elementor-column elementor-col-50 elementor-inner-column elementor-element elementor-element-cd65184\" data-id=\"cd65184\" data-element_type=\"column\" data-e-type=\"column\">\n\t\t\t<div class=\"elementor-widget-wrap elementor-element-populated\">\n\t\t\t\t\t\t<div class=\"elementor-element elementor-element-f22afaa elementor-widget elementor-widget-heading\" data-id=\"f22afaa\" data-element_type=\"widget\" data-e-type=\"widget\" data-widget_type=\"heading.default\">\n\t\t\t\t<div class=\"elementor-widget-container\">\n\t\t\t\t\t<h2 class=\"elementor-heading-title elementor-size-default\">Grundlegende Portverkostung<\/h2>\t\t\t\t<\/div>\n\t\t\t\t<\/div>\n\t\t\t\t<div class=\"elementor-element elementor-element-51503b8 elementor-widget elementor-widget-text-editor\" data-id=\"51503b8\" data-element_type=\"widget\" data-e-type=\"widget\" data-widget_type=\"text-editor.default\">\n\t\t\t\t<div class=\"elementor-widget-container\">\n\t\t\t\t\t\t\t\t\t<p>Das Basispaket besteht aus f\u00fcnf Portweinsorten verschiedener Quintas. Sie werden die folgenden Porttypen genie\u00dfen:<\/p>\n<ul>\n<li>ein wei\u00dfer Hafen,<\/li>\n<li>ein (Reserva-)Rubin,<\/li>\n<li>ein Tawny-Port,<\/li>\n<li>ein Colheita oder ein 10 Jahre alter Tawny und<\/li>\n<li>ein Jahrgang.<\/li>\n<\/ul>\n<p>Der Preis f\u00fcr ein Basispaket betr\u00e4gt 390,00 \u20ac, das sind 48,75 \u20ac pP bei einer Gruppengr\u00f6\u00dfe von 8 Personen. \u2020<\/p>\n\t\t\t\t\t\t\t\t<\/div>\n\t\t\t\t<\/div>\n\t\t\t\t\t<\/div>\n\t\t<\/div>\n\t\t\t\t\t<\/div>\n\t\t<\/section>\n\t\t\t\t<div class=\"elementor-element elementor-element-73030be1 elementor-widget elementor-widget-text-editor\" data-id=\"73030be1\" data-element_type=\"widget\" data-e-type=\"widget\" data-widget_type=\"text-editor.default\">\n\t\t\t\t<div class=\"elementor-widget-container\">\n\t\t\t\t\t\t\t\t\t<h2>Marken-Port-Verkostung<\/h2>\nSie k\u00f6nnen auch die verschiedenen Portweine einer bestimmten Quinta probieren. Port Exclusive liefert derzeit die folgenden Marken von Portweinen: Presidential, DALVA, Quinta de Roriz, Taylor&#8217;s, Fonseca, Pintas und Quinta do Infantado. Sie stellen Ihr eigenes Arrangement mit f\u00fcnf Portweinsorten zusammen, die Sie von einer Marke probieren m\u00f6chten. Selbstverst\u00e4ndlich k\u00f6nnen Sie sich auf eine professionelle Beratung verlassen. Das Arrangement kann auch mit weiteren Sorten der gew\u00e4hlten Marke erweitert werden. Die Gesamtkosten f\u00fcr das Markenarrangement h\u00e4ngen von den ausgew\u00e4hlten Portweinen ab.<\/p>\n<h2>Vintage Portweinprobe<\/h2>\nMit dem Vintage-Paket k\u00f6nnen Sie eine exklusive Verkostung organisieren. Sie k\u00f6nnen aus f\u00fcnf Vintage Portweinen aus den Jahren 1982 bis 2012 w\u00e4hlen. Dieses Arrangement kann noch mehr Spa\u00df machen, indem man den Unterschied mit einem Colheita aus demselben Erntejahr probiert. Die Gesamtkosten f\u00fcr das Markenarrangement richten sich nach den ausgew\u00e4hlten Vintage Portweinen.\n\t\t\t\t\t\t\t\t<\/div>\n\t\t\t\t<\/div>\n\t\t\t\t\t<\/div>\n\t\t<\/div>\n\t\t\t\t\t<\/div>\n\t\t<\/section>\n\t\t\t\t<section class=\"elementor-section elementor-top-section elementor-element elementor-element-a782325 elementor-section-boxed elementor-section-height-default elementor-section-height-default\" data-id=\"a782325\" data-element_type=\"section\" data-e-type=\"section\">\n\t\t\t\t\t\t<div class=\"elementor-container elementor-column-gap-default\">\n\t\t\t\t\t<div class=\"elementor-column elementor-col-100 elementor-top-column elementor-element elementor-element-0c7c439\" data-id=\"0c7c439\" data-element_type=\"column\" data-e-type=\"column\">\n\t\t\t<div class=\"elementor-widget-wrap elementor-element-populated\">\n\t\t\t\t\t\t<section class=\"elementor-section elementor-inner-section elementor-element elementor-element-ac6d460 elementor-section-boxed elementor-section-height-default elementor-section-height-default\" data-id=\"ac6d460\" data-element_type=\"section\" data-e-type=\"section\">\n\t\t\t\t\t\t<div class=\"elementor-container elementor-column-gap-default\">\n\t\t\t\t\t<div class=\"elementor-column elementor-col-50 elementor-inner-column elementor-element elementor-element-38e1933\" data-id=\"38e1933\" data-element_type=\"column\" data-e-type=\"column\">\n\t\t\t<div class=\"elementor-widget-wrap elementor-element-populated\">\n\t\t\t\t\t\t<div class=\"elementor-element elementor-element-a273b60 elementor-widget elementor-widget-text-editor\" data-id=\"a273b60\" data-element_type=\"widget\" data-e-type=\"widget\" data-widget_type=\"text-editor.default\">\n\t\t\t\t<div class=\"elementor-widget-container\">\n\t\t\t\t\t\t\t\t\t<h2>K\u00e4seplatte und andere Speisen<\/h2>\n<p>Alle Pakete werden mit einer umfangreichen K\u00e4seplatte kombiniert: 4 K\u00e4sesorten, N\u00fcsse, Trockenfr\u00fcchte, Hartwurst, Baguette. Und dunkle Schokolade. Sie werden dann die Wein- und Speisenkombination probieren und erfahren, was dies mit dem Geschmack sowohl des Portweins als auch des Essens zu tun hat.<\/p>\n\t\t\t\t\t\t\t\t<\/div>\n\t\t\t\t<\/div>\n\t\t\t\t\t<\/div>\n\t\t<\/div>\n\t\t\t\t<div class=\"elementor-column elementor-col-50 elementor-inner-column elementor-element elementor-element-956d540\" data-id=\"956d540\" data-element_type=\"column\" data-e-type=\"column\">\n\t\t\t<div class=\"elementor-widget-wrap elementor-element-populated\">\n\t\t\t\t\t\t<div class=\"elementor-element elementor-element-f3d5c5b elementor-widget elementor-widget-image\" data-id=\"f3d5c5b\" data-element_type=\"widget\" data-e-type=\"widget\" data-widget_type=\"image.default\">\n\t\t\t\t<div class=\"elementor-widget-container\">\n\t\t\t\t\t\t\t\t\t\t\t\t\t\t\t<img decoding=\"async\" width=\"300\" height=\"169\" src=\"https:\/\/www.port-exclusive.com\/wp-content\/uploads\/2020\/07\/20190215_190458-scaled-e1617610695583-300x169.jpg\" class=\"attachment-medium size-medium wp-image-5355\" alt=\"\" srcset=\"https:\/\/www.port-exclusive.com\/wp-content\/uploads\/2020\/07\/20190215_190458-scaled-e1617610695583-300x169.jpg 300w, https:\/\/www.port-exclusive.com\/wp-content\/uploads\/2020\/07\/20190215_190458-scaled-e1617610695583-1024x576.jpg 1024w, https:\/\/www.port-exclusive.com\/wp-content\/uploads\/2020\/07\/20190215_190458-scaled-e1617610695583-768x432.jpg 768w, https:\/\/www.port-exclusive.com\/wp-content\/uploads\/2020\/07\/20190215_190458-scaled-e1617610695583-1536x864.jpg 1536w, https:\/\/www.port-exclusive.com\/wp-content\/uploads\/2020\/07\/20190215_190458-scaled-e1617610695583-2048x1152.jpg 2048w, https:\/\/www.port-exclusive.com\/wp-content\/uploads\/2020\/07\/20190215_190458-scaled-e1617610695583-600x338.jpg 600w\" sizes=\"(max-width: 300px) 100vw, 300px\" \/>\t\t\t\t\t\t\t\t\t\t\t\t\t\t\t<\/div>\n\t\t\t\t<\/div>\n\t\t\t\t\t<\/div>\n\t\t<\/div>\n\t\t\t\t\t<\/div>\n\t\t<\/section>\n\t\t\t\t\t<\/div>\n\t\t<\/div>\n\t\t\t\t\t<\/div>\n\t\t<\/section>\n\t\t\t\t<section class=\"elementor-section elementor-top-section elementor-element elementor-element-20f006a elementor-section-boxed elementor-section-height-default elementor-section-height-default\" data-id=\"20f006a\" data-element_type=\"section\" data-e-type=\"section\">\n\t\t\t\t\t\t<div class=\"elementor-container elementor-column-gap-default\">\n\t\t\t\t\t<div class=\"elementor-column elementor-col-100 elementor-top-column elementor-element elementor-element-d6153c3\" data-id=\"d6153c3\" data-element_type=\"column\" data-e-type=\"column\">\n\t\t\t<div class=\"elementor-widget-wrap elementor-element-populated\">\n\t\t\t\t\t\t<div class=\"elementor-element elementor-element-257c35a elementor-widget elementor-widget-text-editor\" data-id=\"257c35a\" data-element_type=\"widget\" data-e-type=\"widget\" data-widget_type=\"text-editor.default\">\n\t\t\t\t<div class=\"elementor-widget-container\">\n\t\t\t\t\t\t\t\t\t<p>F\u00fcr Informationen und Reservierungen k\u00f6nnen Sie<a title=\"Informationen und Reservierungen\" href=\"http:\/\/www.port-exclusive.com\/nl\/contact-us\/\" target=\"_blank\" rel=\"noopener\"> Hier<\/a> mit Recht.<\/p>\n<p>* F\u00fcr eine Fahrtstrecke werden Fahrtkosten von 0,19 \u20ac pro Kilometer berechnet.<\/p>\n\t\t\t\t\t\t\t\t<\/div>\n\t\t\t\t<\/div>\n\t\t\t\t\t<\/div>\n\t\t<\/div>\n\t\t\t\t\t<\/div>\n\t\t<\/section>\n\t\t\t\t<\/div>\n\t\t","protected":false},"excerpt":{"rendered":"<p>Portverkostung PORT EXCLUSIVE M\u00f6chten Sie mehr \u00fcber Port erfahren? Sie m\u00f6chten exklusive Portweine kennenlernen? Und diese auch schmecken? Dann ist eine Portweinprobe die Antwort. Port Exclusive bietet verschiedene Verkostungen mit exklusiven Portweinen an, vom Basispaket bis zur individuellen Verkostung. Sowohl f\u00fcr den Verbraucher als auch f\u00fcr den Profi. Die Verkostung erfolgt vor Ort.Ist es ein [&hellip;]<\/p>\n","protected":false},"author":1,"featured_media":0,"parent":0,"menu_order":0,"comment_status":"closed","ping_status":"closed","template":"","meta":{"site-sidebar-layout":"default","site-content-layout":"page-builder","ast-site-content-layout":"default","site-content-style":"default","site-sidebar-style":"default","ast-global-header-display":"","ast-banner-title-visibility":"","ast-main-header-display":"","ast-hfb-above-header-display":"","ast-hfb-below-header-display":"","ast-hfb-mobile-header-display":"","site-post-title":"disabled","ast-breadcrumbs-content":"","ast-featured-img":"disabled","footer-sml-layout":"","ast-disable-related-posts":"","theme-transparent-header-meta":"enabled","adv-header-id-meta":"","stick-header-meta":"","header-above-stick-meta":"","header-main-stick-meta":"","header-below-stick-meta":"","astra-migrate-meta-layouts":"default","ast-page-background-enabled":"default","ast-page-background-meta":{"desktop":{"background-color":"","background-image":"","background-repeat":"repeat","background-position":"center center","background-size":"auto","background-attachment":"scroll","background-type":"","background-media":"","overlay-type":"","overlay-color":"","overlay-opacity":"","overlay-gradient":""},"tablet":{"background-color":"","background-image":"","background-repeat":"repeat","background-position":"center center","background-size":"auto","background-attachment":"scroll","background-type":"","background-media":"","overlay-type":"","overlay-color":"","overlay-opacity":"","overlay-gradient":""},"mobile":{"background-color":"","background-image":"","background-repeat":"repeat","background-position":"center center","background-size":"auto","background-attachment":"scroll","background-type":"","background-media":"","overlay-type":"","overlay-color":"","overlay-opacity":"","overlay-gradient":""}},"ast-content-background-meta":{"desktop":{"background-color":"var(--ast-global-color-5)","background-image":"","background-repeat":"repeat","background-position":"center center","background-size":"auto","background-attachment":"scroll","background-type":"","background-media":"","overlay-type":"","overlay-color":"","overlay-opacity":"","overlay-gradient":""},"tablet":{"background-color":"var(--ast-global-color-5)","background-image":"","background-repeat":"repeat","background-position":"center center","background-size":"auto","background-attachment":"scroll","background-type":"","background-media":"","overlay-type":"","overlay-color":"","overlay-opacity":"","overlay-gradient":""},"mobile":{"background-color":"var(--ast-global-color-5)","background-image":"","background-repeat":"repeat","background-position":"center center","background-size":"auto","background-attachment":"scroll","background-type":"","background-media":"","overlay-type":"","overlay-color":"","overlay-opacity":"","overlay-gradient":""}},"footnotes":""},"class_list":["post-5422","page","type-page","status-publish","hentry"],"_links":{"self":[{"href":"https:\/\/www.port-exclusive.com\/de\/wp-json\/wp\/v2\/pages\/5422","targetHints":{"allow":["GET"]}}],"collection":[{"href":"https:\/\/www.port-exclusive.com\/de\/wp-json\/wp\/v2\/pages"}],"about":[{"href":"https:\/\/www.port-exclusive.com\/de\/wp-json\/wp\/v2\/types\/page"}],"author":[{"embeddable":true,"href":"https:\/\/www.port-exclusive.com\/de\/wp-json\/wp\/v2\/users\/1"}],"replies":[{"embeddable":true,"href":"https:\/\/www.port-exclusive.com\/de\/wp-json\/wp\/v2\/comments?post=5422"}],"version-history":[{"count":21,"href":"https:\/\/www.port-exclusive.com\/de\/wp-json\/wp\/v2\/pages\/5422\/revisions"}],"predecessor-version":[{"id":6688,"href":"https:\/\/www.port-exclusive.com\/de\/wp-json\/wp\/v2\/pages\/5422\/revisions\/6688"}],"wp:attachment":[{"href":"https:\/\/www.port-exclusive.com\/de\/wp-json\/wp\/v2\/media?parent=5422"}],"curies":[{"name":"wp","href":"https:\/\/api.w.org\/{rel}","templated":true}]}}