{"id":5415,"date":"2021-05-12T10:11:04","date_gmt":"2021-05-12T08:11:04","guid":{"rendered":"https:\/\/www.port-exclusive.com\/datenschutz-bestimmungen\/"},"modified":"2021-05-13T17:52:21","modified_gmt":"2021-05-13T15:52:21","slug":"datenschutz-bestimmungen","status":"publish","type":"page","link":"https:\/\/www.port-exclusive.com\/de\/datenschutz-bestimmungen\/","title":{"rendered":"Datenschutz-Bestimmungen"},"content":{"rendered":"\t\t<div data-elementor-type=\"wp-page\" data-elementor-id=\"5415\" class=\"elementor elementor-5415 elementor-4435\" data-elementor-post-type=\"page\">\n\t\t\t\t\t\t<section class=\"elementor-section elementor-top-section elementor-element elementor-element-0eaf1cd elementor-section-boxed elementor-section-height-default elementor-section-height-default\" data-id=\"0eaf1cd\" data-element_type=\"section\" data-e-type=\"section\" data-settings=\"{&quot;background_background&quot;:&quot;classic&quot;}\">\n\t\t\t\t\t\t\t<div class=\"elementor-background-overlay\"><\/div>\n\t\t\t\t\t\t\t<div class=\"elementor-container elementor-column-gap-default\">\n\t\t\t\t\t<div class=\"elementor-column elementor-col-100 elementor-top-column elementor-element elementor-element-a8c87f0\" data-id=\"a8c87f0\" data-element_type=\"column\" data-e-type=\"column\">\n\t\t\t<div class=\"elementor-widget-wrap elementor-element-populated\">\n\t\t\t\t\t\t<div class=\"elementor-element elementor-element-c92256d elementor-widget elementor-widget-heading\" data-id=\"c92256d\" data-element_type=\"widget\" data-e-type=\"widget\" data-widget_type=\"heading.default\">\n\t\t\t\t<div class=\"elementor-widget-container\">\n\t\t\t\t\t<h1 class=\"elementor-heading-title elementor-size-default\">PORT EXCLUSIVE<\/h1>\t\t\t\t<\/div>\n\t\t\t\t<\/div>\n\t\t\t\t<div class=\"elementor-element elementor-element-0d98cd3 elementor-widget elementor-widget-heading\" data-id=\"0d98cd3\" data-element_type=\"widget\" data-e-type=\"widget\" data-widget_type=\"heading.default\">\n\t\t\t\t<div class=\"elementor-widget-container\">\n\t\t\t\t\t<h3 class=\"elementor-heading-title elementor-size-default\">DATENSCHUTZ-BESTIMMUNGEN<\/h3>\t\t\t\t<\/div>\n\t\t\t\t<\/div>\n\t\t\t\t\t<\/div>\n\t\t<\/div>\n\t\t\t\t\t<\/div>\n\t\t<\/section>\n\t\t\t\t<section class=\"elementor-section elementor-top-section elementor-element elementor-element-2b91f295 elementor-section-boxed elementor-section-height-default elementor-section-height-default\" data-id=\"2b91f295\" data-element_type=\"section\" data-e-type=\"section\">\n\t\t\t\t\t\t<div class=\"elementor-container elementor-column-gap-default\">\n\t\t\t\t\t<div class=\"elementor-column elementor-col-100 elementor-top-column elementor-element elementor-element-17f36402\" data-id=\"17f36402\" data-element_type=\"column\" data-e-type=\"column\">\n\t\t\t<div class=\"elementor-widget-wrap elementor-element-populated\">\n\t\t\t\t\t\t<div class=\"elementor-element elementor-element-5d9bb19f elementor-widget elementor-widget-text-editor\" data-id=\"5d9bb19f\" data-element_type=\"widget\" data-e-type=\"widget\" data-widget_type=\"text-editor.default\">\n\t\t\t\t<div class=\"elementor-widget-container\">\n\t\t\t\t\t\t\t\t\t<p>Diese Datenschutzrichtlinie beschreibt, wie die Informationen, die Sie Port Exclusive bei der Nutzung dieser Website zur Verf\u00fcgung stellen, verwendet und gesch\u00fctzt werden. Port Exclusive versichert Ihnen, dass Ihre Privatsph\u00e4re gesch\u00fctzt ist.<span id=\"result_box\" lang=\"nl\"><span class=\"hps\"> Sollen wir Sie fragen<\/span><span class=\"hps\"> bestimmte Informationen zur Verf\u00fcgung zu stellen<\/span> durch<span class=\"hps\"> welche<\/span><span class=\"hps\"> Sie k\u00f6nnen identifiziert werden<\/span><span class=\"hps\"> wann<\/span> mit<span class=\"hps\"> Diese Internetseite<\/span> ,<span class=\"hps\"> dann kannst du sein<\/span><span class=\"hps\"> versicherte<\/span><span class=\"hps\"> dass es<\/span><span class=\"hps\"> werden<\/span><span class=\"hps\"> nur<\/span> Sein<span class=\"hps\"> in \u00dcbereinstimmung verwendet<\/span> mit<span class=\"hps\"> diese Privatsph\u00e4re<\/span><span class=\"hps\"> Aussage<\/span><\/span> . Port Exclusive <span id=\"result_box\" lang=\"nl\"><span class=\"hps\">kann<\/span> \u00e4ndern<span class=\"hps\"> diese Politik vorbei<\/span> Zeit, zum Beispiel im Zusammenhang mit aktualisierten Gesetzen und Vorschriften. Habe ein Auge auf<span class=\"hps\"> diese Seite<\/span> regelm\u00e4\u00dfig<span class=\"hps\"> .<\/span><\/span><\/p>\n<h4>Was wir sammeln<\/h4>\n<p><span id=\"result_box\" class=\"short_text\" lang=\"nl\"><span class=\"hps\">Wir sammeln<\/span><span class=\"hps\"> die folgende Information<\/span><\/span> ::<\/p>\n<ul>\n<li>Name;<\/li>\n<li>Kontaktinformationen einschlie\u00dflich E-Mail-Adresse;<\/li>\n<li>demografische Informationen wie Postleitzahl, Vorlieben und Interessen;<\/li>\n<li>Sonstige f\u00fcr Kundenrecherchen und \/ oder Angebote relevante Informationen.<\/li>\n<\/ul>\n<p><span id=\"result_box\" lang=\"nl\"><span class=\"hps\">F\u00fcr die<\/span><span class=\"hps\"> vollst\u00e4ndige Liste von<\/span><span class=\"hps\"> Kekse<\/span><span class=\"hps\"> sehen<\/span><span class=\"hps\"> das<\/span><a href=\"http:\/\/www.port-exclusive.com\/privacy-policy-cookie-restriction-mode#cookielijst\"><span class=\"hps\"> Auff\u00fchren<\/span><span class=\"hps\"> von Cookies<\/span><\/a><span class=\"hps\"> .<\/span><\/span><\/p>\n<h4>Was wir mit den Informationen machen<\/h4>\n<p><span class=\"hps\">Wir<\/span><span class=\"hps\"> brauche diese Informationen<\/span><span class=\"hps\"> zu<\/span><span class=\"hps\"> verstehen<\/span><span class=\"hps\"> Ihre<\/span><span class=\"hps\"> Bed\u00fcrfnisse<\/span><span class=\"hps\"> und versorgen Sie<\/span><span class=\"hps\"> mit einer<\/span><span class=\"hps\"> besserer Service<\/span> ,<span class=\"hps\"> insbesondere<\/span> f\u00fcr die Zwecke der:<\/p>\n<ul>\n<li>interne Datenverwaltung;<\/li>\n<li>Verbesserung unserer Produkte und Dienstleistungen;<\/li>\n<li>Senden Sie regelm\u00e4\u00dfig E-Mails \u00fcber neue Produkte, Sonderangebote oder andere Informationen, die f\u00fcr Sie von Interesse sein k\u00f6nnten.<\/li>\n<li>Marktforschung.<\/li>\n<\/ul>\n<h4>Sicherheit<\/h4>\n<p><span id=\"result_box\" lang=\"nl\"><span class=\"hps\">Wir<\/span><span class=\"hps\"> daf\u00fcr sorgen<\/span><span class=\"hps\"> dass Ihre Informationen<\/span><span class=\"hps\"> ist sicher.<\/span><span class=\"hps\"> Zu<\/span><span class=\"hps\"> verhindern<\/span><span class=\"hps\"> nicht autorisiert<\/span><span class=\"hps\"> Zugang oder<\/span><span class=\"hps\"> Offenlegung Ihrer Informationen<\/span> Wir verf\u00fcgen \u00fcber geeignete elektronische Sicherheitssysteme und -verfahren gem\u00e4\u00df den Anforderungen des Datenschutzgesetzes (WBP). <\/span><\/p>\n<p><span lang=\"nl\">Wir geben Ihre personenbezogenen Daten nicht an andere Unternehmen, Institutionen oder Agenturen weiter, es sei denn, dies ist f\u00fcr den Service erforderlich, den Sie von uns erhalten, oder das Gesetz schreibt dies vor. Ein Beispiel ist, dass wir uns bei Verdacht auf Betrug bei der Polizei melden k\u00f6nnen.<\/span><\/p>\n<p><span lang=\"nl\">Social-Media-Schaltfl\u00e4chen finden Sie auf unserer Website. Auf diese Weise sammeln die Betreiber dieser Dienste Ihre pers\u00f6nlichen Daten. Diese Schaltfl\u00e4chen tun dies nur, wenn Sie darauf klicken, da wir inaktive Schaltfl\u00e4chen verwenden.<\/span><\/p>\n<h4 class=\"p1\"><span class=\"s1\">Google Analytics<\/span><\/h4>\n<p class=\"p1\"><span class=\"s1\">Wir verwenden Google Analytics, um zu verfolgen, wie Besucher unsere Website nutzen. Wir haben eine Verarbeitungsvereinbarung mit Google geschlossen. Dies beinhaltet strenge Vereinbarungen dar\u00fcber, was sie behalten d\u00fcrfen. Wir haben Google nicht gestattet, die Analytics-Informationen f\u00fcr andere Google-Dienste zu verwenden. Wir lassen Google die IP-Adressen anonymisieren. Auf diese Weise speichern wir keine pers\u00f6nlichen Daten \u00fcber Sie und dies ist ohne Ihre Erlaubnis durch ein Cookie-Banner zul\u00e4ssig.<\/span><\/p>\n<h4>Wie wir Cookies verwenden<\/h4>\n<p><span id=\"result_box\" lang=\"nl\"><span class=\"hps\">Ein Cookie ist<\/span><span class=\"hps\"> eine kleine Datei, die<\/span> fragt <span class=\"hps\">Genehmigung<\/span> zu <span class=\"hps\">auf<\/span><span class=\"hps\"> dein Computer&#8216;<\/span><span class=\"hps\"> ist schwer<\/span><span class=\"hps\"> Fahrt<\/span> zu <span class=\"hps\">platziert sind<\/span> . <span class=\"hps\">Wenn Sie einverstanden sind<\/span> , <span class=\"hps\">Die Datei ist<\/span><span class=\"hps\"> hinzugef\u00fcgt und die<\/span><span class=\"hps\"> Pl\u00e4tzchen<\/span><span class=\"hps\"> analysiert den Webverkehr oder<\/span><span class=\"hps\"> lass es dich wissen<\/span><span class=\"hps\"> wenn du<\/span><span class=\"hps\"> Besuch<\/span><span class=\"hps\"> ein<\/span><span class=\"hps\"> bestimmte Website<\/span> . <span class=\"hps\">Cookies aktivieren<\/span><span class=\"hps\"> Web Applikationen<\/span> zu <span class=\"hps\">Antworten auf<\/span><span class=\"hps\"> Sie als Individuum<\/span> . <span class=\"hps\">Die Webanwendung kann<\/span><span class=\"hps\"> ma\u00dfgeschneidert seine Operationen auf<\/span><span class=\"hps\"> Deine Bed\u00fcrfnisse,<\/span><span class=\"hps\"> Vorlieben und Abneigungen<\/span><span class=\"hps\"> durch Sammeln und<\/span><span class=\"hps\"> Informationen merken<\/span><span class=\"hps\"> \u00fcber Ihre Vorlieben<\/span> .<\/span><\/p>\n<p><span class=\"hps\">Wir gebrauchen<\/span><span class=\"hps\"> der Verkehr<\/span><span class=\"hps\"> Log<\/span><span class=\"hps\"> Kekse<\/span><span class=\"hps\"> zu identifizieren, welche<\/span><span class=\"hps\"> Seiten werden verwendet<\/span> . <span class=\"hps\">Das hilft<\/span><span class=\"hps\"> wir analysieren<\/span><span class=\"hps\"> Daten<\/span><span class=\"hps\"> \u00dcber<\/span><span class=\"hps\"> Website<\/span><span class=\"hps\"> Verkehr und<\/span><span class=\"hps\"> verbessern unsere<\/span><span class=\"hps\"> Webseite<\/span> um besser zu bieten <span class=\"hps\">zu<\/span><span class=\"hps\"> die Bed\u00fcrfnisse unserer Kunden<\/span> . <span class=\"hps\">Wir<\/span><span class=\"hps\"> Verwenden Sie nur diese Informationen<\/span><span class=\"hps\"> zur statistischen Analyse<\/span> Zwecke <span class=\"hps\">und<\/span><span class=\"hps\"> dann<\/span><span class=\"hps\"> Die Daten sind<\/span><span class=\"hps\"> aus dem System entfernt<\/span> .<\/p>\n<p>Insgesamt,<span class=\"hps\">Cookies helfen<\/span><span class=\"hps\"> uns<\/span><span class=\"hps\"> zur Verf\u00fcgung stellen<\/span><span class=\"hps\"> Sie<\/span><span class=\"hps\"> mit einer<\/span><span class=\"hps\"> bessere Website<\/span> , <span class=\"hps\">indem Sie uns erm\u00f6glichen<\/span><span class=\"hps\"> zu \u00fcberwachen<\/span><span class=\"hps\"> welche Seiten du<\/span><span class=\"hps\"> n\u00fctzlich finden<\/span><span class=\"hps\"> und<\/span><span class=\"hps\"> was du nicht tust<\/span> . <span class=\"hps\">Ein Keks<\/span> gibt uns <span class=\"hps\">in irgendeiner Weise,<\/span><span class=\"hps\"> Zugriff auf Ihre<\/span><span class=\"hps\"> Computer oder eine<\/span><span class=\"hps\"> Informationen \u00fcber dich<\/span> , anders als die <span class=\"hps\">Informationen Sie<\/span><span class=\"hps\"> Teile mit uns.<\/span><span class=\"hps\"> Sie<\/span><span class=\"hps\"> kann ausw\u00e4hlen<\/span> akzeptieren <span class=\"hps\">oder Cookies ablehnen<\/span> . <span class=\"hps\">Die meisten<\/span><span class=\"hps\"> Webbrowser akzeptieren automatisch<\/span><span class=\"hps\"> Cookies, aber Sie<\/span><span class=\"hps\"> kann in der Regel<\/span><span class=\"hps\"> \u00e4ndern<\/span><span class=\"hps\"> Ihre<\/span><span class=\"hps\"> Browsereinstellung auf<\/span><span class=\"hps\"> Cookies ablehnen<\/span> wenn Sie es vorziehen<span class=\"hps\">.<\/span><span class=\"hps\"> Das vielleicht<\/span> Ergebnis in <span class=\"hps\">Sie<\/span> nicht in der Lage sein <span class=\"hps\">einen Vorteil voll ausnutzen<\/span><span class=\"hps\"> Profitieren Sie von unserer Website.<\/span><\/p>\n<h4>Links zu anderen Websites<\/h4>\n<p><span id=\"result_box\" lang=\"nl\"><span class=\"hps\">Unsere Internetseite<\/span><span class=\"hps\"> kann Links enthalten<\/span><span class=\"hps\"> zu anderen Websites<\/span><span class=\"hps\"> .<\/span><span class=\"hps\"> Jedoch,<\/span><span class=\"hps\"> wenn du einmal<\/span> benutzt haben<span class=\"hps\">diese Links<\/span><span class=\"hps\"> und<\/span><span class=\"hps\"> Bl\u00e4tter<\/span><span class=\"hps\"> unsere<\/span><span class=\"hps\"> Seite? \u02c5<\/span> , <span class=\"hps\">Bitte<\/span> Hinweis <span class=\"hps\">Das<\/span><span class=\"hps\"> Port Exclusive nicht<\/span> habe welche <span class=\"hps\">Kontrolle \u00fcber diesen anderen<\/span><span class=\"hps\"> Webseite.<\/span><span class=\"hps\"> Deshalb,<\/span><span class=\"hps\"> wir k\u00f6nnen nicht<\/span> verantwortlich sein <span class=\"hps\">zum Schutz<\/span><span class=\"hps\"> von<\/span><span class=\"hps\"> irgendwelche Informationen<\/span><span class=\"hps\"> Sie bieten<\/span><span class=\"hps\"> w\u00e4hrend des Besuchs<\/span><span class=\"hps\"> solche Websites<\/span> das sind nicht <span class=\"hps\">sind<\/span><span class=\"hps\"> \u00fcberdeckt von<\/span><span class=\"hps\"> diese Datenschutzbestimmungen.<\/span> Du musst <span class=\"hps\">sei vorsichtig und<\/span><span class=\"hps\"> schaue auf die<\/span><span class=\"hps\"> Datenschutz-Bestimmungen<\/span><span class=\"hps\"> des<\/span><span class=\"hps\"> Website in Frage.<\/span><\/span><\/p>\n<h4>Verwalten Sie Ihre pers\u00f6nlichen Daten<\/h4>\n<p>Sie k\u00f6nnen auch die Erfassung und Verwendung Ihrer pers\u00f6nlichen Daten einschr\u00e4nken. Wenn Sie aufgefordert werden, ein Formular auszuf\u00fcllen, suchen Sie nach einem Feld, auf das Sie klicken k\u00f6nnen, um anzuzeigen, dass Ihre Informationen nicht f\u00fcr Direktmarketingzwecke verwendet werden sollen. Sie k\u00f6nnen Ihr Konto auch jederzeit \u00e4ndern. Nat\u00fcrlich k\u00f6nnen Sie Ihre Meinung sp\u00e4ter jederzeit \u00e4ndern, indem Sie eine E-Mail an Port Exclusive senden.<\/p>\n<p><span id=\"result_box\" lang=\"nl\"><span class=\"hps\">Wir werden nicht<\/span><span class=\"hps\"> verkaufen, vertreiben oder<\/span><span class=\"hps\"> mieten<\/span><span class=\"hps\"> Ihre pers\u00f6nliche Information<\/span><span class=\"hps\"> an Dritte<\/span><span class=\"hps\"> es sei denn wir<\/span><span class=\"hps\"> habe deine Erlaubnis<\/span> . <span class=\"hps\">Wir k\u00f6nnen<\/span><span class=\"hps\"> Verwenden Sie Ihre pers\u00f6nlichen Daten<\/span><span class=\"hps\"> zu<\/span> zur Verf\u00fcgung stellen <span class=\"hps\">Sie<\/span> mit <span class=\"hps\">Werbeinformationen<\/span> . <span class=\"hps\">\u00fcber Dritte<\/span><span class=\"hps\"> das denken wir<\/span><span class=\"hps\"> du k\u00f6nntest<\/span><span class=\"hps\"> finden<\/span><span class=\"hps\"> interessant<\/span><span class=\"hps\"> , wird es aber nur tun, wenn<\/span><span class=\"hps\"> Du erz\u00e4hlst uns<\/span><span class=\"hps\"> dass du uns willst<\/span> zu.<\/span><\/p>\n<p><span class=\"hps\">Wenn du<\/span> glauben <span class=\"hps\">dass irgendwelche Informationen<\/span><span class=\"hps\"> wir<\/span> halten <span class=\"hps\">auf<\/span><span class=\"hps\"> Sie<\/span><span class=\"hps\"> ist falsch oder unvollst\u00e4ndig<\/span> , <span class=\"hps\">Bitte<\/span> benachrichtigen<span class=\"hps\">uns<\/span><span class=\"hps\"> per E-Mail an info@portexclusive.nl<\/span><span class=\"hps\"> so schnell es geht<\/span><span class=\"hps\"> .<\/span><span class=\"hps\"> Wir<\/span><span class=\"hps\"> wird umgehend<\/span> richtig <span class=\"hps\">irgendein<\/span><span class=\"hps\"> Information<\/span><span class=\"hps\"> als falsch befunden<\/span> .<\/p>\n<p>Die folgende Tabelle zeigt die von uns gesammelten Cookies und die darin gespeicherten Informationen.<\/p>\n<table id=\"cookielijst\" class=\"data-table\">\n<thead>\n<tr>\n<th>COOKIE Name<\/th>\n<th>COOKIE Beschreibung<\/th>\n<\/tr>\n<\/thead>\n<tbody>\n<tr>\n<th>WAGEN<\/th>\n<td>Die Zuordnung zu Ihrem Warenkorb.<\/td>\n<\/tr>\n<tr>\n<th>CATEGORY_INFO<\/th>\n<td>Speichert die Kategoriedaten auf der Seite, sodass Seiten schneller angezeigt werden k\u00f6nnen.<\/td>\n<\/tr>\n<tr>\n<th>VERGLEICHEN SIE<\/th>\n<td>Die Elemente, die Sie in der Liste Produkte vergleichen haben.<\/td>\n<\/tr>\n<tr>\n<th>W\u00c4HRUNG<\/th>\n<td>Ihre bevorzugte W\u00e4hrung<\/td>\n<\/tr>\n<tr>\n<th>KUNDE<\/th>\n<td>Eine verschl\u00fcsselte Version Ihrer Kunden-ID mit dem Gesch\u00e4ft.<\/td>\n<\/tr>\n<tr>\n<th>CUSTOMER_AUTH<\/th>\n<td>Ein Indikator, wenn Sie derzeit im Gesch\u00e4ft angemeldet sind.<\/td>\n<\/tr>\n<tr>\n<th>KUNDENINFORMATION<\/th>\n<td>Eine verschl\u00fcsselte Version der Kundengruppe, zu der Sie geh\u00f6ren.<\/td>\n<\/tr>\n<tr>\n<th>CUSTOMER_SEGMENT_IDS<\/th>\n<td>Speichert die Kundensegment-ID<\/td>\n<\/tr>\n<tr>\n<th>EXTERNAL_NO_CACHE<\/th>\n<td>Ein Flag, das angibt, ob das Caching deaktiviert ist oder nicht.<\/td>\n<\/tr>\n<tr>\n<th>FRONTEND<\/th>\n<td>Ihre Sitzungs-ID auf dem Server.<\/td>\n<\/tr>\n<tr>\n<th>G\u00c4STEANSICHT<\/th>\n<td>Erm\u00f6glicht G\u00e4sten, ihre Bestellungen zu bearbeiten.<\/td>\n<\/tr>\n<tr>\n<th>LAST_CATEGORY<\/th>\n<td>Die letzte Kategorie, die Sie besucht haben.<\/td>\n<\/tr>\n<tr>\n<th>LETZTES PRODUKT<\/th>\n<td>Das neueste Produkt, das Sie angesehen haben.<\/td>\n<\/tr>\n<tr>\n<th>NEUE NACHRICHT<\/th>\n<td>Gibt an, ob eine neue Nachricht empfangen wurde.<\/td>\n<\/tr>\n<tr>\n<th>NO_CACHE<\/th>\n<td>Gibt an, ob der Cache verwendet werden darf.<\/td>\n<\/tr>\n<tr>\n<th>PERSISTENT_SHOPPING_CART<\/th>\n<td>Ein Link zu Informationen \u00fcber Ihren Warenkorb und zum Anzeigen des Verlaufs, wenn Sie die Website gefragt haben.<\/td>\n<\/tr>\n<tr>\n<th>UMFRAGE<\/th>\n<td>Die ID aller Umfragen, an denen Sie k\u00fcrzlich teilgenommen haben.<\/td>\n<\/tr>\n<tr>\n<th>POLLN<\/th>\n<td>Informationen dar\u00fcber, \u00fcber welche Umfragen Sie abgestimmt haben.<\/td>\n<\/tr>\n<tr>\n<th>ZULETZT VERGLEICHEN<\/th>\n<td>Die Elemente, die Sie k\u00fcrzlich verglichen haben.<\/td>\n<\/tr>\n<tr>\n<th>STF<\/th>\n<td>Informationen zu Produkten, die Sie per E-Mail an Freunde gesendet haben.<\/td>\n<\/tr>\n<tr>\n<th>GESCH\u00c4FT<\/th>\n<td>Die von Ihnen ausgew\u00e4hlte Gesch\u00e4ftsansicht oder Sprache.<\/td>\n<\/tr>\n<tr>\n<th>USER_ALLOWED_SAVE_COOKIE<\/th>\n<td>Gibt an, ob ein Kunde Cookies verwenden darf.<\/td>\n<\/tr>\n<tr>\n<th>VIEWED_PRODUCT_IDS<\/th>\n<td>Die Produkte, die Sie k\u00fcrzlich angesehen haben.<\/td>\n<\/tr>\n<tr>\n<th>WUNSCHZETTEL<\/th>\n<td>Eine verschl\u00fcsselte Liste der Produkte, die Ihrer Wunschliste hinzugef\u00fcgt wurden.<\/td>\n<\/tr>\n<tr>\n<th>WISHLIST_CNT<\/th>\n<td>Die Anzahl der Artikel in Ihrer Wunschliste.<\/td>\n<\/tr>\n<\/tbody>\n<\/table>\n<p><\/p>\n\t\t\t\t\t\t\t\t<\/div>\n\t\t\t\t<\/div>\n\t\t\t\t\t<\/div>\n\t\t<\/div>\n\t\t\t\t\t<\/div>\n\t\t<\/section>\n\t\t\t\t<\/div>\n\t\t","protected":false},"excerpt":{"rendered":"<p>PORT EXCLUSIVE DATENSCHUTZ-BESTIMMUNGEN Diese Datenschutzrichtlinie beschreibt, wie die Informationen, die Sie Port Exclusive bei der Nutzung dieser Website zur Verf\u00fcgung stellen, verwendet und gesch\u00fctzt werden. Port Exclusive versichert Ihnen, dass Ihre Privatsph\u00e4re gesch\u00fctzt ist. Sollen wir Sie fragen bestimmte Informationen zur Verf\u00fcgung zu stellen durch welche Sie k\u00f6nnen identifiziert werden wann mit Diese Internetseite , [&hellip;]<\/p>\n","protected":false},"author":1,"featured_media":0,"parent":0,"menu_order":0,"comment_status":"closed","ping_status":"open","template":"","meta":{"site-sidebar-layout":"default","site-content-layout":"page-builder","ast-site-content-layout":"default","site-content-style":"default","site-sidebar-style":"default","ast-global-header-display":"","ast-banner-title-visibility":"","ast-main-header-display":"","ast-hfb-above-header-display":"","ast-hfb-below-header-display":"","ast-hfb-mobile-header-display":"","site-post-title":"disabled","ast-breadcrumbs-content":"","ast-featured-img":"disabled","footer-sml-layout":"","ast-disable-related-posts":"","theme-transparent-header-meta":"enabled","adv-header-id-meta":"","stick-header-meta":"","header-above-stick-meta":"","header-main-stick-meta":"","header-below-stick-meta":"","astra-migrate-meta-layouts":"default","ast-page-background-enabled":"default","ast-page-background-meta":{"desktop":{"background-color":"","background-image":"","background-repeat":"repeat","background-position":"center center","background-size":"auto","background-attachment":"scroll","background-type":"","background-media":"","overlay-type":"","overlay-color":"","overlay-opacity":"","overlay-gradient":""},"tablet":{"background-color":"","background-image":"","background-repeat":"repeat","background-position":"center center","background-size":"auto","background-attachment":"scroll","background-type":"","background-media":"","overlay-type":"","overlay-color":"","overlay-opacity":"","overlay-gradient":""},"mobile":{"background-color":"","background-image":"","background-repeat":"repeat","background-position":"center center","background-size":"auto","background-attachment":"scroll","background-type":"","background-media":"","overlay-type":"","overlay-color":"","overlay-opacity":"","overlay-gradient":""}},"ast-content-background-meta":{"desktop":{"background-color":"var(--ast-global-color-5)","background-image":"","background-repeat":"repeat","background-position":"center center","background-size":"auto","background-attachment":"scroll","background-type":"","background-media":"","overlay-type":"","overlay-color":"","overlay-opacity":"","overlay-gradient":""},"tablet":{"background-color":"var(--ast-global-color-5)","background-image":"","background-repeat":"repeat","background-position":"center center","background-size":"auto","background-attachment":"scroll","background-type":"","background-media":"","overlay-type":"","overlay-color":"","overlay-opacity":"","overlay-gradient":""},"mobile":{"background-color":"var(--ast-global-color-5)","background-image":"","background-repeat":"repeat","background-position":"center center","background-size":"auto","background-attachment":"scroll","background-type":"","background-media":"","overlay-type":"","overlay-color":"","overlay-opacity":"","overlay-gradient":""}},"footnotes":""},"class_list":["post-5415","page","type-page","status-publish","hentry"],"_links":{"self":[{"href":"https:\/\/www.port-exclusive.com\/de\/wp-json\/wp\/v2\/pages\/5415","targetHints":{"allow":["GET"]}}],"collection":[{"href":"https:\/\/www.port-exclusive.com\/de\/wp-json\/wp\/v2\/pages"}],"about":[{"href":"https:\/\/www.port-exclusive.com\/de\/wp-json\/wp\/v2\/types\/page"}],"author":[{"embeddable":true,"href":"https:\/\/www.port-exclusive.com\/de\/wp-json\/wp\/v2\/users\/1"}],"replies":[{"embeddable":true,"href":"https:\/\/www.port-exclusive.com\/de\/wp-json\/wp\/v2\/comments?post=5415"}],"version-history":[{"count":5,"href":"https:\/\/www.port-exclusive.com\/de\/wp-json\/wp\/v2\/pages\/5415\/revisions"}],"predecessor-version":[{"id":6037,"href":"https:\/\/www.port-exclusive.com\/de\/wp-json\/wp\/v2\/pages\/5415\/revisions\/6037"}],"wp:attachment":[{"href":"https:\/\/www.port-exclusive.com\/de\/wp-json\/wp\/v2\/media?parent=5415"}],"curies":[{"name":"wp","href":"https:\/\/api.w.org\/{rel}","templated":true}]}}